{"id":7582,"date":"2025-12-15T03:06:52","date_gmt":"2025-12-15T06:06:52","guid":{"rendered":"https:\/\/ens6-caba.infd.edu.ar\/sitio\/?page_id=7582"},"modified":"2025-12-15T03:08:20","modified_gmt":"2025-12-15T06:08:20","slug":"kit-de-matriculacion-2026","status":"publish","type":"page","link":"https:\/\/ens6-caba.infd.edu.ar\/sitio\/kit-de-matriculacion-2026\/","title":{"rendered":"Kit de matriculaci\u00f3n 2026"},"content":{"rendered":"\n<p>Se encuentra disponible el <strong>Kit de Matriculaci\u00f3n<\/strong>, que incluye el <strong>instructivo de inscripci\u00f3n<\/strong> y el <strong>detalle de la documentaci\u00f3n obligatoria<\/strong> que deber\u00e1n presentar las y los estudiantes para completar el proceso de matriculaci\u00f3n en la Escuela Normal Superior N\u00b0 6 \u201cVicente L\u00f3pez y Planes\u201d.<\/p>\n\n\n\n<p>Se solicita leer atentamente el material y reunir la documentaci\u00f3n indicada dentro de los plazos establecidos.<\/p>\n\n\n\n<div class=\"wp-block-file\"><object class=\"wp-block-file__embed\" data=\"https:\/\/ens6-caba.infd.edu.ar\/sitio\/wp-content\/uploads\/2025\/12\/Kit-de-Matriculacion.pdf\" type=\"application\/pdf\" style=\"width:100%;height:600px\" aria-label=\"Incrustado de Kit-de-Matriculacion.\"><\/object><a id=\"wp-block-file--media-d5c51acf-d26d-43a6-b7e8-830f00a5b6ae\" href=\"https:\/\/ens6-caba.infd.edu.ar\/sitio\/wp-content\/uploads\/2025\/12\/Kit-de-Matriculacion.pdf\">Kit-de-Matriculacion<\/a><a href=\"https:\/\/ens6-caba.infd.edu.ar\/sitio\/wp-content\/uploads\/2025\/12\/Kit-de-Matriculacion.pdf\" class=\"wp-block-file__button wp-element-button\" download aria-describedby=\"wp-block-file--media-d5c51acf-d26d-43a6-b7e8-830f00a5b6ae\"><\/a><\/div>\n","protected":false},"excerpt":{"rendered":"<p>Se encuentra disponible el Kit de Matriculaci\u00f3n, que incluye el instructivo de inscripci\u00f3n y el detalle de la documentaci\u00f3n obligatoria que deber\u00e1n presentar las y los estudiantes para completar el proceso de matriculaci\u00f3n en la Escuela Normal Superior N\u00b0 6 \u201cVicente L\u00f3pez y Planes\u201d. Se solicita leer atentamente el material y reunir la documentaci\u00f3n indicada &#8230; <a title=\"Kit de matriculaci\u00f3n 2026\" class=\"read-more\" href=\"https:\/\/ens6-caba.infd.edu.ar\/sitio\/kit-de-matriculacion-2026\/\" aria-label=\"More on Kit de matriculaci\u00f3n 2026\">[+]<\/a><\/p>\n","protected":false},"author":1582,"featured_media":0,"parent":0,"menu_order":0,"comment_status":"closed","ping_status":"closed","template":"","meta":[],"acf":[],"_links":{"self":[{"href":"https:\/\/ens6-caba.infd.edu.ar\/sitio\/wp-json\/wp\/v2\/pages\/7582"}],"collection":[{"href":"https:\/\/ens6-caba.infd.edu.ar\/sitio\/wp-json\/wp\/v2\/pages"}],"about":[{"href":"https:\/\/ens6-caba.infd.edu.ar\/sitio\/wp-json\/wp\/v2\/types\/page"}],"author":[{"embeddable":true,"href":"https:\/\/ens6-caba.infd.edu.ar\/sitio\/wp-json\/wp\/v2\/users\/1582"}],"replies":[{"embeddable":true,"href":"https:\/\/ens6-caba.infd.edu.ar\/sitio\/wp-json\/wp\/v2\/comments?post=7582"}],"version-history":[{"count":2,"href":"https:\/\/ens6-caba.infd.edu.ar\/sitio\/wp-json\/wp\/v2\/pages\/7582\/revisions"}],"predecessor-version":[{"id":7585,"href":"https:\/\/ens6-caba.infd.edu.ar\/sitio\/wp-json\/wp\/v2\/pages\/7582\/revisions\/7585"}],"wp:attachment":[{"href":"https:\/\/ens6-caba.infd.edu.ar\/sitio\/wp-json\/wp\/v2\/media?parent=7582"}],"curies":[{"name":"wp","href":"https:\/\/api.w.org\/{rel}","templated":true}]}}