{"id":7541,"date":"2025-12-15T01:51:20","date_gmt":"2025-12-15T04:51:20","guid":{"rendered":"https:\/\/ens6-caba.infd.edu.ar\/sitio\/?page_id=7541"},"modified":"2026-02-19T12:44:09","modified_gmt":"2026-02-19T15:44:09","slug":"escuela","status":"publish","type":"page","link":"https:\/\/ens6-caba.infd.edu.ar\/sitio\/escuela\/","title":{"rendered":"La escuela"},"content":{"rendered":"\n<p class=\"has-text-align-center\"><img decoding=\"async\" loading=\"lazy\" width=\"851\" height=\"315\" class=\"wp-image-7564\" style=\"width: 1500px;\" src=\"https:\/\/ens6-caba.infd.edu.ar\/sitio\/wp-content\/uploads\/2025\/12\/esc-2.gif\" alt=\"\"><\/p>\n\n\n\n<p class=\"has-contrast-color has-text-color\">La <strong>Escuela Normal Superior N.\u00ba 6 \u201cVicente L\u00f3pez y Planes\u201d<\/strong> es una <strong>instituci\u00f3n p\u00fablica con una s\u00f3lida trayectoria<\/strong> en la educaci\u00f3n argentina. A lo largo de m\u00e1s de <strong>100 a\u00f1os<\/strong>, acompa\u00f1a y forma estudiantes desde la <strong>infancia hasta la educaci\u00f3n superior<\/strong>, con un enfoque humanista y comprometido con la educaci\u00f3n p\u00fablica de calidad.<\/p>\n\n\n\n<p class=\"has-contrast-color has-text-color\">Su historia se remonta a <strong>1909<\/strong>, cuando comenz\u00f3 a funcionar como anexo de la Escuela Normal N.\u00ba 1 en dos casas particulares de la calle Lavalle, con clases iniciadas el <strong>11 de junio de ese a\u00f1o<\/strong>. En <strong>1910<\/strong> se cre\u00f3 formalmente la <strong>Escuela Normal de Maestras N.\u00ba 6<\/strong>, y en <strong>1913<\/strong> se traslad\u00f3 al edificio actual en <strong>G\u00fcemes 3859<\/strong>, en el barrio de <strong>Palermo<\/strong>, que conserva desde entonces su identidad arquitect\u00f3nica y educativa.<\/p>\n\n\n\n<p class=\"has-contrast-color has-text-color\">El edificio, proyectado por el arquitecto Carlos Adolfo Altgelt e inaugurado en <strong>1913<\/strong>, es un hito del entorno urbano de Palermo y una presencia destacada en la historia educativa de la Ciudad de Buenos Aires.<\/p>\n\n\n\n<p class=\"has-contrast-color has-text-color\"><strong>Oferta acad\u00e9mica<\/strong><\/p>\n\n\n\n<p class=\"has-contrast-color has-text-color\">La ENS N.\u00ba 6 ofrece una <strong>formaci\u00f3n integral<\/strong> que abarca todos los niveles del sistema educativo:<\/p>\n\n\n\n<ul class=\"has-contrast-color has-text-color\">\n<li><strong>Nivel Inicial<\/strong> (desde los tres a\u00f1os)<\/li>\n\n\n\n<li><strong>Nivel Primario<\/strong><\/li>\n\n\n\n<li><strong>Nivel Medio (Secundario)<\/strong><\/li>\n\n\n\n<li><strong>Nivel Superior No Universitario (Terciario)<\/strong><\/li>\n<\/ul>\n\n\n\n<p class=\"has-contrast-color has-text-color\">En el <strong>Nivel Superior<\/strong>, la instituci\u00f3n propone una <strong>oferta educativa diversa y actualizada<\/strong>, orientada tanto a la formaci\u00f3n docente como a la formaci\u00f3n t\u00e9cnica:<\/p>\n\n\n\n<p class=\"has-contrast-color has-text-color\"><strong>Formaci\u00f3n docente y profesional:<\/strong><\/p>\n\n\n\n<ul class=\"has-contrast-color has-text-color\">\n<li><strong>Profesorado de Educaci\u00f3n Inicial<\/strong>, para la formaci\u00f3n de docentes desde los primeros a\u00f1os de la educaci\u00f3n formal.<\/li>\n\n\n\n<li><strong>Formaci\u00f3n Pedag\u00f3gica para Profesionales y T\u00e9cnicos Superiores para el Nivel Medio y Superio No Universitario<\/strong>, destinada a complementar competencias pedag\u00f3gicas.<\/li>\n<\/ul>\n\n\n\n<p class=\"has-contrast-color has-text-color\"><strong>Formaci\u00f3n t\u00e9cnica superior:<\/strong><\/p>\n\n\n\n<ul>\n<li><strong>Tecnicatura Superior en Gastronom\u00eda<\/strong><\/li>\n\n\n\n<li><strong>Tecnicatura Superior en Producci\u00f3n de Indumentaria<\/strong><\/li>\n<\/ul>\n\n\n\n<p class=\"has-contrast-color has-text-color\">Esta propuesta permite a la comunidad educativa desarrollar trayectorias diversas, tanto en la pr\u00e1ctica profesional como en la docencia.<\/p>\n\n\n\n<p class=\"has-contrast-color has-text-color\"><strong>Identidad institucional<\/strong><\/p>\n\n\n\n<p class=\"has-contrast-color has-text-color\">La ENS N.\u00ba 6 destaca por su <strong>ambiente de comunidad educativa integrada<\/strong>, donde convergen docentes, estudiantes y personal de apoyo para construir proyectos y actividades que cruzan los distintos niveles educativos. Su ubicaci\u00f3n en una zona accesible de Palermo favorece el acceso desde distintos puntos de la Ciudad y el Gran Buenos Aires.<\/p>\n\n\n<div class=\"wp-block-image\">\n<figure class=\"aligncenter size-large is-resized\"><img decoding=\"async\" loading=\"lazy\" src=\"https:\/\/ens6-caba.infd.edu.ar\/sitio\/wp-content\/uploads\/2018\/08\/BICENTENARIO-1900x1213.jpg\" alt=\"\" class=\"wp-image-884\" width=\"568\" height=\"362\" srcset=\"https:\/\/ens6-caba.infd.edu.ar\/sitio\/wp-content\/uploads\/2018\/08\/BICENTENARIO-1900x1213.jpg 1900w, https:\/\/ens6-caba.infd.edu.ar\/sitio\/wp-content\/uploads\/2018\/08\/BICENTENARIO-1000x638.jpg 1000w, https:\/\/ens6-caba.infd.edu.ar\/sitio\/wp-content\/uploads\/2018\/08\/BICENTENARIO-768x490.jpg 768w\" sizes=\"(max-width: 568px) 100vw, 568px\" \/><\/figure><\/div>\n\n\n<figure class=\"wp-block-embed aligncenter is-type-video is-provider-youtube wp-block-embed-youtube\"><div class=\"wp-block-embed__wrapper\">\n<iframe loading=\"lazy\" title=\"Centenario\" width=\"1200\" height=\"900\" src=\"https:\/\/www.youtube.com\/embed\/OujfcMX7NtY?feature=oembed\" frameborder=\"0\" allow=\"accelerometer; autoplay; clipboard-write; encrypted-media; gyroscope; picture-in-picture; web-share\" referrerpolicy=\"strict-origin-when-cross-origin\" allowfullscreen><\/iframe>\n<\/div><\/figure>\n\n\n\n<p class=\"has-text-align-left has-text-color has-large-font-size\" style=\"color:#d91111\"><strong><em>La escuela hace un siglo atr\u00e1s&#8230;<\/em><\/strong><\/p>\n\n\n\n<figure class=\"wp-block-embed aligncenter is-type-video is-provider-youtube wp-block-embed-youtube\"><div class=\"wp-block-embed__wrapper\">\n<iframe loading=\"lazy\" title=\"Centenario Historico\" width=\"1200\" height=\"900\" src=\"https:\/\/www.youtube.com\/embed\/ojxtqZaokHI?start=1&#038;feature=oembed\" frameborder=\"0\" allow=\"accelerometer; autoplay; clipboard-write; encrypted-media; gyroscope; picture-in-picture; web-share\" referrerpolicy=\"strict-origin-when-cross-origin\" allowfullscreen><\/iframe>\n<\/div><\/figure>\n","protected":false},"excerpt":{"rendered":"<p>La Escuela Normal Superior N.\u00ba 6 \u201cVicente L\u00f3pez y Planes\u201d es una instituci\u00f3n p\u00fablica con una s\u00f3lida trayectoria en la educaci\u00f3n argentina. A lo largo de m\u00e1s de 100 a\u00f1os, acompa\u00f1a y forma estudiantes desde la infancia hasta la educaci\u00f3n superior, con un enfoque humanista y comprometido con la educaci\u00f3n p\u00fablica de calidad. Su historia &#8230; <a title=\"La escuela\" class=\"read-more\" href=\"https:\/\/ens6-caba.infd.edu.ar\/sitio\/escuela\/\" aria-label=\"More on La escuela\">[+]<\/a><\/p>\n","protected":false},"author":1582,"featured_media":0,"parent":0,"menu_order":0,"comment_status":"closed","ping_status":"closed","template":"","meta":[],"acf":[],"_links":{"self":[{"href":"https:\/\/ens6-caba.infd.edu.ar\/sitio\/wp-json\/wp\/v2\/pages\/7541"}],"collection":[{"href":"https:\/\/ens6-caba.infd.edu.ar\/sitio\/wp-json\/wp\/v2\/pages"}],"about":[{"href":"https:\/\/ens6-caba.infd.edu.ar\/sitio\/wp-json\/wp\/v2\/types\/page"}],"author":[{"embeddable":true,"href":"https:\/\/ens6-caba.infd.edu.ar\/sitio\/wp-json\/wp\/v2\/users\/1582"}],"replies":[{"embeddable":true,"href":"https:\/\/ens6-caba.infd.edu.ar\/sitio\/wp-json\/wp\/v2\/comments?post=7541"}],"version-history":[{"count":16,"href":"https:\/\/ens6-caba.infd.edu.ar\/sitio\/wp-json\/wp\/v2\/pages\/7541\/revisions"}],"predecessor-version":[{"id":7745,"href":"https:\/\/ens6-caba.infd.edu.ar\/sitio\/wp-json\/wp\/v2\/pages\/7541\/revisions\/7745"}],"wp:attachment":[{"href":"https:\/\/ens6-caba.infd.edu.ar\/sitio\/wp-json\/wp\/v2\/media?parent=7541"}],"curies":[{"name":"wp","href":"https:\/\/api.w.org\/{rel}","templated":true}]}}