{"id":6544,"date":"2025-10-15T08:29:00","date_gmt":"2025-10-15T11:29:00","guid":{"rendered":"https:\/\/ens6-caba.infd.edu.ar\/sitio\/?page_id=6544"},"modified":"2025-10-15T08:47:47","modified_gmt":"2025-10-15T11:47:47","slug":"formularios","status":"publish","type":"page","link":"https:\/\/ens6-caba.infd.edu.ar\/sitio\/formularios\/","title":{"rendered":"Formularios"},"content":{"rendered":"\n<p class=\"has-contrast-color has-text-color\">Autorizaci\u00f3n para salidas did\u00e1cticas<\/p>\n\n\n\n<p class=\"has-contrast-color has-text-color\">Para participar en las <strong>salidas did\u00e1cticas organizadas por la escuela<\/strong>, deber\u00e1n <strong>descargar el formulario de autorizaci\u00f3n<\/strong>, completarlo con los <strong>datos del estudiante y la firma del adulto responsable<\/strong>, y <strong>entregarlo impreso en la instituci\u00f3n<\/strong> antes de la fecha indicada por el equipo docente.<\/p>\n\n\n\n<p class=\"has-contrast-color has-text-color\">&#x1f4c4; <strong>Descarg\u00e1 el formulario ac\u00e1:<\/strong><\/p>\n\n\n\n<div class=\"wp-block-file\"><object class=\"wp-block-file__embed\" data=\"https:\/\/ens6-caba.infd.edu.ar\/sitio\/wp-content\/uploads\/2025\/10\/Autorizacion-salidas-didacticas-1.pdf\" type=\"application\/pdf\" style=\"width:100%;height:600px\" aria-label=\"Incrustado de Autorizacion-salidas-didacticas-1.\"><\/object><a id=\"wp-block-file--media-eb04c10e-413e-4db5-942c-5aab071fa412\" href=\"https:\/\/ens6-caba.infd.edu.ar\/sitio\/wp-content\/uploads\/2025\/10\/Autorizacion-salidas-didacticas-1.pdf\">Autorizacion-salidas-didacticas-1<\/a><a href=\"https:\/\/ens6-caba.infd.edu.ar\/sitio\/wp-content\/uploads\/2025\/10\/Autorizacion-salidas-didacticas-1.pdf\" class=\"wp-block-file__button wp-element-button\" download aria-describedby=\"wp-block-file--media-eb04c10e-413e-4db5-942c-5aab071fa412\">Descarga<\/a><\/div>\n\n\n\n<p class=\"has-contrast-color has-text-color\">Record\u00e1 que <strong>la entrega del formulario impreso es obligatoria<\/strong> para poder asistir a la salida.<\/p>\n","protected":false},"excerpt":{"rendered":"<p>Autorizaci\u00f3n para salidas did\u00e1cticas Para participar en las salidas did\u00e1cticas organizadas por la escuela, deber\u00e1n descargar el formulario de autorizaci\u00f3n, completarlo con los datos del estudiante y la firma del adulto responsable, y entregarlo impreso en la instituci\u00f3n antes de la fecha indicada por el equipo docente. &#x1f4c4; Descarg\u00e1 el formulario ac\u00e1: Record\u00e1 que la &#8230; <a title=\"Formularios\" class=\"read-more\" href=\"https:\/\/ens6-caba.infd.edu.ar\/sitio\/formularios\/\" aria-label=\"More on Formularios\">[+]<\/a><\/p>\n","protected":false},"author":1582,"featured_media":0,"parent":0,"menu_order":0,"comment_status":"closed","ping_status":"closed","template":"","meta":[],"acf":[],"_links":{"self":[{"href":"https:\/\/ens6-caba.infd.edu.ar\/sitio\/wp-json\/wp\/v2\/pages\/6544"}],"collection":[{"href":"https:\/\/ens6-caba.infd.edu.ar\/sitio\/wp-json\/wp\/v2\/pages"}],"about":[{"href":"https:\/\/ens6-caba.infd.edu.ar\/sitio\/wp-json\/wp\/v2\/types\/page"}],"author":[{"embeddable":true,"href":"https:\/\/ens6-caba.infd.edu.ar\/sitio\/wp-json\/wp\/v2\/users\/1582"}],"replies":[{"embeddable":true,"href":"https:\/\/ens6-caba.infd.edu.ar\/sitio\/wp-json\/wp\/v2\/comments?post=6544"}],"version-history":[{"count":3,"href":"https:\/\/ens6-caba.infd.edu.ar\/sitio\/wp-json\/wp\/v2\/pages\/6544\/revisions"}],"predecessor-version":[{"id":6553,"href":"https:\/\/ens6-caba.infd.edu.ar\/sitio\/wp-json\/wp\/v2\/pages\/6544\/revisions\/6553"}],"wp:attachment":[{"href":"https:\/\/ens6-caba.infd.edu.ar\/sitio\/wp-json\/wp\/v2\/media?parent=6544"}],"curies":[{"name":"wp","href":"https:\/\/api.w.org\/{rel}","templated":true}]}}