{"id":5424,"date":"2024-04-16T19:56:09","date_gmt":"2024-04-16T22:56:09","guid":{"rendered":"https:\/\/ens6-caba.infd.edu.ar\/sitio\/?page_id=5424"},"modified":"2024-10-16T20:17:51","modified_gmt":"2024-10-16T23:17:51","slug":"tutoria","status":"publish","type":"page","link":"https:\/\/ens6-caba.infd.edu.ar\/sitio\/tutoria\/","title":{"rendered":"Tutor\u00eda"},"content":{"rendered":"\n<p>El espacio de&nbsp;<strong><em>Tutor\u00eda Institucional<\/em><\/strong>&nbsp;trabaja en el acompa\u00f1amiento de las trayectorias estudiantiles contribuyendo a garantizar derecho a la educaci\u00f3n&nbsp;a lo largo de todo el recorrido: ingreso, permanencia, aprendizaje y egreso.<\/p>\n\n\n\n<p>El acompa\u00f1amiento se constituye a partir de una construcci\u00f3n situada que procura leer los emergentes institucionales y pensar colaborativamente formas de trabajarlos. Se procura identificar y analizar instancias que&nbsp; se presentan cr\u00edticas para los estudiantes y que impactan en sus trayectorias implementando los apoyos existentes y otros que se generen&nbsp;<em>ad hoc<\/em>.&nbsp;&nbsp;<\/p>\n\n\n\n<p><strong>L\u00edneas de acci\u00f3n<\/strong>&nbsp;<\/p>\n\n\n\n<p>-trabajo en red entre diferentes espacios institucionales&nbsp;<\/p>\n\n\n\n<p>-articulaci\u00f3n para la concreci\u00f3n de proyectos institucionales transversales<\/p>\n\n\n\n<p>-intervenci\u00f3n en la resoluci\u00f3n de conflictos y atenci\u00f3n a situaciones emergentes junto a Rectorado, Regencia, Coordinaciones de Campos, docentes y bedel\u00eda&nbsp;&nbsp;<\/p>\n\n\n\n<p>-difusi\u00f3n de las carreras y trabajo con aspirantes e ingresantes<\/p>\n\n\n\n<p>-acompa\u00f1amiento en:<\/p>\n\n\n\n<p>actividad de estudio (organizaci\u00f3n, lectura y escritura acad\u00e9mica, expresi\u00f3n oral, elaboraci\u00f3n de producciones acad\u00e9micas, entre otras)&nbsp;&nbsp;atravesamientos que inciden en las trayectorias&nbsp;(factores econ\u00f3micos, geogr\u00e1ficos, laborales, entre otros)&nbsp;&nbsp;<\/p>\n\n\n\n<p><strong>Tutoras<\/strong> : Ver\u00f3nica Rusler y Julieta Hermida<\/p>\n\n\n\n<p><strong>Contacto<\/strong>: tutorasens6@gmail.com<\/p>\n","protected":false},"excerpt":{"rendered":"<p>El espacio de&nbsp;Tutor\u00eda Institucional&nbsp;trabaja en el acompa\u00f1amiento de las trayectorias estudiantiles contribuyendo a garantizar derecho a la educaci\u00f3n&nbsp;a lo largo de todo el recorrido: ingreso, permanencia, aprendizaje y egreso. El acompa\u00f1amiento se constituye a partir de una construcci\u00f3n situada que procura leer los emergentes institucionales y pensar colaborativamente formas de trabajarlos. Se procura identificar y &#8230; <a title=\"Tutor\u00eda\" class=\"read-more\" href=\"https:\/\/ens6-caba.infd.edu.ar\/sitio\/tutoria\/\" aria-label=\"More on Tutor\u00eda\">[+]<\/a><\/p>\n","protected":false},"author":4413,"featured_media":0,"parent":0,"menu_order":0,"comment_status":"closed","ping_status":"closed","template":"","meta":[],"acf":[],"_links":{"self":[{"href":"https:\/\/ens6-caba.infd.edu.ar\/sitio\/wp-json\/wp\/v2\/pages\/5424"}],"collection":[{"href":"https:\/\/ens6-caba.infd.edu.ar\/sitio\/wp-json\/wp\/v2\/pages"}],"about":[{"href":"https:\/\/ens6-caba.infd.edu.ar\/sitio\/wp-json\/wp\/v2\/types\/page"}],"author":[{"embeddable":true,"href":"https:\/\/ens6-caba.infd.edu.ar\/sitio\/wp-json\/wp\/v2\/users\/4413"}],"replies":[{"embeddable":true,"href":"https:\/\/ens6-caba.infd.edu.ar\/sitio\/wp-json\/wp\/v2\/comments?post=5424"}],"version-history":[{"count":6,"href":"https:\/\/ens6-caba.infd.edu.ar\/sitio\/wp-json\/wp\/v2\/pages\/5424\/revisions"}],"predecessor-version":[{"id":5968,"href":"https:\/\/ens6-caba.infd.edu.ar\/sitio\/wp-json\/wp\/v2\/pages\/5424\/revisions\/5968"}],"wp:attachment":[{"href":"https:\/\/ens6-caba.infd.edu.ar\/sitio\/wp-json\/wp\/v2\/media?parent=5424"}],"curies":[{"name":"wp","href":"https:\/\/api.w.org\/{rel}","templated":true}]}}