{"id":5409,"date":"2024-04-15T18:53:05","date_gmt":"2024-04-15T21:53:05","guid":{"rendered":"https:\/\/ens6-caba.infd.edu.ar\/sitio\/?page_id=5409"},"modified":"2025-04-01T21:12:45","modified_gmt":"2025-04-02T00:12:45","slug":"cuota-social-voluntaria","status":"publish","type":"page","link":"https:\/\/ens6-caba.infd.edu.ar\/sitio\/cuota-social-voluntaria\/","title":{"rendered":"Cuota Social"},"content":{"rendered":"\n<p>Estimada comunidad educativa,<\/p>\n\n\n\n<p>Les informamos que, tras la reuni\u00f3n de la&nbsp;<strong>Asociaci\u00f3n Cooperadora<\/strong>&nbsp;realizada el&nbsp;<strong>25 de marzo<\/strong>, se han definido los siguientes montos de contribuci\u00f3n para el a\u00f1o 2025:<\/p>\n\n\n\n<p>&#x1f4b0;&nbsp;<strong>Valores actualizados:<\/strong><br>&#x2705;&nbsp;<strong>Marzo &#8211; Julio:<\/strong>&nbsp;$10.000 por mes<br>&#x2705;&nbsp;<strong>Agosto &#8211; Diciembre:<\/strong>&nbsp;$12.000 por mes<br>&#x2705;&nbsp;<strong>Pago anual:<\/strong>&nbsp;$90.000 (hasta el 30 de mayo de 2025)<\/p>\n\n\n\n<p>&#x26a0;&#xfe0f;&nbsp;<strong>Importante:<\/strong><br>&#x1f539; Si ya abonaste&nbsp;<strong>marzo<\/strong>, no es necesario volver a hacerlo.<br>&#x1f539; Los meses restantes deben abonarse con los valores actualizados.<\/p>\n\n\n\n<p>&#x1f91d;&nbsp;<strong>\u00bfPor qu\u00e9 es importante tu aporte?<\/strong><br>Es fundamental que comprendan que su contribuci\u00f3n ayuda a que nuestra escuela funcione de la mejor manera posible. Gracias a la Asociaci\u00f3n Cooperadora, podemos adquirir materiales esenciales como&nbsp;<strong>libros, formularios, \u00fatiles escolares, dispensers de agua fr\u00eda y caliente<\/strong>, entre muchas otras necesidades diarias.<\/p>\n\n\n\n<p>&#x1f4b3;&nbsp;<strong>\u00bfC\u00f3mo realizar el pago?<\/strong><\/p>\n\n\n\n<p>1&#xfe0f;&#x20e3;&nbsp;<strong>Hacer una transferencia bancaria a:<\/strong><br>&#x1f3e6;&nbsp;<strong>Banco Ciudad<\/strong>&nbsp;\u2013 ASOC COOP NORMAL 6<br>&#x1f4cc;&nbsp;<strong>CUIT:<\/strong>&nbsp;30-68270735-2<br>&#x1f4cc;&nbsp;<strong>Cuenta Corriente N\u00b0:<\/strong>&nbsp;000000250000039611<br>&#x1f4cc;&nbsp;<strong>CBU:<\/strong>&nbsp;0290025400000000396114<br>&#x1f4cc;&nbsp;<strong>Alias:<\/strong>&nbsp;coop.normal.6<\/p>\n\n\n\n<p>2&#xfe0f;&#x20e3;&nbsp;<strong>Enviar el comprobante<\/strong>&nbsp;de la transferencia con los datos del estudiante (<strong>nombre y apellido, DNI, carrera y a\u00f1o<\/strong>) a &#x1f4e7;&nbsp;<strong><a href=\"mailto:coop.normal6@gmail.com\">coop.normal6@gmail.com<\/a><\/strong><\/p>\n\n\n\n<p class=\"has-text-align-center\"><strong>\u00a1Gracias por tu colaboraci\u00f3n!<\/strong><\/p>\n","protected":false},"excerpt":{"rendered":"<p>Estimada comunidad educativa, Les informamos que, tras la reuni\u00f3n de la&nbsp;Asociaci\u00f3n Cooperadora&nbsp;realizada el&nbsp;25 de marzo, se han definido los siguientes montos de contribuci\u00f3n para el a\u00f1o 2025: &#x1f4b0;&nbsp;Valores actualizados:&#x2705;&nbsp;Marzo &#8211; Julio:&nbsp;$10.000 por mes&#x2705;&nbsp;Agosto &#8211; Diciembre:&nbsp;$12.000 por mes&#x2705;&nbsp;Pago anual:&nbsp;$90.000 (hasta el 30 de mayo de 2025) &#x26a0;&#xfe0f;&nbsp;Importante:&#x1f539; Si ya abonaste&nbsp;marzo, no es necesario volver a hacerlo.&#x1f539; &#8230; <a title=\"Cuota Social\" class=\"read-more\" href=\"https:\/\/ens6-caba.infd.edu.ar\/sitio\/cuota-social-voluntaria\/\" aria-label=\"More on Cuota Social\">[+]<\/a><\/p>\n","protected":false},"author":1582,"featured_media":0,"parent":0,"menu_order":0,"comment_status":"closed","ping_status":"closed","template":"","meta":[],"acf":[],"_links":{"self":[{"href":"https:\/\/ens6-caba.infd.edu.ar\/sitio\/wp-json\/wp\/v2\/pages\/5409"}],"collection":[{"href":"https:\/\/ens6-caba.infd.edu.ar\/sitio\/wp-json\/wp\/v2\/pages"}],"about":[{"href":"https:\/\/ens6-caba.infd.edu.ar\/sitio\/wp-json\/wp\/v2\/types\/page"}],"author":[{"embeddable":true,"href":"https:\/\/ens6-caba.infd.edu.ar\/sitio\/wp-json\/wp\/v2\/users\/1582"}],"replies":[{"embeddable":true,"href":"https:\/\/ens6-caba.infd.edu.ar\/sitio\/wp-json\/wp\/v2\/comments?post=5409"}],"version-history":[{"count":7,"href":"https:\/\/ens6-caba.infd.edu.ar\/sitio\/wp-json\/wp\/v2\/pages\/5409\/revisions"}],"predecessor-version":[{"id":6224,"href":"https:\/\/ens6-caba.infd.edu.ar\/sitio\/wp-json\/wp\/v2\/pages\/5409\/revisions\/6224"}],"wp:attachment":[{"href":"https:\/\/ens6-caba.infd.edu.ar\/sitio\/wp-json\/wp\/v2\/media?parent=5409"}],"curies":[{"name":"wp","href":"https:\/\/api.w.org\/{rel}","templated":true}]}}