{"id":5339,"date":"2024-03-21T15:57:23","date_gmt":"2024-03-21T18:57:23","guid":{"rendered":"https:\/\/ens6-caba.infd.edu.ar\/sitio\/?page_id=5339"},"modified":"2025-11-05T13:19:36","modified_gmt":"2025-11-05T16:19:36","slug":"nivel-inicial-2","status":"publish","type":"page","link":"https:\/\/ens6-caba.infd.edu.ar\/sitio\/nivel-inicial-2\/","title":{"rendered":"Nivel Inicial"},"content":{"rendered":"\n<h2 class=\"wp-block-heading\">Directora del Nivel Inicial: M\u00f3nica Barreiro<\/h2>\n\n\n\n<h2 class=\"wp-block-heading\">Secretaria: Valeria Fern\u00e1ndez<\/h2>\n\n\n\n<p><\/p>\n\n\n\n<p><strong>Sala de 3, 4 y 5 a\u00f1os<\/strong><\/p>\n\n\n\n<p><strong>Turno ma\u00f1ana de 8.45 a 12.00 hs<\/strong>.<\/p>\n\n\n\n<p><strong>Turno tarde: 13.00 a 16.15 hs.<\/strong><\/p>\n\n\n\n<div class=\"wp-block-group is-layout-constrained\"><div class=\"wp-block-group__inner-container\">\n<div class=\"wp-block-columns is-layout-flex wp-container-2\">\n<div class=\"wp-block-column is-layout-flow\" style=\"flex-basis:100%\">\n<figure class=\"wp-block-video\"><video autoplay controls loop muted poster=\"https:\/\/ens6-caba.infd.edu.ar\/sitio\/wp-content\/uploads\/2024\/03\/inicial.png\" src=\"https:\/\/ens6-caba.infd.edu.ar\/sitio\/wp-content\/uploads\/2024\/03\/2024_Nivel_inicial.mp4\"><\/video><\/figure>\n<\/div>\n<\/div>\n<\/div><\/div>\n","protected":false},"excerpt":{"rendered":"<p>Directora del Nivel Inicial: M\u00f3nica Barreiro Secretaria: Valeria Fern\u00e1ndez Sala de 3, 4 y 5 a\u00f1os Turno ma\u00f1ana de 8.45 a 12.00 hs. Turno tarde: 13.00 a 16.15 hs.<\/p>\n","protected":false},"author":1582,"featured_media":0,"parent":0,"menu_order":0,"comment_status":"closed","ping_status":"closed","template":"","meta":[],"acf":[],"_links":{"self":[{"href":"https:\/\/ens6-caba.infd.edu.ar\/sitio\/wp-json\/wp\/v2\/pages\/5339"}],"collection":[{"href":"https:\/\/ens6-caba.infd.edu.ar\/sitio\/wp-json\/wp\/v2\/pages"}],"about":[{"href":"https:\/\/ens6-caba.infd.edu.ar\/sitio\/wp-json\/wp\/v2\/types\/page"}],"author":[{"embeddable":true,"href":"https:\/\/ens6-caba.infd.edu.ar\/sitio\/wp-json\/wp\/v2\/users\/1582"}],"replies":[{"embeddable":true,"href":"https:\/\/ens6-caba.infd.edu.ar\/sitio\/wp-json\/wp\/v2\/comments?post=5339"}],"version-history":[{"count":8,"href":"https:\/\/ens6-caba.infd.edu.ar\/sitio\/wp-json\/wp\/v2\/pages\/5339\/revisions"}],"predecessor-version":[{"id":7118,"href":"https:\/\/ens6-caba.infd.edu.ar\/sitio\/wp-json\/wp\/v2\/pages\/5339\/revisions\/7118"}],"wp:attachment":[{"href":"https:\/\/ens6-caba.infd.edu.ar\/sitio\/wp-json\/wp\/v2\/media?parent=5339"}],"curies":[{"name":"wp","href":"https:\/\/api.w.org\/{rel}","templated":true}]}}