{"id":5316,"date":"2024-03-08T16:21:03","date_gmt":"2024-03-08T19:21:03","guid":{"rendered":"https:\/\/ens6-caba.infd.edu.ar\/sitio\/?page_id=5316"},"modified":"2026-03-19T15:01:28","modified_gmt":"2026-03-19T18:01:28","slug":"asociacion-cooperadora-2","status":"publish","type":"page","link":"https:\/\/ens6-caba.infd.edu.ar\/sitio\/asociacion-cooperadora-2\/","title":{"rendered":"Asociaci\u00f3n Cooperadora"},"content":{"rendered":"\n<p>La Asociaci\u00f3n Cooperadora es la que permite que nuestra escuela funcione, a trav\u00e9s de la adquisici\u00f3n de materiales de librer\u00eda, formularios escolares, libros de actas, t\u00f3ner para impresoras, resmas de papel, marcadores y borradores para pizarra, biblioratos, elementos de educaci\u00f3n f\u00edsica, art\u00edculos de limpieza, materiales did\u00e1cticos, libros, etc. y cubriendo una innumerable cantidad de necesidades diarias.<\/p>\n\n\n\n<p>El mismo puede realizarse a trav\u00e9s de transferencia bancaria al CBU:&nbsp;<strong>0290025400000000396114<\/strong>&nbsp;y\/o al Alias:&nbsp;<strong>coop.normal.6<\/strong>.<\/p>\n\n\n\n<p>Luego debe enviarse el comprobante de la transferencia con los datos del alumno, familiares y nivel educativo que cursa en nuestra escuela a&nbsp;<strong><a href=\"mailto:coop.nomal6@gmail.com\">coop.normal6@gmail.com<\/a><\/strong><\/p>\n\n\n<div class=\"wp-block-image\">\n<figure class=\"aligncenter size-full\"><img decoding=\"async\" loading=\"lazy\" width=\"1253\" height=\"740\" src=\"https:\/\/ens6-caba.infd.edu.ar\/sitio\/wp-content\/uploads\/2025\/04\/cooperadora25.jpg\" alt=\"\" class=\"wp-image-6220\" srcset=\"https:\/\/ens6-caba.infd.edu.ar\/sitio\/wp-content\/uploads\/2025\/04\/cooperadora25.jpg 1253w, https:\/\/ens6-caba.infd.edu.ar\/sitio\/wp-content\/uploads\/2025\/04\/cooperadora25-1000x591.jpg 1000w, https:\/\/ens6-caba.infd.edu.ar\/sitio\/wp-content\/uploads\/2025\/04\/cooperadora25-768x454.jpg 768w\" sizes=\"(max-width: 1253px) 100vw, 1253px\" \/><\/figure><\/div>\n\n\n<p class=\"has-contrast-color has-text-color has-x-large-font-size\"><strong>Convocatoria a Asamblea General Ordinaria \u2013 Cooperadora ENS N\u00b0 6<\/strong><\/p>\n\n\n\n<p class=\"has-medium-font-size\"><strong>&#x1f449; Acced\u00e9 a la convocatoria completa en la secci\u00f3n <a href=\"https:\/\/ens6-caba.infd.edu.ar\/sitio\/blog\/\">Noticias<\/a> de la web institucional<\/strong><\/p>\n\n\n\n<figure class=\"wp-block-image size-full\"><img decoding=\"async\" loading=\"lazy\" width=\"1300\" height=\"904\" src=\"https:\/\/ens6-caba.infd.edu.ar\/sitio\/wp-content\/uploads\/2026\/03\/coop2.png\" alt=\"\" class=\"wp-image-7869\" srcset=\"https:\/\/ens6-caba.infd.edu.ar\/sitio\/wp-content\/uploads\/2026\/03\/coop2.png 1300w, https:\/\/ens6-caba.infd.edu.ar\/sitio\/wp-content\/uploads\/2026\/03\/coop2-1000x695.png 1000w, https:\/\/ens6-caba.infd.edu.ar\/sitio\/wp-content\/uploads\/2026\/03\/coop2-768x534.png 768w\" sizes=\"(max-width: 1300px) 100vw, 1300px\" \/><\/figure>\n","protected":false},"excerpt":{"rendered":"<p>La Asociaci\u00f3n Cooperadora es la que permite que nuestra escuela funcione, a trav\u00e9s de la adquisici\u00f3n de materiales de librer\u00eda, formularios escolares, libros de actas, t\u00f3ner para impresoras, resmas de papel, marcadores y borradores para pizarra, biblioratos, elementos de educaci\u00f3n f\u00edsica, art\u00edculos de limpieza, materiales did\u00e1cticos, libros, etc. y cubriendo una innumerable cantidad de necesidades &#8230; <a title=\"Asociaci\u00f3n Cooperadora\" class=\"read-more\" href=\"https:\/\/ens6-caba.infd.edu.ar\/sitio\/asociacion-cooperadora-2\/\" aria-label=\"More on Asociaci\u00f3n Cooperadora\">[+]<\/a><\/p>\n","protected":false},"author":1582,"featured_media":0,"parent":0,"menu_order":0,"comment_status":"closed","ping_status":"closed","template":"","meta":[],"acf":[],"_links":{"self":[{"href":"https:\/\/ens6-caba.infd.edu.ar\/sitio\/wp-json\/wp\/v2\/pages\/5316"}],"collection":[{"href":"https:\/\/ens6-caba.infd.edu.ar\/sitio\/wp-json\/wp\/v2\/pages"}],"about":[{"href":"https:\/\/ens6-caba.infd.edu.ar\/sitio\/wp-json\/wp\/v2\/types\/page"}],"author":[{"embeddable":true,"href":"https:\/\/ens6-caba.infd.edu.ar\/sitio\/wp-json\/wp\/v2\/users\/1582"}],"replies":[{"embeddable":true,"href":"https:\/\/ens6-caba.infd.edu.ar\/sitio\/wp-json\/wp\/v2\/comments?post=5316"}],"version-history":[{"count":7,"href":"https:\/\/ens6-caba.infd.edu.ar\/sitio\/wp-json\/wp\/v2\/pages\/5316\/revisions"}],"predecessor-version":[{"id":7879,"href":"https:\/\/ens6-caba.infd.edu.ar\/sitio\/wp-json\/wp\/v2\/pages\/5316\/revisions\/7879"}],"wp:attachment":[{"href":"https:\/\/ens6-caba.infd.edu.ar\/sitio\/wp-json\/wp\/v2\/media?parent=5316"}],"curies":[{"name":"wp","href":"https:\/\/api.w.org\/{rel}","templated":true}]}}