{"id":4178,"date":"2022-06-28T17:04:16","date_gmt":"2022-06-28T20:04:16","guid":{"rendered":"https:\/\/ens6-caba.infd.edu.ar\/sitio\/?page_id=4178"},"modified":"2024-03-01T14:10:23","modified_gmt":"2024-03-01T17:10:23","slug":"asociacion-cooperadora","status":"publish","type":"page","link":"https:\/\/ens6-caba.infd.edu.ar\/sitio\/asociacion-cooperadora\/","title":{"rendered":"Asociaci\u00f3n Cooperadora"},"content":{"rendered":"<p>La Asociaci\u00f3n Cooperadora es la que permite que nuestra escuela funcione, a trav\u00e9s de la adquisici\u00f3n de materiales de librer\u00eda, formularios escolares, libros de actas, t\u00f3ner para impresoras, resmas de papel, marcadores y borradores para pizarra, biblioratos, elementos de educaci\u00f3n f\u00edsica, art\u00edculos de limpieza, materiales did\u00e1cticos, libros, etc. y cubriendo una innumerable cantidad de necesidades diarias.<\/p>\n<p>El mismo puede realizarse a trav\u00e9s de transferencia bancaria al CBU:\u00a0<span style=\"color: #008000;\"><strong>0290025400000000396114<\/strong><\/span> y\/o al Alias:\u00a0<span style=\"color: #008000;\"><strong>coop.normal.6<\/strong><\/span>.<\/p>\n<p>Luego debe enviarse el comprobante de la transferencia con los datos del alumno, familiares y nivel educativo que cursa en nuestra escuela a\u00a0<strong><a href=\"mailto:coop.nomal6@gmail.com\">coop.normal6@gmail.com<\/a><\/strong><\/p>\n<p>\u00a0<\/p>\n\n<div class=\"wp-block-image\">\n<figure class=\"aligncenter size-full\"><img decoding=\"async\" loading=\"lazy\" width=\"1194\" height=\"650\" src=\"https:\/\/ens6-caba.infd.edu.ar\/sitio\/wp-content\/uploads\/2024\/03\/cooperadora2024.png\" alt=\"\" class=\"wp-image-5252\" srcset=\"https:\/\/ens6-caba.infd.edu.ar\/sitio\/wp-content\/uploads\/2024\/03\/cooperadora2024.png 1194w, https:\/\/ens6-caba.infd.edu.ar\/sitio\/wp-content\/uploads\/2024\/03\/cooperadora2024-1000x544.png 1000w, https:\/\/ens6-caba.infd.edu.ar\/sitio\/wp-content\/uploads\/2024\/03\/cooperadora2024-768x418.png 768w\" sizes=\"(max-width: 1194px) 100vw, 1194px\" \/><\/figure><\/div>","protected":false},"excerpt":{"rendered":"<p>La Asociaci\u00f3n Cooperadora es la que permite que nuestra escuela funcione, a trav\u00e9s de la adquisici\u00f3n de materiales de librer\u00eda, formularios escolares, libros de actas, t\u00f3ner para impresoras, resmas de papel, marcadores y borradores para pizarra, biblioratos, elementos de educaci\u00f3n f\u00edsica, art\u00edculos de limpieza, materiales did\u00e1cticos, libros, etc. y cubriendo una innumerable cantidad de necesidades &#8230; <a title=\"Asociaci\u00f3n Cooperadora\" class=\"read-more\" href=\"https:\/\/ens6-caba.infd.edu.ar\/sitio\/asociacion-cooperadora\/\" aria-label=\"More on Asociaci\u00f3n Cooperadora\">[+]<\/a><\/p>\n","protected":false},"author":7,"featured_media":0,"parent":0,"menu_order":0,"comment_status":"closed","ping_status":"closed","template":"","meta":[],"acf":[],"_links":{"self":[{"href":"https:\/\/ens6-caba.infd.edu.ar\/sitio\/wp-json\/wp\/v2\/pages\/4178"}],"collection":[{"href":"https:\/\/ens6-caba.infd.edu.ar\/sitio\/wp-json\/wp\/v2\/pages"}],"about":[{"href":"https:\/\/ens6-caba.infd.edu.ar\/sitio\/wp-json\/wp\/v2\/types\/page"}],"author":[{"embeddable":true,"href":"https:\/\/ens6-caba.infd.edu.ar\/sitio\/wp-json\/wp\/v2\/users\/7"}],"replies":[{"embeddable":true,"href":"https:\/\/ens6-caba.infd.edu.ar\/sitio\/wp-json\/wp\/v2\/comments?post=4178"}],"version-history":[{"count":5,"href":"https:\/\/ens6-caba.infd.edu.ar\/sitio\/wp-json\/wp\/v2\/pages\/4178\/revisions"}],"predecessor-version":[{"id":5254,"href":"https:\/\/ens6-caba.infd.edu.ar\/sitio\/wp-json\/wp\/v2\/pages\/4178\/revisions\/5254"}],"wp:attachment":[{"href":"https:\/\/ens6-caba.infd.edu.ar\/sitio\/wp-json\/wp\/v2\/media?parent=4178"}],"curies":[{"name":"wp","href":"https:\/\/api.w.org\/{rel}","templated":true}]}}