{"id":3251,"date":"2021-03-20T09:34:17","date_gmt":"2021-03-20T12:34:17","guid":{"rendered":"https:\/\/ens6-caba.infd.edu.ar\/sitio\/?page_id=3251"},"modified":"2021-05-05T16:59:55","modified_gmt":"2021-05-05T19:59:55","slug":"padrones","status":"publish","type":"page","link":"https:\/\/ens6-caba.infd.edu.ar\/sitio\/padrones\/","title":{"rendered":"Padrones TSG"},"content":{"rendered":"<div>\n<p class=\"yiv9960131534MsoNormal\"><i>La Junta Electoral informa que la EXHIBICI\u00d3N DE PADRONES para elecciones de Rector, Vicerrector y Consejeros Directivos, se realizar\u00e1 desde el lunes 22 hasta el jueves 25 en la p\u00e1gina web de la escuela. Entre el viernes 26 y lunes 29\u00a0 se recibir\u00e1n\u00a0 los reclamos para ajustes en el siguiente correo:\u00a0<a href=\"mailto:juntaelectoralens6@gmail.com\" target=\"_blank\" rel=\"nofollow noopener noreferrer\">juntaelectoralens6@gmail.com<\/a>.<\/i><\/p>\n<\/div>\n<div>\n<h2 class=\"yiv9960131534MsoNormal\">Visualizar el archivo de padrones:<\/h2>\n<ul>\n<li class=\"yiv9960131534MsoNormal\">\n<h1><a href=\"https:\/\/drive.google.com\/file\/d\/1Ehx00-o50Bupb0sIthZV4ROZTnBUJaVH\/view?usp=sharing\">Egresados<\/a><\/h1>\n<\/li>\n<li class=\"yiv9960131534MsoNormal\">\n<h1><a href=\"https:\/\/drive.google.com\/file\/d\/1RQpWdA8LmqoQRgh0NY-g9fDO4shoOpd8\/view?usp=sharing\">Estudiantes<\/a><\/h1>\n<\/li>\n<li class=\"yiv9960131534MsoNormal\">\n<h1><a href=\"https:\/\/drive.google.com\/file\/d\/1C6Qr2IcqYJzQsc2i5jVbwO31BrypzRIQ\/view?usp=sharing\">Profesores<\/a><\/h1>\n<\/li>\n<\/ul>\n<\/div>\n<p>&nbsp;<\/p>\n<div><\/div>\n<div>\n<p class=\"yiv9960131534MsoNormal\">\n<\/div>\n","protected":false},"excerpt":{"rendered":"<p>La Junta Electoral informa que la EXHIBICI\u00d3N DE PADRONES para elecciones de Rector, Vicerrector y Consejeros Directivos, se realizar\u00e1 desde el lunes 22 hasta el jueves 25 en la p\u00e1gina web de la escuela. Entre el viernes 26 y lunes 29\u00a0 se recibir\u00e1n\u00a0 los reclamos para ajustes en el siguiente correo:\u00a0juntaelectoralens6@gmail.com. Visualizar el archivo de &#8230; <a title=\"Padrones TSG\" class=\"read-more\" href=\"https:\/\/ens6-caba.infd.edu.ar\/sitio\/padrones\/\" aria-label=\"More on Padrones TSG\">[+]<\/a><\/p>\n","protected":false},"author":571,"featured_media":0,"parent":0,"menu_order":0,"comment_status":"closed","ping_status":"closed","template":"","meta":[],"acf":[],"_links":{"self":[{"href":"https:\/\/ens6-caba.infd.edu.ar\/sitio\/wp-json\/wp\/v2\/pages\/3251"}],"collection":[{"href":"https:\/\/ens6-caba.infd.edu.ar\/sitio\/wp-json\/wp\/v2\/pages"}],"about":[{"href":"https:\/\/ens6-caba.infd.edu.ar\/sitio\/wp-json\/wp\/v2\/types\/page"}],"author":[{"embeddable":true,"href":"https:\/\/ens6-caba.infd.edu.ar\/sitio\/wp-json\/wp\/v2\/users\/571"}],"replies":[{"embeddable":true,"href":"https:\/\/ens6-caba.infd.edu.ar\/sitio\/wp-json\/wp\/v2\/comments?post=3251"}],"version-history":[{"count":6,"href":"https:\/\/ens6-caba.infd.edu.ar\/sitio\/wp-json\/wp\/v2\/pages\/3251\/revisions"}],"predecessor-version":[{"id":3440,"href":"https:\/\/ens6-caba.infd.edu.ar\/sitio\/wp-json\/wp\/v2\/pages\/3251\/revisions\/3440"}],"wp:attachment":[{"href":"https:\/\/ens6-caba.infd.edu.ar\/sitio\/wp-json\/wp\/v2\/media?parent=3251"}],"curies":[{"name":"wp","href":"https:\/\/api.w.org\/{rel}","templated":true}]}}