{"id":2949,"date":"2021-10-14T23:24:00","date_gmt":"2021-10-15T02:24:00","guid":{"rendered":"https:\/\/ens6-caba.infd.edu.ar\/sitio\/?page_id=2949"},"modified":"2026-02-23T19:35:11","modified_gmt":"2026-02-23T22:35:11","slug":"ingreso","status":"publish","type":"page","link":"https:\/\/ens6-caba.infd.edu.ar\/sitio\/ingreso\/","title":{"rendered":"INGRESO A LA CARRERA TSPI"},"content":{"rendered":"<div>\n<div class=\"entry-content\">\n<h2 id=\"block-e376e7ad-aec3-456a-a720-e3ff15c780db\" style=\"text-align: center;\"><span style=\"color: #000000;\"><em>Inscripci\u00f3n para el Ciclo Lectivo 2026<\/em><\/span><\/h2>\n<p><span style=\"color: #000000;\"><strong><em><u>Informaci\u00f3n a tener en cuenta:<\/u><\/em><\/strong><\/span><\/p>\n<ul>\n<li><span style=\"color: #000000;\">La inscripci\u00f3n a la carrera TSPI se realiza exclusivamente una vez al a\u00f1o, para el inicio del primer cuatrimestre en marzo. No se abren inscripciones para el segundo cuatrimestre.<\/span><\/li>\n<li><span style=\"color: #000000;\">La carrera se dicta de lunes a viernes en el turno ma\u00f1ana de 8:00 a 13:40 hs. y en el turno vespertino de 17:00 a 22:30 hs.<\/span><\/li>\n<li><span style=\"color: #000000;\">En caso de superar el cupo, la asignaci\u00f3n de la vacante ser\u00e1 otorgada a trav\u00e9s del sorteo realizado por el GCBA.<\/span><\/li>\n<li><span style=\"color: #000000;\">Por consultas sobre la inscripci\u00f3n pod\u00e9s escribir a<\/span>\u00a0<a href=\"mailto:bedeliatspi.ens6@bue.edu.ar\" target=\"_blank\" rel=\"noopener\">bedeliatspi.ens6@bue.edu.ar<\/a><\/li>\n<li><span style=\"color: #000000;\">Podes acceder al plan de estudios haciendo clic <a href=\"https:\/\/ens6-caba.infd.edu.ar\/sitio\/plan-de-estudios-2\/\">ac\u00e1<\/a><\/span><\/li>\n<\/ul>\n<h3><span style=\"color: #000000;\"><b><i>Requisitos de ingreso<\/i><\/b><\/span><\/h3>\n<p><span style=\"color: #000000;\"><b>1. Documento de identidad original:<\/b><\/span><\/p>\n<ul>\n<li aria-level=\"1\"><span style=\"color: #000000;\">Argentinos o naturalizados: DNI tarjeta<\/span><\/li>\n<li aria-level=\"1\"><span style=\"color: #000000;\">Extranjeros: DNI original para extranjeros.<\/span><\/li>\n<\/ul>\n<p><span style=\"color: #000000;\">Importante:\u00a0en todos los casos la documentaci\u00f3n que acredita la identidad del interesado debe estar vigente, en regla y en buen estado de conservaci\u00f3n.<\/span><\/p>\n<p><span style=\"color: #000000;\"><b>2. Certificado de estudios completos de educaci\u00f3n secundaria original:<\/b><\/span><\/p>\n<ul>\n<li aria-level=\"1\"><span style=\"color: #000000;\">Argentinos o naturalizados: certificado de estudios completos de educaci\u00f3n secundaria, legalizado por el Ministerio de Educaci\u00f3n de la jurisdicci\u00f3n correspondiente; \u00f3 certificado de t\u00edtulo en tr\u00e1mite.<\/span><\/li>\n<li aria-level=\"1\"><span style=\"color: #000000;\">Extranjeros: convalidaci\u00f3n de certificado de estudios completos de educaci\u00f3n secundaria, legalizado por organismos oficiales. Al momento de la inscripci\u00f3n, el postulante debe cumplir con la normativa sobre convalidaci\u00f3n de educaci\u00f3n secundaria establecida por el<\/span>\u00a0<a href=\"https:\/\/www.argentina.gob.ar\/educacion\/validez-titulos\">Departamento de Validez Nacional de T\u00edtulos y Estudios<\/a>\u00a0<span style=\"color: #000000;\">del<\/span>\u00a0<a href=\"https:\/\/www.argentina.gob.ar\/validez-nacional-de-titulos\/ministerio-de-educacion-de-la-nacion\">Ministerio de Educaci\u00f3n de la Naci\u00f3n<\/a>.<\/li>\n<\/ul>\n<p><span style=\"color: #000000;\">Importante:\u00a0enti\u00e9ndase como educaci\u00f3n secundaria en Argentina a la educaci\u00f3n posterior a la ense\u00f1anza primaria, tambi\u00e9n denominada educaci\u00f3n\u00a0media,\u00a0segunda ense\u00f1anza, bachillerato o estudios medios.<\/span><\/p>\n<p style=\"text-align: left;\"><b><span style=\"color: #000000;\">3. Asistir al encuentro presencial de car\u00e1cter obligatorio y excluyente<\/span><span style=\"color: #800080;\"> (fechas a confirmar)<\/span><\/b><\/p>\n<\/div>\n<\/div>\n<div>\n<div class=\"entry-content\">\n<h3><span style=\"color: #ff0000;\"><b>1\u00b0 PASO: PREINSCRIPCI\u00d3N ONLINE\u00a0 A TRAV\u00c9S DE SIU GUARAN\u00cd<\/b><\/span><\/h3>\n<p><span style=\"color: #000000;\">El <span style=\"color: #800080;\"><b>6 de octubre de 2025<\/b><\/span>\u00a0inicia el per\u00edodo complementario de preinscripci\u00f3n para el 1er cuatrimestre del ciclo lectivo 2025 y <b><span style=\"color: #800080;\">concluye el 20<\/span>\u00a0<span style=\"color: #800080;\">de febrero 2026<\/span><\/b>.<\/span><\/p>\n<p><span style=\"color: #000000;\">Los aspirantes deben ingresar al sistema Siu Guaran\u00ed para realizar la inscripci\u00f3n online. All\u00ed deber\u00e1n crear un usuario y luego ingresar a la pesta\u00f1a \u00abTr\u00e1mites\u00bb &gt; \u00abPreinscripci\u00f3n a propuestas\u00bb. Ver<\/span>\u00a0<a href=\"https:\/\/ens6-caba.infd.edu.ar\/sitio\/wp-content\/uploads\/2022\/10\/INSTRUCTIVO-DE-ACCESO-AL-SISTEMA-SIU-GUARANI_2023.pdf\">Instructivo<\/a><\/p>\n<p><span style=\"color: #000000;\">Existen dos links para realizar la inscripci\u00f3n seg\u00fan su situaci\u00f3n:<\/span><\/p>\n<ul>\n<li aria-level=\"1\">\n<p><span style=\"color: #000000;\">Si usted no cursa actualmente ninguna carrera a la que accede desde la plataforma Siu Guaran\u00ed, entonces debe ingresar al M\u00d3DULO DE PREINSCRIPCI\u00d3N, a trav\u00e9s de este link<\/span>\u00a0<a href=\"https:\/\/guarani-autogestionfdocente.bue.edu.ar\/preinscripcion\/caba\/acceso\">SIU GUARAN\u00cd Preinscripci\u00f3n<\/a><\/p>\n<\/li>\n<li aria-level=\"1\"><span style=\"color: #000000;\">Si usted ya se ha inscripto a la plataforma e intenta ingresar a trav\u00e9s del link previo y aparece un mensaje de error que dice que ya son alumnos, entonces debe ingresar y realizar la inscripci\u00f3n a trav\u00e9s de M\u00d3DULO DE AUTOGESTI\u00d3N, a trav\u00e9s de este link:<\/span>\u00a0<a href=\"https:\/\/guarani-autogestionfdocente.bue.edu.ar\/\">SIU GUARAN\u00cd Autogesti\u00f3n<\/a><\/li>\n<\/ul>\n<p><span style=\"color: #000000;\">Importante: Pod\u00e9s realizar la inscripci\u00f3n para iniciar una carrera en 2026 \u201cantes de finalizar\u201d el nivel secundario y, para ello, es suficiente contar con certificado de estudiante regular de \u00faltimo a\u00f1o de secundaria, ya que el t\u00edtulo de nivel medio deber\u00e1 presentarse antes del mes de mayo de 2026.<\/span><\/p>\n<p><span style=\"color: #000000;\"><b>El tr\u00e1mite de preinscripci\u00f3n online finaliza cuando aprieta el bot\u00f3n \u201cfinalizar\u201d e imprime el formulario que deber\u00e1n presentar en la ENS N\u00b06 para cumplir el paso 2.<\/b><\/span><\/p>\n<p><span style=\"color: #800080;\"><b>Tener presente: en caso de realizar modificaciones posteriores se debe imprimir un nuevo comprobante, ya que el sistema modifica el N\u00b0 de preinscripci\u00f3n y QR con cada cambio en los datos declarados.<\/b><\/span><\/p>\n<h3><span style=\"color: #ff0000;\"><b>2\u00b0 PASO: PRESENTACI\u00d3N Y VALIDACI\u00d3N DE DOCUMENTACI\u00d3N<\/b><\/span><\/h3>\n<p><span style=\"color: #000000;\">Entregar en la ENS N\u00b0 6 la siguiente documentaci\u00f3n (original y fotocopia) en Bedel\u00eda de TSPI\u00a0 <span style=\"color: #800080;\"><b>del d\u00eda\u00a0 6 de octubre al 19 de diciembre y del 10 al 23 de febrero 2026<\/b><\/span>.<\/span><\/p>\n<p><span style=\"color: #000000;\">Entregar la documentaci\u00f3n requerida en el <span style=\"color: #800080;\"><b>2do piso en Bedel\u00eda de TSPI de lunes a viernes en los horarios de 9.00 a 11.00 y de 18.00 a 19.30hs<\/b><\/span>.<\/span><\/p>\n<h5><span style=\"color: #000000;\"><b>Documentaci\u00f3n (<\/b><span style=\"color: #800080;\"><b>original y fotocopia<\/b><\/span><b>) a presentar:<\/b><\/span><\/h5>\n<ul>\n<li aria-level=\"1\">\n<p><span style=\"color: #000000;\">DNI (frente y dorso)<\/span><\/p>\n<\/li>\n<li aria-level=\"1\">\n<p><span style=\"color: #000000; font-size: revert;\">T\u00edtulo Secundario (frente y dorso)<\/span><\/p>\n<\/li>\n<li aria-level=\"1\">\n<p><span style=\"color: #000000;\">En el caso que el t\u00edtulo haya sido emitido en el extranjero, el mismo deber\u00e1 estar convalidado por el<\/span>\u00a0<a href=\"https:\/\/www.argentina.gob.ar\/educacion\/validez-titulos\/tramites-turnos\">Ministerio de Educaci\u00f3n de la Naci\u00f3n<\/a>\u00a0<span style=\"color: #000000;\">(o presentar el comprobante de inicio del tr\u00e1mite).<\/span><\/p>\n<\/li>\n<li aria-level=\"1\">\n<p><span style=\"color: #000000;\">En el caso de no tener a\u00fan el t\u00edtulo de Nivel Medio deber\u00e1 presentar la constancia original de t\u00edtulo en tr\u00e1mite (actualizada).<\/span><\/p>\n<\/li>\n<li aria-level=\"1\">\n<p><span style=\"color: #000000;\">En el caso de adeudar materias previas (hasta tres), deber\u00e1 presentar la constancia de nivel medio con la cantidad de materias que adeuda (actualizada). Las mismas deber\u00e1n estar aprobadas en el mes de Mayo (fecha a confirmar), caso contrario, la inscripci\u00f3n y vacante a la carrera quedar\u00e1 autom\u00e1ticamente anulada.<\/span><\/p>\n<\/li>\n<li aria-level=\"1\">\n<p><span style=\"color: #000000;\">Si a\u00fan no finaliz\u00f3 el secundario, debe presentar constancia de alumno regular (actualizada).<\/span><\/p>\n<\/li>\n<li aria-level=\"1\">\n<p><span style=\"color: #000000;\">Constancia de inscripci\u00f3n del sistema SIU GUARAN\u00cd impresa. (<span style=\"color: #800080;\"><strong>paso 1<\/strong><\/span>)<\/span><\/p>\n<\/li>\n<li aria-level=\"1\">\n<p><span style=\"color: #000000;\">3 fotos tipo carnet 4\u00d74 (pueden ser sacadas con una m\u00e1quina fotogr\u00e1fica o celular e impresas en una sola hoja en una gr\u00e1fica, ya sea en papel com\u00fan o ilustraci\u00f3n. No es necesario que sean estrictamente fotos carnet en papel fotogr\u00e1fico, pero s\u00ed deben tener el tama\u00f1o de 4\u00d74)<\/span><\/p>\n<\/li>\n<li aria-level=\"1\">\n<p>\u00a0<span style=\"color: #000000;\">1 (uno) folio tama\u00f1o oficio.<\/span><\/p>\n<\/li>\n<\/ul>\n<h3><span style=\"color: #ff0000;\"><b>3\u00b0 PASO:<\/b> CURSO INTRODUCTORIO<b>\u00a0PRESENCIAL OBLIGATORIO<\/b><\/span><\/h3>\n<div><span style=\"color: #000000;\">Para realizar el<span style=\"color: #800080;\"><strong> curso introductorio<\/strong><\/span>, de car\u00e1cter <span style=\"color: #800080;\"><strong>presencial, obligatorio y excluyente<\/strong><\/span>, deber\u00e1n asistir a la instituci\u00f3n, en el turno elegido en la inscripci\u00f3n, los d\u00edas <span style=\"color: #800080;\"><strong>2, 3 y 4 de marzo confirmar <\/strong><\/span>en los horarios:<\/span><\/div>\n<ul>\n<li><span style=\"color: #800080;\"><strong>Turno Ma\u00f1ana: 9.30 a 11.30<\/strong><\/span><\/li>\n<li><span style=\"color: #800080;\"><strong>Turno Vespertino: 18.30 a 20.30<\/strong><\/span><\/li>\n<\/ul>\n<div><span style=\"color: #000000;\">Importante: asistir al curso introductorio es un requisito previo para poder participar del sorteo de vacantes para ingresar a la Tecnicatura Superior en Producci\u00f3n de Indumentaria.<\/span><\/div>\n<div>\u00a0<\/div>\n<div><span style=\"color: #000000;\">Los esperamos en el\u00a0<span style=\"color: #800080;\"><b>2do<\/b><b>\u00a0piso \u2013 aula Anfiteatro<\/b><\/span><\/span><\/div>\n<div>\u00a0<\/div>\n<h3><span style=\"color: #ff0000;\"><b>4\u00b0 PASO: ASIGNACI\u00d3N DE VACANTES<\/b><\/span><\/h3>\n<p><span style=\"color: #000000;\">El ingreso a la Tecnicatura Superior en Producci\u00f3n de Indumentaria se consolida a trav\u00e9s de un procedimiento de asignaci\u00f3n de vacantes por medio del sorteo p\u00fablico organizado por el GCBA, que ser\u00e1 publicado en la cartelera de la escuela en <span style=\"color: #800080;\"><strong>fecha a confirmar (marzo 2026)<\/strong><\/span>.\u00a0<\/span><\/p>\n<h3><span style=\"color: #000000;\"><b>INFORMACI\u00d3N IMPORTANTE<\/b><\/span><\/h3>\n<h4><span style=\"color: #000000;\"><strong>Legalizaciones de t\u00edtulo secundario:<\/strong><\/span><\/h4>\n<ul>\n<li aria-level=\"1\"><span style=\"color: #000000;\">En caso de tener el t\u00edtulo de Nivel Secundario con c\u00f3digo QR, no es necesaria ninguna legalizaci\u00f3n, solo deben presentar un copia impresa del t\u00edtulo digital.<\/span><\/li>\n<li aria-level=\"1\"><span style=\"color: #000000;\">Egresados de instituciones p\u00fablicas o privadas de CABA no deben realizar ninguna legalizaci\u00f3n. El t\u00edtulo se les entrega legalizado.<\/span><\/li>\n<li aria-level=\"1\"><span style=\"color: #000000;\">Egresados de instituciones de provincia de Buenos Aires o interior del pa\u00eds deben realizarlo seg\u00fan fecha de emisi\u00f3n del t\u00edtulo:<\/span><\/li>\n<\/ul>\n<p><span style=\"color: #000000;\">1. Emitidos antes del 1\u00b0 de enero del 2010: legalizar por el Ministerio del Interior de la Naci\u00f3n Argentina. Consultar informaci\u00f3n<\/span> <span style=\"color: #000000;\">en<\/span>\u00a0<a href=\"https:\/\/www.argentina.gob.ar\/servicio\/legalizar-documentos-publicos\">https:\/\/www.argentina.gob.ar\/servicio\/legalizar-documentos-publicos<\/a><\/p>\n<p><span style=\"color: #000000;\">2. Emitidos a partir del 1\u00b0 de enero del 2010: legalizar por el Gobierno de la Ciudad Aut\u00f3noma de Buenos Aires. Consultar informaci\u00f3n en\u00a0<\/span>\u00a0<a href=\"https:\/\/buenosaires.gob.ar\/tramites\/titulos-certificados-y-legalizaciones\">https:\/\/buenosaires.gob.ar\/tramites\/titulos-certificados-y-legalizaciones<\/a><\/p>\n<ul>\n<li aria-level=\"1\"><span style=\"color: #000000;\">Personas que completaron sus estudios medios en el extranjero:\u00a0\u00a0\u00a0<\/span><\/li>\n<\/ul>\n<p><span style=\"color: #000000;\">1. Egresados de Bolivia, Brasil, Chile, Colombia, Costa Rica, Dominicana, Ecuador, El Salvador, Espa\u00f1a, Francia, Honduras, Italia, M\u00e9xico, Panam\u00e1, Paraguay, Per\u00fa, Uruguay, Venezuela: deben realizar la convalidaci\u00f3n del t\u00edtulo secundario con el Ministerio de Educaci\u00f3n de la Naci\u00f3n Argentina. Consultar informaci\u00f3n en<\/span>\u00a0<a href=\"https:\/\/www.argentina.gob.ar\/educacion\/tramites\/convalidar-titulo-secundario-de-paises-con-convenio\">https:\/\/www.argentina.gob.ar\/educacion\/tramites\/convalidar-titulo-secundario-de-paises-con-convenio<\/a><\/p>\n<p><span style=\"color: #000000;\">2. Egresados de otros pa\u00edses no mencionados en el punto anterior deben realizar\u00a0 el reconocimiento del t\u00edtulo secundario de pa\u00edses sin convenio con la Argentina. Consultar informaci\u00f3n\u00a0en<\/span>\u00a0<a href=\"https:\/\/www.argentina.gob.ar\/educacion\/tramites\/reconocer-titulo-secundario-de-paises-sin-convenio\">https:\/\/www.argentina.gob.ar\/educacion\/tramites\/reconocer-titulo-secundario-de-paises-sin-convenio<\/a><\/p>\n<p><span style=\"color: #000000;\">En ambos casos no podr\u00e1n inscribirse a la carrera hasta finalizar todo el circuito de legalizaci\u00f3n del t\u00edtulo extranjero.<\/span><\/p>\n<h4><span style=\"color: #000000;\"><strong>Direcciones \u00fatiles:<\/strong><\/span><\/h4>\n<p><strong><span style=\"color: #000000;\">Ministerio de Educaci\u00f3n de la Naci\u00f3n<\/span><br \/><\/strong><a href=\"https:\/\/www.argentina.gob.ar\/educacion\/tramites\" target=\"_blank\" rel=\"noopener\">Tr\u00e1mites y Servicios<\/a><br \/><span style=\"color: #000000;\">Pizzurno 935 \u2013 CABA<\/span><br \/><span style=\"color: #000000;\">Tel\u00e9fono: 54 (011) 4129-1000<\/span><\/p>\n<p><strong><span style=\"color: #000000;\">Ministerio del Interior<\/span><br \/><\/strong><a href=\"https:\/\/www.argentina.gob.ar\/servicio\/legalizar-documentos-publicos\" target=\"_blank\" rel=\"noopener\">Oficina Legalizaciones<\/a><br \/><span style=\"color: #000000;\">Correo electr\u00f3nico:<\/span>\u00a0<a href=\"mailto:info@mininterior.gov.ar\" target=\"blank\" rel=\"noreferrer noopener\">info@mininterior.gov.ar<\/a><br \/><span style=\"color: #000000;\">Tel\u00e9fono: 54 (011) 4339-0800 \u2013 Informes: 0800-999-020<\/span><\/p>\n<p><strong><span style=\"color: #000000;\">Gerencia Operativa de T\u00edtulos y Legalizaciones (CABA)<\/span><br \/><\/strong><span style=\"color: #000000;\">Turnos:<\/span>\u00a0<a href=\"https:\/\/www.buenosaires.gob.ar\/tramites\/certificaciones-legalizaciones-y-titulos\" target=\"_blank\" rel=\"noopener\">Gesti\u00f3n de Turnos<\/a><strong><br \/><\/strong><em><a href=\"https:\/\/mapa.buenosaires.gob.ar\/comollego\/?lat=-34.582393&amp;lng=-58.378878&amp;zl=15&amp;modo=transporte&amp;dir=Perette%2C+Carlos+H.+y+Calle+10+(No+Oficial)\">Carlos H. Perette 750 \u2013 Barrio 31<\/a><\/em>\u00a0<span style=\"color: #000000;\">\u2013 CABA<\/span><br \/><span style=\"color: #000000;\">Mail:<\/span>\u00a0<a href=\"mailto:gotyl@bue.edu.ar\" target=\"_blank\" rel=\"noopener\">gotyl@bue.edu.ar<br \/><\/a><\/p>\n<\/div>\n<\/div>\n<div>\n<p><img decoding=\"async\" loading=\"lazy\" class=\"wp-image-5188 aligncenter\" src=\"https:\/\/ens6-caba.infd.edu.ar\/sitio\/wp-content\/uploads\/2023\/12\/Gallery_d0beb737-2b4c-4c98-8b4c-70908845a8e2-1000x120.jpg\" alt=\"Seguinos en nuestras redes sociales\" width=\"633\" height=\"76\" srcset=\"https:\/\/ens6-caba.infd.edu.ar\/sitio\/wp-content\/uploads\/2023\/12\/Gallery_d0beb737-2b4c-4c98-8b4c-70908845a8e2-1000x120.jpg 1000w, https:\/\/ens6-caba.infd.edu.ar\/sitio\/wp-content\/uploads\/2023\/12\/Gallery_d0beb737-2b4c-4c98-8b4c-70908845a8e2-768x92.jpg 768w, https:\/\/ens6-caba.infd.edu.ar\/sitio\/wp-content\/uploads\/2023\/12\/Gallery_d0beb737-2b4c-4c98-8b4c-70908845a8e2.jpg 1346w\" sizes=\"(max-width: 633px) 100vw, 633px\" \/><\/p>\n<p>\u00a0 \u00a0 \u00a0 \u00a0 \u00a0 \u00a0 \u00a0 \u00a0 \u00a0 \u00a0 \u00a0 \u00a0 \u00a0 \u00a0 \u00a0 \u00a0 \u00a0 \u00a0 \u00a0 \u00a0 \u00a0 \u00a0 \u00a0 \u00a0 \u00a0 \u00a0 \u00a0 \u00a0 \u00a0 <a href=\"https:\/\/www.facebook.com\/TSPI.oficial\/\"><img decoding=\"async\" loading=\"lazy\" class=\"alignnone  wp-image-5190\" src=\"https:\/\/ens6-caba.infd.edu.ar\/sitio\/wp-content\/uploads\/2023\/12\/Gallery_af0c0299-edbd-494c-8a31-2b16aad31047.jpg\" alt=\"Facebook\" width=\"135\" height=\"133\" \/><\/a>\u00a0 \u00a0 \u00a0 \u00a0 \u00a0 \u00a0 \u00a0 <a href=\"https:\/\/www.instagram.com\/tspi_ens6?igshid=MzRIODBiNWFIZA==\"><img decoding=\"async\" loading=\"lazy\" class=\"wp-image-5191 alignnone\" src=\"https:\/\/ens6-caba.infd.edu.ar\/sitio\/wp-content\/uploads\/2023\/12\/Gallery_b0a7c4f5-f957-44f9-a615-c2394a848b14.jpg\" alt=\"Instagram\" width=\"136\" height=\"136\" \/><\/a>\u00a0 \u00a0 \u00a0 \u00a0 \u00a0 \u00a0 \u00a0 \u00a0 <a href=\"https:\/\/www.tiktok.com\/@tspi.ens6?_t=8huAibX0kmz&amp;_r=1\"><img decoding=\"async\" loading=\"lazy\" class=\"alignnone wp-image-5193\" src=\"https:\/\/ens6-caba.infd.edu.ar\/sitio\/wp-content\/uploads\/2023\/12\/272ddfccb6bb6161a6a9364ffc3703d7.jpg\" alt=\"\" width=\"134\" height=\"134\" srcset=\"https:\/\/ens6-caba.infd.edu.ar\/sitio\/wp-content\/uploads\/2023\/12\/272ddfccb6bb6161a6a9364ffc3703d7.jpg 640w, https:\/\/ens6-caba.infd.edu.ar\/sitio\/wp-content\/uploads\/2023\/12\/272ddfccb6bb6161a6a9364ffc3703d7-500x500.jpg 500w\" sizes=\"(max-width: 134px) 100vw, 134px\" \/><\/a><\/p>\n<p><a href=\"https:\/\/ens6-caba.infd.edu.ar\/sitio\/\"><img decoding=\"async\" loading=\"lazy\" class=\"wp-image-1480 aligncenter\" src=\"https:\/\/ens6-caba.infd.edu.ar\/sitio\/wp-content\/uploads\/2018\/10\/home.png\" alt=\"\" width=\"96\" height=\"96\" \/><\/a><\/p>\n<\/div>\n<p><!--more--><\/p>\n<p><!--more--><\/p>\n<p><!--more--><\/p>\n<p><!--more--><\/p>\n\n\n<blockquote class=\"wp-block-quote\">\n<p><\/p>\n<\/blockquote>\n\n\n\n<pre class=\"wp-block-code\"><code><\/code><\/pre>\n\n\n\n<p><\/p>\n","protected":false},"excerpt":{"rendered":"<p>Inscripci\u00f3n para el Ciclo Lectivo 2026 Informaci\u00f3n a tener en cuenta: La inscripci\u00f3n a la carrera TSPI se realiza exclusivamente una vez al a\u00f1o, para el inicio del primer cuatrimestre en marzo. No se abren inscripciones para el segundo cuatrimestre. La carrera se dicta de lunes a viernes en el turno ma\u00f1ana de 8:00 a &#8230; <a title=\"INGRESO A LA CARRERA TSPI\" class=\"read-more\" href=\"https:\/\/ens6-caba.infd.edu.ar\/sitio\/ingreso\/\" aria-label=\"More on INGRESO A LA CARRERA TSPI\">[+]<\/a><\/p>\n","protected":false},"author":1582,"featured_media":0,"parent":0,"menu_order":0,"comment_status":"closed","ping_status":"closed","template":"","meta":[],"acf":[],"_links":{"self":[{"href":"https:\/\/ens6-caba.infd.edu.ar\/sitio\/wp-json\/wp\/v2\/pages\/2949"}],"collection":[{"href":"https:\/\/ens6-caba.infd.edu.ar\/sitio\/wp-json\/wp\/v2\/pages"}],"about":[{"href":"https:\/\/ens6-caba.infd.edu.ar\/sitio\/wp-json\/wp\/v2\/types\/page"}],"author":[{"embeddable":true,"href":"https:\/\/ens6-caba.infd.edu.ar\/sitio\/wp-json\/wp\/v2\/users\/1582"}],"replies":[{"embeddable":true,"href":"https:\/\/ens6-caba.infd.edu.ar\/sitio\/wp-json\/wp\/v2\/comments?post=2949"}],"version-history":[{"count":167,"href":"https:\/\/ens6-caba.infd.edu.ar\/sitio\/wp-json\/wp\/v2\/pages\/2949\/revisions"}],"predecessor-version":[{"id":7747,"href":"https:\/\/ens6-caba.infd.edu.ar\/sitio\/wp-json\/wp\/v2\/pages\/2949\/revisions\/7747"}],"wp:attachment":[{"href":"https:\/\/ens6-caba.infd.edu.ar\/sitio\/wp-json\/wp\/v2\/media?parent=2949"}],"curies":[{"name":"wp","href":"https:\/\/api.w.org\/{rel}","templated":true}]}}