{"id":2936,"date":"2020-10-26T11:22:33","date_gmt":"2020-10-26T14:22:33","guid":{"rendered":"https:\/\/ens6-caba.infd.edu.ar\/sitio\/?page_id=2936"},"modified":"2026-02-26T18:58:10","modified_gmt":"2026-02-26T21:58:10","slug":"inscripciones-2","status":"publish","type":"page","link":"https:\/\/ens6-caba.infd.edu.ar\/sitio\/inscripciones-2\/","title":{"rendered":"INGRESO A LA CARRERA TSG"},"content":{"rendered":"<h2><img decoding=\"async\" loading=\"lazy\" class=\"aligncenter wp-image-3889\" src=\"https:\/\/ens6-caba.infd.edu.ar\/sitio\/wp-content\/uploads\/2022\/02\/Pagina-37-o-38-TSG-B-1000x750.jpg\" alt=\"\" width=\"386\" height=\"290\" srcset=\"https:\/\/ens6-caba.infd.edu.ar\/sitio\/wp-content\/uploads\/2022\/02\/Pagina-37-o-38-TSG-B-1000x750.jpg 1000w, https:\/\/ens6-caba.infd.edu.ar\/sitio\/wp-content\/uploads\/2022\/02\/Pagina-37-o-38-TSG-B-1900x1425.jpg 1900w, https:\/\/ens6-caba.infd.edu.ar\/sitio\/wp-content\/uploads\/2022\/02\/Pagina-37-o-38-TSG-B-768x576.jpg 768w, https:\/\/ens6-caba.infd.edu.ar\/sitio\/wp-content\/uploads\/2022\/02\/Pagina-37-o-38-TSG-B-1536x1152.jpg 1536w, https:\/\/ens6-caba.infd.edu.ar\/sitio\/wp-content\/uploads\/2022\/02\/Pagina-37-o-38-TSG-B-2048x1536.jpg 2048w\" sizes=\"(max-width: 386px) 100vw, 386px\" \/><\/h2>\n<h1 style=\"text-align: center;\"><strong><em>Inscripci\u00f3n para el Ciclo Lectivo 2026<\/em><\/strong><\/h1>\n<h1 style=\"text-align: center;\"><strong><em>1er Cuatrimestre<\/em><\/strong><\/h1>\n<p><em>P<span style=\"color: #000000;\">ara informaci\u00f3n sobre la carrera haga clic<\/span> <a href=\"https:\/\/ens6-caba.infd.edu.ar\/sitio\/plan-de-estudios\/\">ac\u00e1<\/a><br \/><\/em><\/p>\n<p><em><span style=\"color: #000000;\">Informaci\u00f3n a tener en cuenta:<\/span><\/em><\/p>\n<ul>\n<li><span style=\"color: #000000;\"><em>La carrera se dicta de lunes a viernes en el turno tarde de 13:30 a 17:30 y en el turno vespertino de 18:00 a 22:00 hs. <\/em><\/span><\/li>\n<li><span style=\"color: #000000;\">En caso de superar el cupo, la asignaci\u00f3n de la vacante ser\u00e1 otorgada a trav\u00e9s del sorteo realizado por el GCBA.<\/span><\/li>\n<li><span style=\"color: #000000;\">Por consultas sobre la inscripci\u00f3n pod\u00e9s escribir a <a href=\"mailto:ens6.inscripcion.gastronomia@bue.edu.ar\">ens6.inscripcion.gastronomia@bue.edu.ar<\/a><\/span><\/li>\n<\/ul>\n<h3><span style=\"color: #000000;\"><b><i>Requisitos de ingreso<\/i><\/b><\/span><\/h3>\n<p><span style=\"color: #000000;\"><b>1. Documento de identidad original:<\/b><\/span><\/p>\n<ul>\n<li style=\"font-weight: 400;\" aria-level=\"1\"><span style=\"font-weight: 400; color: #000000;\">Argentinos o naturalizados: DNI tarjeta<\/span><\/li>\n<li style=\"font-weight: 400;\" aria-level=\"1\"><span style=\"font-weight: 400; color: #000000;\">Extranjeros: DNI original para extranjeros.<\/span><\/li>\n<\/ul>\n<p><span style=\"color: #000000;\"><span style=\"font-weight: 400;\">Importante:<\/span><span style=\"font-weight: 400;\"> en todos los casos la documentaci\u00f3n que acredita la identidad del interesado debe estar vigente, en regla y en buen estado de conservaci\u00f3n.<\/span><\/span><\/p>\n<p><span style=\"color: #000000;\"><b>2. Certificado de estudios completos de educaci\u00f3n secundaria original:<\/b><\/span><\/p>\n<ul>\n<li style=\"font-weight: 400;\" aria-level=\"1\"><span style=\"font-weight: 400; color: #000000;\">Argentinos o naturalizados: certificado de estudios completos de educaci\u00f3n secundaria, legalizado por el Ministerio de Educaci\u00f3n de la jurisdicci\u00f3n correspondiente; \u00f3 certificado de t\u00edtulo en tr\u00e1mite.<\/span><\/li>\n<li style=\"font-weight: 400;\" aria-level=\"1\"><span style=\"font-weight: 400; color: #000000;\">Extranjeros: convalidaci\u00f3n de certificado de estudios completos de educaci\u00f3n secundaria, legalizado por organismos oficiales. Al momento de la inscripci\u00f3n, el postulante debe cumplir con la normativa sobre convalidaci\u00f3n de educaci\u00f3n secundaria establecida por el<\/span> <a href=\"https:\/\/www.argentina.gob.ar\/educacion\/validez-titulos\"><span style=\"font-weight: 400;\">Departamento de Validez Nacional de T\u00edtulos y Estudios<\/span><\/a> <span style=\"font-weight: 400;\"><span style=\"color: #000000;\">del<\/span> <\/span><a href=\"https:\/\/www.argentina.gob.ar\/validez-nacional-de-titulos\/ministerio-de-educacion-de-la-nacion\"><span style=\"font-weight: 400;\">Ministerio de Educaci\u00f3n de la Naci\u00f3n<\/span><\/a><span style=\"font-weight: 400;\">.<\/span><\/li>\n<\/ul>\n<p><span style=\"color: #000000;\"><span style=\"font-weight: 400;\">Importante:<\/span><span style=\"font-weight: 400;\"> enti\u00e9ndase como educaci\u00f3n secundaria en Argentina a la educaci\u00f3n posterior a la ense\u00f1anza primaria, tambi\u00e9n denominada educaci\u00f3n <span style=\"color: #800080;\">media,<\/span> segunda ense\u00f1anza, bachillerato o estudios medios.<\/span><\/span><\/p>\n<p style=\"text-align: left;\"><span style=\"color: #000000;\"><b>3. Asistir al encuentro presencial de car\u00e1cter obligatorio y excluyente: a confirmar la fecha<\/b><\/span><\/p>\n<h3 style=\"text-align: left;\"><span style=\"color: #ff0000;\"><b>1\u00b0 PASO: PREINSCRIPCI\u00d3N ONLINE\u00a0 A TRAV\u00c9S DE SIU GUARAN\u00cd<\/b><\/span><\/h3>\n<p><span style=\"color: #000000;\"><span style=\"font-weight: 400;\">El <\/span><span style=\"color: #800080;\"><b>6 de octubre de 2025<\/b><\/span>\u00a0<span style=\"font-weight: 400;\">inicia el per\u00edodo ordinario de preinscripci\u00f3n para el 1er cuatrimestre del ciclo lectivo 2026 y<\/span> <b><span style=\"color: #800080;\">concluye el 20 de febrero <\/span><span style=\"color: #800080;\">2026<\/span><\/b><span style=\"font-weight: 400;\">.<\/span><\/span><\/p>\n<p><span style=\"font-weight: 400; color: #000000;\">Los aspirantes deben ingresar al sistema Siu Guaran\u00ed para realizar la inscripci\u00f3n online. All\u00ed deber\u00e1n crear un usuario y luego ingresar a la pesta\u00f1a \u00abTr\u00e1mites\u00bb &gt; \u00abPreinscripci\u00f3n a propuestas\u00bb. Ver<\/span> <a href=\"https:\/\/ens6-caba.infd.edu.ar\/sitio\/wp-content\/uploads\/2022\/10\/INSTRUCTIVO-DE-ACCESO-AL-SISTEMA-SIU-GUARANI_2023.pdf\"><span style=\"font-weight: 400;\">Instructivo<\/span><\/a><\/p>\n<p><span style=\"font-weight: 400; color: #000000;\">Existen dos links para realizar la inscripci\u00f3n seg\u00fan su situaci\u00f3n:<\/span><\/p>\n<ul>\n<li style=\"font-weight: 400;\" aria-level=\"1\">\n<p><span style=\"font-weight: 400;\">Si usted no cursa actualmente ninguna carrera a la que accede desde la plataforma Siu Guaran\u00ed, entonces debe ingresar al M\u00d3DULO DE PREINSCRIPCI\u00d3N, a trav\u00e9s de este link<\/span> <a href=\"https:\/\/guarani-autogestionfdocente.bue.edu.ar\/preinscripcion\/caba\/acceso\"><span style=\"font-weight: 400;\">SIU GUARAN\u00cd Preinscripci\u00f3n<\/span><\/a><\/p>\n<\/li>\n<li style=\"font-weight: 400;\" aria-level=\"1\"><span style=\"font-weight: 400;\">Si usted ya se ha inscripto a la plataforma e intenta ingresar a trav\u00e9s del link previo y aparece un mensaje de error que dice que ya son alumnos, entonces debe ingresar y realizar la inscripci\u00f3n a trav\u00e9s de M\u00d3DULO DE AUTOGESTI\u00d3N, a trav\u00e9s de este link: <\/span><a href=\"https:\/\/guarani-autogestionfdocente.bue.edu.ar\/\"><span style=\"font-weight: 400;\">SIU GUARAN\u00cd Autogesti\u00f3n<\/span><\/a><\/li>\n<\/ul>\n<p><span style=\"color: #000000;\"><span style=\"font-weight: 400;\">Importante<\/span><span style=\"font-weight: 400;\">: Pod\u00e9s realizar la inscripci\u00f3n para iniciar una carrera en 2026 \u201cantes de finalizar\u201d el nivel secundario y, para ello, es suficiente contar con certificado de estudiante regular de \u00faltimo a\u00f1o de secundaria, ya que el t\u00edtulo de nivel medio deber\u00e1 presentarse antes del mes de mayo de 2026.<\/span><\/span><\/p>\n<p><span style=\"color: #000000;\"><b>El tr\u00e1mite de preinscripci\u00f3n online finaliza cuando aprieta el bot\u00f3n \u201cfinalizar\u201d e imprime el formulario que deber\u00e1n presentar en la ENS N\u00b06 para cumplir el paso 2.<\/b><\/span><\/p>\n<p><span style=\"color: #800080;\"><b>Tener presente: en caso de realizar modificaciones posteriores se debe imprimir un nuevo comprobante, ya que el sistema modifica el N\u00b0 de preinscripci\u00f3n y QR con cada cambio en los datos declarados.<\/b><\/span><\/p>\n<h3><span style=\"color: #ff0000;\"><b>2\u00b0 PASO: PRESENTACI\u00d3N Y VALIDACI\u00d3N DE DOCUMENTACI\u00d3N<\/b><\/span><\/h3>\n<p><span style=\"color: #000000;\"><span style=\"font-weight: 400;\">Entregar en la ENS N\u00b0 6 la siguiente documentaci\u00f3n (<\/span><span style=\"font-weight: 400;\">original y fotocopia<\/span><span style=\"font-weight: 400;\">) en Bedel\u00eda de TSG\u00a0 <\/span><span style=\"color: #800080;\"><b>del d\u00eda 6 de octubre al 19 de diciembre 2025 y del 10 al 23 de febrero de 2026.<\/b><\/span><\/span><\/p>\n<p><span style=\"color: #000000;\"><span style=\"font-weight: 400;\">Entregar la documentaci\u00f3n requerida en el <\/span><span style=\"color: #800080;\"><b>1er piso en Bedel\u00eda de TSG de lunes a viernes en los horarios de 15.00 a 17.00 y de 18.00 a 19.30hs<\/b><\/span><span style=\"font-weight: 400;\">.<\/span><\/span><\/p>\n<h5><span style=\"color: #000000;\"><b>Documentaci\u00f3n (<\/b><span style=\"color: #800080;\"><b>original y fotocopia<\/b><\/span><b>) a presentar:<\/b><\/span><\/h5>\n<ul>\n<li style=\"font-weight: 400;\" aria-level=\"1\">\n<p><span style=\"font-weight: 400; color: #000000;\">DNI (frente y dorso)<\/span><\/p>\n<\/li>\n<li style=\"font-weight: 400;\" aria-level=\"1\">\n<p><span style=\"color: #000000; font-size: revert;\">T\u00edtulo Secundario (frente y dorso)<\/span><\/p>\n<\/li>\n<li style=\"font-weight: 400;\" aria-level=\"1\">\n<p><span style=\"font-weight: 400; color: #000000;\">En el caso que el t\u00edtulo haya sido emitido en el extranjero, el mismo deber\u00e1 estar convalidado por el <\/span><a href=\"https:\/\/www.argentina.gob.ar\/educacion\/validez-titulos\/tramites-turnos\"><span style=\"font-weight: 400;\">Ministerio de Educaci\u00f3n de la Naci\u00f3n<\/span><\/a><span style=\"font-weight: 400; color: #000000;\"> (o presentar el comprobante de inicio del tr\u00e1mite).<\/span><\/p>\n<\/li>\n<li style=\"font-weight: 400;\" aria-level=\"1\">\n<p><span style=\"font-weight: 400; color: #000000;\">En el caso de no tener a\u00fan el t\u00edtulo de Nivel Medio deber\u00e1 presentar la constancia original de t\u00edtulo en tr\u00e1mite (actualizada).<\/span><\/p>\n<\/li>\n<li style=\"font-weight: 400;\" aria-level=\"1\">\n<p><span style=\"font-weight: 400; color: #000000;\">En el caso de adeudar materias previas (hasta tres), deber\u00e1 presentar la constancia de nivel medio con la cantidad de materias que adeuda (actualizada). Las mismas deber\u00e1n estar aprobadas en el mes de Mayo (fecha a confirmar), caso contrario, la inscripci\u00f3n y vacante a la carrera quedar\u00e1 autom\u00e1ticamente anulada.<\/span><\/p>\n<\/li>\n<li style=\"font-weight: 400;\" aria-level=\"1\">\n<p><span style=\"font-weight: 400; color: #000000;\">Si a\u00fan no finaliz\u00f3 el secundario, debe presentar constancia de alumno regular (actualizada).<\/span><\/p>\n<\/li>\n<li style=\"font-weight: 400;\" aria-level=\"1\">\n<p><span style=\"font-weight: 400; color: #000000;\">Constancia de inscripci\u00f3n del sistema SIU GUARAN\u00cd impresa. (<strong><span style=\"color: #800080;\">paso 1<\/span><\/strong>)<\/span><\/p>\n<\/li>\n<li style=\"font-weight: 400;\" aria-level=\"1\">\n<p><span style=\"font-weight: 400; color: #000000;\">3 fotos tipo carnet 4\u00d74 (pueden ser sacadas con una m\u00e1quina fotogr\u00e1fica o celular e impresas en una sola hoja en una gr\u00e1fica, ya sea en papel com\u00fan o ilustraci\u00f3n. No es necesario que sean estrictamente fotos carnet en papel fotogr\u00e1fico, pero s\u00ed deben tener el tama\u00f1o de 4&#215;4)<\/span><\/p>\n<\/li>\n<li style=\"font-weight: 400;\" aria-level=\"1\">\n<p><span style=\"font-weight: 400; color: #000000;\">\u00a01 (uno) folio tama\u00f1o oficio.<\/span><\/p>\n<\/li>\n<\/ul>\n<h3><span style=\"color: #ff0000;\"><b>3\u00b0 PASO:<\/b> <b>ENCUENTRO PRESENCIAL OBLIGATORIO<\/b><\/span><\/h3>\n<p><span style=\"color: #000000;\"><span style=\"font-weight: 400;\">La <\/span><span style=\"color: #800080;\"><b>charla introductoria<\/b><\/span><span style=\"font-weight: 400;\">, que es de<\/span> <span style=\"color: #800080;\"><b>car\u00e1cter obligatorio<\/b><strong> y excluyente<\/strong><\/span>, <span style=\"font-weight: 400;\">se llevar\u00e1 a cabo de manera <\/span><span style=\"color: #800080;\"><b>presencial<\/b><\/span><span style=\"font-weight: 400;\">.<\/span><\/span><\/p>\n<ul>\n<li style=\"font-weight: 400;\" aria-level=\"1\">\n<p><span style=\"font-weight: 400; color: #000000;\">Mi\u00e9rcoles 4 de marzo turno tarde de 16 a 18h<\/span><\/p>\n<\/li>\n<li style=\"font-weight: 400;\" aria-level=\"1\">\n<p><span style=\"font-weight: 400; color: #000000;\">Martes 3 de marzo turno noche\/vespertino de18 a 20h<\/span><\/p>\n<\/li>\n<\/ul>\n<p><span style=\"font-weight: 400;\"><span style=\"color: #000000;\">Importante: asistir a la charla es un requisito previo para poder participar del sorteo de vacantes para ingresar a la Tecnicatura Superior en Gastronom\u00eda.<\/span>\u00a0<\/span><\/p>\n<h3><span style=\"color: #ff0000;\"><b>4\u00b0 PASO: ASIGNACI\u00d3N DE VACANTES<\/b><\/span><\/h3>\n<p><span style=\"font-weight: 400; color: #000000;\">El ingreso a la Tecnicatura Superior en Gastronom\u00eda se consolida a trav\u00e9s de un procedimiento de asignaci\u00f3n de vacantes por medio del sorteo p\u00fablico organizado por el GCBA, que ser\u00e1 publicado en la cartelera de la escuela el <strong><span style=\"color: #800080;\">a confirmar<\/span><\/strong>.\u00a0<\/span><\/p>\n<h3><span style=\"color: #ff0000;\"><b>INFORMACI\u00d3N IMPORTANTE<\/b><\/span><\/h3>\n<h4><span style=\"color: #000000;\"><strong>Legalizaciones de t\u00edtulo secundario:<\/strong><\/span><\/h4>\n<ul>\n<li style=\"font-weight: 400;\" aria-level=\"1\"><span style=\"font-weight: 400; color: #000000;\">En caso de tener el t\u00edtulo de Nivel Secundario con c\u00f3digo QR, no es necesaria ninguna legalizaci\u00f3n, solo deben presentar un copia impresa del t\u00edtulo digital.<\/span><\/li>\n<li style=\"font-weight: 400;\" aria-level=\"1\"><span style=\"font-weight: 400; color: #000000;\">Egresados de instituciones p\u00fablicas o privadas de CABA no deben realizar ninguna legalizaci\u00f3n. El t\u00edtulo se les entrega legalizado.<\/span><\/li>\n<li style=\"font-weight: 400;\" aria-level=\"1\"><span style=\"font-weight: 400; color: #000000;\">Egresados de instituciones de provincia de Buenos Aires o interior del pa\u00eds deben realizarlo seg\u00fan fecha de emisi\u00f3n del t\u00edtulo:<\/span><\/li>\n<\/ul>\n<p><span style=\"font-weight: 400; color: #000000;\">1. Emitidos antes del 1\u00b0 de enero del 2010: legalizar por el Ministerio del Interior de la Naci\u00f3n Argentina. Consultar informaci\u00f3n en <\/span><a href=\"https:\/\/www.argentina.gob.ar\/servicio\/legalizar-documentos-publicos\"><span style=\"font-weight: 400;\">https:\/\/www.argentina.gob.ar\/servicio\/legalizar-documentos-publicos<\/span><\/a><\/p>\n<p><span style=\"font-weight: 400; color: #000000;\">2. Emitidos a partir del 1\u00b0 de enero del 2010: legalizar por el Gobierno de la Ciudad Aut\u00f3noma de Buenos Aires. Consultar informaci\u00f3n en\u00a0 <\/span><a href=\"https:\/\/buenosaires.gob.ar\/tramites\/titulos-certificados-y-legalizaciones\"><span style=\"font-weight: 400;\">https:\/\/buenosaires.gob.ar\/tramites\/titulos-certificados-y-legalizaciones<\/span><\/a><\/p>\n<ul>\n<li style=\"font-weight: 400;\" aria-level=\"1\"><span style=\"font-weight: 400;\"><span style=\"color: #000000;\">Personas que completaron sus estudios medios en el extranjero:\u00a0\u00a0<\/span>\u00a0<\/span><\/li>\n<\/ul>\n<p><span style=\"font-weight: 400; color: #000000;\">1. Egresados de Bolivia, Brasil, Chile, Colombia, Costa Rica, Dominicana, Ecuador, El Salvador, Espa\u00f1a, Francia, Honduras, Italia, M\u00e9xico, Panam\u00e1, Paraguay, Per\u00fa, Uruguay, Venezuela: deben realizar la convalidaci\u00f3n del t\u00edtulo secundario con el Ministerio de Educaci\u00f3n de la Naci\u00f3n Argentina. Consultar informaci\u00f3n en <\/span><a href=\"https:\/\/www.argentina.gob.ar\/educacion\/tramites\/convalidar-titulo-secundario-de-paises-con-convenio\"><span style=\"font-weight: 400;\">https:\/\/www.argentina.gob.ar\/educacion\/tramites\/convalidar-titulo-secundario-de-paises-con-convenio<\/span><\/a><\/p>\n<p><span style=\"color: #000000;\"><span style=\"font-weight: 400;\">2. Egresados de otros pa\u00edses no mencionados en el punto anterior deben realizar\u00a0 el reconocimiento del t\u00edtulo secundario de pa\u00edses sin convenio con la Argentina. Consultar informaci\u00f3n<\/span><span style=\"font-weight: 400;\"> en <\/span><\/span><a href=\"https:\/\/www.argentina.gob.ar\/educacion\/tramites\/reconocer-titulo-secundario-de-paises-sin-convenio\"><span style=\"font-weight: 400;\">https:\/\/www.argentina.gob.ar\/educacion\/tramites\/reconocer-titulo-secundario-de-paises-sin-convenio<\/span><\/a><\/p>\n<p><span style=\"font-weight: 400; color: #000000;\">En ambos casos no podr\u00e1n inscribirse a la carrera hasta finalizar todo el circuito de legalizaci\u00f3n del t\u00edtulo extranjero.<\/span><\/p>\n<h4><span style=\"color: #000000;\"><strong>Direcciones \u00fatiles:<\/strong><\/span><\/h4>\n<p><strong><span style=\"color: #000000;\">Ministerio de Educaci\u00f3n de la Naci\u00f3n<\/span><br \/><\/strong><a href=\"https:\/\/www.argentina.gob.ar\/educacion\/tramites\" target=\"_blank\" rel=\"noopener\">Tr\u00e1mites y Servicios<\/a><br \/><span style=\"color: #000000;\">Pizzurno 935 \u2013 CABA<\/span><br \/><span style=\"color: #000000;\">Tel\u00e9fono: 54 (011) 4129-1000<\/span><\/p>\n<p><strong><span style=\"color: #000000;\">Ministerio del Interior<\/span><br \/><\/strong><a href=\"https:\/\/www.argentina.gob.ar\/servicio\/legalizar-documentos-publicos\" target=\"_blank\" rel=\"noopener\">Oficina Legalizaciones<\/a><br \/><span style=\"color: #000000;\">Correo electr\u00f3nico:<\/span>\u00a0<a href=\"mailto:info@mininterior.gov.ar\" target=\"blank\" rel=\"noreferrer noopener\">info@mininterior.gov.ar<\/a><br \/><span style=\"color: #000000;\">Tel\u00e9fono: 54 (011) 4339-0800 &#8211; Informes: 0800-999-020<\/span><\/p>\n<p><strong><span style=\"color: #000000;\">Gerencia Operativa de T\u00edtulos y Legalizaciones (CABA)<\/span><br \/><\/strong><span style=\"color: #000000;\">Turnos:<\/span>\u00a0<a href=\"https:\/\/www.buenosaires.gob.ar\/tramites\/certificaciones-legalizaciones-y-titulos\" target=\"_blank\" rel=\"noopener\">Gesti\u00f3n de Turnos<\/a><strong><br \/><\/strong><em><a href=\"https:\/\/mapa.buenosaires.gob.ar\/comollego\/?lat=-34.582393&amp;lng=-58.378878&amp;zl=15&amp;modo=transporte&amp;dir=Perette%2C+Carlos+H.+y+Calle+10+(No+Oficial)\">Carlos H. Perette 750 &#8211; Barrio 31<\/a><\/em>\u00a0<span style=\"color: #000000;\">\u2013 CABA<\/span><br \/><span style=\"color: #000000;\">Mail:<\/span> <a href=\"mailto:gotyl@bue.edu.ar\" target=\"_blank\" rel=\"noopener\">gotyl@bue.edu.ar<\/a><\/p>\n<p style=\"text-align: center;\"><a href=\"https:\/\/www.instagram.com\/tsgastronomiaens6\/?hl=es\" target=\"_blank\" rel=\"noopener\"><img decoding=\"async\" loading=\"lazy\" class=\"aligncenter\" src=\"https:\/\/ens6-caba.infd.edu.ar\/sitio\/wp-content\/uploads\/2022\/04\/logoInsta.png\" alt=\"\" width=\"256\" height=\"123\" \/><\/a><\/p>\n\n\n<p><\/p>\n","protected":false},"excerpt":{"rendered":"<p>Inscripci\u00f3n para el Ciclo Lectivo 2026 1er Cuatrimestre Para informaci\u00f3n sobre la carrera haga clic ac\u00e1 Informaci\u00f3n a tener en cuenta: La carrera se dicta de lunes a viernes en el turno tarde de 13:30 a 17:30 y en el turno vespertino de 18:00 a 22:00 hs. En caso de superar el cupo, la asignaci\u00f3n &#8230; <a title=\"INGRESO A LA CARRERA TSG\" class=\"read-more\" href=\"https:\/\/ens6-caba.infd.edu.ar\/sitio\/inscripciones-2\/\" aria-label=\"More on INGRESO A LA CARRERA TSG\">[+]<\/a><\/p>\n","protected":false},"author":571,"featured_media":0,"parent":0,"menu_order":0,"comment_status":"closed","ping_status":"closed","template":"","meta":[],"acf":[],"_links":{"self":[{"href":"https:\/\/ens6-caba.infd.edu.ar\/sitio\/wp-json\/wp\/v2\/pages\/2936"}],"collection":[{"href":"https:\/\/ens6-caba.infd.edu.ar\/sitio\/wp-json\/wp\/v2\/pages"}],"about":[{"href":"https:\/\/ens6-caba.infd.edu.ar\/sitio\/wp-json\/wp\/v2\/types\/page"}],"author":[{"embeddable":true,"href":"https:\/\/ens6-caba.infd.edu.ar\/sitio\/wp-json\/wp\/v2\/users\/571"}],"replies":[{"embeddable":true,"href":"https:\/\/ens6-caba.infd.edu.ar\/sitio\/wp-json\/wp\/v2\/comments?post=2936"}],"version-history":[{"count":117,"href":"https:\/\/ens6-caba.infd.edu.ar\/sitio\/wp-json\/wp\/v2\/pages\/2936\/revisions"}],"predecessor-version":[{"id":7749,"href":"https:\/\/ens6-caba.infd.edu.ar\/sitio\/wp-json\/wp\/v2\/pages\/2936\/revisions\/7749"}],"wp:attachment":[{"href":"https:\/\/ens6-caba.infd.edu.ar\/sitio\/wp-json\/wp\/v2\/media?parent=2936"}],"curies":[{"name":"wp","href":"https:\/\/api.w.org\/{rel}","templated":true}]}}