{"id":2877,"date":"2020-08-10T11:18:22","date_gmt":"2020-08-10T14:18:22","guid":{"rendered":"https:\/\/ens6-caba.infd.edu.ar\/sitio\/?page_id=2877"},"modified":"2020-08-10T11:55:09","modified_gmt":"2020-08-10T14:55:09","slug":"clases-magistrales-2","status":"publish","type":"page","link":"https:\/\/ens6-caba.infd.edu.ar\/sitio\/tecnicatura-superior-en-gastronomia\/clases-magistrales-2\/","title":{"rendered":"Clases Magistrales"},"content":{"rendered":"<h1>Catering &#8211;<\/h1>\n<h3>Canap\u00e9s y Finger food<\/h3>\n<h4>Prof. Gabriel Minissale<\/h4>\n<p><iframe loading=\"lazy\" width=\"1200\" height=\"675\" src=\"https:\/\/www.youtube.com\/embed\/8JvkLF6kHLw?feature=oembed\" frameborder=\"0\" allow=\"accelerometer; autoplay; encrypted-media; gyroscope; picture-in-picture\" allowfullscreen><\/iframe><\/p>\n<p>&nbsp;<\/p>\n<h1>Cortes de papa y elaboraci\u00f3n de tortilla<\/h1>\n<h4>Prof. Gabriel Minissale<\/h4>\n<p><iframe loading=\"lazy\" width=\"1200\" height=\"675\" src=\"https:\/\/www.youtube.com\/embed\/N0cgSmMZs6U?feature=oembed\" frameborder=\"0\" allow=\"accelerometer; autoplay; encrypted-media; gyroscope; picture-in-picture\" allowfullscreen><\/iframe><\/p>\n<h1>T\u00e9cnica de manejo de cuchillo y corte de vegetales primera parte<\/h1>\n<h4>Prof. Gabriel Minissale<\/h4>\n<p><iframe loading=\"lazy\" width=\"1200\" height=\"675\" src=\"https:\/\/www.youtube.com\/embed\/7uS-lHcelus?feature=oembed\" frameborder=\"0\" allow=\"accelerometer; autoplay; encrypted-media; gyroscope; picture-in-picture\" allowfullscreen><\/iframe><\/p>\n","protected":false},"excerpt":{"rendered":"<p>Catering &#8211; Canap\u00e9s y Finger food Prof. Gabriel Minissale &nbsp; Cortes de papa y elaboraci\u00f3n de tortilla Prof. Gabriel Minissale T\u00e9cnica de manejo de cuchillo y corte de vegetales primera parte Prof. Gabriel Minissale<\/p>\n","protected":false},"author":571,"featured_media":0,"parent":1125,"menu_order":0,"comment_status":"closed","ping_status":"closed","template":"","meta":[],"acf":[],"_links":{"self":[{"href":"https:\/\/ens6-caba.infd.edu.ar\/sitio\/wp-json\/wp\/v2\/pages\/2877"}],"collection":[{"href":"https:\/\/ens6-caba.infd.edu.ar\/sitio\/wp-json\/wp\/v2\/pages"}],"about":[{"href":"https:\/\/ens6-caba.infd.edu.ar\/sitio\/wp-json\/wp\/v2\/types\/page"}],"author":[{"embeddable":true,"href":"https:\/\/ens6-caba.infd.edu.ar\/sitio\/wp-json\/wp\/v2\/users\/571"}],"replies":[{"embeddable":true,"href":"https:\/\/ens6-caba.infd.edu.ar\/sitio\/wp-json\/wp\/v2\/comments?post=2877"}],"version-history":[{"count":3,"href":"https:\/\/ens6-caba.infd.edu.ar\/sitio\/wp-json\/wp\/v2\/pages\/2877\/revisions"}],"predecessor-version":[{"id":2883,"href":"https:\/\/ens6-caba.infd.edu.ar\/sitio\/wp-json\/wp\/v2\/pages\/2877\/revisions\/2883"}],"up":[{"embeddable":true,"href":"https:\/\/ens6-caba.infd.edu.ar\/sitio\/wp-json\/wp\/v2\/pages\/1125"}],"wp:attachment":[{"href":"https:\/\/ens6-caba.infd.edu.ar\/sitio\/wp-json\/wp\/v2\/media?parent=2877"}],"curies":[{"name":"wp","href":"https:\/\/api.w.org\/{rel}","templated":true}]}}