{"id":286,"date":"2016-10-31T13:17:59","date_gmt":"2016-10-31T16:17:59","guid":{"rendered":"https:\/\/ens6-caba.infd.edu.ar\/sitio\/?page_id=286"},"modified":"2026-04-09T14:10:38","modified_gmt":"2026-04-09T17:10:38","slug":"inicio","status":"publish","type":"page","link":"https:\/\/ens6-caba.infd.edu.ar\/sitio\/","title":{"rendered":"Inicio"},"content":{"rendered":"\n<figure class=\"wp-block-image size-full is-resized\"><img decoding=\"async\" src=\"https:\/\/ens6-caba.infd.edu.ar\/sitio\/wp-content\/uploads\/2025\/11\/conocenos-1.png\" alt=\"\" class=\"wp-image-7334\" width=\"1000\" srcset=\"https:\/\/ens6-caba.infd.edu.ar\/sitio\/wp-content\/uploads\/2025\/11\/conocenos-1.png 824w, https:\/\/ens6-caba.infd.edu.ar\/sitio\/wp-content\/uploads\/2025\/11\/conocenos-1-768x103.png 768w\" sizes=\"(max-width: 824px) 100vw, 824px\" \/><\/figure>\n\n\n\n<p class=\"has-text-align-center has-contrast-color has-text-color has-small-font-size\"><em><strong>Somos una instituci\u00f3n p\u00fablica con una larga trayectoria en la formaci\u00f3n de estudiantes desde el Nivel Inicial hasta el Nivel Superior.<br>Acompa\u00f1amos cada etapa educativa con compromiso, inclusi\u00f3n y una mirada humanista para construir aprendizajes significativos y comunidad.<\/strong><\/em><\/p>\n\n\n\n<div class=\"wp-block-buttons has-custom-font-size has-medium-font-size is-content-justification-center is-layout-flex wp-container-1\">\n<div class=\"wp-block-button is-style-fill\"><a class=\"wp-block-button__link has-base-3-color has-accent-background-color has-text-color has-background wp-element-button\" href=\"https:\/\/ens6-caba.infd.edu.ar\/sitio\/blog\/\" target=\"_blank\" rel=\"noreferrer noopener\"><strong>Noticias<\/strong><\/a><\/div>\n\n\n\n<div class=\"wp-block-button has-custom-font-size is-style-fill has-medium-font-size\"><a class=\"wp-block-button__link has-base-3-color has-accent-background-color has-text-color has-background wp-element-button\" href=\"https:\/\/ens6-caba.infd.edu.ar\/sitio\/biblioteca\/\" target=\"_blank\" rel=\"noreferrer noopener\"><strong>Biblioteca<\/strong><\/a><\/div>\n\n\n\n<div class=\"wp-block-button has-custom-font-size has-medium-font-size\"><a class=\"wp-block-button__link has-base-3-color has-accent-background-color has-text-color has-background wp-element-button\" href=\"https:\/\/ens6-caba.infd.edu.ar\/sitio\/asociacion-cooperadora-2\/\" target=\"_blank\" rel=\"noreferrer noopener\"><strong>Cooperadora<\/strong><\/a><\/div>\n\n\n\n<div class=\"wp-block-button has-custom-font-size has-medium-font-size\"><a class=\"wp-block-button__link has-base-3-color has-accent-background-color has-text-color has-background wp-element-button\" href=\"https:\/\/ens6-caba.infd.edu.ar\/sitio\/ex-alumnas\/\" target=\"_blank\" rel=\"noreferrer noopener\"><strong>Ex-alumnas\/os<\/strong><\/a><\/div>\n<\/div>\n\n\n\n<div class=\"wp-block-columns are-vertically-aligned-center is-not-stacked-on-mobile is-layout-flex wp-container-5\">\n<div class=\"wp-block-column is-vertically-aligned-center is-layout-flow\" style=\"flex-basis:44.45%\">\n<p class=\"has-text-align-right has-small-font-size\">Recorr\u00e9 la escuela en 360\u00b0 &#x1f449;<\/p>\n\n\n\n<p class=\"has-text-align-right has-small-font-size\"><a rel=\"noreferrer noopener\" href=\"https:\/\/www.google.com\/maps\/dir\/\/G%C3%BCemes+3859,+C1425+Cdad.+Aut%C3%B3noma+de+Buenos+Aires\/@-34.586539,-58.4165568,16z\/data=!4m18!1m8!3m7!1s0x95bcb57fdd677dd9:0x13453281e744f932!2sG%C3%BCemes+3859,+C1425+Cdad.+Aut%C3%B3noma+de+Buenos+Aires!3b1!8m2!3d-34.5868481!4d-58.4158641!16s%2Fg%2F11cpcr0b44!4m8!1m0!1m5!1m1!1s0x95bcb57fdd677dd9:0x13453281e744f932!2m2!1d-58.4158641!2d-34.5868481!3e3?entry=ttu&amp;g_ep=EgoyMDI1MTEyMy4xIKXMDSoASAFQAw%3D%3D\" data-type=\"URL\" data-id=\"https:\/\/www.google.com\/maps\/dir\/\/G%C3%BCemes+3859,+C1425+Cdad.+Aut%C3%B3noma+de+Buenos+Aires\/@-34.586539,-58.4165568,16z\/data=!4m18!1m8!3m7!1s0x95bcb57fdd677dd9:0x13453281e744f932!2sG%C3%BCemes+3859,+C1425+Cdad.+Aut%C3%B3noma+de+Buenos+Aires!3b1!8m2!3d-34.5868481!4d-58.4158641!16s%2Fg%2F11cpcr0b44!4m8!1m0!1m5!1m1!1s0x95bcb57fdd677dd9:0x13453281e744f932!2m2!1d-58.4158641!2d-34.5868481!3e3?entry=ttu&amp;g_ep=EgoyMDI1MTEyMy4xIKXMDSoASAFQAw%3D%3D\" target=\"_blank\">G<\/a><span style=\"color: rgb(34, 34, 34); font-size: revert;\"><a href=\"https:\/\/www.google.com\/maps\/dir\/\/G%C3%BCemes+3859,+C1425+Cdad.+Aut%C3%B3noma+de+Buenos+Aires\/@-34.586539,-58.4165568,16z\/data=!4m18!1m8!3m7!1s0x95bcb57fdd677dd9:0x13453281e744f932!2sG%C3%BCemes+3859,+C1425+Cdad.+Aut%C3%B3noma+de+Buenos+Aires!3b1!8m2!3d-34.5868481!4d-58.4158641!16s%2Fg%2F11cpcr0b44!4m8!1m0!1m5!1m1!1s0x95bcb57fdd677dd9:0x13453281e744f932!2m2!1d-58.4158641!2d-34.5868481!3e3?entry=ttu&amp;g_ep=EgoyMDI1MTEyMy4xIKXMDSoASAFQAw%3D%3D\" data-type=\"URL\" data-id=\"https:\/\/www.google.com\/maps\/dir\/\/G%C3%BCemes+3859,+C1425+Cdad.+Aut%C3%B3noma+de+Buenos+Aires\/@-34.586539,-58.4165568,16z\/data=!4m18!1m8!3m7!1s0x95bcb57fdd677dd9:0x13453281e744f932!2sG%C3%BCemes+3859,+C1425+Cdad.+Aut%C3%B3noma+de+Buenos+Aires!3b1!8m2!3d-34.5868481!4d-58.4158641!16s%2Fg%2F11cpcr0b44!4m8!1m0!1m5!1m1!1s0x95bcb57fdd677dd9:0x13453281e744f932!2m2!1d-58.4158641!2d-34.5868481!3e3?entry=ttu&amp;g_ep=EgoyMDI1MTEyMy4xIKXMDSoASAFQAw%3D%3D\">\u00fcemes 3859 &#8211; CABA<\/a><\/span><\/p>\n\n\n\n<p class=\"has-text-align-right has-small-font-size\"><a style=\"font-size: revert;\" href=\"mailto:ens6@bue.edu.ar\">ens6@bue.edu.ar<\/a> <\/p>\n\n\n\n<div class=\"wp-block-group is-content-justification-right is-layout-flex wp-container-2\">\n<p class=\"has-text-align-right has-small-font-size\"><strong><em>Seguinos en<\/em><\/strong><\/p>\n\n\n\n<p class=\"has-text-align-right\"> <a href=\"https:\/\/www.instagram.com\/ens6_vicentelopezyplanes\/\" data-type=\"URL\" data-id=\"https:\/\/www.instagram.com\/ens6_vicentelopezyplanes\/\" target=\"_blank\" rel=\"noreferrer noopener\"><img decoding=\"async\" loading=\"lazy\" width=\"218\" height=\"223\" class=\"wp-image-6660\" style=\"width: 50px;\" src=\"https:\/\/ens6-caba.infd.edu.ar\/sitio\/wp-content\/uploads\/2025\/10\/instgram.png\" alt=\"\"><\/a><\/p>\n<\/div>\n<\/div>\n\n\n\n<div class=\"wp-block-column is-vertically-aligned-center is-layout-flow\" style=\"flex-basis:22.21%\">\n<figure class=\"wp-block-image size-full\"><img decoding=\"async\" loading=\"lazy\" width=\"599\" height=\"746\" src=\"https:\/\/ens6-caba.infd.edu.ar\/sitio\/wp-content\/uploads\/2026\/03\/ENS6.png\" alt=\"\" class=\"wp-image-7803\"\/><\/figure>\n<\/div>\n<\/div>\n\n\n<div class=\"wp-block-image\">\n<figure class=\"aligncenter size-full\"><img decoding=\"async\" loading=\"lazy\" width=\"1483\" height=\"753\" src=\"https:\/\/ens6-caba.infd.edu.ar\/sitio\/wp-content\/uploads\/2026\/03\/TELEFONOS.png\" alt=\"\" class=\"wp-image-7805\" srcset=\"https:\/\/ens6-caba.infd.edu.ar\/sitio\/wp-content\/uploads\/2026\/03\/TELEFONOS.png 1483w, https:\/\/ens6-caba.infd.edu.ar\/sitio\/wp-content\/uploads\/2026\/03\/TELEFONOS-1000x508.png 1000w, https:\/\/ens6-caba.infd.edu.ar\/sitio\/wp-content\/uploads\/2026\/03\/TELEFONOS-768x390.png 768w\" sizes=\"(max-width: 1483px) 100vw, 1483px\" \/><\/figure><\/div>\n\n\n<p class=\"has-text-align-center has-text-color has-medium-font-size\" style=\"color:#d91111\"> <strong>EDUCACI\u00d3N INTEGRAL DESDE LA INFANCIA HASTA LA ADOLESCENCIA<\/strong><\/p>\n\n\n\n<p class=\"has-text-align-center has-text-color has-medium-font-size\" style=\"color:#3530bf\"><em>Un recorrido educativo integral, con acompa\u00f1amiento pedag\u00f3gico desde el inicio de la trayectoria escolar.<\/em><\/p>\n\n\n\n<div class=\"wp-block-group is-content-justification-center is-nowrap is-layout-flex wp-container-6\">\n<figure class=\"wp-block-image size-full\"><a href=\"https:\/\/buenosaires.gob.ar\/educacion\/estudiantes\/inscripcionescolar\" target=\"_blank\" rel=\"noreferrer noopener\"><img decoding=\"async\" loading=\"lazy\" width=\"223\" height=\"220\" src=\"https:\/\/ens6-caba.infd.edu.ar\/sitio\/wp-content\/uploads\/2025\/11\/web_Cin_inscripcio_inicial-1.gif\" alt=\"\" class=\"wp-image-7364\"\/><\/a><\/figure>\n\n\n\n<figure class=\"wp-block-image size-full\"><a href=\"https:\/\/ens6-caba.infd.edu.ar\/sitio\/nivel-inicial-2\/\"><img decoding=\"async\" loading=\"lazy\" width=\"330\" height=\"220\" src=\"https:\/\/ens6-caba.infd.edu.ar\/sitio\/wp-content\/uploads\/2026\/04\/1-1.png\" alt=\"\" class=\"wp-image-7946\"\/><\/a><\/figure>\n<\/div>\n\n\n\n<div class=\"wp-block-group is-content-justification-center is-nowrap is-layout-flex wp-container-7\">\n<figure class=\"wp-block-image size-full\"><img decoding=\"async\" loading=\"lazy\" width=\"223\" height=\"220\" src=\"https:\/\/ens6-caba.infd.edu.ar\/sitio\/wp-content\/uploads\/2025\/11\/web_Cin_inscripcion_primaria-1.gif\" alt=\"\" class=\"wp-image-7365\"\/><\/figure>\n\n\n\n<figure class=\"wp-block-image size-full\"><a href=\"https:\/\/ens6-caba.infd.edu.ar\/sitio\/nivel-primario-3\/\"><img decoding=\"async\" loading=\"lazy\" width=\"330\" height=\"220\" src=\"https:\/\/ens6-caba.infd.edu.ar\/sitio\/wp-content\/uploads\/2026\/04\/2.png\" alt=\"\" class=\"wp-image-7947\"\/><\/a><\/figure>\n<\/div>\n\n\n\n<div class=\"wp-block-group is-content-justification-center is-nowrap is-layout-flex wp-container-8\">\n<figure class=\"wp-block-image size-full\"><a href=\"https:\/\/buenosaires.gob.ar\/educacion\/estudiantes\/inscripcionescolar\" target=\"_blank\" rel=\"noreferrer noopener\"><img decoding=\"async\" loading=\"lazy\" width=\"223\" height=\"220\" src=\"https:\/\/ens6-caba.infd.edu.ar\/sitio\/wp-content\/uploads\/2025\/11\/web_Cin_inscripcion_secundaria-1.gif\" alt=\"\" class=\"wp-image-7366\"\/><\/a><\/figure>\n\n\n\n<figure class=\"wp-block-image size-full\"><a href=\"https:\/\/ens6-caba.infd.edu.ar\/sitio\/nivel-secundario\/\"><img decoding=\"async\" loading=\"lazy\" width=\"330\" height=\"220\" src=\"https:\/\/ens6-caba.infd.edu.ar\/sitio\/wp-content\/uploads\/2026\/04\/3.png\" alt=\"\" class=\"wp-image-7948\"\/><\/a><\/figure>\n<\/div>\n\n\n\n<hr class=\"wp-block-separator has-text-color has-alpha-channel-opacity has-background is-style-dots\" style=\"background-color:#3530bf;color:#3530bf\"\/>\n\n\n\n<p class=\"has-text-align-center has-text-color has-medium-font-size\" style=\"color:#d91111\"><strong>TU CAMINO EN LA EDUCACI\u00d3N SUPERIOR<\/strong> <strong>NO UNIVERSITARIA<\/strong><\/p>\n\n\n\n<p class=\"has-text-align-center has-text-color has-medium-font-size\" style=\"color:#3530bf\"><em>Carreras orientadas a la formaci\u00f3n docente y t\u00e9cnica profesional para el desarrollo acad\u00e9mico y laboral.<\/em><\/p>\n\n\n\n<div class=\"wp-block-group is-content-justification-center is-nowrap is-layout-flex wp-container-9\">\n<figure class=\"wp-block-image size-full\"><a href=\"https:\/\/guarani-autogestionfdocente.bue.edu.ar\/preinscripcion\/caba\/acceso\" target=\"_blank\" rel=\"noreferrer noopener\"><img decoding=\"async\" loading=\"lazy\" width=\"223\" height=\"220\" src=\"https:\/\/ens6-caba.infd.edu.ar\/sitio\/wp-content\/uploads\/2025\/11\/web_Cin_inscripcion_tecnicaturas-1.gif\" alt=\"\" class=\"wp-image-7368\"\/><\/a><\/figure>\n\n\n\n<figure class=\"wp-block-image size-full\"><a href=\"https:\/\/ens6-caba.infd.edu.ar\/sitio\/tecnicatura-superior-en-produccion-de-indumentaria-2\/\"><img decoding=\"async\" loading=\"lazy\" width=\"330\" height=\"220\" src=\"https:\/\/ens6-caba.infd.edu.ar\/sitio\/wp-content\/uploads\/2026\/04\/4.png\" alt=\"\" class=\"wp-image-7949\"\/><\/a><\/figure>\n<\/div>\n\n\n\n<div class=\"wp-block-group is-content-justification-center is-nowrap is-layout-flex wp-container-10\">\n<figure class=\"wp-block-image size-full\"><a href=\"https:\/\/guarani-autogestionfdocente.bue.edu.ar\/preinscripcion\/caba\/acceso\" target=\"_blank\" rel=\"noreferrer noopener\"><img decoding=\"async\" loading=\"lazy\" width=\"223\" height=\"220\" src=\"https:\/\/ens6-caba.infd.edu.ar\/sitio\/wp-content\/uploads\/2025\/11\/web_Cin_inscripcion_tecnicaturas-1.gif\" alt=\"\" class=\"wp-image-7368\"\/><\/a><\/figure>\n\n\n\n<figure class=\"wp-block-image size-full\"><a href=\"https:\/\/ens6-caba.infd.edu.ar\/sitio\/tecnicatura-superior-en-gastronomia-2\/\"><img decoding=\"async\" loading=\"lazy\" width=\"330\" height=\"220\" src=\"https:\/\/ens6-caba.infd.edu.ar\/sitio\/wp-content\/uploads\/2026\/04\/5.png\" alt=\"\" class=\"wp-image-7950\"\/><\/a><\/figure>\n<\/div>\n\n\n\n<div class=\"wp-block-group is-content-justification-center is-nowrap is-layout-flex wp-container-11\">\n<figure class=\"wp-block-image size-full\"><a href=\"https:\/\/guarani-autogestionfdocente.bue.edu.ar\/preinscripcion\/caba\/\" target=\"_blank\" rel=\"noreferrer noopener\"><img decoding=\"async\" loading=\"lazy\" width=\"223\" height=\"220\" src=\"https:\/\/ens6-caba.infd.edu.ar\/sitio\/wp-content\/uploads\/2025\/11\/web_Cin_inscripcion_profesorados-1.gif\" alt=\"\" class=\"wp-image-7372\"\/><\/a><\/figure>\n\n\n\n<figure class=\"wp-block-image size-full\"><a href=\"https:\/\/ens6-caba.infd.edu.ar\/sitio\/profesorado-de-educacion-incial\/\"><img decoding=\"async\" loading=\"lazy\" width=\"330\" height=\"220\" src=\"https:\/\/ens6-caba.infd.edu.ar\/sitio\/wp-content\/uploads\/2026\/04\/6-1.png\" alt=\"\" class=\"wp-image-7954\"\/><\/a><\/figure>\n<\/div>\n\n\n\n<div class=\"wp-block-group is-content-justification-center is-nowrap is-layout-flex wp-container-12\">\n<figure class=\"wp-block-image size-full\"><a href=\"https:\/\/guarani-autogestionfdocente.bue.edu.ar\/preinscripcion\/caba\/acceso\" target=\"_blank\" rel=\"noreferrer noopener\"><img decoding=\"async\" loading=\"lazy\" width=\"223\" height=\"220\" src=\"https:\/\/ens6-caba.infd.edu.ar\/sitio\/wp-content\/uploads\/2025\/11\/web_Cin_inscripcion_cfp.gif\" alt=\"\" class=\"wp-image-7374\"\/><\/a><\/figure>\n\n\n\n<figure class=\"wp-block-image size-full\"><a href=\"https:\/\/ens6-caba.infd.edu.ar\/sitio\/ciclo-de-formacion-pedagogica-para-profesionales-y-tecnicos-superiores\/\"><img decoding=\"async\" loading=\"lazy\" width=\"330\" height=\"220\" src=\"https:\/\/ens6-caba.infd.edu.ar\/sitio\/wp-content\/uploads\/2026\/04\/7.png\" alt=\"\" class=\"wp-image-7952\"\/><\/a><\/figure>\n<\/div>\n\n\n\n<hr class=\"wp-block-separator has-text-color has-alpha-channel-opacity has-background is-style-dots\" style=\"background-color:#3530bf;color:#3530bf\"\/>\n\n\n\n<div class=\"wp-block-group is-layout-constrained\"><div class=\"wp-block-group__inner-container\">\n<div class=\"wp-block-group is-nowrap is-layout-flex wp-container-13\">\n<p class=\"has-text-align-center has-contrast-color has-text-color has-small-font-size\"><em><strong>Te invitamos a acompa\u00f1arnos, ser parte de nuestra comunidad educativa<\/strong><\/em> <em><strong>y seguir todas nuestras novedades en nuestras redes sociales.<\/strong><\/em><\/p>\n\n\n\n<figure class=\"wp-block-image size-full is-resized\"><a href=\"https:\/\/www.instagram.com\/ens6_vicentelopezyplanes\/\" target=\"_blank\" rel=\"noreferrer noopener\"><img decoding=\"async\" loading=\"lazy\" src=\"https:\/\/ens6-caba.infd.edu.ar\/sitio\/wp-content\/uploads\/2025\/10\/instgram.png\" alt=\"\" class=\"wp-image-6660\" width=\"150\" height=\"154\"\/><\/a><\/figure>\n<\/div>\n<\/div><\/div>\n","protected":false},"excerpt":{"rendered":"<p>Somos una instituci\u00f3n p\u00fablica con una larga trayectoria en la formaci\u00f3n de estudiantes desde el Nivel Inicial hasta el Nivel Superior.Acompa\u00f1amos cada etapa educativa con compromiso, inclusi\u00f3n y una mirada humanista para construir aprendizajes significativos y comunidad. Recorr\u00e9 la escuela en 360\u00b0 &#x1f449; G\u00fcemes 3859 &#8211; CABA ens6@bue.edu.ar Seguinos en EDUCACI\u00d3N INTEGRAL DESDE LA INFANCIA &#8230; <a title=\"Inicio\" class=\"read-more\" href=\"https:\/\/ens6-caba.infd.edu.ar\/sitio\/\" aria-label=\"More on Inicio\">[+]<\/a><\/p>\n","protected":false},"author":1,"featured_media":0,"parent":0,"menu_order":0,"comment_status":"closed","ping_status":"closed","template":"","meta":[],"acf":[],"_links":{"self":[{"href":"https:\/\/ens6-caba.infd.edu.ar\/sitio\/wp-json\/wp\/v2\/pages\/286"}],"collection":[{"href":"https:\/\/ens6-caba.infd.edu.ar\/sitio\/wp-json\/wp\/v2\/pages"}],"about":[{"href":"https:\/\/ens6-caba.infd.edu.ar\/sitio\/wp-json\/wp\/v2\/types\/page"}],"author":[{"embeddable":true,"href":"https:\/\/ens6-caba.infd.edu.ar\/sitio\/wp-json\/wp\/v2\/users\/1"}],"replies":[{"embeddable":true,"href":"https:\/\/ens6-caba.infd.edu.ar\/sitio\/wp-json\/wp\/v2\/comments?post=286"}],"version-history":[{"count":510,"href":"https:\/\/ens6-caba.infd.edu.ar\/sitio\/wp-json\/wp\/v2\/pages\/286\/revisions"}],"predecessor-version":[{"id":7978,"href":"https:\/\/ens6-caba.infd.edu.ar\/sitio\/wp-json\/wp\/v2\/pages\/286\/revisions\/7978"}],"wp:attachment":[{"href":"https:\/\/ens6-caba.infd.edu.ar\/sitio\/wp-json\/wp\/v2\/media?parent=286"}],"curies":[{"name":"wp","href":"https:\/\/api.w.org\/{rel}","templated":true}]}}