{"id":2527,"date":"2020-02-16T13:09:25","date_gmt":"2020-02-16T16:09:25","guid":{"rendered":"https:\/\/ens6-caba.infd.edu.ar\/sitio\/?page_id=2527"},"modified":"2023-04-28T21:59:08","modified_gmt":"2023-04-29T00:59:08","slug":"biblioteca-virtual-tsg","status":"publish","type":"page","link":"https:\/\/ens6-caba.infd.edu.ar\/sitio\/biblioteca-virtual-tsg\/","title":{"rendered":"BIBLIOTECA VIRTUAL TSG"},"content":{"rendered":"<table border=\"10\" width=\"948\" align=\"center\">\n<tbody>\n<tr>\n<td>\n<h1 style=\"text-align: center;\"><strong>Bienvenidos a la<br \/>\n<\/strong><strong>BIBLIOTECA VIRTUAL<\/strong><\/h1>\n<p><img decoding=\"async\" loading=\"lazy\" class=\"aligncenter wp-image-1980\" src=\"https:\/\/ens6-caba.infd.edu.ar\/sitio\/wp-content\/uploads\/2019\/03\/biblio-500x393.jpg\" alt=\"\" width=\"485\" height=\"381\" \/><\/p>\n<hr \/>\n<h1 style=\"text-align: center;\"><strong><span style=\"color: #008000;\">TECNICATURA SUPERIOR EN\u00a0<\/span><\/strong><span style=\"color: #008000;\"><b>GASTRONOM\u00cdA<\/b><\/span><\/h1>\n<ul>\n<li><a href=\"https:\/\/drive.google.com\/file\/d\/1kFhhp6A8wNapwPGwoQqvIFjxqI4BBist\/view?usp=sharing\">Plan de estudios<\/a><\/li>\n<\/ul>\n<\/td>\n<\/tr>\n<tr>\n<td>\n<ul>\n<li><strong>Cat\u00e1logos<\/strong>:<span style=\"color: #0000ff;\">\u00a0<a style=\"color: #0000ff;\" href=\"https:\/\/ens6-caba.infd.edu.ar\/sitio\/wp-content\/uploads\/2020\/02\/Libros-de-Gastronom\u00eda.pdf\" target=\"_blank\" rel=\"noopener\">Libros 2020 \u2013 disponibles en biblioteca<\/a><\/span><\/li>\n<li><strong>Repositorio Digital<\/strong>:\n<ul>\n<li><span style=\"color: #0000ff;\"><a style=\"color: #0000ff;\" href=\"https:\/\/drive.google.com\/file\/d\/0B5a0hofEL2RXaU9FeU00SHE3WUFvOW02elViWXpRRGU0NExZ\/view?usp=sharing\" target=\"_blank\" rel=\"noopener\"><span style=\"color: #0000ff;\">\u00c1reas y Alimentos, Higiene y Conservaci\u00f3n<\/span><\/a><\/span><\/li>\n<li><span style=\"color: #0000ff;\"><a style=\"color: #0000ff;\" href=\"https:\/\/drive.google.com\/file\/d\/1Y9HjMCM_jK7nGzR8mOrN6RsEmoq4QeLi\/view?usp=sharing\">Instructivo Gastron\u00f3mico. GCBA<\/a><\/span><\/li>\n<li><span style=\"color: #0000ff;\"><a style=\"color: #0000ff;\" href=\"https:\/\/drive.google.com\/file\/d\/1cqsV6kOZA5U7oza7w16skJb3Tko6toYm\/view?usp=sharing\">Medicina en la Cocina. Alfaro Txumari<\/a><\/span><\/li>\n<li><span style=\"color: #0000ff;\"><a style=\"color: #0000ff;\" href=\"https:\/\/drive.google.com\/file\/d\/1r29CA0DEkJ9bZUMNzWwAyuAKL4kYwyqs\/view?usp=sharing\" target=\"_blank\" rel=\"noopener\">Pasteler\u00eda. Gross<\/a><\/span><\/li>\n<li><span style=\"color: #0000ff;\"><a style=\"color: #0000ff;\" href=\"https:\/\/drive.google.com\/file\/d\/1K39pTmSqmbBk6C6Ond1NRj190O1eDeUA\/view?usp=sharing\">Cocina \u00c1rabe y Egipcia<\/a><\/span><\/li>\n<li><span style=\"color: #0000ff;\"><a style=\"color: #0000ff;\" href=\"https:\/\/drive.google.com\/drive\/folders\/14Eh2tk5gixL0S_eAUugSyyNasZq-rpku?usp=share_link\" target=\"_blank\" rel=\"noopener\">+ Material Bibliogr\u00e1fico<\/a><\/span><\/li>\n<\/ul>\n<\/li>\n<li><strong>Enlaces de Inter\u00e9s<\/strong>:\n<ul>\n<li><span style=\"color: #0000ff;\"><a style=\"color: #0000ff;\" href=\"https:\/\/www.inti.gob.ar\/capacitaciones\/curso\/444-enfoque-global-de-legislacion-de-alimentos\" target=\"_blank\" rel=\"noopener\">INTI -Cursos de capacitaci\u00f3n<\/a><\/span><\/li>\n<li><span style=\"color: #0000ff;\"><a style=\"color: #0000ff;\" href=\"http:\/\/www.museuxocolata.cat\/museu.php\">Museo del chocolate. Barcelona<\/a><\/span><\/li>\n<li><span style=\"color: #0000ff;\"><a style=\"color: #0000ff;\" href=\"https:\/\/www.raumen.co.jp\/english\/#varieties\">Museo de Ramen<\/a><\/span><\/li>\n<li><span style=\"color: #0000ff;\"><a style=\"color: #0000ff;\" href=\"https:\/\/museos.cultura.pe\/museos\/casa-de-la-gastronom%c3%ada-peruana\">Casa de la Gastronom\u00eda Peruana<\/a><\/span><\/li>\n<li><span style=\"color: #0000ff;\"><a style=\"color: #0000ff;\" href=\"https:\/\/www.elclaustro.edu.mx\/claustronomia\/index.php\/pages\/item\/283-museo-de-la-gastronomia-mexicana-galeria-nuestra-cocina-duque-de-herdez\">Museo de la Gastronom\u00eda Mexicana<\/a><\/span><\/li>\n<\/ul>\n<\/li>\n<li><b>Videoteca:<\/b>\n<ul>\n<li><span style=\"color: #0000ff;\"><a style=\"color: #0000ff;\" href=\"https:\/\/www.youtube.com\/watch?v=FNsIi3lazhg\">La Educaci\u00f3n en Movimiento<\/a>\u00a0\u2013\u00a0Fuente: YouTube<\/span><\/li>\n<li><span style=\"color: #0000ff;\"><a style=\"color: #0000ff;\" href=\"https:\/\/www.youtube.com\/watch?v=nrFRn8ko3Rs\" target=\"_blank\" rel=\"noopener\">Patrimonio Gastron\u00f3mico<\/a><\/span>\u00a0\u2013\u00a0Fuente: YouTube<\/li>\n<\/ul>\n<\/li>\n<\/ul>\n<p style=\"text-align: center;\"><a href=\"https:\/\/ens6-caba.infd.edu.ar\/sitio\/tecnicatura-superior-en-gastronomia\/\"><br \/>\n<\/a><a href=\"https:\/\/ens6-caba.infd.edu.ar\/sitio\/tecnicatura-superior-en-gastronomia\/\" target=\"_blank\" rel=\"noopener\"><img decoding=\"async\" loading=\"lazy\" class=\"alignnone wp-image-1480\" src=\"https:\/\/ens6-caba.infd.edu.ar\/sitio\/wp-content\/uploads\/2018\/10\/home.png\" alt=\"\" width=\"82\" height=\"82\" \/><\/a><span style=\"color: #ffffff;\">&#8212;&#8212;&#8212;&#8212;&#8212;&#8212;&#8212;&#8212;&#8212;&#8212;&#8212;&#8212;&#8212;&#8212;&#8212;&#8212;&#8212;&#8212;&#8212;&#8212;&#8212;&#8212;&#8212;&#8212;&#8212;&#8212;&#8212;&#8212;&#8212;&#8212;&#8212;-<\/span> <a href=\"https:\/\/www.instagram.com\/tsgastronomiaens6\/\" target=\"_blank\" rel=\"noopener\"><img decoding=\"async\" loading=\"lazy\" class=\"alignnone wp-image-1551\" src=\"https:\/\/ens6-caba.infd.edu.ar\/sitio\/wp-content\/uploads\/2018\/10\/logoinsta.png\" alt=\"\" width=\"67\" height=\"67\" \/><\/a><\/p>\n<\/td>\n<\/tr>\n<\/tbody>\n<\/table>\n","protected":false},"excerpt":{"rendered":"<p>Bienvenidos a la BIBLIOTECA VIRTUAL TECNICATURA SUPERIOR EN\u00a0GASTRONOM\u00cdA Plan de estudios Cat\u00e1logos:\u00a0Libros 2020 \u2013 disponibles en biblioteca Repositorio Digital: \u00c1reas y Alimentos, Higiene y Conservaci\u00f3n Instructivo Gastron\u00f3mico. GCBA Medicina en la Cocina. Alfaro Txumari Pasteler\u00eda. Gross Cocina \u00c1rabe y Egipcia + Material Bibliogr\u00e1fico Enlaces de Inter\u00e9s: INTI -Cursos de capacitaci\u00f3n Museo del chocolate. Barcelona Museo &#8230; <a title=\"BIBLIOTECA VIRTUAL TSG\" class=\"read-more\" href=\"https:\/\/ens6-caba.infd.edu.ar\/sitio\/biblioteca-virtual-tsg\/\" aria-label=\"More on BIBLIOTECA VIRTUAL TSG\">[+]<\/a><\/p>\n","protected":false},"author":756,"featured_media":0,"parent":0,"menu_order":0,"comment_status":"closed","ping_status":"closed","template":"","meta":[],"acf":[],"_links":{"self":[{"href":"https:\/\/ens6-caba.infd.edu.ar\/sitio\/wp-json\/wp\/v2\/pages\/2527"}],"collection":[{"href":"https:\/\/ens6-caba.infd.edu.ar\/sitio\/wp-json\/wp\/v2\/pages"}],"about":[{"href":"https:\/\/ens6-caba.infd.edu.ar\/sitio\/wp-json\/wp\/v2\/types\/page"}],"author":[{"embeddable":true,"href":"https:\/\/ens6-caba.infd.edu.ar\/sitio\/wp-json\/wp\/v2\/users\/756"}],"replies":[{"embeddable":true,"href":"https:\/\/ens6-caba.infd.edu.ar\/sitio\/wp-json\/wp\/v2\/comments?post=2527"}],"version-history":[{"count":60,"href":"https:\/\/ens6-caba.infd.edu.ar\/sitio\/wp-json\/wp\/v2\/pages\/2527\/revisions"}],"predecessor-version":[{"id":4899,"href":"https:\/\/ens6-caba.infd.edu.ar\/sitio\/wp-json\/wp\/v2\/pages\/2527\/revisions\/4899"}],"wp:attachment":[{"href":"https:\/\/ens6-caba.infd.edu.ar\/sitio\/wp-json\/wp\/v2\/media?parent=2527"}],"curies":[{"name":"wp","href":"https:\/\/api.w.org\/{rel}","templated":true}]}}