{"id":2312,"date":"2019-10-22T15:12:25","date_gmt":"2019-10-22T18:12:25","guid":{"rendered":"https:\/\/ens6-caba.infd.edu.ar\/sitio\/?page_id=2312"},"modified":"2019-10-22T15:30:37","modified_gmt":"2019-10-22T18:30:37","slug":"capacitacion-cruz-roja-2019","status":"publish","type":"page","link":"https:\/\/ens6-caba.infd.edu.ar\/sitio\/capacitacion-cruz-roja-2019\/","title":{"rendered":"CAPACITACI\u00d3N CRUZ ROJA ARGENTINA- 2019"},"content":{"rendered":"<p>CAPACITACI\u00d3N CRUZ ROJA ARGENTINA FILIAL SAAVEDRA<\/p>\n<p>D\u00cdA: 3\/10\/2019<\/p>\n<p>ESTUDIANTES TURNO VESPERTINO<\/p>\n<p>TEMARIO:<\/p>\n<p>&#8211; Accionar general<\/p>\n<p>&#8211; Heridas y Hemorragias<\/p>\n<p>&#8211; Quemaduras<\/p>\n<p>&#8211; RCP (te\u00f3rico y pr\u00e1ctico)<\/p>\n<p>&#8211; Maniobra de desobstrucci\u00f3n de v\u00edas a\u00e9reas<\/p>\n<!-- MetaSlider 2321 not found -->\n","protected":false},"excerpt":{"rendered":"<p>CAPACITACI\u00d3N CRUZ ROJA ARGENTINA FILIAL SAAVEDRA D\u00cdA: 3\/10\/2019 ESTUDIANTES TURNO VESPERTINO TEMARIO: &#8211; Accionar general &#8211; Heridas y Hemorragias &#8211; Quemaduras &#8211; RCP (te\u00f3rico y pr\u00e1ctico) &#8211; Maniobra de desobstrucci\u00f3n de v\u00edas a\u00e9reas<\/p>\n","protected":false},"author":663,"featured_media":0,"parent":0,"menu_order":0,"comment_status":"closed","ping_status":"closed","template":"","meta":[],"acf":[],"_links":{"self":[{"href":"https:\/\/ens6-caba.infd.edu.ar\/sitio\/wp-json\/wp\/v2\/pages\/2312"}],"collection":[{"href":"https:\/\/ens6-caba.infd.edu.ar\/sitio\/wp-json\/wp\/v2\/pages"}],"about":[{"href":"https:\/\/ens6-caba.infd.edu.ar\/sitio\/wp-json\/wp\/v2\/types\/page"}],"author":[{"embeddable":true,"href":"https:\/\/ens6-caba.infd.edu.ar\/sitio\/wp-json\/wp\/v2\/users\/663"}],"replies":[{"embeddable":true,"href":"https:\/\/ens6-caba.infd.edu.ar\/sitio\/wp-json\/wp\/v2\/comments?post=2312"}],"version-history":[{"count":4,"href":"https:\/\/ens6-caba.infd.edu.ar\/sitio\/wp-json\/wp\/v2\/pages\/2312\/revisions"}],"predecessor-version":[{"id":2348,"href":"https:\/\/ens6-caba.infd.edu.ar\/sitio\/wp-json\/wp\/v2\/pages\/2312\/revisions\/2348"}],"wp:attachment":[{"href":"https:\/\/ens6-caba.infd.edu.ar\/sitio\/wp-json\/wp\/v2\/media?parent=2312"}],"curies":[{"name":"wp","href":"https:\/\/api.w.org\/{rel}","templated":true}]}}