{"id":2190,"date":"2019-08-10T19:42:00","date_gmt":"2019-08-10T22:42:00","guid":{"rendered":"https:\/\/ens6-caba.infd.edu.ar\/sitio\/?page_id=2190"},"modified":"2019-08-29T21:30:56","modified_gmt":"2019-08-30T00:30:56","slug":"armando-tramas-vii","status":"publish","type":"page","link":"https:\/\/ens6-caba.infd.edu.ar\/sitio\/armando-tramas-vii\/","title":{"rendered":"Armando Tramas VII"},"content":{"rendered":"<p>En el marco de la\u00a0<strong>Diplomatura Docente de Nivel Superior en Inclusi\u00f3n Educativa<\/strong>, la Rector\u00eda de\u00a0la ENS N\u00b06 y\u00a0la Coordinaci\u00f3n\u00a0de la Diplomatura Superior tienen el agrado de invitar a supervisores, equipos directivos, docentes profesores, profesionales y estudiantes de los profesorados al\u00a0<em>S\u00e9ptimo encuentro<\/em>\u00a0<em>Armando Tramas<\/em>\u00a0el pr\u00f3ximo 27 de septiembre a las 17:30 hs. en el sal\u00f3n de actos de nuestra escuela.<\/p>\n<p>Nuestra instituci\u00f3n, desde la Especializaci\u00f3n y Diplomatura viene proponiendo una serie de encuentros imbricados en el Proyecto Institucional en el que se abordan cr\u00edticamente temas y problemas vinculados con la educaci\u00f3n inclusiva. En los anteriores se profundiz\u00f3 sobre los sentidos de la inclusi\u00f3n, el poder del diagn\u00f3stico y la necesidad de construir un saber pedag\u00f3gico para pensar la inclusi\u00f3n educativa, la convivencia, el derecho a la educaci\u00f3n inclusiva, as\u00ed como las relaciones entre las pol\u00edticas y las pr\u00e1cticas.<\/p>\n<p>En esta oportunidad, y siguiendo algunos vectores planteados en encuentros anteriores, se abordar\u00e1n reflexiones acerca de formaci\u00f3n de educadores para la inclusi\u00f3n educativa y las tensiones que se producen entre formaci\u00f3n inicial e inclusi\u00f3n educativa, donde los educadores tienen un rol central. Reflexionaremos sobre la educaci\u00f3n necesaria, ya que sostenemos que no hay educaci\u00f3n posible que no sea inclusiva. Por ello tambi\u00e9n presentaremos -como siempre- narrativas de cursantes que finalizaron nuestra cuarta cohorte de la Especializaci\u00f3n Superior en Inclusi\u00f3n Educativa y contaremos con la presencia del Dr. Carlos Skliar para pensar juntos sobre la formaci\u00f3n de educadores y la inclusi\u00f3n.<\/p>\n<p>&nbsp;<\/p>\n<p>Programa Armando Tramas VII<\/p>\n<p>&nbsp;<\/p>\n<p>17:30 hs. &#8211; Recepci\u00f3n y acreditaci\u00f3n Jornada \u201cFormaci\u00f3n de educadores para la inclusi\u00f3n educativa\u201d.<\/p>\n<p>18:00 hs. &#8211; Bienvenida a cargo de autoridades de la Escuela Normal 6<\/p>\n<p>18:10 hs. &#8211;<strong>\u00a0Narrativas de docentes que participan en la construcci\u00f3n de la educaci\u00f3n inclusiva. Trabajos de investigaci\u00f3n<\/strong>\u00a0de docentes de la Especializaci\u00f3n Superior Docente en Inclusi\u00f3n educativa. Presenta y coordina la Mgter. Mar\u00eda Jos\u00e9 N\u00e9spolo<\/p>\n<p>19:00 hs. \u2013 Conferencia Central a cargo del\u00a0<strong>Dr. Carlos Skliar<\/strong>:\u00a0<strong>Formaci\u00f3n de educadores para la inclusi\u00f3n educativa<\/strong><\/p>\n<p>20:00 hs. \u2013 Corte caf\u00e9<\/p>\n<p>20.10 hs.- Presentaci\u00f3n del Libro \u201cFormaci\u00f3n de educadores para la inclusi\u00f3n educativa\u201d- Lugar Editorial. Compiladoras y autoras Mgter. Vanesa Casal y Mgter. Mar\u00eda Jos\u00e9 N\u00e9spolo. Recoge a trav\u00e9s de relatos, experiencias pedag\u00f3gicas de Especialistas en Inclusi\u00f3n Educativa de las cuatro cohortes de nuestra Instituci\u00f3n.<\/p>\n<p>21:00 hs &#8211; Cierre de la Jornada a cargo de la Rectora Lic. Lidia Roccella<\/p>\n<p>&nbsp;<\/p>\n<p><strong>ENTRADA LIBRE y GRATUITA. Se entregan certificados de asistencia<\/strong><\/p>\n<p><strong>INCRIPCIONES\u00a0<\/strong><a href=\"https:\/\/goo.gl\/forms\/KBcZXicQjlnusdl02\"><strong>AQU\u00cd<\/strong><\/a><strong>\u00a0<\/strong><a href=\"https:\/\/goo.gl\/forms\/KBcZXicQjlnusdl02\"><strong>https:\/\/goo.gl\/forms\/KBcZXicQjlnusdl02<\/strong><\/a><\/p>\n<p>&nbsp;<\/p>\n<p><img decoding=\"async\" loading=\"lazy\" class=\"aligncenter size-medium wp-image-2217\" src=\"https:\/\/ens6-caba.infd.edu.ar\/sitio\/wp-content\/uploads\/2019\/08\/WhatsApp-Image-2019-08-29-at-07.53.03-1000x900.jpeg\" alt=\"\" width=\"1000\" height=\"900\" srcset=\"https:\/\/ens6-caba.infd.edu.ar\/sitio\/wp-content\/uploads\/2019\/08\/WhatsApp-Image-2019-08-29-at-07.53.03-1000x900.jpeg 1000w, https:\/\/ens6-caba.infd.edu.ar\/sitio\/wp-content\/uploads\/2019\/08\/WhatsApp-Image-2019-08-29-at-07.53.03-768x691.jpeg 768w, https:\/\/ens6-caba.infd.edu.ar\/sitio\/wp-content\/uploads\/2019\/08\/WhatsApp-Image-2019-08-29-at-07.53.03.jpeg 1116w\" sizes=\"(max-width: 1000px) 100vw, 1000px\" \/><\/p>\n","protected":false},"excerpt":{"rendered":"<p>En el marco de la\u00a0Diplomatura Docente de Nivel Superior en Inclusi\u00f3n Educativa, la Rector\u00eda de\u00a0la ENS N\u00b06 y\u00a0la Coordinaci\u00f3n\u00a0de la Diplomatura Superior tienen el agrado de invitar a supervisores, equipos directivos, docentes profesores, profesionales y estudiantes de los profesorados al\u00a0S\u00e9ptimo encuentro\u00a0Armando Tramas\u00a0el pr\u00f3ximo 27 de septiembre a las 17:30 hs. en el sal\u00f3n de actos &#8230; <a title=\"Armando Tramas VII\" class=\"read-more\" href=\"https:\/\/ens6-caba.infd.edu.ar\/sitio\/armando-tramas-vii\/\" aria-label=\"More on Armando Tramas VII\">[+]<\/a><\/p>\n","protected":false},"author":663,"featured_media":0,"parent":0,"menu_order":0,"comment_status":"closed","ping_status":"closed","template":"","meta":[],"acf":[],"_links":{"self":[{"href":"https:\/\/ens6-caba.infd.edu.ar\/sitio\/wp-json\/wp\/v2\/pages\/2190"}],"collection":[{"href":"https:\/\/ens6-caba.infd.edu.ar\/sitio\/wp-json\/wp\/v2\/pages"}],"about":[{"href":"https:\/\/ens6-caba.infd.edu.ar\/sitio\/wp-json\/wp\/v2\/types\/page"}],"author":[{"embeddable":true,"href":"https:\/\/ens6-caba.infd.edu.ar\/sitio\/wp-json\/wp\/v2\/users\/663"}],"replies":[{"embeddable":true,"href":"https:\/\/ens6-caba.infd.edu.ar\/sitio\/wp-json\/wp\/v2\/comments?post=2190"}],"version-history":[{"count":3,"href":"https:\/\/ens6-caba.infd.edu.ar\/sitio\/wp-json\/wp\/v2\/pages\/2190\/revisions"}],"predecessor-version":[{"id":2219,"href":"https:\/\/ens6-caba.infd.edu.ar\/sitio\/wp-json\/wp\/v2\/pages\/2190\/revisions\/2219"}],"wp:attachment":[{"href":"https:\/\/ens6-caba.infd.edu.ar\/sitio\/wp-json\/wp\/v2\/media?parent=2190"}],"curies":[{"name":"wp","href":"https:\/\/api.w.org\/{rel}","templated":true}]}}