{"id":1872,"date":"2019-02-18T13:48:14","date_gmt":"2019-02-18T16:48:14","guid":{"rendered":"https:\/\/ens6-caba.infd.edu.ar\/sitio\/?page_id=1872"},"modified":"2026-04-09T13:56:53","modified_gmt":"2026-04-09T16:56:53","slug":"nivel-secundario","status":"publish","type":"page","link":"https:\/\/ens6-caba.infd.edu.ar\/sitio\/nivel-secundario\/","title":{"rendered":"Nivel Secundario"},"content":{"rendered":"<h4>Autoridades del Nivel Secundario:<\/h4>\n<ul>\n<li><em><em><em>Directora: <\/em><\/em><\/em>\n<ul>\n<li><em><em><em>Irene Scheiner<\/em><\/em><\/em><\/li>\n<\/ul>\n<\/li>\n<li><em><em><em>Vicedirectora: <\/em><\/em><\/em>\n<ul>\n<li><em><em><em>Mar\u00eda Cristina Romero Lamas<\/em><\/em><\/em><\/li>\n<\/ul>\n<\/li>\n<\/ul>\n<h2><span style=\"font-size: 16px;\">ORIENTACIONES&nbsp;<\/span><span style=\"font-size: 16px; line-height: 1.5;\">(RES. 321\/15 MEGC)<\/span><\/h2>\n<ul>\n<li>Bachiller en Educaci\u00f3n<\/li>\n<li>Bachiller en Ciencias Naturales<\/li>\n<li>Bachiller en Comunicaci\u00f3n<\/li>\n<li>Bachiller en Matem\u00e1tica y F\u00edsica<\/li>\n<\/ul>\n<p><strong>Horario del Nivel<\/strong><\/p>\n<p>7.45 a 13.40<\/p>\n<h2>Secundaria del Futuro<\/h2>\n<p>La Secundaria del Futuro es la profundizaci\u00f3n de la Nueva Escuela Secundaria (NES) que propicia innovaciones en las modalidades de ense\u00f1anza. esta escuela secundaria fortalece el aprendizaje aut\u00f3nomo, el pensamiento cr\u00edtico, el trabajo en equipo y el desarrollo de las habilidades para el siglo XXI.<\/p>\n<p>Retomando el di\u00e1logo que cada comunidad educativa viene sosteniendo en el marco de la Secundaria del Futuro, recordamos que los\/las estudiantes se van a a encontrar con docentes que trabajan juntos en el aula para desarrollar proyectos que integran las diferentes materias, las cuales se organizan en tres \u00e1reas de conoci<\/p>\n<p>miento, manteniendo los contenidos y la especificidad de cada una.<\/p>\n<p>Para este trabajo articulado y participativo, las aulas fueron organizadas y equipadas con recursos que promueven los aprendizajes aut\u00f3nomos y colaborativos. Cuentan con nuevo mobiliario, equipamiento tecnol\u00f3gico y espacios digitales acordes al proyecto de innovaci\u00f3n.<\/p>\n<p>Cada estudiante, comienza a transitar su escuela secundaria con el Trayecto de Articulaci\u00f3n, a trav\u00e9s del cual docentes y tutores van a acompa\u00f1ar su aprendizaje desde la etapa inicial. El equipo tutorial har\u00e1 el seguimiento de manera personalizada durante todo el a\u00f1o, tanto en los aprendizajes acad\u00e9micos como en la convivencia con los dem\u00e1s.<\/p>\n<p>Respecto del a\u00f1o escolar, este se organiza en dos cuatrimestres. Cada familia recibir\u00e1 un informe de manera bimestral para que conozca el desarrollo de los aprendizajes de los\/las j\u00f3venes y la interacci\u00f3n con sus compa\u00f1eros\/as y docentes. Tanto los conocimientos como las aptitudes desarrolladas por cada estudiante ser\u00e1n valorados de manera continua.<\/p>\n<p>La educaci\u00f3n es un desaf\u00edo y una responsabilidad de todos\/as, por eso los\/las convocamos para acompa\u00f1ar juntos a cada estudiante en esta nueva etapa.<\/p>\n<p>EPA<\/p>\n<p>Este per\u00edodo de articulaci\u00f3n entre la Primaria y la Secundaria, se realizar\u00e1 del 18 al 27 de febrero de 2019, en el horario de lunes a viernes de 8:15 a 11:45.<\/p>\n<p>Estar\u00e1 focalizado en tres \u00e1reas:<\/p>\n<ul>\n<li>Matem\u00e1tica<\/li>\n<li>Lengua<\/li>\n<li>Investigaci\u00f3n (comprensi\u00f3n lectora y t\u00e9cnicas de estudio)<\/li>\n<\/ul>\n<p><img decoding=\"async\" loading=\"lazy\" class=\"wp-image-3881 aligncenter\" src=\"https:\/\/ens6-caba.infd.edu.ar\/sitio\/wp-content\/uploads\/2022\/02\/Pagina-29-Educacion-Fisica.jpg\" alt=\"\" width=\"265\" height=\"237\"><\/p>\n","protected":false},"excerpt":{"rendered":"<p>Autoridades del Nivel Secundario: Directora: Irene Scheiner Vicedirectora: Mar\u00eda Cristina Romero Lamas ORIENTACIONES&nbsp;(RES. 321\/15 MEGC) Bachiller en Educaci\u00f3n Bachiller en Ciencias Naturales Bachiller en Comunicaci\u00f3n Bachiller en Matem\u00e1tica y F\u00edsica Horario del Nivel 7.45 a 13.40 Secundaria del Futuro La Secundaria del Futuro es la profundizaci\u00f3n de la Nueva Escuela Secundaria (NES) que propicia innovaciones &#8230; <a title=\"Nivel Secundario\" class=\"read-more\" href=\"https:\/\/ens6-caba.infd.edu.ar\/sitio\/nivel-secundario\/\" aria-label=\"More on Nivel Secundario\">[+]<\/a><\/p>\n","protected":false},"author":571,"featured_media":0,"parent":0,"menu_order":0,"comment_status":"closed","ping_status":"closed","template":"","meta":[],"acf":[],"_links":{"self":[{"href":"https:\/\/ens6-caba.infd.edu.ar\/sitio\/wp-json\/wp\/v2\/pages\/1872"}],"collection":[{"href":"https:\/\/ens6-caba.infd.edu.ar\/sitio\/wp-json\/wp\/v2\/pages"}],"about":[{"href":"https:\/\/ens6-caba.infd.edu.ar\/sitio\/wp-json\/wp\/v2\/types\/page"}],"author":[{"embeddable":true,"href":"https:\/\/ens6-caba.infd.edu.ar\/sitio\/wp-json\/wp\/v2\/users\/571"}],"replies":[{"embeddable":true,"href":"https:\/\/ens6-caba.infd.edu.ar\/sitio\/wp-json\/wp\/v2\/comments?post=1872"}],"version-history":[{"count":15,"href":"https:\/\/ens6-caba.infd.edu.ar\/sitio\/wp-json\/wp\/v2\/pages\/1872\/revisions"}],"predecessor-version":[{"id":7967,"href":"https:\/\/ens6-caba.infd.edu.ar\/sitio\/wp-json\/wp\/v2\/pages\/1872\/revisions\/7967"}],"wp:attachment":[{"href":"https:\/\/ens6-caba.infd.edu.ar\/sitio\/wp-json\/wp\/v2\/media?parent=1872"}],"curies":[{"name":"wp","href":"https:\/\/api.w.org\/{rel}","templated":true}]}}