{"id":1408,"date":"2018-10-06T00:14:48","date_gmt":"2018-10-06T03:14:48","guid":{"rendered":"https:\/\/ens6-caba.infd.edu.ar\/sitio\/?page_id=1408"},"modified":"2024-08-23T18:59:38","modified_gmt":"2024-08-23T21:59:38","slug":"informacion-administrativa-2","status":"publish","type":"page","link":"https:\/\/ens6-caba.infd.edu.ar\/sitio\/informacion-administrativa-2\/","title":{"rendered":"INFORMACI\u00d3N ADMINISTRATIVA"},"content":{"rendered":"<div id=\"page\" class=\"hfeed site grid-container container grid-parent\">\n<div id=\"content\" class=\"site-content\">\n<div id=\"primary\" class=\"content-area grid-parent mobile-grid-100 grid-100 tablet-grid-100\">\n<article id=\"post-1157\" class=\"post-1157 page type-page status-publish\">\n<div class=\"inside-article\">\n<div class=\"entry-content\">\n<table style=\"height: 1222px;\" border=\"10\" width=\"1049\" align=\"center\">\n<tbody>\n<tr>\n<td><img decoding=\"async\" loading=\"lazy\" class=\"wp-image-3746 aligncenter\" src=\"https:\/\/ens6-caba.infd.edu.ar\/sitio\/wp-content\/uploads\/2021\/10\/Recurso-4.png\" alt=\"\" width=\"100\" height=\"151\" \/><\/p>\n<p style=\"text-align: center;\"><strong>ASPECTOS ORGANIZATIVOS y HORARIOS DE\u00a0<\/strong><b>ATENCI\u00d3N<\/b><\/p>\n<ul>\n<li>Regencia T\u00e9cnica de Nivel Terciario: <strong>Prof.<\/strong>\u00a0<strong>Horacio Criado<\/strong><\/li>\n<li>Jefatura de Carrera: <strong>Prof. Ana Sosa<\/strong><\/li>\n<li>Bedel\u00eda Turno Ma\u00f1ana:\u00a0 <strong>Celeste Adrogue Benas <\/strong>(de 8\u00a0a 12 hs.)<\/li>\n<li>Bedel\u00eda Turno Vespertino: <strong>Cinthia Bordon<\/strong>\u00a0(de 18 a 22 hs.)<\/li>\n<li>Biblioteca: de 8\u00a0 a 22 hs<\/li>\n<li>Tutor\u00eda: Prof. <strong>Prof. Mar\u00eda Rosa Fern\u00e1ndez Alfaya<\/strong><\/li>\n<li>Coordinaci\u00f3n de Pr\u00e1cticas Profesionalizantes: <strong>Prof. Valeria Serena<\/strong> &#8211; <strong>Prof. Rosa Frau<\/strong><\/li>\n<\/ul>\n<p style=\"text-align: center;\">Por consultas comunicarse al siguiente correo:\u00a0<a href=\"mailto:bedelia.tspi.ens6@gmail.com\">bedelia.tspi.ens6@gmail.com<\/a><\/p>\n<\/td>\n<\/tr>\n<tr>\n<td>\n<p style=\"text-align: center;\"><strong>ES DE SUMA IMPORTANCIA, CONSULTAR DIARIAMENTE LA CARTELERA\u00a0<\/strong><\/p>\n<p style=\"text-align: center;\">La misma se encuentra en el 2\u00ba piso de la Escuela y all\u00ed est\u00e1 exhibida toda\u00a0 la\u00a0 informaci\u00f3n referente a la carrera:<strong>\u00a0 \u00a0 \u00a0 \u00a0<\/strong><\/p>\n<ul>\n<li><span style=\"font-family: inherit; font-size: inherit;\">Calendario acad\u00e9mico con fechas de inicio y fin de cuatrimestre.<\/span><\/li>\n<li>Horarios de clase.<\/li>\n<li><span style=\"font-family: inherit; font-size: inherit;\">Fechas de inscripci\u00f3n a materias.<\/span><\/li>\n<li><span style=\"font-family: inherit; font-size: inherit;\">Fechas de ex\u00e1menes finales.<\/span><\/li>\n<li>Promoci\u00f3n de Cursos Extracurriculares<\/li>\n<\/ul>\n<\/td>\n<\/tr>\n<tr>\n<td>\n<h5 style=\"text-align: center;\">GESTI\u00d3N de la INFORMACI\u00d3N (Registraci\u00f3n y Grupos)<\/h5>\n<p style=\"text-align: center;\">Si sos Docente, Egresado o Alumno de nuestra TECNICATURA, te invitamos a que te registres en nuestra base de datos para mantenerte informado sobre las novedades de nuestra carrera.<\/p>\n<p style=\"text-align: center;\"><img decoding=\"async\" loading=\"lazy\" class=\"alignnone wp-image-1389\" src=\"https:\/\/ens6-caba.infd.edu.ar\/sitio\/wp-content\/uploads\/2018\/09\/inscripcion.png\" alt=\"\" width=\"25\" height=\"29\" \/>\u00a0\u00a0<strong><a href=\"https:\/\/docs.google.com\/forms\/d\/e\/1FAIpQLSeaihPqUv_ImlsMTujXZYN-fvck-fEdXH5NnhqSgvxduEr4Ng\/viewform\">Base de datos TSPI<\/a><\/strong><\/p>\n<p style=\"text-align: center;\"><img decoding=\"async\" loading=\"lazy\" class=\"alignnone wp-image-1429\" style=\"font-family: inherit; font-size: inherit;\" src=\"https:\/\/ens6-caba.infd.edu.ar\/sitio\/wp-content\/uploads\/2018\/10\/mail.png\" alt=\"\" width=\"20\" height=\"20\" \/><\/p>\n<p><a href=\"https:\/\/www.instagram.com\/tspi_ens6?igshid=MzRIODBiNWFIZA==\" target=\"_blank\" rel=\"noopener\"><img decoding=\"async\" loading=\"lazy\" class=\"alignright wp-image-1551\" src=\"https:\/\/ens6-caba.infd.edu.ar\/sitio\/wp-content\/uploads\/2018\/10\/logoinsta.png\" alt=\"\" width=\"40\" height=\"40\" \/><\/a><a title=\"TSPI Sitio Oficial\" href=\"https:\/\/www.facebook.com\/Tecnicatura-Superior-en-Producci%C3%B3n-de-Indumentaria-SITIO-Oficial-259450014206645\/?hc_ref=ARS5yciMQhsmKK_zvrpI0ifJJVDS3iRkpegzIXuUe_jvgkONRPSW9UC80FKn7-uVzyY&amp;fref=nf\" target=\"_blank\" rel=\"noopener\"><img decoding=\"async\" loading=\"lazy\" class=\"alignleft\" src=\"https:\/\/ens6-caba.infd.edu.ar\/sitio\/wp-content\/uploads\/2018\/08\/loguito.jpg\" alt=\"\" width=\"56\" height=\"56\" border=\"0\" \/><\/a><a href=\"https:\/\/ens6-caba.infd.edu.ar\/sitio\/\"><img decoding=\"async\" loading=\"lazy\" class=\"aligncenter wp-image-1480\" src=\"https:\/\/ens6-caba.infd.edu.ar\/sitio\/wp-content\/uploads\/2018\/10\/home.png\" alt=\"\" width=\"60\" height=\"60\" \/><\/a><\/td>\n<\/tr>\n<\/tbody>\n<\/table>\n<\/div>\n<\/div>\n<\/article>\n<\/div>\n<\/div>\n<\/div>\n<div class=\"site-footer \">\n<div class=\"infd_logos\"><\/div>\n<\/div>\n","protected":false},"excerpt":{"rendered":"<p>ASPECTOS ORGANIZATIVOS y HORARIOS DE\u00a0ATENCI\u00d3N Regencia T\u00e9cnica de Nivel Terciario: Prof.\u00a0Horacio Criado Jefatura de Carrera: Prof. Ana Sosa Bedel\u00eda Turno Ma\u00f1ana:\u00a0 Celeste Adrogue Benas (de 8\u00a0a 12 hs.) Bedel\u00eda Turno Vespertino: Cinthia Bordon\u00a0(de 18 a 22 hs.) Biblioteca: de 8\u00a0 a 22 hs Tutor\u00eda: Prof. Prof. Mar\u00eda Rosa Fern\u00e1ndez Alfaya Coordinaci\u00f3n de Pr\u00e1cticas Profesionalizantes: Prof. &#8230; <a title=\"INFORMACI\u00d3N ADMINISTRATIVA\" class=\"read-more\" href=\"https:\/\/ens6-caba.infd.edu.ar\/sitio\/informacion-administrativa-2\/\" aria-label=\"More on INFORMACI\u00d3N ADMINISTRATIVA\">[+]<\/a><\/p>\n","protected":false},"author":756,"featured_media":0,"parent":0,"menu_order":0,"comment_status":"closed","ping_status":"closed","template":"","meta":[],"acf":[],"_links":{"self":[{"href":"https:\/\/ens6-caba.infd.edu.ar\/sitio\/wp-json\/wp\/v2\/pages\/1408"}],"collection":[{"href":"https:\/\/ens6-caba.infd.edu.ar\/sitio\/wp-json\/wp\/v2\/pages"}],"about":[{"href":"https:\/\/ens6-caba.infd.edu.ar\/sitio\/wp-json\/wp\/v2\/types\/page"}],"author":[{"embeddable":true,"href":"https:\/\/ens6-caba.infd.edu.ar\/sitio\/wp-json\/wp\/v2\/users\/756"}],"replies":[{"embeddable":true,"href":"https:\/\/ens6-caba.infd.edu.ar\/sitio\/wp-json\/wp\/v2\/comments?post=1408"}],"version-history":[{"count":42,"href":"https:\/\/ens6-caba.infd.edu.ar\/sitio\/wp-json\/wp\/v2\/pages\/1408\/revisions"}],"predecessor-version":[{"id":5876,"href":"https:\/\/ens6-caba.infd.edu.ar\/sitio\/wp-json\/wp\/v2\/pages\/1408\/revisions\/5876"}],"wp:attachment":[{"href":"https:\/\/ens6-caba.infd.edu.ar\/sitio\/wp-json\/wp\/v2\/media?parent=1408"}],"curies":[{"name":"wp","href":"https:\/\/api.w.org\/{rel}","templated":true}]}}