{"id":1247,"date":"2018-08-29T14:45:38","date_gmt":"2018-08-29T17:45:38","guid":{"rendered":"https:\/\/ens6-caba.infd.edu.ar\/sitio\/regimen-academico\/"},"modified":"2021-06-30T20:02:42","modified_gmt":"2021-06-30T23:02:42","slug":"regimen-academico","status":"publish","type":"page","link":"https:\/\/ens6-caba.infd.edu.ar\/sitio\/regimen-academico\/","title":{"rendered":"R\u00e9gimen Acad\u00e9mico"},"content":{"rendered":"<h3 class=\"post-title entry-title\"><a href=\"https:\/\/normal6.blogspot.com\/2015\/03\/reglamento-academico-institucional.html\">R\u00e9gimen Acad\u00e9mico Institucional<\/a><\/h3>\n<div id=\"post-body-3906437298396439825\" class=\"post-body entry-content\">\n<p class=\"Default\">La evaluaci\u00f3n en cada instancia curricular se realizar\u00e1 por:<\/p>\n<div class=\"Default\"><strong><em><span lang=\"ES\">Promoci\u00f3n directa<\/span><\/em><\/strong><\/div>\n<p class=\"Default\"><span lang=\"ES\">La promoci\u00f3n directa implica aprobar la asignatura cumpliendo por lo menos dos instancias de evaluaci\u00f3n por cuatrimestre. Deber\u00e1n aprobar los trabajos pr\u00e1cticos y\/o ex\u00e1menes parciales integradores, individual, presencial y escrito (aunque sea una de ellos), seg\u00fan determine la c\u00e1tedra, <strong>con una calificaci\u00f3n igual o superior a <em>7 (siete)<\/em>puntos en cada una<\/strong>, adem\u00e1s de alcanzar la <strong>condici\u00f3n de alumno regular prevista<\/strong>. Se excluye de la promoci\u00f3n directa, a quienes estuvieran ausentes en algunas de las instancias de evaluaci\u00f3n o no hayan alcanzado la calificaci\u00f3n aprobatoria (igual o superior a <em>7.- siete <\/em>puntos).<\/span><\/p>\n<div class=\"Default\"><strong><em><span lang=\"ES\">Promoci\u00f3n con examen final<\/span><\/em><\/strong><\/div>\n<p class=\"Default\"><span lang=\"ES\">Se dar\u00e1 examen final, en el caso que el estudiante <strong>no logre promocionar<\/strong>. En tal caso deber\u00e1 rendir un examen final (escrito\/pr\u00e1ctico y\/u oral) obligatorio, adem\u00e1s de alcanzar la condici\u00f3n de alumno regular prevista en cada caso. El examen final <strong>se aprobar\u00e1 con 4 (cuatro) puntos<\/strong>. Las instancias de evaluaci\u00f3n parcial de la cursada, deber\u00e1n ser aprobadas con 4 (cuatro) puntos, caso contrario recursar\u00e1.<\/span><\/p>\n<div class=\"Default\"><strong><em><span lang=\"ES\">Condici\u00f3n de alumno libre:<\/span><\/em><\/strong><\/div>\n<p class=\"Default\"><span lang=\"ES\">Revestir\u00e1 la condici\u00f3n de alumno libre:<\/span><\/p>\n<p class=\"Default\"><span lang=\"ES\">a)\u00a0\u00a0\u00a0\u00a0\u00a0\u00a0 <\/span><span lang=\"ES\">todo alumno que habi\u00e9ndose inscripto como regular en una asignatura por razones de enfermedad, justificadas ante instancias p\u00fablicas de control, traslado por razones laborales u otras causales consideradas por el profesor como inobjetables para tal fin y debidamente comunicadas al Rectorado<\/span><\/p>\n<p class=\"Default\"><span lang=\"ES\">b)\u00a0\u00a0\u00a0\u00a0\u00a0\u00a0 <\/span><span lang=\"ES\">Todo alumno a quien se le venciese los a\u00f1os de validez de la cursada de la asignatura. En este caso la condici\u00f3n de libre que adquiere, le permitir\u00e1 un llamado m\u00e1s consecutivo al que los transform\u00f3 en libre.<\/span><\/p>\n<p class=\"Default\"><span lang=\"ES\">c)\u00a0\u00a0\u00a0\u00a0\u00a0\u00a0 <\/span><span lang=\"ES\">Y todo aquel que quiera inscribirse en esa condici\u00f3n. El examen que el alumno rinda en condici\u00f3n de libre contemplar\u00e1 una instancia escrita\/pr\u00e1ctica y una instancia oral que deber\u00e1n aprobar con <em>4 (cuatro) <\/em>puntos en cada una de ellas.<\/span><\/p>\n<div class=\"Default\"><strong><em><span lang=\"ES\">Modalidad de cursada Presencial:<\/span><\/em><\/strong><\/div>\n<p class=\"Default\"><span lang=\"ES\">Para alcanzar la condici\u00f3n de alumno regular, se deber\u00e1 cumplir con el siguiente porcentaje: <strong><em>materias <\/em><\/strong><strong>el 75% de asistencia, <em>talleres <\/em>el 85% de asistencia<\/strong>, adem\u00e1s de las condiciones acad\u00e9micas establecidas por el Profesor en las planificaciones de cada asignatura.<\/span><\/p>\n<div class=\"Default\"><strong><em><span lang=\"ES\">Materia y\/o Taller:<\/span><\/em><\/strong><\/div>\n<p class=\"Default\"><span lang=\"ES\">1.- Condiciones para rendir examen final:<\/span><\/p>\n<p class=\"Default\"><span lang=\"ES\">1.1.- Aprobar como m\u00ednimo un examen parcial individual, escrito y presencial o un trabajo pr\u00e1ctico, con un m\u00ednimo de <em>4 (cuatro) <\/em>puntos. Se podr\u00e1 acceder a un \u00fanico examen recuperatorio.<\/span><\/p>\n<p class=\"Default\"><span lang=\"ES\">\u00a01.2.- Cumplimentar con el porcentaje de asistencia de las clases previstas.<\/span><\/p>\n<p class=\"Default\"><span lang=\"ES\">2.- Aprobar el total de los trabajos pr\u00e1cticos individuales y\/o grupales que el docente determine, con un m\u00ednimo de <em>4 (cuatro) <\/em>puntos. Se podr\u00e1 acceder a un \u00fanico recuperatorio.<\/span><\/p>\n<p class=\"Default\"><span lang=\"ES\">3.- Requisitos para aprobar la asignatura: Aprobar el examen final, individual, presencial, escrito\/pr\u00e1ctico y\/u oral, ante un tribunal, con un m\u00ednimo de 4 (cuatro) puntos. 4.- La calificaci\u00f3n final ser\u00e1 la obtenida en el mismo.<\/span><\/p>\n<p class=\"Default\"><span lang=\"ES\">5.- La regularidad podr\u00e1 ser mantenida hasta <em>cinco turnos consecutivos <\/em>a partir del momento en que, reglamentariamente, el estudiante pueda rendir el examen final.<\/span><\/p>\n<p class=\"Default\"><span lang=\"ES\">6.- En caso de desaprobar en <em>3 (tres) <\/em>ocasiones se deber\u00e1 recursar la materia. Durante el ciclo lectivo hay tres turnos de examen: febrero\/marzo; julio\/agosto y diciembre. En cada turno puede haber m\u00e1s de un llamado. Cada alumno podr\u00e1 rendir en un solo llamado por turno.<\/span><\/p>\n<div class=\"Default\"><strong><em><span lang=\"ES\">\u00c1rea de las Pr\u00e1cticas Profesionalizantes<\/span><\/em><\/strong><\/div>\n<p class=\"Default\"><span lang=\"ES\">Condiciones para promocionar:<\/span><\/p>\n<p class=\"Default\"><span lang=\"ES\">1.- Se considerar\u00e1n las mismas condiciones que para aprobar los talleres del Campo de la Formaci\u00f3n General y el Campo de la Formaci\u00f3n Espec\u00edfica.<\/span><\/p>\n<p class=\"Default\"><span lang=\"ES\">\u00a02.- Se aprueba con un m\u00ednimo de 7 (siete) puntos.<\/span><\/p>\n<p class=\"Default\"><span lang=\"ES\">3.- Cumplimentar el 85% de asistencia.<\/span><\/p>\n<p class=\"Default\"><span lang=\"ES\">4.- Asistir el 100% del tiempo asignado al per\u00edodo de pr\u00e1ctica profesionalizante, el cumplimiento de una experiencia de trabajo en establecimientos gastron\u00f3micos, pudi\u00e9ndose recuperar ausencias, en el caso de que se produjeran por motivos justificados, dentro de las fechas previstas por el calendario escolar. En caso de desaprobar alguno de los Talleres de P.P. en 2 (dos) ocasiones y\/o quedar libre, se evaluar\u00e1n las causas de la desaprobaci\u00f3n y se determinar\u00e1 en funci\u00f3n de ellas, la posibilidad de otorgar una nueva oportunidad de cursada.<\/span><\/p>\n<\/div>\n","protected":false},"excerpt":{"rendered":"<p>R\u00e9gimen Acad\u00e9mico Institucional La evaluaci\u00f3n en cada instancia curricular se realizar\u00e1 por: Promoci\u00f3n directa La promoci\u00f3n directa implica aprobar la asignatura cumpliendo por lo menos dos instancias de evaluaci\u00f3n por cuatrimestre. Deber\u00e1n aprobar los trabajos pr\u00e1cticos y\/o ex\u00e1menes parciales integradores, individual, presencial y escrito (aunque sea una de ellos), seg\u00fan determine la c\u00e1tedra, con una &#8230; <a title=\"R\u00e9gimen Acad\u00e9mico\" class=\"read-more\" href=\"https:\/\/ens6-caba.infd.edu.ar\/sitio\/regimen-academico\/\" aria-label=\"More on R\u00e9gimen Acad\u00e9mico\">[+]<\/a><\/p>\n","protected":false},"author":7,"featured_media":0,"parent":0,"menu_order":0,"comment_status":"closed","ping_status":"closed","template":"","meta":[],"acf":[],"_links":{"self":[{"href":"https:\/\/ens6-caba.infd.edu.ar\/sitio\/wp-json\/wp\/v2\/pages\/1247"}],"collection":[{"href":"https:\/\/ens6-caba.infd.edu.ar\/sitio\/wp-json\/wp\/v2\/pages"}],"about":[{"href":"https:\/\/ens6-caba.infd.edu.ar\/sitio\/wp-json\/wp\/v2\/types\/page"}],"author":[{"embeddable":true,"href":"https:\/\/ens6-caba.infd.edu.ar\/sitio\/wp-json\/wp\/v2\/users\/7"}],"replies":[{"embeddable":true,"href":"https:\/\/ens6-caba.infd.edu.ar\/sitio\/wp-json\/wp\/v2\/comments?post=1247"}],"version-history":[{"count":1,"href":"https:\/\/ens6-caba.infd.edu.ar\/sitio\/wp-json\/wp\/v2\/pages\/1247\/revisions"}],"predecessor-version":[{"id":3538,"href":"https:\/\/ens6-caba.infd.edu.ar\/sitio\/wp-json\/wp\/v2\/pages\/1247\/revisions\/3538"}],"wp:attachment":[{"href":"https:\/\/ens6-caba.infd.edu.ar\/sitio\/wp-json\/wp\/v2\/media?parent=1247"}],"curies":[{"name":"wp","href":"https:\/\/api.w.org\/{rel}","templated":true}]}}