{"id":1243,"date":"2018-08-29T14:45:36","date_gmt":"2018-08-29T17:45:36","guid":{"rendered":"https:\/\/ens6-caba.infd.edu.ar\/sitio\/ofertas-de-capacitacion\/"},"modified":"2026-02-27T10:32:45","modified_gmt":"2026-02-27T13:32:45","slug":"ofertas-de-capacitacion","status":"publish","type":"page","link":"https:\/\/ens6-caba.infd.edu.ar\/sitio\/ofertas-de-capacitacion\/","title":{"rendered":"Cursos de Capacitaci\u00f3n"},"content":{"rendered":"<h2 style=\"text-align: center;\">Cursos abiertos a la comunidad 2026<\/h2>\n<p><img decoding=\"async\" loading=\"lazy\" class=\"wp-image-7753 alignleft\" src=\"https:\/\/ens6-caba.infd.edu.ar\/sitio\/wp-content\/uploads\/2026\/02\/APRECIACION-SENSORIAL-DE-LOS-ALIMENTOS-707x1000.jpg\" alt=\"\" width=\"515\" height=\"729\" srcset=\"https:\/\/ens6-caba.infd.edu.ar\/sitio\/wp-content\/uploads\/2026\/02\/APRECIACION-SENSORIAL-DE-LOS-ALIMENTOS-707x1000.jpg 707w, https:\/\/ens6-caba.infd.edu.ar\/sitio\/wp-content\/uploads\/2026\/02\/APRECIACION-SENSORIAL-DE-LOS-ALIMENTOS-1343x1900.jpg 1343w, https:\/\/ens6-caba.infd.edu.ar\/sitio\/wp-content\/uploads\/2026\/02\/APRECIACION-SENSORIAL-DE-LOS-ALIMENTOS-768x1086.jpg 768w, https:\/\/ens6-caba.infd.edu.ar\/sitio\/wp-content\/uploads\/2026\/02\/APRECIACION-SENSORIAL-DE-LOS-ALIMENTOS-1086x1536.jpg 1086w, https:\/\/ens6-caba.infd.edu.ar\/sitio\/wp-content\/uploads\/2026\/02\/APRECIACION-SENSORIAL-DE-LOS-ALIMENTOS.jpg 1414w\" sizes=\"(max-width: 515px) 100vw, 515px\" \/><\/p>\n<h5><span style=\"color: #808000;\"><strong>APRECIACI\u00d3N SENSORIAL DE LOS ALIMENTOS<\/strong><\/span><\/h5>\n<p><span style=\"color: #000000;\">Entren\u00e1 tus sentidos y aprend\u00e9 a analizar alimentos con criterio profesional.<\/span><br \/><span style=\"color: #000000;\">En este taller cuatrimestral, presencial y te\u00f3rico\u2013pr\u00e1ctico vamos a trabajar con aceites de<\/span><br \/><span style=\"color: #000000;\">oliva, especias, quesos, esencias arom\u00e1ticas y otros productos para comprender c\u00f3mo se<\/span><br \/><span style=\"color: #000000;\">construye la experiencia sensorial y c\u00f3mo transformarla en evaluaci\u00f3n t\u00e9cnica.<\/span><br \/><span style=\"color: #000000;\">&#x1f5d3;&#xfe0f;Inicio: 20 de marzo<\/span><br \/><span style=\"color: #000000;\">&#x1f551;Viernes de 18 a 20 hs<\/span><br \/><span style=\"color: #000000;\">&#x1f4cd;ENS N\u00b0 6 \u201cVicente L\u00f3pez y Planes\u201d \u2013 G\u00fcemes 3859<\/span><br \/><span style=\"color: #000000;\">&#x1f393;Taller extracurricular \u2013 Tecnicatura Superior en Gastronom\u00eda<\/span><br \/><span style=\"color: #000000;\">&#x1f4dc;Con certificaci\u00f3n<\/span><br \/><span style=\"color: #000000;\">&#x1f4b0;Bono contribuci\u00f3n a cooperadora<\/span><br \/><span style=\"color: #000000;\">&#x1f4e7;Inscripciones: federico.benedetti@bue.edu.ar<\/span><br \/><span style=\"color: #000000;\">&#x1f4f2;Instagram: @tsgastronomiaens6<\/span><br \/><span style=\"color: #000000;\">&#x1f4dd;Tambi\u00e9n en Bedel\u00eda de la Tecnicatura.<\/span><\/p>\n<p style=\"text-align: center;\"><em><span style=\"color: #000000;\">Aprender a trav\u00e9s de los sentidos es el primer paso para construir criterio. <\/span><span style=\"color: #000000;\">Te esperamos.<\/span><\/em><img decoding=\"async\" loading=\"lazy\" class=\"wp-image-7752 aligncenter\" src=\"https:\/\/ens6-caba.infd.edu.ar\/sitio\/wp-content\/uploads\/2026\/02\/TECNOLOGIA-TECNICA-Y-MANEJO-DE-LOS-ALIMENTOS-707x1000.jpg\" alt=\"\" width=\"513\" height=\"726\" srcset=\"https:\/\/ens6-caba.infd.edu.ar\/sitio\/wp-content\/uploads\/2026\/02\/TECNOLOGIA-TECNICA-Y-MANEJO-DE-LOS-ALIMENTOS-707x1000.jpg 707w, https:\/\/ens6-caba.infd.edu.ar\/sitio\/wp-content\/uploads\/2026\/02\/TECNOLOGIA-TECNICA-Y-MANEJO-DE-LOS-ALIMENTOS-1343x1900.jpg 1343w, https:\/\/ens6-caba.infd.edu.ar\/sitio\/wp-content\/uploads\/2026\/02\/TECNOLOGIA-TECNICA-Y-MANEJO-DE-LOS-ALIMENTOS-768x1086.jpg 768w, https:\/\/ens6-caba.infd.edu.ar\/sitio\/wp-content\/uploads\/2026\/02\/TECNOLOGIA-TECNICA-Y-MANEJO-DE-LOS-ALIMENTOS-1086x1536.jpg 1086w, https:\/\/ens6-caba.infd.edu.ar\/sitio\/wp-content\/uploads\/2026\/02\/TECNOLOGIA-TECNICA-Y-MANEJO-DE-LOS-ALIMENTOS.jpg 1414w\" sizes=\"(max-width: 513px) 100vw, 513px\" \/><\/p>\n<p><img decoding=\"async\" loading=\"lazy\" class=\" wp-image-7751 aligncenter\" src=\"https:\/\/ens6-caba.infd.edu.ar\/sitio\/wp-content\/uploads\/2026\/02\/Taller-capacitacion-libre-de-gluten-1000x1000.png\" alt=\"\" width=\"572\" height=\"572\" srcset=\"https:\/\/ens6-caba.infd.edu.ar\/sitio\/wp-content\/uploads\/2026\/02\/Taller-capacitacion-libre-de-gluten-1000x1000.png 1000w, https:\/\/ens6-caba.infd.edu.ar\/sitio\/wp-content\/uploads\/2026\/02\/Taller-capacitacion-libre-de-gluten-500x500.png 500w, https:\/\/ens6-caba.infd.edu.ar\/sitio\/wp-content\/uploads\/2026\/02\/Taller-capacitacion-libre-de-gluten-768x768.png 768w, https:\/\/ens6-caba.infd.edu.ar\/sitio\/wp-content\/uploads\/2026\/02\/Taller-capacitacion-libre-de-gluten.png 1080w\" sizes=\"(max-width: 572px) 100vw, 572px\" \/><\/p>\n<h2 style=\"text-align: center;\">Cursos Abiertos a la Comunidad<\/h2>\n<h2 style=\"text-align: center;\">2025<\/h2>\n<p><img decoding=\"async\" loading=\"lazy\" class=\"size-medium wp-image-6115 aligncenter\" src=\"https:\/\/ens6-caba.infd.edu.ar\/sitio\/wp-content\/uploads\/2025\/02\/Sentidos_TSG-707x1000.jpg\" alt=\"\" width=\"707\" height=\"1000\" srcset=\"https:\/\/ens6-caba.infd.edu.ar\/sitio\/wp-content\/uploads\/2025\/02\/Sentidos_TSG-707x1000.jpg 707w, https:\/\/ens6-caba.infd.edu.ar\/sitio\/wp-content\/uploads\/2025\/02\/Sentidos_TSG-768x1086.jpg 768w, https:\/\/ens6-caba.infd.edu.ar\/sitio\/wp-content\/uploads\/2025\/02\/Sentidos_TSG-1086x1536.jpg 1086w, https:\/\/ens6-caba.infd.edu.ar\/sitio\/wp-content\/uploads\/2025\/02\/Sentidos_TSG.jpg 1131w\" sizes=\"(max-width: 707px) 100vw, 707px\" \/><\/p>\n<p><img decoding=\"async\" loading=\"lazy\" class=\"size-medium wp-image-6114 aligncenter\" src=\"https:\/\/ens6-caba.infd.edu.ar\/sitio\/wp-content\/uploads\/2025\/02\/Charcuteria_TSG-773x1000.jpg\" alt=\"\" width=\"773\" height=\"1000\" srcset=\"https:\/\/ens6-caba.infd.edu.ar\/sitio\/wp-content\/uploads\/2025\/02\/Charcuteria_TSG-773x1000.jpg 773w, https:\/\/ens6-caba.infd.edu.ar\/sitio\/wp-content\/uploads\/2025\/02\/Charcuteria_TSG-768x994.jpg 768w, https:\/\/ens6-caba.infd.edu.ar\/sitio\/wp-content\/uploads\/2025\/02\/Charcuteria_TSG-1187x1536.jpg 1187w, https:\/\/ens6-caba.infd.edu.ar\/sitio\/wp-content\/uploads\/2025\/02\/Charcuteria_TSG.jpg 1236w\" sizes=\"(max-width: 773px) 100vw, 773px\" \/><\/p>\n<p><img decoding=\"async\" loading=\"lazy\" class=\"size-medium wp-image-6113 aligncenter\" src=\"https:\/\/ens6-caba.infd.edu.ar\/sitio\/wp-content\/uploads\/2025\/02\/Gluten_TSG-1000x1000.jpg\" alt=\"\" width=\"1000\" height=\"1000\" srcset=\"https:\/\/ens6-caba.infd.edu.ar\/sitio\/wp-content\/uploads\/2025\/02\/Gluten_TSG-1000x1000.jpg 1000w, https:\/\/ens6-caba.infd.edu.ar\/sitio\/wp-content\/uploads\/2025\/02\/Gluten_TSG-500x500.jpg 500w, https:\/\/ens6-caba.infd.edu.ar\/sitio\/wp-content\/uploads\/2025\/02\/Gluten_TSG-768x768.jpg 768w, https:\/\/ens6-caba.infd.edu.ar\/sitio\/wp-content\/uploads\/2025\/02\/Gluten_TSG.jpg 1080w\" sizes=\"(max-width: 1000px) 100vw, 1000px\" \/><\/p>\n<p><img decoding=\"async\" loading=\"lazy\" class=\"size-medium wp-image-6112 aligncenter\" src=\"https:\/\/ens6-caba.infd.edu.ar\/sitio\/wp-content\/uploads\/2025\/02\/Tortas_TSG-1000x800.jpg\" alt=\"\" width=\"1000\" height=\"800\" srcset=\"https:\/\/ens6-caba.infd.edu.ar\/sitio\/wp-content\/uploads\/2025\/02\/Tortas_TSG-1000x800.jpg 1000w, https:\/\/ens6-caba.infd.edu.ar\/sitio\/wp-content\/uploads\/2025\/02\/Tortas_TSG-768x614.jpg 768w, https:\/\/ens6-caba.infd.edu.ar\/sitio\/wp-content\/uploads\/2025\/02\/Tortas_TSG-1536x1229.jpg 1536w, https:\/\/ens6-caba.infd.edu.ar\/sitio\/wp-content\/uploads\/2025\/02\/Tortas_TSG.jpg 1600w\" sizes=\"(max-width: 1000px) 100vw, 1000px\" \/><\/p>\n<p><img decoding=\"async\" loading=\"lazy\" class=\"size-medium wp-image-6111 aligncenter\" src=\"https:\/\/ens6-caba.infd.edu.ar\/sitio\/wp-content\/uploads\/2025\/02\/Bomboneria_TSG-1000x589.jpg\" alt=\"\" width=\"1000\" height=\"589\" srcset=\"https:\/\/ens6-caba.infd.edu.ar\/sitio\/wp-content\/uploads\/2025\/02\/Bomboneria_TSG-1000x589.jpg 1000w, https:\/\/ens6-caba.infd.edu.ar\/sitio\/wp-content\/uploads\/2025\/02\/Bomboneria_TSG-768x452.jpg 768w, https:\/\/ens6-caba.infd.edu.ar\/sitio\/wp-content\/uploads\/2025\/02\/Bomboneria_TSG.jpg 1004w\" sizes=\"(max-width: 1000px) 100vw, 1000px\" \/><\/p>\n<p>\u00a0<\/p>\n<h2 style=\"text-align: center;\">Cursos Abiertos a la Comunidad<\/h2>\n<h1 style=\"text-align: center;\"><strong>\u00a02024<\/strong><\/h1>\n<p><img decoding=\"async\" loading=\"lazy\" class=\"alignnone  wp-image-5663 aligncenter\" src=\"https:\/\/ens6-caba.infd.edu.ar\/sitio\/wp-content\/uploads\/2024\/08\/Extracurriculares_microemprendimientos-707x1000.png\" alt=\"\" width=\"621\" height=\"879\" srcset=\"https:\/\/ens6-caba.infd.edu.ar\/sitio\/wp-content\/uploads\/2024\/08\/Extracurriculares_microemprendimientos-707x1000.png 707w, https:\/\/ens6-caba.infd.edu.ar\/sitio\/wp-content\/uploads\/2024\/08\/Extracurriculares_microemprendimientos-1343x1900.png 1343w, https:\/\/ens6-caba.infd.edu.ar\/sitio\/wp-content\/uploads\/2024\/08\/Extracurriculares_microemprendimientos-768x1086.png 768w, https:\/\/ens6-caba.infd.edu.ar\/sitio\/wp-content\/uploads\/2024\/08\/Extracurriculares_microemprendimientos-1086x1536.png 1086w, https:\/\/ens6-caba.infd.edu.ar\/sitio\/wp-content\/uploads\/2024\/08\/Extracurriculares_microemprendimientos.png 1414w\" sizes=\"(max-width: 621px) 100vw, 621px\" \/><\/p>\n<p>\u00a0<\/p>\n<p><img decoding=\"async\" loading=\"lazy\" class=\" wp-image-5526 aligncenter\" src=\"https:\/\/ens6-caba.infd.edu.ar\/sitio\/wp-content\/uploads\/2024\/05\/charcuterie-707x1000.png\" alt=\"\" width=\"615\" height=\"870\" srcset=\"https:\/\/ens6-caba.infd.edu.ar\/sitio\/wp-content\/uploads\/2024\/05\/charcuterie-707x1000.png 707w, https:\/\/ens6-caba.infd.edu.ar\/sitio\/wp-content\/uploads\/2024\/05\/charcuterie-1343x1900.png 1343w, https:\/\/ens6-caba.infd.edu.ar\/sitio\/wp-content\/uploads\/2024\/05\/charcuterie-768x1086.png 768w, https:\/\/ens6-caba.infd.edu.ar\/sitio\/wp-content\/uploads\/2024\/05\/charcuterie-1086x1536.png 1086w, https:\/\/ens6-caba.infd.edu.ar\/sitio\/wp-content\/uploads\/2024\/05\/charcuterie.png 1414w\" sizes=\"(max-width: 615px) 100vw, 615px\" \/><\/p>\n<p>\u00a0<\/p>\n<p><img decoding=\"async\" loading=\"lazy\" class=\" wp-image-5525 aligncenter\" src=\"https:\/\/ens6-caba.infd.edu.ar\/sitio\/wp-content\/uploads\/2024\/05\/Chocolateria-707x1000.png\" alt=\"\" width=\"599\" height=\"848\" srcset=\"https:\/\/ens6-caba.infd.edu.ar\/sitio\/wp-content\/uploads\/2024\/05\/Chocolateria-707x1000.png 707w, https:\/\/ens6-caba.infd.edu.ar\/sitio\/wp-content\/uploads\/2024\/05\/Chocolateria-1343x1900.png 1343w, https:\/\/ens6-caba.infd.edu.ar\/sitio\/wp-content\/uploads\/2024\/05\/Chocolateria-768x1086.png 768w, https:\/\/ens6-caba.infd.edu.ar\/sitio\/wp-content\/uploads\/2024\/05\/Chocolateria-1086x1536.png 1086w, https:\/\/ens6-caba.infd.edu.ar\/sitio\/wp-content\/uploads\/2024\/05\/Chocolateria.png 1414w\" sizes=\"(max-width: 599px) 100vw, 599px\" \/><\/p>\n<p><img decoding=\"async\" loading=\"lazy\" class=\" wp-image-5522 aligncenter\" src=\"https:\/\/ens6-caba.infd.edu.ar\/sitio\/wp-content\/uploads\/2024\/05\/tortas-1-707x1000.png\" alt=\"\" width=\"599\" height=\"847\" srcset=\"https:\/\/ens6-caba.infd.edu.ar\/sitio\/wp-content\/uploads\/2024\/05\/tortas-1-707x1000.png 707w, https:\/\/ens6-caba.infd.edu.ar\/sitio\/wp-content\/uploads\/2024\/05\/tortas-1-1343x1900.png 1343w, https:\/\/ens6-caba.infd.edu.ar\/sitio\/wp-content\/uploads\/2024\/05\/tortas-1-768x1086.png 768w, https:\/\/ens6-caba.infd.edu.ar\/sitio\/wp-content\/uploads\/2024\/05\/tortas-1-1086x1536.png 1086w, https:\/\/ens6-caba.infd.edu.ar\/sitio\/wp-content\/uploads\/2024\/05\/tortas-1.png 1414w\" sizes=\"(max-width: 599px) 100vw, 599px\" \/><\/p>\n<p><img decoding=\"async\" loading=\"lazy\" class=\" wp-image-5517 aligncenter\" src=\"https:\/\/ens6-caba.infd.edu.ar\/sitio\/wp-content\/uploads\/2024\/05\/libre-de-gluten.png\" alt=\"\" width=\"598\" height=\"592\" \/><\/p>\n<p><img decoding=\"async\" loading=\"lazy\" class=\"wp-image-5484 aligncenter\" src=\"https:\/\/ens6-caba.infd.edu.ar\/sitio\/wp-content\/uploads\/2024\/05\/Flyer-1-707x1000.png\" alt=\"\" width=\"600\" height=\"848\" srcset=\"https:\/\/ens6-caba.infd.edu.ar\/sitio\/wp-content\/uploads\/2024\/05\/Flyer-1-707x1000.png 707w, https:\/\/ens6-caba.infd.edu.ar\/sitio\/wp-content\/uploads\/2024\/05\/Flyer-1-1343x1900.png 1343w, https:\/\/ens6-caba.infd.edu.ar\/sitio\/wp-content\/uploads\/2024\/05\/Flyer-1-768x1086.png 768w, https:\/\/ens6-caba.infd.edu.ar\/sitio\/wp-content\/uploads\/2024\/05\/Flyer-1-1086x1536.png 1086w, https:\/\/ens6-caba.infd.edu.ar\/sitio\/wp-content\/uploads\/2024\/05\/Flyer-1.png 1414w\" sizes=\"(max-width: 600px) 100vw, 600px\" \/><\/p>\n<p><img decoding=\"async\" loading=\"lazy\" class=\" wp-image-5486 aligncenter\" src=\"https:\/\/ens6-caba.infd.edu.ar\/sitio\/wp-content\/uploads\/2024\/05\/Flyer-2-707x1000.png\" alt=\"\" width=\"611\" height=\"864\" srcset=\"https:\/\/ens6-caba.infd.edu.ar\/sitio\/wp-content\/uploads\/2024\/05\/Flyer-2-707x1000.png 707w, https:\/\/ens6-caba.infd.edu.ar\/sitio\/wp-content\/uploads\/2024\/05\/Flyer-2-1343x1900.png 1343w, https:\/\/ens6-caba.infd.edu.ar\/sitio\/wp-content\/uploads\/2024\/05\/Flyer-2-768x1086.png 768w, https:\/\/ens6-caba.infd.edu.ar\/sitio\/wp-content\/uploads\/2024\/05\/Flyer-2-1086x1536.png 1086w, https:\/\/ens6-caba.infd.edu.ar\/sitio\/wp-content\/uploads\/2024\/05\/Flyer-2.png 1414w\" sizes=\"(max-width: 611px) 100vw, 611px\" \/><\/p>\n<div id=\"m_4898241149834033034yui_3_16_0_ym19_1_1553182213765_17827\" data-blogger-escaped-style=\"background-color: white; font-family: HelveticaNeue, 'Helvetica Neue', Helvetica, Arial, 'Lucida Grande', sans-serif; font-size: 16px; line-height: 24px;\">\n<div data-blogger-escaped-style=\"border: 0px; color: #3a3a3a; font-family: Roboto, sans-serif; font-size: 17px; margin: 0px; padding: 0px;\">\n<div data-blogger-escaped-style=\"border: 0px; margin: 0px; padding: 0px;\">\n<div data-blogger-escaped-style=\"border: 0px; margin: 0px 0px 1.5em; padding: 0px;\">\n<h2 style=\"text-align: center;\">Cursos Abiertos a la Comunidad<\/h2>\n<h1 style=\"text-align: center;\"><strong>2023<\/strong><\/h1>\n<p><img decoding=\"async\" loading=\"lazy\" class=\" wp-image-5050 aligncenter\" src=\"https:\/\/ens6-caba.infd.edu.ar\/sitio\/wp-content\/uploads\/2023\/09\/358016968_298207775962895_3465803912861535627_n-1000x1000.jpg\" alt=\"\" width=\"721\" height=\"721\" srcset=\"https:\/\/ens6-caba.infd.edu.ar\/sitio\/wp-content\/uploads\/2023\/09\/358016968_298207775962895_3465803912861535627_n-1000x1000.jpg 1000w, https:\/\/ens6-caba.infd.edu.ar\/sitio\/wp-content\/uploads\/2023\/09\/358016968_298207775962895_3465803912861535627_n-500x500.jpg 500w, https:\/\/ens6-caba.infd.edu.ar\/sitio\/wp-content\/uploads\/2023\/09\/358016968_298207775962895_3465803912861535627_n-768x768.jpg 768w, https:\/\/ens6-caba.infd.edu.ar\/sitio\/wp-content\/uploads\/2023\/09\/358016968_298207775962895_3465803912861535627_n.jpg 1080w\" sizes=\"(max-width: 721px) 100vw, 721px\" \/><\/p>\n<p><img decoding=\"async\" loading=\"lazy\" class=\" wp-image-5051 aligncenter\" src=\"https:\/\/ens6-caba.infd.edu.ar\/sitio\/wp-content\/uploads\/2023\/09\/358170876_784779546521229_4960292287202369858_n-1000x1000.jpg\" alt=\"\" width=\"722\" height=\"722\" srcset=\"https:\/\/ens6-caba.infd.edu.ar\/sitio\/wp-content\/uploads\/2023\/09\/358170876_784779546521229_4960292287202369858_n-1000x1000.jpg 1000w, https:\/\/ens6-caba.infd.edu.ar\/sitio\/wp-content\/uploads\/2023\/09\/358170876_784779546521229_4960292287202369858_n-500x500.jpg 500w, https:\/\/ens6-caba.infd.edu.ar\/sitio\/wp-content\/uploads\/2023\/09\/358170876_784779546521229_4960292287202369858_n-768x768.jpg 768w, https:\/\/ens6-caba.infd.edu.ar\/sitio\/wp-content\/uploads\/2023\/09\/358170876_784779546521229_4960292287202369858_n.jpg 1080w\" sizes=\"(max-width: 722px) 100vw, 722px\" \/><\/p>\n<\/div>\n<p><img decoding=\"async\" loading=\"lazy\" class=\"size-full wp-image-5052 aligncenter\" src=\"https:\/\/ens6-caba.infd.edu.ar\/sitio\/wp-content\/uploads\/2023\/09\/358032424_822885682294479_6026376755454293812_n.jpg\" alt=\"\" width=\"720\" height=\"720\" srcset=\"https:\/\/ens6-caba.infd.edu.ar\/sitio\/wp-content\/uploads\/2023\/09\/358032424_822885682294479_6026376755454293812_n.jpg 720w, https:\/\/ens6-caba.infd.edu.ar\/sitio\/wp-content\/uploads\/2023\/09\/358032424_822885682294479_6026376755454293812_n-500x500.jpg 500w\" sizes=\"(max-width: 720px) 100vw, 720px\" \/><\/p>\n<div data-blogger-escaped-style=\"border: 0px; margin: 0px 0px 1.5em; padding: 0px;\">\n<h1><img decoding=\"async\" loading=\"lazy\" class=\" wp-image-5053 aligncenter\" src=\"https:\/\/ens6-caba.infd.edu.ar\/sitio\/wp-content\/uploads\/2023\/09\/357892137_815706826796093_4662385399363602756_n-1000x1000.jpg\" alt=\"\" width=\"727\" height=\"727\" srcset=\"https:\/\/ens6-caba.infd.edu.ar\/sitio\/wp-content\/uploads\/2023\/09\/357892137_815706826796093_4662385399363602756_n-1000x1000.jpg 1000w, https:\/\/ens6-caba.infd.edu.ar\/sitio\/wp-content\/uploads\/2023\/09\/357892137_815706826796093_4662385399363602756_n-500x500.jpg 500w, https:\/\/ens6-caba.infd.edu.ar\/sitio\/wp-content\/uploads\/2023\/09\/357892137_815706826796093_4662385399363602756_n-768x768.jpg 768w, https:\/\/ens6-caba.infd.edu.ar\/sitio\/wp-content\/uploads\/2023\/09\/357892137_815706826796093_4662385399363602756_n.jpg 1440w\" sizes=\"(max-width: 727px) 100vw, 727px\" \/><\/h1>\n<h1><img decoding=\"async\" loading=\"lazy\" class=\" wp-image-5054 aligncenter\" src=\"https:\/\/ens6-caba.infd.edu.ar\/sitio\/wp-content\/uploads\/2023\/09\/358008397_769596234915921_3275146858319363878_n-1000x1000.jpg\" alt=\"\" width=\"741\" height=\"741\" srcset=\"https:\/\/ens6-caba.infd.edu.ar\/sitio\/wp-content\/uploads\/2023\/09\/358008397_769596234915921_3275146858319363878_n-1000x1000.jpg 1000w, https:\/\/ens6-caba.infd.edu.ar\/sitio\/wp-content\/uploads\/2023\/09\/358008397_769596234915921_3275146858319363878_n-500x500.jpg 500w, https:\/\/ens6-caba.infd.edu.ar\/sitio\/wp-content\/uploads\/2023\/09\/358008397_769596234915921_3275146858319363878_n-768x768.jpg 768w, https:\/\/ens6-caba.infd.edu.ar\/sitio\/wp-content\/uploads\/2023\/09\/358008397_769596234915921_3275146858319363878_n.jpg 1080w\" sizes=\"(max-width: 741px) 100vw, 741px\" \/><\/h1>\n<h1>\u00a0<\/h1>\n<h1 style=\"text-align: center;\"><strong>2022<\/strong><\/h1>\n<\/div>\n<\/div>\n<\/div>\n<\/div>\n<p><img decoding=\"async\" loading=\"lazy\" class=\"aligncenter\" src=\"https:\/\/ens6-caba.infd.edu.ar\/sitio\/wp-content\/uploads\/2022\/04\/gluten.png\" alt=\"\" width=\"560\" height=\"561\" \/><\/p>\n<div id=\"post-body-7734763723873459176\" class=\"post-body entry-content\"><hr \/>\n<p><img decoding=\"async\" loading=\"lazy\" class=\"aligncenter\" src=\"https:\/\/ens6-caba.infd.edu.ar\/sitio\/wp-content\/uploads\/2022\/04\/saludable.png\" width=\"586\" height=\"590\" \/><\/p>\n<hr \/>\n<div><img decoding=\"async\" class=\"aligncenter\" src=\"https:\/\/ens6-caba.infd.edu.ar\/sitio\/wp-content\/uploads\/2022\/04\/panadero.jpg\" \/><\/div>\n<div>\u00a0<\/div>\n<\/div>\n<hr \/>\n<p><img decoding=\"async\" loading=\"lazy\" class=\"aligncenter\" src=\"https:\/\/ens6-caba.infd.edu.ar\/sitio\/wp-content\/uploads\/2022\/04\/chocolates.png\" width=\"636\" height=\"639\" \/><\/p>\n<div id=\"js_1c\" class=\"_5pbx userContent _3576\" data-ft=\"{\">\n<div id=\"id_5ab15c659af814409827877\" class=\"text_exposed_root\"><hr \/>\n<p><img decoding=\"async\" loading=\"lazy\" class=\"aligncenter\" src=\"https:\/\/ens6-caba.infd.edu.ar\/sitio\/wp-content\/uploads\/2022\/04\/celiacos-e1649633212334.png\" width=\"570\" height=\"571\" \/><\/p>\n<\/div>\n<\/div>\n<hr \/>\n<p><img decoding=\"async\" class=\"aligncenter\" src=\"https:\/\/ens6-caba.infd.edu.ar\/sitio\/wp-content\/uploads\/2022\/04\/sensorial.jpg\" \/><\/p>\n<hr \/>\n<p><img decoding=\"async\" loading=\"lazy\" class=\"aligncenter\" src=\"https:\/\/ens6-caba.infd.edu.ar\/sitio\/wp-content\/uploads\/2022\/04\/chori-1.png\" width=\"640\" height=\"643\" \/><\/p>\n<hr \/>\n<div id=\"post-body-8236299110441284505\"><a href=\"https:\/\/www.instagram.com\/tsgastronomiaens6\/?hl=es\" target=\"_blank\" rel=\"noopener\"><img decoding=\"async\" loading=\"lazy\" class=\"aligncenter\" src=\"https:\/\/ens6-caba.infd.edu.ar\/sitio\/wp-content\/uploads\/2022\/04\/logoInsta.png\" alt=\"\" width=\"374\" height=\"180\" \/><\/a><\/div>\n\n\n<p><\/p>\n","protected":false},"excerpt":{"rendered":"<p>Cursos abiertos a la comunidad 2026 APRECIACI\u00d3N SENSORIAL DE LOS ALIMENTOS Entren\u00e1 tus sentidos y aprend\u00e9 a analizar alimentos con criterio profesional.En este taller cuatrimestral, presencial y te\u00f3rico\u2013pr\u00e1ctico vamos a trabajar con aceites deoliva, especias, quesos, esencias arom\u00e1ticas y otros productos para comprender c\u00f3mo seconstruye la experiencia sensorial y c\u00f3mo transformarla en evaluaci\u00f3n t\u00e9cnica.&#x1f5d3;&#xfe0f;Inicio: 20 &#8230; <a title=\"Cursos de Capacitaci\u00f3n\" class=\"read-more\" href=\"https:\/\/ens6-caba.infd.edu.ar\/sitio\/ofertas-de-capacitacion\/\" aria-label=\"More on Cursos de Capacitaci\u00f3n\">[+]<\/a><\/p>\n","protected":false},"author":7,"featured_media":0,"parent":0,"menu_order":0,"comment_status":"closed","ping_status":"closed","template":"","meta":[],"acf":[],"_links":{"self":[{"href":"https:\/\/ens6-caba.infd.edu.ar\/sitio\/wp-json\/wp\/v2\/pages\/1243"}],"collection":[{"href":"https:\/\/ens6-caba.infd.edu.ar\/sitio\/wp-json\/wp\/v2\/pages"}],"about":[{"href":"https:\/\/ens6-caba.infd.edu.ar\/sitio\/wp-json\/wp\/v2\/types\/page"}],"author":[{"embeddable":true,"href":"https:\/\/ens6-caba.infd.edu.ar\/sitio\/wp-json\/wp\/v2\/users\/7"}],"replies":[{"embeddable":true,"href":"https:\/\/ens6-caba.infd.edu.ar\/sitio\/wp-json\/wp\/v2\/comments?post=1243"}],"version-history":[{"count":32,"href":"https:\/\/ens6-caba.infd.edu.ar\/sitio\/wp-json\/wp\/v2\/pages\/1243\/revisions"}],"predecessor-version":[{"id":7758,"href":"https:\/\/ens6-caba.infd.edu.ar\/sitio\/wp-json\/wp\/v2\/pages\/1243\/revisions\/7758"}],"wp:attachment":[{"href":"https:\/\/ens6-caba.infd.edu.ar\/sitio\/wp-json\/wp\/v2\/media?parent=1243"}],"curies":[{"name":"wp","href":"https:\/\/api.w.org\/{rel}","templated":true}]}}