{"id":1241,"date":"2018-08-29T14:45:36","date_gmt":"2018-08-29T17:45:36","guid":{"rendered":"https:\/\/ens6-caba.infd.edu.ar\/sitio\/asuntos-administrativos\/"},"modified":"2026-04-10T13:16:04","modified_gmt":"2026-04-10T16:16:04","slug":"asuntos-administrativos","status":"publish","type":"page","link":"https:\/\/ens6-caba.infd.edu.ar\/sitio\/asuntos-administrativos\/","title":{"rendered":"Constancias\/ formularios"},"content":{"rendered":"<p>\u00a0<\/p>\n<p><strong>Recepci\u00f3n: Lunes a viernes de 18:00 a 20:30 Hs. y S\u00e1bados de 8.30 a 12.30 Hs (los s\u00e1bados no hay firma)<\/strong><\/p>\n<p><strong>Los formulario se firman y retiran dentro de las 72 hs<\/strong><\/p>\n<p>&#8211; Constancia de alumno regular, se deja en Bedel\u00eda para la firma. <a href=\"https:\/\/drive.google.com\/file\/d\/1mpHiyOTVTbOMh4ObEut0QW98KOAiPkNB\/view?usp=sharing\" target=\"_blank\" rel=\"noopener\">(bajar)<\/a><\/p>\n<p>&#8211; Certificado de examen, se deja en Bedel\u00eda para la firma. <a href=\"https:\/\/drive.google.com\/file\/d\/1FmTDRV9eA-g_TgHoN_CUuA1iNUx8FIX4\/view?usp=sharing\" target=\"_blank\" rel=\"noopener\">(descargar)<\/a><\/p>\n<p>&#8211; Autorizaci\u00f3n para realizar las observaciones del Taller 1 <a href=\"https:\/\/drive.google.com\/file\/d\/1QBuP0FpwG7U4rlI1NTl09yxLJUSL0qIB\/view?usp=sharing\" target=\"_blank\" rel=\"noopener\">(descargar)<\/a>.\u00a0Tienen que completarla con los datos de cada uno\/a y llevarla a regencia para que la sellemos y firmemos<\/p>\n<p>&#8211; Formulario de solicitud de programas. <a href=\"https:\/\/ens6-caba.infd.edu.ar\/sitio\/wp-content\/uploads\/2021\/04\/Formulario-de-solicitud-de-programas.docx\">(descargar)<\/a><\/p>\n<p>&#8211; Nota de solicitud de equivalencias de asignaturas. (<a href=\"https:\/\/ens6-caba.infd.edu.ar\/sitio\/wp-content\/uploads\/2021\/08\/NOTA-DE-SOLICITUD-DE-EQUIVALENCIA-DE-ASIGNATURAS-CFP.docx\" target=\"_blank\" rel=\"noopener\">descargar<\/a> )<\/p>\n<p>\u00a0<\/p>\n\n\n<p><\/p>\n","protected":false},"excerpt":{"rendered":"<p>\u00a0 Recepci\u00f3n: Lunes a viernes de 18:00 a 20:30 Hs. y S\u00e1bados de 8.30 a 12.30 Hs (los s\u00e1bados no hay firma) Los formulario se firman y retiran dentro de las 72 hs &#8211; Constancia de alumno regular, se deja en Bedel\u00eda para la firma. (bajar) &#8211; Certificado de examen, se deja en Bedel\u00eda para &#8230; <a title=\"Constancias\/ formularios\" class=\"read-more\" href=\"https:\/\/ens6-caba.infd.edu.ar\/sitio\/asuntos-administrativos\/\" aria-label=\"More on Constancias\/ formularios\">[+]<\/a><\/p>\n","protected":false},"author":7,"featured_media":0,"parent":0,"menu_order":0,"comment_status":"closed","ping_status":"closed","template":"","meta":[],"acf":[],"_links":{"self":[{"href":"https:\/\/ens6-caba.infd.edu.ar\/sitio\/wp-json\/wp\/v2\/pages\/1241"}],"collection":[{"href":"https:\/\/ens6-caba.infd.edu.ar\/sitio\/wp-json\/wp\/v2\/pages"}],"about":[{"href":"https:\/\/ens6-caba.infd.edu.ar\/sitio\/wp-json\/wp\/v2\/types\/page"}],"author":[{"embeddable":true,"href":"https:\/\/ens6-caba.infd.edu.ar\/sitio\/wp-json\/wp\/v2\/users\/7"}],"replies":[{"embeddable":true,"href":"https:\/\/ens6-caba.infd.edu.ar\/sitio\/wp-json\/wp\/v2\/comments?post=1241"}],"version-history":[{"count":11,"href":"https:\/\/ens6-caba.infd.edu.ar\/sitio\/wp-json\/wp\/v2\/pages\/1241\/revisions"}],"predecessor-version":[{"id":7988,"href":"https:\/\/ens6-caba.infd.edu.ar\/sitio\/wp-json\/wp\/v2\/pages\/1241\/revisions\/7988"}],"wp:attachment":[{"href":"https:\/\/ens6-caba.infd.edu.ar\/sitio\/wp-json\/wp\/v2\/media?parent=1241"}],"curies":[{"name":"wp","href":"https:\/\/api.w.org\/{rel}","templated":true}]}}