{"id":1228,"date":"2018-08-29T14:45:30","date_gmt":"2018-08-29T17:45:30","guid":{"rendered":"https:\/\/ens6-caba.infd.edu.ar\/sitio\/proyecto-cajitas-lambe-lambe\/"},"modified":"2018-09-08T10:57:25","modified_gmt":"2018-09-08T13:57:25","slug":"proyectos-y-salidas-didacticas-pei-proyecto-cajitas-lambe-lambe","status":"publish","type":"page","link":"https:\/\/ens6-caba.infd.edu.ar\/sitio\/proyectos-y-salidas-didacticas-pei-proyecto-cajitas-lambe-lambe\/","title":{"rendered":"Proyecto cajitas lambe lambe"},"content":{"rendered":"<p><span style=\"font-family: arial, helvetica, sans-serif; font-size: 10pt;\">En el espacio de la materia Lenguajes Art\u00edsticos Expresivos 1:\u00a0Teatro, que dicta la profesora Carmen Orme\u00f1o, alumnas del PEI investigaron y realizaron cajitas lambe lambe. Adem\u00e1s de armar sus cajitas, para inspirarse realizaron una entrevista a un titiritero que vive en Tenerife.\u00a0<\/span><\/p>\n<p><span style=\"font-family: arial, helvetica, sans-serif; font-size: 10pt;\">Comenta la profesora \u201cEl proceso creativo es lo m\u00e1s rico que se vivi\u00f3 durante el armado de cada cajita m\u00e1gica, poder entrecruzar las dudas y los deseos, las certezas y los sue\u00f1os, es una de las esperanzas que brindan los lenguajes art\u00edsticos. Cuando uno se da cuenta que con un trozo de cart\u00f3n o papel est\u00e1 contando una historia, sin usar palabras y que con los peque\u00f1os detalles se puede captar la atenci\u00f3n del espectador, en esta era de las grandes producciones, buscamos lo peque\u00f1o, el espacio \u00edntimo de la poes\u00eda y la intimidad. Cuando todo es masivo, nos volvemos m\u00e1s personales y artesanales, as\u00ed como la labor del docente que con cada uno deber\u00e1 tejer un bordado \u00fanico, as\u00ed las cajitas que salieron a la luz.\u201d<\/span><\/p>\n<p><span style=\"font-family: arial, helvetica, sans-serif; font-size: 10pt;\">4 historias realizadas por 7 alumnas.<\/span><\/p>\n<p><span style=\"font-family: arial, helvetica, sans-serif; font-size: 10pt;\">A continuaci\u00f3n podr\u00e1s ver algunas im\u00e1genes del proyecto haciendo click en el tri\u00e1ngulo que se encuentra debajo de la imagen (play).<\/span><\/p>\n<p><iframe loading=\"lazy\" style=\"display: block; margin-left: auto; margin-right: auto;\" src=\"http:\/\/www.powtoon.com\/embed\/gp8jCrmGaMf\/?wmode=transparent\" width=\"569\" height=\"370\" frameborder=\"0\"><\/iframe><\/p>\n<p><span style=\"font-family: arial, helvetica, sans-serif; font-size: 10pt;\">Aportamos algo de informaci\u00f3n para qui\u00e9n desee aprender m\u00e1s o incluso realizar una cajita lambe lambe que es una ventana de lo ef\u00edmero a partir de la nota que escribieron las alumnas en base a una entre<\/span><span style=\"font-family: arial, helvetica, sans-serif; font-size: 10pt;\">vista que realizaron al grupo Teatro 4 Elementos.\u00a0<\/span><\/p>\n<p><span style=\"font-family: arial, helvetica, sans-serif; font-size: 10pt;\">Teatro 4 Elementos es una compa\u00f1\u00eda profesional de teatro t\u00edteres y objetos. El grupo investiga constantemente nuevas formas de hacer arte con la utilizaci\u00f3n de objetos y t\u00edteres en escena, valorizando la imagen del actor como figura important\u00edsima en cada puesta. Sus puestas se caracterizan por ser po\u00e9ticas y con un mensaje muy fuerte.<\/span><\/p>\n<p><span style=\"font-family: arial, helvetica, sans-serif; font-size: 10pt;\">Dentro del teatro de t\u00edteres encontramos diferentes t\u00e9cnicas y manipulaci\u00f3n de t\u00edteres que podemos utilizar tanto en la parte creativa como en la tarea pedag\u00f3gica. Los t\u00edteres son y ser\u00e1n una herramienta muy importante dentro del aula.<\/span><\/p>\n<p><span style=\"font-family: arial, helvetica, sans-serif; font-size: 10pt;\">Nuestro grupo trabaja la parte art\u00edstica como la parte pedag\u00f3gica, y exploramos diferentes t\u00e9cnicas como T\u00edteres de Mesa, T\u00edteres de Dedos, Teatro de Objetos, T\u00edteres de Sombras, T\u00edteres de Guantes, Marionetas, y la mixtura y combinaci\u00f3n de muchas de estas.<\/span><\/p>\n<p><span style=\"font-family: arial, helvetica, sans-serif; font-size: 10pt;\">Algunas definiciones de las diferentes t\u00e9cnicas que pueden utilizar cuando se realizan las cajitas <strong>lambe lambe <\/strong>son:<strong>\u00a0<\/strong><\/span><\/p>\n<p><span style=\"font-family: arial, helvetica, sans-serif; font-size: 10pt;\">&#8211;\u00a0Marionetas (con movimientos suaves, aptos para textos l\u00edricos, \u00e9picos, simb\u00f3licos y filos\u00f3ficos).<\/span><\/p>\n<p><span style=\"font-family: arial, helvetica, sans-serif; font-size: 10pt;\">&#8211;\u00a0Marionetas guiadas desde abajo (inventadas por el titiritero Henri Signoret): se utilizan principalmente como juguetes, y en casos muy especiales como t\u00edteres de teatro. Aunque a simple vista son semejantes a las javanesas, tienen un movimiento menos fluido y m\u00e1s brusco. Se trata en realidad de un cruzamiento entre marioneta y t\u00edtere javan\u00e9s.<\/span><\/p>\n<p><span style=\"font-family: arial, helvetica, sans-serif; font-size: 10pt;\">&#8211;\u00a0T\u00edteres planos. Contienen tambi\u00e9n algunos elementos de los t\u00edteres javaneses, pero la caracter\u00edstica principal es en este caso la bidimensionalidad. Su mec\u00e1nica no permite movimientos en\u00e9rgicos, lo cual los otorga una po\u00e9tica de escena semejante a las por pel\u00edculas de animaci\u00f3n. Suelen tener palancas u otros mecanismos detr\u00e1s, y se suelen utilizar dobles para el movimiento de derecha a izquierda o viceversa. Generalmente se utilizan para los espectadores m\u00e1s peque\u00f1os, y suele haber un narrador o conductor que hace de contacto entre el t\u00edtere y el p\u00fablico.<\/span><\/p>\n<p><span style=\"font-family: arial, helvetica, sans-serif; font-size: 10pt;\">&#8211;\u00a0Las sombras. Se trata de t\u00edteres manipulados desde atr\u00e1s, siguiendo tradiciones como la turca o la indonesia de las que surge el teatro de sombras contempor\u00e1neo. Se trata de una t\u00e9cnica apta para la representaci\u00f3n de tragedias y \u00f3peras.<\/span><\/p>\n<p><span style=\"font-family: arial, helvetica, sans-serif; font-size: 10pt;\">&#8211;\u00a0El t\u00edtere-juguete. Se trata de una t\u00e9cnica habitual en las escenificaciones de los m\u00e1s peque\u00f1os. No tienen medios de animaci\u00f3n o elementos esc\u00e9nicos espec\u00edficos, y el titiritero hace el papel de mediador. Se utilizan sobre todo con finalidad terap\u00e9utica y en escenas con fines did\u00e1cticos.<\/span><\/p>\n<p><span style=\"font-family: arial, helvetica, sans-serif; font-size: 10pt;\">En el caso espec\u00edfico del el teatro en Miniatura, o Teatro Lambe Lambe, o Mudias, o Titirimundi , o cajitas misteriosas,( seg\u00fan\u00a0M\u00e9xico, Brasil, Espa\u00f1a, Per\u00fa\u00a0y Colombia)\u00a0\u00a0se caracterizan por ser espect\u00e1culos de Teatro de Animaci\u00f3n de peque\u00f1os mu\u00f1ecos y objetos que, acompa\u00f1ados por un relato y m\u00fasica en audio, dentro de una caja esc\u00e9nica, representan, en no m\u00e1s de 3 minutos, secretas situaciones teatrales que son apreciadas por s\u00f3lo uno o dos espectadores cada vez, quienes se colocan los cascos , cubren su cabeza con una tela y observan la obra a trav\u00e9s de una mirilla.<\/span><\/p>\n<p><span style=\"font-family: arial, helvetica, sans-serif; font-size: 10pt;\">El actor\/manipulador se ubica en el lado opuesto de la caja y pone en escena la obra, manipulando la iluminaci\u00f3n, el sonido, utiler\u00eda, los mu\u00f1ecos y objetos).<\/span><\/p>\n<p><span style=\"font-family: arial, helvetica, sans-serif; font-size: 10pt;\">En este link hay un manual completo acerca de c\u00f3mo realizar una \u00abcaja m\u00e1gica\u00bb: <a href=\"https:\/\/issuu.com\/baulteatro\/docs\/cajas_misteriosas_en_m__xico\">https:\/\/issuu.com\/baulteatro\/docs\/cajas_misteriosas_en_m__xico<\/a><br \/>\n<\/span><\/p>\n<p style=\"text-align: center;\"><span style=\"font-family: arial, helvetica, sans-serif; font-size: 10pt;\"><img decoding=\"async\" loading=\"lazy\" src=\"https:\/\/lh3.googleusercontent.com\/-4ZlP84Bv458\/WZD64WjfG2I\/AAAAAAAACYo\/e8tDyDKPbksn_kBIAZfOsigLNCyDMsUiACL0BGAs\/s795-d-p-rw\/Teatro%2B4%2Belementos.jpg\" width=\"492\" height=\"492\" border=\"0\" \/><\/span><\/p>\n","protected":false},"excerpt":{"rendered":"<p>En el espacio de la materia Lenguajes Art\u00edsticos Expresivos 1:\u00a0Teatro, que dicta la profesora Carmen Orme\u00f1o, alumnas del PEI investigaron y realizaron cajitas lambe lambe. Adem\u00e1s de armar sus cajitas, para inspirarse realizaron una entrevista a un titiritero que vive en Tenerife.\u00a0 Comenta la profesora \u201cEl proceso creativo es lo m\u00e1s rico que se vivi\u00f3 &#8230; <a title=\"Proyecto cajitas lambe lambe\" class=\"read-more\" href=\"https:\/\/ens6-caba.infd.edu.ar\/sitio\/proyectos-y-salidas-didacticas-pei-proyecto-cajitas-lambe-lambe\/\" aria-label=\"More on Proyecto cajitas lambe lambe\">[+]<\/a><\/p>\n","protected":false},"author":7,"featured_media":0,"parent":0,"menu_order":0,"comment_status":"closed","ping_status":"closed","template":"","meta":[],"acf":[],"_links":{"self":[{"href":"https:\/\/ens6-caba.infd.edu.ar\/sitio\/wp-json\/wp\/v2\/pages\/1228"}],"collection":[{"href":"https:\/\/ens6-caba.infd.edu.ar\/sitio\/wp-json\/wp\/v2\/pages"}],"about":[{"href":"https:\/\/ens6-caba.infd.edu.ar\/sitio\/wp-json\/wp\/v2\/types\/page"}],"author":[{"embeddable":true,"href":"https:\/\/ens6-caba.infd.edu.ar\/sitio\/wp-json\/wp\/v2\/users\/7"}],"replies":[{"embeddable":true,"href":"https:\/\/ens6-caba.infd.edu.ar\/sitio\/wp-json\/wp\/v2\/comments?post=1228"}],"version-history":[{"count":1,"href":"https:\/\/ens6-caba.infd.edu.ar\/sitio\/wp-json\/wp\/v2\/pages\/1228\/revisions"}],"predecessor-version":[{"id":1312,"href":"https:\/\/ens6-caba.infd.edu.ar\/sitio\/wp-json\/wp\/v2\/pages\/1228\/revisions\/1312"}],"wp:attachment":[{"href":"https:\/\/ens6-caba.infd.edu.ar\/sitio\/wp-json\/wp\/v2\/media?parent=1228"}],"curies":[{"name":"wp","href":"https:\/\/api.w.org\/{rel}","templated":true}]}}