{"id":1221,"date":"2018-08-29T14:45:28","date_gmt":"2018-08-29T17:45:28","guid":{"rendered":"https:\/\/ens6-caba.infd.edu.ar\/sitio\/calendario-academico-2018\/"},"modified":"2026-03-05T11:05:20","modified_gmt":"2026-03-05T14:05:20","slug":"calendario-academico-cfp","status":"publish","type":"page","link":"https:\/\/ens6-caba.infd.edu.ar\/sitio\/calendario-academico-cfp\/","title":{"rendered":"CALENDARIO ACAD\u00c9MICO"},"content":{"rendered":"\n<p><\/p>\n\n\n\n<h3 class=\"wp-block-heading\">CICLO DE FORMACI\u00d3N PEDAG\u00d3GICA PARA PROFESIONALES Y T\u00c9CNICOS SUPERIORES<\/h3>\n\n\n<div class=\"wp-block-image\">\n<figure class=\"aligncenter size-full\"><img decoding=\"async\" loading=\"lazy\" width=\"661\" height=\"807\" src=\"https:\/\/ens6-caba.infd.edu.ar\/sitio\/wp-content\/uploads\/2026\/03\/CFP26.png\" alt=\"\" class=\"wp-image-7764\"\/><\/figure><\/div>","protected":false},"excerpt":{"rendered":"<p>CICLO DE FORMACI\u00d3N PEDAG\u00d3GICA PARA PROFESIONALES Y T\u00c9CNICOS SUPERIORES<\/p>\n","protected":false},"author":663,"featured_media":0,"parent":0,"menu_order":0,"comment_status":"closed","ping_status":"closed","template":"","meta":[],"acf":[],"_links":{"self":[{"href":"https:\/\/ens6-caba.infd.edu.ar\/sitio\/wp-json\/wp\/v2\/pages\/1221"}],"collection":[{"href":"https:\/\/ens6-caba.infd.edu.ar\/sitio\/wp-json\/wp\/v2\/pages"}],"about":[{"href":"https:\/\/ens6-caba.infd.edu.ar\/sitio\/wp-json\/wp\/v2\/types\/page"}],"author":[{"embeddable":true,"href":"https:\/\/ens6-caba.infd.edu.ar\/sitio\/wp-json\/wp\/v2\/users\/663"}],"replies":[{"embeddable":true,"href":"https:\/\/ens6-caba.infd.edu.ar\/sitio\/wp-json\/wp\/v2\/comments?post=1221"}],"version-history":[{"count":31,"href":"https:\/\/ens6-caba.infd.edu.ar\/sitio\/wp-json\/wp\/v2\/pages\/1221\/revisions"}],"predecessor-version":[{"id":7768,"href":"https:\/\/ens6-caba.infd.edu.ar\/sitio\/wp-json\/wp\/v2\/pages\/1221\/revisions\/7768"}],"wp:attachment":[{"href":"https:\/\/ens6-caba.infd.edu.ar\/sitio\/wp-json\/wp\/v2\/media?parent=1221"}],"curies":[{"name":"wp","href":"https:\/\/api.w.org\/{rel}","templated":true}]}}