{"id":1200,"date":"2018-08-29T14:45:20","date_gmt":"2018-08-29T17:45:20","guid":{"rendered":"https:\/\/ens6-caba.infd.edu.ar\/sitio\/inscripcion-cfp-2018\/"},"modified":"2026-04-10T14:35:11","modified_gmt":"2026-04-10T17:35:11","slug":"inscripcion-cfp","status":"publish","type":"page","link":"https:\/\/ens6-caba.infd.edu.ar\/sitio\/inscripcion-cfp\/","title":{"rendered":"Inscripci\u00f3n 2026"},"content":{"rendered":"\n<p class=\"has-text-align-center\"><strong>CICLO DE FORMACI\u00d3N PEDAG\u00d3GICA<\/strong><\/p>\n\n\n\n<p class=\"has-text-align-center\"><strong>PARA PROFESIONALES Y T\u00c9CNICOS SUPERIORES<\/strong><\/p>\n\n\n\n<p class=\"has-text-align-center\"><strong>(RESOLUCI\u00d3N N\u00b0 378\/SSGECP\/2014)<\/strong><\/p>\n\n\n\n<p class=\"has-text-align-center\"><\/p>\n\n\n\n<h3 class=\"wp-block-heading has-text-align-center has-light-green-cyan-background-color has-background has-large-font-size\">La Inscripci\u00f3n al 2do. cuatrimestre ser\u00e1 del 1 de Junio              al 3 de Julio   <\/h3>\n\n\n\n<p><\/p>\n\n\n\n<p><strong><mark style=\"background-color:rgba(0, 0, 0, 0)\" class=\"has-inline-color has-accent-color\">Informaci\u00f3n a tener en cuenta:<\/mark><\/strong><\/p>\n\n\n\n<p><strong>EL SIU<\/strong> <strong>NO SE ACEPTA INSCRIPCIONES FUERA DE T\u00c9RMINO Y NO HABRA LISTA DE ESPERA.<\/strong><\/p>\n\n\n\n<p><strong>El ciclo se dicta de lunes a viernes en los turnos tarde y vespertino y los s\u00e1bados en turno ma\u00f1ana.<\/strong><\/p>\n\n\n\n<p><strong>La asignaci\u00f3n de la vacante ser\u00e1 otorgada a trav\u00e9s del sorteo realizado por el GCBA.<\/strong><\/p>\n\n\n\n<p><strong>Se realiza un curso de ingreso de car\u00e1cter obligatorio antes de iniciar la cursada.<\/strong><\/p>\n\n\n\n<p><strong>TODAS LAS FECHAS EST\u00c1N PUBLICADAS EN EL CALENDARIO ACAD\u00c9MICO.<\/strong> Revisar antes de inscribirse: <a rel=\"noreferrer noopener\" href=\"https:\/\/ens6-caba.infd.edu.ar\/sitio\/calendario-academico-cfp\/\" data-type=\"URL\" data-id=\"https:\/\/ens6-caba.infd.edu.ar\/sitio\/calendario-academico-cfp\/\" target=\"_blank\">https:\/\/ens6-caba.infd.edu.ar\/sitio\/calendario-academico-cfp<\/a><\/p>\n\n\n\n<p>Pasos <strong>A y B<\/strong> para la preinscripci\u00f3n: revisa bien &#x1f9d0; desde que link tienes que ingresar.<\/p>\n\n\n\n<p>Instructivo para que te orientes en SIU&#x1f60a;:<\/p>\n\n\n\n<p><a href=\"https:\/\/drive.google.com\/file\/d\/1yljZWZS7SxzXikmLhSo3dxlGOoTFl4XL\/view?usp=sharing\">https:\/\/drive.google.com\/file\/d\/1yljZWZS7SxzXikmLhSo3dxlGOoTFl4XL\/view?usp=sharing<\/a><\/p>\n\n\n\n<p class=\"has-text-color\" style=\"color:#5917f4\"><strong>A- LINK:<\/strong> <strong>PREINSCRIPCI\u00d3N EN SIU GUARAN\u00cd DE CABA: <\/strong>En el sitio <a href=\"https:\/\/guarani-autogestionfdocente.bue.edu.ar\/preinscripcion\/caba\/acceso\"><u>https:\/\/guarani-autogestionfdocente.bue.edu.ar\/preinscripcion\/caba\/acceso<\/u><\/a><\/p>\n\n\n\n<p>En el caso de que te hayas inscripto\/a con anterioridad a <strong>otra carrera<\/strong> de la Ciudad de Buenos Aires que utilice el sistema SIU, deber\u00e1s ingresar por el m\u00f3dulo de autogesti\u00f3n:<\/p>\n\n\n\n<p class=\"has-text-color\" style=\"color:#5c10cf\"><strong>LINK:<\/strong> <a href=\"https:\/\/guarani-autogestionfdocente.bue.edu.ar\/\">https:\/\/guarani-autogestionfdocente.bue.edu.ar\/<\/a><\/p>\n\n\n\n<p><strong>Para finalizar la inscripci\u00f3n debes bajar el PDF. (NO SON V\u00c1LIDAS CAPTURAS DE PANTALLA<\/strong>) <\/p>\n\n\n\n<p><strong>B-<\/strong> <strong>ENV\u00cdO DE LA DOCUMENTACI\u00d3N AL CORREO DE INSCRIPCI\u00d3N DEL ENS 6:<\/strong> <a href=\"mailto:ens6.inscripcion@bue.edu.ar\"><u>ens6.inscripcion@bue.edu.ar<\/u><\/a> (este correo es solo para  el per\u00edodo de preinscripci\u00f3n)<\/p>\n\n\n\n<ol type=\"a\">\n<li><strong>DNI<\/strong> ambas caras<\/li>\n\n\n\n<li><strong>T\u00cdTULO DE NIVEL SUPERIOR<\/strong>: se debe contar con t\u00edtulo de nivel superior universitario o t\u00e9cnico superior (no secundario) de <strong>1600 horas reloj equivalente a tres a\u00f1os de duraci\u00f3n<\/strong>. Bedel\u00eda puede pedir documentaci\u00f3n adicional que acredite este requisito si el t\u00edtulo presentado no lo explicita. SE ACEPTAN CONSTANCIAS DE T\u00cdTULO EN TR\u00c1MITE.<\/li>\n\n\n\n<li><strong>INCUMBENCIAS PEDAG\u00d3GICAS PARA LA CIUDAD DE BUENOS AIRES<\/strong>: es el listado de asignaturas que el aspirante debe dictar en el \u00e1mbito de la CABA seg\u00fan la titulaci\u00f3n presentada. Para conseguirlo, debe enviar un mail a <a href=\"mailto:comisi%C3%B3n.titulos@bue.edu.ar\">comision.titulos@bue.edu.ar<\/a> indicando t\u00edtulo e instituci\u00f3n que lo emiti\u00f3. Le enviar\u00e1n un archivo en PDF que debe enviarnos. <strong>Se deja expresa constancia que es requisito de ingreso poseer, al menos, una incumbencias habilitantes (PROFESOR DE&#8230;) en el nivel secundario.<\/strong><\/li>\n\n\n\n<li><strong>COMPROBANTE DE PREINSCRIPCI\u00d3N AL SISTEMA SIU GUARAN\u00cd. <\/strong>Lo obtiene al darle click al bot\u00f3n \u201cimprimir\u201d en la pantalla de finalizaci\u00f3n de inscripci\u00f3n, para luego \u201cbajar en pdf\u201d. Si se inscribe por autogesti\u00f3n, no le otorgar\u00e1 comprobante, s\u00f3lo avise que se inscribi\u00f3 por all\u00ed. NO SE ACEPTAN CAPTURAS DE PANTALLA.<\/li>\n<\/ol>\n\n\n\n<p>La preinscripci\u00f3n no asegura el ingreso, puesto que contamos con m\u00e1s aspirantes que vacantes. La lista final de ingresantes para el primer cuatrimestre se publicar\u00e1 en esta p\u00e1gina, una vez producido el sorteo en el Ministerio de Educaci\u00f3n de CABA que establece un orden de prioridad con los \u00faltimos tres d\u00edgitos del DNI. <strong>La ENS 6 no interviene en dicho sorteo.<\/strong><\/p>\n\n\n\n<p>La documentaci\u00f3n deber\u00e1 ser presentada en original y copia durante el curso de ingreso, <strong>no durante el per\u00edodo de inscripci\u00f3n.<\/strong> S\u00f3lo deber\u00e1n hacerlo quienes reciban la confirmaci\u00f3n de vacante por correo electr\u00f3nico. <\/p>\n\n\n\n<p>El curso de ingreso es obligatorio y de tu asistencia depender\u00e1 que pueda cursar (no se aceptan constancias por viaje).<\/p>\n\n\n\n<p>Para consultas sobre cursada, plan de estudios u otros temas acad\u00e9micos puede consultar este sitio <a href=\"https:\/\/ens6-caba.infd.edu.ar\/sitio\/organizacion-y-plan-de-estudio\/\">https:\/\/ens6-caba.infd.edu.ar\/sitio\/organizacion-y-plan-de-estudio\/<\/a><\/p>\n\n\n\n<p><\/p>\n\n\n\n<p><\/p>\n\n\n\n<p><\/p>\n\n\n\n<p><\/p>\n\n\n\n<p class=\"has-text-align-center has-contrast-color has-text-color\" style=\"font-size:18px\"><\/p>\n\n\n\n<p class=\"has-text-align-center has-contrast-color has-light-green-cyan-background-color has-text-color has-background\" style=\"font-size:16px\">E.N.S.N\u00b0 6 \u201cVicente L\u00f3pez y Planes \u201c<\/p>\n\n\n\n<p class=\"has-text-align-center has-contrast-color has-light-green-cyan-background-color has-text-color has-background\" style=\"font-size:16px\">Direcci\u00f3n: G\u00fcemes 3859 \u2013 CABA<\/p>\n\n\n\n<p class=\"has-text-align-center has-contrast-color has-light-green-cyan-background-color has-text-color has-background\" style=\"font-size:16px\">Bedel\u00eda del Ciclo de Formaci\u00f3n Pedag\u00f3gica: primer piso, segundo pasillo a la derecha<\/p>\n\n\n\n<p class=\"has-text-align-center has-contrast-color has-light-green-cyan-background-color has-text-color has-background\" style=\"font-size:16px\">Mail: <a href=\"mailto:cfpnormal6@gmail.com\">cfpnormal6@gmail.com<\/a><\/p>\n\n\n\n<p class=\"has-text-align-center has-contrast-color has-light-green-cyan-background-color has-text-color has-background\" style=\"font-size:16px\">Horario de atenci\u00f3n para tr\u00e1mites: de lunes a viernes de 18:30 a 20:30 Hs<\/p>\n","protected":false},"excerpt":{"rendered":"<p>CICLO DE FORMACI\u00d3N PEDAG\u00d3GICA PARA PROFESIONALES Y T\u00c9CNICOS SUPERIORES (RESOLUCI\u00d3N N\u00b0 378\/SSGECP\/2014) La Inscripci\u00f3n al 2do. cuatrimestre ser\u00e1 del 1 de Junio al 3 de Julio Informaci\u00f3n a tener en cuenta: EL SIU NO SE ACEPTA INSCRIPCIONES FUERA DE T\u00c9RMINO Y NO HABRA LISTA DE ESPERA. El ciclo se dicta de lunes a viernes en &#8230; <a title=\"Inscripci\u00f3n 2026\" class=\"read-more\" href=\"https:\/\/ens6-caba.infd.edu.ar\/sitio\/inscripcion-cfp\/\" aria-label=\"More on Inscripci\u00f3n 2026\">[+]<\/a><\/p>\n","protected":false},"author":663,"featured_media":0,"parent":0,"menu_order":0,"comment_status":"closed","ping_status":"closed","template":"","meta":[],"acf":[],"_links":{"self":[{"href":"https:\/\/ens6-caba.infd.edu.ar\/sitio\/wp-json\/wp\/v2\/pages\/1200"}],"collection":[{"href":"https:\/\/ens6-caba.infd.edu.ar\/sitio\/wp-json\/wp\/v2\/pages"}],"about":[{"href":"https:\/\/ens6-caba.infd.edu.ar\/sitio\/wp-json\/wp\/v2\/types\/page"}],"author":[{"embeddable":true,"href":"https:\/\/ens6-caba.infd.edu.ar\/sitio\/wp-json\/wp\/v2\/users\/663"}],"replies":[{"embeddable":true,"href":"https:\/\/ens6-caba.infd.edu.ar\/sitio\/wp-json\/wp\/v2\/comments?post=1200"}],"version-history":[{"count":156,"href":"https:\/\/ens6-caba.infd.edu.ar\/sitio\/wp-json\/wp\/v2\/pages\/1200\/revisions"}],"predecessor-version":[{"id":8009,"href":"https:\/\/ens6-caba.infd.edu.ar\/sitio\/wp-json\/wp\/v2\/pages\/1200\/revisions\/8009"}],"wp:attachment":[{"href":"https:\/\/ens6-caba.infd.edu.ar\/sitio\/wp-json\/wp\/v2\/media?parent=1200"}],"curies":[{"name":"wp","href":"https:\/\/api.w.org\/{rel}","templated":true}]}}