{"id":1198,"date":"2018-08-29T14:45:19","date_gmt":"2018-08-29T17:45:19","guid":{"rendered":"https:\/\/ens6-caba.infd.edu.ar\/sitio\/inscripcion-2018\/"},"modified":"2025-12-10T20:26:28","modified_gmt":"2025-12-10T23:26:28","slug":"inscripcion","status":"publish","type":"page","link":"https:\/\/ens6-caba.infd.edu.ar\/sitio\/inscripcion\/","title":{"rendered":"Inscripci\u00f3n 1er Cuatrimestre 2026:"},"content":{"rendered":"\n<p><\/p>\n\n\n\n<p><strong>INSCRIPCI\u00d3N PRIMER CUATRIMESTRE 202<\/strong>6<\/p>\n\n\n\n<p>HASTA EL 20 DE FEBRERO 2026<\/p>\n\n\n\n<p><strong>La carrera se dicta en turno tarde y turno vespertino.<\/strong><\/p>\n\n\n\n<p class=\"has-text-align-center has-text-color has-background\" style=\"color:#880325;background-color:#e99eb0;font-size:28px\"><strong>\u00bfQu\u00e9 pasos debo seguir para inscribirme?<\/strong><\/p>\n\n\n\n<ol>\n<li><strong>Preinscripci\u00f3n por SIU-Guaran\u00ed\u00ad<\/strong> en <a rel=\"noreferrer noopener\" href=\"https:\/\/guarani-autogestionfdocente.bue.edu.ar\/preinscripcion\/caba\/\" target=\"_blank\">https:\/\/guarani-autogestionfdocente.bue.edu.ar\/preinscripcion\/caba\/<\/a><\/li>\n<\/ol>\n\n\n\n<p>Cre\u00e1 tu usuario y contrase\u00f1a. Ingres\u00e1 y complet\u00e1 el formulario de preinsccripci\u00f3n. Ten\u00e9s que imprimirlo ya que lo vas a tener que presentar en nuestra instituci\u00f3n.Al finalizarla vas a recibir un Nro de comprobante a tu correo electr\u00f3nico.<\/p>\n\n\n\n<p><a href=\"https:\/\/docs.google.com\/forms\/d\/e\/1FAIpQLSfZ4WuEPhqZq-rabh4jQKbjm7Us4glHWZK4NuThraJG5BzQVA\/viewform\">https:\/\/docs.google.com\/forms\/d\/e\/1FAIpQLSfZ4WuEPhqZq-rabh4jQKbjm7Us4glHWZK4NuThraJG5BzQVA\/viewform<\/a><\/p>\n\n\n\n<p>si YA se encuentran registrados en el sistema Siu Guaran\u00ed por haberse inscripto a otro profesorado. Deber\u00e1n usar el m\u00f3dulo de autogesti\u00f3n cuyo enlace es <strong><a href=\"https:\/\/guarani-autogestionfdocente.bue.edu.ar\/\">https:\/\/guarani-autogestionfdocente.bue.edu.ar\/<\/a><\/strong><\/p>\n\n\n\n<p><strong>Recuerden que deben subir el archivo del DNI y el t\u00edtulo secundario al sistema cuando realicen la pre-inscripci\u00f3n para que la misma quede completa.<\/strong><\/p>\n\n\n\n<p> Pod\u00e9s acercarte a bedel\u00eda en G\u00fcemes 3859 PB, de lunes a viernes de 14.00 a 16.00 o de 18.00 a 20.00 Hs.<\/p>\n\n\n\n<p>2. <strong>Presentaci\u00f3n de la documentaci\u00f3n<\/strong> en la Instituci\u00f3n en G\u00fcemes 3859 CABA.<\/p>\n\n\n\n<p>Horario: de 14.00 a 16.00 y de 18:00 a 20:00 Hs.<\/p>\n\n\n\n<p class=\"has-contrast-color has-text-color\">Te recordamos que para poder otorgarte la vacante en el profesorado necesitamos, que te acerques a la bedel\u00eda (P.B. fondo) y entregues la siguiente documentaci\u00f3n: <\/p>\n\n\n\n<p><\/p>\n\n\n\n<ul>\n<li><strong>fotocopia del DNI<\/strong><\/li>\n\n\n\n<li><strong>partida de nacimiento<\/strong><\/li>\n\n\n\n<li><strong>fotocopia del t\u00edtulo secundaria o constancia de t\u00edtulo en tr\u00e1mite<\/strong><\/li>\n\n\n\n<li><strong>foto carnet<\/strong><\/li>\n\n\n\n<li><strong>planilla de inscripci\u00f3<\/strong>n <a href=\"https:\/\/ens6-caba.infd.edu.ar\/sitio\/wp-content\/uploads\/2025\/06\/Planilla-PEI-ingresantes-2.doc\" data-type=\"URL\" data-id=\"https:\/\/ens6-caba.infd.edu.ar\/sitio\/wp-content\/uploads\/2025\/06\/Planilla-PEI-ingresantes-2.doc\">https:\/\/ens6-caba.infd.edu.ar\/sitio\/wp-content\/uploads\/2025\/06\/Planilla-PEI-ingresantes-2.doc<\/a><img decoding=\"async\" class=\"wp-image-6415\" style=\"width: NaNpx;\" src=\"https:\/\/ens6-caba.infd.edu.ar\/sitio\/wp-content\/uploads\/2025\/06\/Planilla-PEI-ingresantes-2.doc\" alt=\"\"><img decoding=\"async\" class=\"wp-image-6414\" style=\"width: NaNpx;\" src=\"https:\/\/ens6-caba.infd.edu.ar\/sitio\/wp-content\/uploads\/2025\/06\/Planilla-PEI-ingresantes-1.doc\" alt=\"\"><img decoding=\"async\" class=\"wp-image-6413\" style=\"width: NaNpx;\" src=\"https:\/\/ens6-caba.infd.edu.ar\/sitio\/wp-content\/uploads\/2025\/06\/Planilla-PEI-ingresantes.doc\" alt=\"\"><\/li>\n\n\n\n<li><strong>fotocopia del comprobante de preinscripci\u00f3n otorgada por siu-guaran\u00ed.<\/strong><\/li>\n\n\n\n<li><strong>formulario de ficha <\/strong>m\u00e9dica (<a href=\"https:\/\/ens6-caba.infd.edu.ar\/sitio\/wp-content\/uploads\/2025\/06\/FICHA-MEDICA.pdf\" data-type=\"URL\" data-id=\"https:\/\/ens6-caba.infd.edu.ar\/sitio\/wp-content\/uploads\/2025\/06\/FICHA-MEDICA.pdf\">https:\/\/ens6-caba.infd.edu.ar\/sitio\/wp-content\/uploads\/2025\/06\/FICHA-MEDICA.pdf<\/a>)<\/li>\n<\/ul>\n\n\n\n<p><\/p>\n\n\n\n<p style=\"font-size:19px\">3. Si llegas a tener dificultades en el proceso de inscripci\u00f3n te pedimos que escribas a Mesa de Ayuda del SIU <a rel=\"noreferrer noopener\" href=\"https:\/\/docs.google.com\/forms\/d\/e\/1FAIpQLSfZ4WuEPhqZq-rabh4jQKbjm7Us4glHWZK4NuThraJG5BzQVA\/viewform\" target=\"_blank\">https:\/\/docs.google.com\/forms\/d\/e\/1FAIpQLSfZ4WuEPhqZq-rabh4jQKbjm7Us4glHWZK4NuThraJG5BzQVA\/viewform<\/a>. Solo podr\u00e1n ser revisados los casos que hayan realizado el reclamo. <\/p>\n\n\n\n<p style=\"font-size:19px\">Pasada la fecha de inscripci\u00f3n, y en el caso de no haber realizado el reclamo pertinente, a Mesa de Ayuda , no se podr\u00e1 confirmar la inscripci\u00f3n ni otorga la vacante. <\/p>\n\n\n\n<p class=\"has-text-align-center has-text-color has-background\" style=\"color:#880325;background-color:#e99eb0;font-size:28px\"><strong>Informaci\u00f3n importante para tu preinscripci\u00f3n<\/strong><\/p>\n\n\n\n<ul>\n<li>Asegurate de tener una direcci\u00f3n de correo electr\u00f3nico v\u00e1lida que funcione correctamente. Con ese correo electr\u00f3nico vas a crear tu usuario y contrase\u00f1a. Adem\u00e1s, all\u00ed vas a recibir cualquier comunicaci\u00f3n sobre tu preinscripci\u00f3n.<\/li>\n\n\n\n<li>Cuando comiences la preinscripci\u00f3n, verific\u00e1 que los datos b\u00e1sicos que cargues sean los correctos.<\/li>\n\n\n\n<li>Ten\u00e9 en cuenta que la preinscripci\u00f3n que vas a realizar no se completa hasta que imprimas el formulario de preinscripci\u00f3n que emite SIU-Guaran\u00ed y lo presentes junto a la documentaci\u00f3n pertinente en el Instituto al que te inscribas. Pod\u00e9s imprimirlo en pdf y despu\u00e9s guardar ese documento.<\/li>\n\n\n\n<li>Toda la informaci\u00f3n que cargues en el formulario de preinscripci\u00f3n reviste car\u00e1cter de Declaraci\u00f3n Jurada.<\/li>\n\n\n\n<li>La inscripci\u00f3n estar\u00e1 habilitada a una sola carrera en una sola instituci\u00f3n por persona.<\/li>\n\n\n\n<li>La asignaci\u00f3n de vacantes quedar\u00e1 supeditada a la disponibilidad de cada carrera.<\/li>\n<\/ul>\n\n\n\n<div class=\"wp-block-group has-text-color is-layout-flow\" style=\"color:#890930\"><div class=\"wp-block-group__inner-container\">\n<p style=\"font-size:26px\">E.N.S.N\u00b0 6 \u201cVicente L\u00f3pez y Planes \u201c <\/p>\n\n\n\n<p class=\"has-medium-font-size\">Direcci\u00f3n: G\u00fcemes 3859 &#8211; CABA<\/p>\n\n\n\n<p class=\"has-medium-font-size\">Bedel\u00eda del Profesorado de Educaci\u00f3n Inicial: Planta Baja al fondo<\/p>\n\n\n\n<p class=\"has-medium-font-size\">Horario: de 14.00 a 16.00 y de 18:00 a 20:00 Hs.<\/p>\n<\/div><\/div>\n","protected":false},"excerpt":{"rendered":"<p>INSCRIPCI\u00d3N PRIMER CUATRIMESTRE 2026 HASTA EL 20 DE FEBRERO 2026 La carrera se dicta en turno tarde y turno vespertino. \u00bfQu\u00e9 pasos debo seguir para inscribirme? Cre\u00e1 tu usuario y contrase\u00f1a. Ingres\u00e1 y complet\u00e1 el formulario de preinsccripci\u00f3n. Ten\u00e9s que imprimirlo ya que lo vas a tener que presentar en nuestra instituci\u00f3n.Al finalizarla vas a &#8230; <a title=\"Inscripci\u00f3n 1er Cuatrimestre 2026:\" class=\"read-more\" href=\"https:\/\/ens6-caba.infd.edu.ar\/sitio\/inscripcion\/\" aria-label=\"More on Inscripci\u00f3n 1er Cuatrimestre 2026:\">[+]<\/a><\/p>\n","protected":false},"author":663,"featured_media":0,"parent":0,"menu_order":0,"comment_status":"closed","ping_status":"closed","template":"","meta":[],"acf":[],"_links":{"self":[{"href":"https:\/\/ens6-caba.infd.edu.ar\/sitio\/wp-json\/wp\/v2\/pages\/1198"}],"collection":[{"href":"https:\/\/ens6-caba.infd.edu.ar\/sitio\/wp-json\/wp\/v2\/pages"}],"about":[{"href":"https:\/\/ens6-caba.infd.edu.ar\/sitio\/wp-json\/wp\/v2\/types\/page"}],"author":[{"embeddable":true,"href":"https:\/\/ens6-caba.infd.edu.ar\/sitio\/wp-json\/wp\/v2\/users\/663"}],"replies":[{"embeddable":true,"href":"https:\/\/ens6-caba.infd.edu.ar\/sitio\/wp-json\/wp\/v2\/comments?post=1198"}],"version-history":[{"count":72,"href":"https:\/\/ens6-caba.infd.edu.ar\/sitio\/wp-json\/wp\/v2\/pages\/1198\/revisions"}],"predecessor-version":[{"id":7523,"href":"https:\/\/ens6-caba.infd.edu.ar\/sitio\/wp-json\/wp\/v2\/pages\/1198\/revisions\/7523"}],"wp:attachment":[{"href":"https:\/\/ens6-caba.infd.edu.ar\/sitio\/wp-json\/wp\/v2\/media?parent=1198"}],"curies":[{"name":"wp","href":"https:\/\/api.w.org\/{rel}","templated":true}]}}