{"id":1196,"date":"2018-08-29T14:45:19","date_gmt":"2018-08-29T17:45:19","guid":{"rendered":"https:\/\/ens6-caba.infd.edu.ar\/sitio\/normativas\/"},"modified":"2025-10-22T18:27:17","modified_gmt":"2025-10-22T21:27:17","slug":"normativas","status":"publish","type":"page","link":"https:\/\/ens6-caba.infd.edu.ar\/sitio\/normativas\/","title":{"rendered":"Normativas"},"content":{"rendered":"<p><span style=\"font-size: 12pt;\">Reglamento Org\u00e1nico Institucional (ROI)\u00a0\u00a0<a href=\"https:\/\/ens6-caba.infd.edu.ar\/sitio\/wp-content\/uploads\/2019\/09\/res_ssgeycp_191_14a.pdf\" target=\"_blank\" rel=\"noopener\">res_ssgeycp_191_14a<\/a>\u00a0 Resoluci\u00f3n\u00a0<a href=\"https:\/\/ens6-caba.infd.edu.ar\/sitio\/wp-content\/uploads\/2019\/09\/res_ssgeycp_191_14.pdf\" target=\"_blank\" rel=\"noopener\">res_ssgeycp_191_14<\/a><\/span><\/p>\n<p><span style=\"font-size: 12pt;\">R\u00e9gimen Acad\u00e9mico Institucional (<a title=\"RAI\" href=\"https:\/\/documentosboletinoficial.buenosaires.gob.ar\/publico\/PE-RES-MEGC-MEGC-3840-15-ANX.pdf\" target=\"_blank\" rel=\"noopener\"><strong>RAI<\/strong><\/a>)<\/span><\/p>\n<p>R\u00e9gimen de Convivencia para el Nivel Medio &#8211; <strong><a href=\"https:\/\/www.buenosaires.gob.ar\/sites\/gcaba\/files\/ley_223_sistema_escolar_de_convivencia_-.pdf\">Ley 223<\/a><\/strong> Sistema Escolar de Convivencia<\/p>\n\n\n<p><\/p>\n","protected":false},"excerpt":{"rendered":"<p>Reglamento Org\u00e1nico Institucional (ROI)\u00a0\u00a0res_ssgeycp_191_14a\u00a0 Resoluci\u00f3n\u00a0res_ssgeycp_191_14 R\u00e9gimen Acad\u00e9mico Institucional (RAI) R\u00e9gimen de Convivencia para el Nivel Medio &#8211; Ley 223 Sistema Escolar de Convivencia<\/p>\n","protected":false},"author":7,"featured_media":0,"parent":0,"menu_order":0,"comment_status":"closed","ping_status":"closed","template":"","meta":[],"acf":[],"_links":{"self":[{"href":"https:\/\/ens6-caba.infd.edu.ar\/sitio\/wp-json\/wp\/v2\/pages\/1196"}],"collection":[{"href":"https:\/\/ens6-caba.infd.edu.ar\/sitio\/wp-json\/wp\/v2\/pages"}],"about":[{"href":"https:\/\/ens6-caba.infd.edu.ar\/sitio\/wp-json\/wp\/v2\/types\/page"}],"author":[{"embeddable":true,"href":"https:\/\/ens6-caba.infd.edu.ar\/sitio\/wp-json\/wp\/v2\/users\/7"}],"replies":[{"embeddable":true,"href":"https:\/\/ens6-caba.infd.edu.ar\/sitio\/wp-json\/wp\/v2\/comments?post=1196"}],"version-history":[{"count":6,"href":"https:\/\/ens6-caba.infd.edu.ar\/sitio\/wp-json\/wp\/v2\/pages\/1196\/revisions"}],"predecessor-version":[{"id":6979,"href":"https:\/\/ens6-caba.infd.edu.ar\/sitio\/wp-json\/wp\/v2\/pages\/1196\/revisions\/6979"}],"wp:attachment":[{"href":"https:\/\/ens6-caba.infd.edu.ar\/sitio\/wp-json\/wp\/v2\/media?parent=1196"}],"curies":[{"name":"wp","href":"https:\/\/api.w.org\/{rel}","templated":true}]}}