{"id":1188,"date":"2018-08-29T14:45:15","date_gmt":"2018-08-29T17:45:15","guid":{"rendered":"https:\/\/ens6-caba.infd.edu.ar\/sitio\/organizacion-y-plan-de-estudio\/"},"modified":"2026-03-20T19:09:12","modified_gmt":"2026-03-20T22:09:12","slug":"organizacion-y-plan-de-estudio","status":"publish","type":"page","link":"https:\/\/ens6-caba.infd.edu.ar\/sitio\/organizacion-y-plan-de-estudio\/","title":{"rendered":"Organizaci\u00f3n y Plan de Estudio"},"content":{"rendered":"<p style=\"text-align: center;\"><span style=\"font-size: 14pt;\"><strong>Ciclo de Formaci\u00f3n Pedag\u00f3gica para Profesionales y T\u00e9cnicos Superiores para los Niveles Medio y Superior no Universitario<\/strong><\/span><\/p>\n<p style=\"text-align: center;\">\u00a0<strong>Resoluci\u00f3n 378\/14 SSGECP<\/strong><\/p>\n<p style=\"text-align: center;\">\n<p><strong><span style=\"text-decoration: underline;\">&#8211; T\u00edtulo o certificado que otorga<\/span><\/strong><\/p>\n<p>Certificaci\u00f3n de Formaci\u00f3n Pedag\u00f3gica para Profesionales y T\u00e9cnicos Superiores para los Niveles Medio y Superior no Universitario<\/p>\n<p><strong>\u00a0&#8211; <span style=\"text-decoration: underline;\">Requisitos de ingreso<\/span><\/strong><\/p>\n<p>Poseer t\u00edtulo de T\u00e9cnico Superior (formaci\u00f3n de 1600 horas reloj)\u00a0 o Profesional Universitario con t\u00edtulo de grado.<\/p>\n<p><strong>\u00a0&#8211; <span style=\"text-decoration: underline;\">Perfil del egresado y alcances de la titulaci\u00f3n<\/span> <\/strong><\/p>\n<p>El T\u00e9cnico Superior o Profesional universitario con el Ciclo de Formaci\u00f3n Pedag\u00f3gica estar\u00e1 capacitado para planificar, implementar y evaluar procesos de ense\u00f1anza y \u00a0aprendizaje, contemplando las caracter\u00edsticas de los grupos, las problem\u00e1ticas de la realidad educativa, la normativa vigente y los lineamientos curriculares e institucionales de la instituci\u00f3n educativa en la cual se desempe\u00f1e, se trate de establecimientos de gesti\u00f3n p\u00fablica o privada de los niveles medio y superior no universitario.<\/p>\n<p>Contar\u00e1 con capacidades y conocimientos para:<\/p>\n<p>&#8211; Interpretar pol\u00edticas educativas y marcos normativos que atraviesan y regulan el \u00e1mbito en el que se desempe\u00f1e.<\/p>\n<p>&#8211; Relevar, analizar y comparar informaci\u00f3n disponible del sistema y realidad educativa -en particular de los niveles educativos medio y superior- que sea pertinente para la toma de decisiones en el ejercicio del rol docente.<\/p>\n<p>&#8211; Definir enfoque de la ense\u00f1anza y estrategias metodol\u00f3gicas para llevar adelante actividades formativas de su especialidad teniendo en cuenta conocimientos y capacidades del alumnado, \u00e1mbito de desempe\u00f1o y recursos disponibles.<\/p>\n<p>&#8211; Participar del dise\u00f1o, implementaci\u00f3n y evaluaci\u00f3n de proyectos institucionales.<\/p>\n<p>&#8211; Revisar y mejorar sus propias pr\u00e1cticas docentes a partir de la reflexi\u00f3n y autoevaluaci\u00f3n.<\/p>\n<p><strong><span style=\"text-decoration: underline;\">Estructura curricular y carga horaria asignada por espacio curricular<\/span><\/strong><\/p>\n<table style=\"width: 656px;\" border=\"1\" cellspacing=\"0\" cellpadding=\"0\">\n<tbody>\n<tr>\n<td colspan=\"5\" valign=\"top\" width=\"654\">\n<p style=\"text-align: center;\"><strong>Campo de la Formaci\u00f3n General<\/strong><\/p>\n<\/td>\n<td width=\"2\"><\/td>\n<\/tr>\n<tr>\n<td style=\"text-align: center;\" valign=\"top\" width=\"278\"><strong>Unidad curricular<\/strong><\/td>\n<td style=\"text-align: center;\" colspan=\"2\" valign=\"top\" width=\"113\"><strong>Tipo de unidad curricular<\/strong><\/td>\n<td valign=\"top\" width=\"113\">\n<p style=\"text-align: center;\"><strong>Modalidad de cursada<\/strong><\/p>\n<\/td>\n<td colspan=\"2\" valign=\"top\" width=\"151\">\n<p style=\"text-align: center;\"><strong>Horas c\u00e1tedra <\/strong><\/p>\n<p style=\"text-align: center;\"><strong>semanales<\/strong><\/p>\n<\/td>\n<\/tr>\n<tr>\n<td style=\"text-align: center;\" valign=\"top\" width=\"278\"><strong>Pedagog\u00eda <\/strong><\/td>\n<td style=\"text-align: center;\" colspan=\"2\" valign=\"top\" width=\"113\">Materia<\/td>\n<td style=\"text-align: center;\" valign=\"top\" width=\"113\">Cuatrimestral<\/td>\n<td style=\"text-align: center;\" colspan=\"2\" valign=\"top\" width=\"151\">6<\/td>\n<\/tr>\n<tr>\n<td style=\"text-align: center;\" valign=\"top\" width=\"278\"><strong>Historia social y pol\u00edtica de la educaci\u00f3n argentina<\/strong><\/td>\n<td style=\"text-align: center;\" colspan=\"2\" valign=\"top\" width=\"113\">Materia<\/td>\n<td style=\"text-align: center;\" valign=\"top\" width=\"113\">Cuatrimestral<\/td>\n<td style=\"text-align: center;\" colspan=\"2\" valign=\"top\" width=\"151\">3<\/td>\n<\/tr>\n<tr>\n<td style=\"text-align: center;\" valign=\"top\" width=\"278\"><strong>Did\u00e1ctica I<\/strong><\/td>\n<td style=\"text-align: center;\" colspan=\"2\" valign=\"top\" width=\"113\">Materia<\/td>\n<td style=\"text-align: center;\" valign=\"top\" width=\"113\">Cuatrimestral<\/td>\n<td style=\"text-align: center;\" colspan=\"2\" valign=\"top\" width=\"151\">3<\/td>\n<\/tr>\n<tr>\n<td style=\"text-align: center;\" valign=\"top\" width=\"278\"><strong>Psicolog\u00eda de la educaci\u00f3n<\/strong><\/td>\n<td style=\"text-align: center;\" colspan=\"2\" valign=\"top\" width=\"113\">Materia<\/td>\n<td style=\"text-align: center;\" valign=\"top\" width=\"113\">Cuatrimestral<\/td>\n<td style=\"text-align: center;\" colspan=\"2\" valign=\"top\" width=\"151\">3<\/td>\n<\/tr>\n<tr>\n<td style=\"text-align: center;\" valign=\"top\" width=\"278\"><strong>Trabajo docente<\/strong><\/td>\n<td style=\"text-align: center;\" colspan=\"2\" valign=\"top\" width=\"113\">Seminario<\/td>\n<td style=\"text-align: center;\" valign=\"top\" width=\"113\">Cuatrimestral<\/td>\n<td style=\"text-align: center;\" colspan=\"2\" valign=\"top\" width=\"151\">3<\/td>\n<\/tr>\n<tr>\n<td colspan=\"5\" valign=\"top\" width=\"654\"><strong>Campo de la Formaci\u00f3n Espec\u00edfica<\/strong><\/td>\n<td width=\"2\"><\/td>\n<\/tr>\n<tr>\n<td style=\"text-align: center;\" valign=\"top\" width=\"278\"><strong>Unidad curricular<\/strong><\/td>\n<td style=\"text-align: center;\" colspan=\"2\" valign=\"top\" width=\"113\"><strong>Tipo de unidad curricular<\/strong><\/td>\n<td style=\"text-align: center;\" valign=\"top\" width=\"113\"><strong>Modalidad de cursada<\/strong><\/td>\n<td style=\"text-align: center;\" colspan=\"2\" valign=\"top\" width=\"151\"><strong>Horas c\u00e1tedra semanales<\/strong><\/td>\n<\/tr>\n<tr>\n<td style=\"text-align: center;\" valign=\"top\" width=\"278\"><strong>Did\u00e1ctica del Nivel Medio<\/strong><\/td>\n<td style=\"text-align: center;\" colspan=\"2\" valign=\"top\" width=\"113\">Materia<\/td>\n<td style=\"text-align: center;\" valign=\"top\" width=\"113\">Cuatrimestral<\/td>\n<td style=\"text-align: center;\" colspan=\"2\" valign=\"top\" width=\"151\">4<\/td>\n<\/tr>\n<tr>\n<td style=\"text-align: center;\" valign=\"top\" width=\"278\"><strong>Did\u00e1ctica del Nivel Superior <\/strong><\/td>\n<td style=\"text-align: center;\" colspan=\"2\" valign=\"top\" width=\"113\">Materia<\/td>\n<td style=\"text-align: center;\" valign=\"top\" width=\"113\">Cuatrimestral<\/td>\n<td style=\"text-align: center;\" colspan=\"2\" valign=\"top\" width=\"151\">4<\/td>\n<\/tr>\n<tr>\n<td style=\"text-align: center;\" valign=\"top\" width=\"278\"><strong>Sujetos de la educaci\u00f3n media y superior <\/strong><\/td>\n<td style=\"text-align: center;\" colspan=\"2\" valign=\"top\" width=\"113\">Materia<\/td>\n<td style=\"text-align: center;\" valign=\"top\" width=\"113\">Cuatrimestral<\/td>\n<td style=\"text-align: center;\" colspan=\"2\" valign=\"top\" width=\"151\">6<\/td>\n<\/tr>\n<tr>\n<td style=\"text-align: center;\" valign=\"top\" width=\"278\"><strong>Problem\u00e1ticas de la educaci\u00f3n media y superior <\/strong><\/td>\n<td style=\"text-align: center;\" colspan=\"2\" valign=\"top\" width=\"113\">Seminario<\/td>\n<td style=\"text-align: center;\" valign=\"top\" width=\"113\">Cuatrimestral<\/td>\n<td style=\"text-align: center;\" colspan=\"2\" valign=\"top\" width=\"151\">3<\/td>\n<\/tr>\n<tr>\n<td style=\"text-align: center;\" valign=\"top\" width=\"278\"><strong>Nuevas tecnolog\u00edas en el nivel medio y superior<\/strong><\/td>\n<td style=\"text-align: center;\" colspan=\"2\" valign=\"top\" width=\"113\">Taller<\/td>\n<td style=\"text-align: center;\" valign=\"top\" width=\"113\">Cuatrimestral<\/td>\n<td style=\"text-align: center;\" colspan=\"2\" valign=\"top\" width=\"151\">3<\/td>\n<\/tr>\n<tr>\n<td style=\"text-align: center;\" valign=\"top\" width=\"278\"><strong>Trabajo de campo centrado en el nivel<\/strong><\/td>\n<td style=\"text-align: center;\" colspan=\"2\" valign=\"top\" width=\"113\">Trabajo de campo<\/td>\n<td style=\"text-align: center;\" valign=\"top\" width=\"113\">Cuatrimestral<\/td>\n<td style=\"text-align: center;\" colspan=\"2\" valign=\"top\" width=\"151\">3<\/td>\n<\/tr>\n<tr>\n<td style=\"text-align: center;\" valign=\"top\" width=\"278\"><strong>EDI Inclusi\u00f3n educativa<\/strong><\/td>\n<td style=\"text-align: center;\" colspan=\"2\" valign=\"top\" width=\"113\">Seminario<\/td>\n<td style=\"text-align: center;\" valign=\"top\" width=\"113\">Cuatrimestral<\/td>\n<td style=\"text-align: center;\" colspan=\"2\" valign=\"top\" width=\"151\">3<\/td>\n<\/tr>\n<tr>\n<td colspan=\"5\" valign=\"top\" width=\"654\"><strong>Campo de la Formaci\u00f3n en las Pr\u00e1cticas Docentes<\/strong><\/td>\n<td width=\"2\"><\/td>\n<\/tr>\n<tr>\n<td style=\"text-align: center;\" colspan=\"2\" valign=\"top\" width=\"281\"><strong>Unidad curricular<\/strong><\/td>\n<td style=\"text-align: center;\" valign=\"top\" width=\"110\"><strong>Tipo de unidad curricular<\/strong><\/td>\n<td style=\"text-align: center;\" valign=\"top\" width=\"113\"><strong>Modalidad de cursada<\/strong><\/td>\n<td style=\"text-align: center;\" colspan=\"2\" valign=\"top\" width=\"151\"><strong>Horas c\u00e1tedra semanales<\/strong><\/td>\n<\/tr>\n<tr>\n<td style=\"text-align: center;\" colspan=\"2\" valign=\"top\" width=\"281\"><strong>Herramientas e instrumentos para la recolecci\u00f3n de datos<\/strong><\/td>\n<td style=\"text-align: center;\" valign=\"top\" width=\"110\">Taller<\/td>\n<td style=\"text-align: center;\" valign=\"top\" width=\"113\">Cuatrimestral<\/td>\n<td style=\"text-align: center;\" colspan=\"2\" valign=\"top\" width=\"151\">3<\/td>\n<\/tr>\n<tr>\n<td style=\"text-align: center;\" colspan=\"2\" valign=\"top\" width=\"281\"><strong>Pr\u00e1cticas de la ense\u00f1anza en el Nivel Medio<\/strong><\/td>\n<td style=\"text-align: center;\" valign=\"top\" width=\"110\">Taller<\/td>\n<td style=\"text-align: center;\" valign=\"top\" width=\"113\">Cuatrimestral<\/td>\n<td style=\"text-align: center;\" colspan=\"2\" valign=\"top\" width=\"151\">3 + 8<\/td>\n<\/tr>\n<tr>\n<td style=\"text-align: center;\" colspan=\"2\" valign=\"top\" width=\"281\"><strong>Pr\u00e1cticas de la ense\u00f1anza en el Nivel Superior <\/strong><\/td>\n<td style=\"text-align: center;\" valign=\"top\" width=\"110\">Taller<\/td>\n<td style=\"text-align: center;\" valign=\"top\" width=\"113\">Cuatrimestral<\/td>\n<td style=\"text-align: center;\" colspan=\"2\" valign=\"top\" width=\"151\">3 + 8<\/td>\n<\/tr>\n<tr>\n<td style=\"text-align: center;\" width=\"278\"><\/td>\n<td style=\"text-align: center;\" width=\"3\"><\/td>\n<td style=\"text-align: center;\" width=\"110\"><\/td>\n<td style=\"text-align: center;\" width=\"113\"><\/td>\n<td style=\"text-align: center;\" width=\"149\"><\/td>\n<td style=\"text-align: center;\" width=\"2\"><\/td>\n<\/tr>\n<\/tbody>\n<\/table>\n<p align=\"center\"><span style=\"color: #3a3a3a;\"><span style=\"font-family: Roboto, serif;\"><span style=\"font-size: x-large;\"><u>R\u00e9gimen de correlatividades<\/u><\/span><\/span><\/span><\/p>\n<table style=\"height: 1082px;\" width=\"706\" cellspacing=\"0\" cellpadding=\"8\">\n<tbody>\n<tr valign=\"top\">\n<td bgcolor=\"#ffffff\" width=\"474\"><span style=\"color: #3a3a3a;\"><span style=\"font-family: Roboto, serif;\"><span style=\"font-size: x-large;\">Para cursar:<\/span><\/span><\/span><\/td>\n<td bgcolor=\"#ffffff\" width=\"512\"><span style=\"color: #3a3a3a;\"><span style=\"font-family: Roboto, serif;\"><span style=\"font-size: x-large;\">Se requiere:<\/span><\/span><\/span><\/td>\n<\/tr>\n<tr valign=\"top\">\n<td bgcolor=\"#ffffff\" width=\"474\"><span style=\"color: #3a3a3a;\"><span style=\"font-family: Roboto, serif;\"><span style=\"font-size: x-large;\">Did\u00e1ctica del Nivel Medio<\/span><\/span><\/span><\/td>\n<td bgcolor=\"#ffffff\" width=\"512\"><span style=\"color: #3a3a3a;\"><span style=\"font-family: Roboto, serif;\"><span style=\"font-size: x-large;\">Did\u00e1ctica I<\/span><\/span><\/span><span style=\"color: #3a3a3a;\"><span style=\"font-family: Roboto, serif;\"><span style=\"font-size: x-large;\">\u00a0(aprobada)<\/span><\/span><\/span><\/td>\n<\/tr>\n<tr valign=\"top\">\n<td bgcolor=\"#ffffff\" width=\"474\"><span style=\"color: #3a3a3a;\"><span style=\"font-family: Roboto, serif;\"><span style=\"font-size: x-large;\">Did\u00e1ctica del Nivel Superior<\/span><\/span><\/span><\/td>\n<td bgcolor=\"#ffffff\" width=\"512\"><span style=\"color: #3a3a3a;\"><span style=\"font-family: Roboto, serif;\"><span style=\"font-size: x-large;\">Did\u00e1ctica I<\/span><\/span><\/span><span style=\"color: #3a3a3a;\"><span style=\"font-family: Roboto, serif;\"><span style=\"font-size: x-large;\">\u00a0(aprobada)<\/span><\/span><\/span><\/td>\n<\/tr>\n<tr valign=\"top\">\n<td bgcolor=\"#ffffff\" width=\"474\"><span style=\"color: #3a3a3a;\"><span style=\"font-family: Roboto, serif;\"><span style=\"font-size: x-large;\">Sujetos de la educaci\u00f3n del Nivel Medio y Superior<\/span><\/span><\/span><\/td>\n<td bgcolor=\"#ffffff\" width=\"512\"><span style=\"color: #3a3a3a;\"><span style=\"font-family: Roboto, serif;\"><span style=\"font-size: x-large;\">Psicolog\u00eda de la educaci\u00f3n<\/span><\/span><\/span><span style=\"color: #3a3a3a;\"><span style=\"font-family: Roboto, serif;\"><span style=\"font-size: x-large;\">\u00a0(aprobada)<\/span><\/span><\/span><\/td>\n<\/tr>\n<tr valign=\"top\">\n<td bgcolor=\"#ffffff\" width=\"474\"><span style=\"color: #3a3a3a;\"><span style=\"font-family: Roboto, serif;\"><span style=\"font-size: x-large;\">Sujetos de la educaci\u00f3n del Nivel Medio y Superior<\/span><\/span><\/span><\/td>\n<td bgcolor=\"#ffffff\" width=\"512\"><span style=\"color: #3a3a3a;\"><span style=\"font-family: Roboto, serif;\"><span style=\"font-size: x-large;\">Psicolog\u00eda de la educaci\u00f3n<\/span><\/span><\/span><span style=\"color: #3a3a3a;\"><span style=\"font-family: Roboto, serif;\"><span style=\"font-size: x-large;\">\u00a0(aprobada)<\/span><\/span><\/span><\/td>\n<\/tr>\n<tr valign=\"top\">\n<td bgcolor=\"#ffffff\" width=\"474\"><span style=\"color: #3a3a3a;\"><span style=\"font-family: Roboto, serif;\"><span style=\"font-size: x-large;\">Taller 1<\/span><\/span><\/span><span style=\"color: #3a3a3a;\"><span style=\"font-family: Roboto, serif;\"><span style=\"font-size: x-large;\">: Herramientas e instrumentos para le recolecci\u00f3n de datos.<\/span><\/span><\/span><\/td>\n<td bgcolor=\"#ffffff\" width=\"512\"><span style=\"color: #3a3a3a;\"><span style=\"font-family: Roboto, serif;\"><span style=\"font-size: x-large;\">Did\u00e1ctica I <\/span><\/span><\/span><span style=\"color: #3a3a3a;\"><span style=\"font-family: Roboto, serif;\"><span style=\"font-size: x-large;\">(aprobada o cursarla simult\u00e1neamente)<\/span><\/span><\/span><\/td>\n<\/tr>\n<tr valign=\"top\">\n<td bgcolor=\"#ffffff\" width=\"474\"><span style=\"color: #3a3a3a;\"><span style=\"font-family: Roboto, serif;\"><span style=\"font-size: x-large;\">Taller 2: Pr\u00e1cticas de la ense\u00f1anza en Nivel Medio<\/span><\/span><\/span><\/td>\n<td bgcolor=\"#ffffff\" width=\"512\"><span style=\"color: #3a3a3a;\"><span style=\"font-family: Roboto, serif;\"><span style=\"font-size: x-large;\">Did\u00e1ctica del Nivel Medio<\/span><\/span><\/span><span style=\"color: #3a3a3a;\"><span style=\"font-family: Roboto, serif;\"><span style=\"font-size: x-large;\">\u00a0(cursada o cursarla simult\u00e1neamente)<\/span><\/span><\/span><\/p>\n<p><span style=\"color: #3a3a3a;\"><span style=\"font-family: Roboto, serif;\"><span style=\"font-size: x-large;\">Taller 1<\/span><\/span><\/span><span style=\"color: #3a3a3a;\"><span style=\"font-family: Roboto, serif;\"><span style=\"font-size: x-large;\">: Herramientas e instrumentos para re recolecci\u00f3n de datos.<\/span><\/span><\/span><\/td>\n<\/tr>\n<tr valign=\"top\">\n<td bgcolor=\"#ffffff\" width=\"474\"><span style=\"color: #3a3a3a;\"><span style=\"font-family: Roboto, serif;\"><span style=\"font-size: x-large;\">Taller 3: Pr\u00e1cticas de la ense\u00f1anza en Nivel Superior<\/span><\/span><\/span><\/td>\n<td bgcolor=\"#ffffff\" width=\"512\"><span style=\"color: #3a3a3a;\"><span style=\"font-family: Roboto, serif;\"><span style=\"font-size: x-large;\">Did\u00e1ctica del Nivel Superior<\/span><\/span><\/span><span style=\"color: #3a3a3a;\"><span style=\"font-family: Roboto, serif;\"><span style=\"font-size: x-large;\">\u00a0(cursada o cursarla simult\u00e1neamente)<\/span><\/span><\/span><\/p>\n<p><span style=\"color: #3a3a3a;\"><span style=\"font-family: Roboto, serif;\"><span style=\"font-size: x-large;\">Taller 1<\/span><\/span><\/span><span style=\"color: #3a3a3a;\"><span style=\"font-family: Roboto, serif;\"><span style=\"font-size: x-large;\">: Herramientas e instrumentos para la recolecci\u00f3n de datos.<\/span><\/span><\/span><\/td>\n<\/tr>\n<\/tbody>\n<\/table>\n<p>Para cursar Trabajo de Campo centrado en el Nivel, se requiere tener cursado y aprobado el taller II o el taller III<\/p>\n<p><strong style=\"font-size: revert;\"><span style=\"text-decoration: underline;\">R\u00e9gimen de calificaci\u00f3n<\/span><\/strong><\/p>\n<p><strong><em>-Promoci\u00f3n Directa: <\/em><\/strong><\/p>\n<p style=\"text-align: justify;\">La promoci\u00f3n directa implica aprobar la asignatura, cumpliendo por lo menos dos instancias de evaluaci\u00f3n con una <span style=\"text-decoration: underline;\">calificaci\u00f3n igual o superior a 7 (siete),<\/span> adem\u00e1s de alcanzar la condici\u00f3n de alumno regular prevista en cada caso. Se excluye de la promoci\u00f3n directa a quienes estuvieran ausentes en alguna de las instancias de evaluaci\u00f3n o no hayan alcanzado la calificaci\u00f3n aprobatoria (igual o superior a 7(siete). \u00a0Se propone considerar con promoci\u00f3n directa, a <span style=\"text-decoration: underline;\">todos los espacios del Campo de la Formaci\u00f3n General y Espec\u00edfica.<\/span><\/p>\n<p><strong><em>-Promoci\u00f3n con examen final: <\/em><\/strong><\/p>\n<p style=\"text-align: justify;\">Se dar\u00e1 examen final, en los casos en que el estudiante no pueda promocionarla. En tal caso, deber\u00e1 rendir un examen final oral obligatorio, adem\u00e1s de alcanzar la condici\u00f3n de alumno regular. El examen final <span style=\"text-decoration: underline;\">se aprobar\u00e1 con 4 (cuatro)<\/span> al igual que las instancias de evaluaci\u00f3n parciales.<\/p>\n<p><strong><em>-Condici\u00f3n de alumno libre: <\/em><\/strong><\/p>\n<p style=\"text-align: justify;\">Revestir\u00e1 la condici\u00f3n de alumno libre: a- Todo alumno que habi\u00e9ndose inscripto como regular en una asignatura, por razones de enfermedad, justificadas ante instancias p\u00fablicas de control; traslados por razones laborales u otras causales consideradas por el Profesor como inobjetables para tal fin y debidamente comunicadas; b- Todo alumno a quien se le venciesen los a\u00f1os de validez de la cursada de la asignatura. En este caso la condici\u00f3n de libre que adquiere, le permitir\u00e1 un llamado m\u00e1s consecutivo al que los transform\u00f3 en libres; c- y todo aquel que quiera inscribirse en esa condici\u00f3n.<\/p>\n<p style=\"text-align: justify;\">El examen que el alumno rinda en condici\u00f3n de libre deber\u00e1 contemplar <span style=\"text-decoration: underline;\">una instancia escrita y una instancia oral que deber\u00e1n aprobar con 4 (cuatro) puntos cada una<\/span>.<\/p>\n<p><strong>Se propone la condici\u00f3n de alumno libre para aquellas unidades curriculares que se detallan a continuaci\u00f3n<\/strong>:<\/p>\n<p>-Pedagog\u00eda<\/p>\n<p>-Historia social y pol\u00edtica de la educaci\u00f3n argentina<\/p>\n<p>-Psicolog\u00eda de la educaci\u00f3n<\/p>\n<p><strong><span style=\"text-decoration: underline;\">Criterios de acreditaci\u00f3n y evaluaci\u00f3n <\/span><\/strong><\/p>\n<p style=\"text-align: justify;\">Los seminarios se acreditan mediante la producci\u00f3n y defensa de trabajos finales.<\/p>\n<p style=\"text-align: justify;\">Para los talleres, se indica la presentaci\u00f3n de trabajos parciales\/finales seg\u00fan las condiciones establecidas en cada taller.<\/p>\n<p style=\"text-align: justify;\">El Trabajo de campo se acreditar\u00e1 mediante la producci\u00f3n y presentaci\u00f3n del trabajo realizado.<\/p>\n<p style=\"text-align: justify;\">En el Campo de Formaci\u00f3n en las Pr\u00e1cticas Docentes por la especificidad y variedad del recorrido formativo se procurar\u00e1 generar instancias de evaluaci\u00f3n acordes con las propuestas de ense\u00f1anza que recojan el car\u00e1cter acumulativo de la experiencia, los grados crecientes de integraci\u00f3n y las distintas producciones que cada unidad curricular conlleva.<\/p>\n<p>&#8230;&#8230;&#8230;&#8230;&#8230;&#8230;&#8230;&#8230;&#8230;&#8230;&#8230;&#8230;&#8230;&#8230;&#8230;&#8230;&#8230;&#8230;&#8230;&#8230;&#8230;&#8230;&#8230;&#8230;&#8230;<\/p>\n<p><span style=\"text-decoration: underline;\">Duraci\u00f3n<\/span>: 3 cuatrimestres<\/p>\n<p>&#8230;&#8230;&#8230;&#8230;&#8230;&#8230;&#8230;&#8230;&#8230;&#8230;&#8230;&#8230;&#8230;&#8230;&#8230;&#8230;&#8230;&#8230;&#8230;&#8230;&#8230;&#8230;&#8230;&#8230;&#8230;<\/p>\n<p><a href=\"https:\/\/ens6-caba.infd.edu.ar\/sitio\/wp-content\/uploads\/2022\/08\/PDF-watermarked-CFP_documento_Version_Febrero_2014.pdf\" target=\"_blank\" rel=\"noopener\">Documento CFP Resoluci\u00f3n a\u00f1o 2014 (Click para abrir el documento)<\/a><\/p>\n<p>&#8230;&#8230;&#8230;&#8230;&#8230;&#8230;&#8230;&#8230;&#8230;&#8230;&#8230;&#8230;&#8230;&#8230;&#8230;&#8230;&#8230;&#8230;&#8230;&#8230;&#8230;&#8230;&#8230;&#8230;&#8230;<\/p>\n<p>Direcci\u00f3n: G\u00fcemes 3859<\/p>\n<p>Correo electr\u00f3nico: cfpnormal6@gmail.com<\/p>\n","protected":false},"excerpt":{"rendered":"<p>Ciclo de Formaci\u00f3n Pedag\u00f3gica para Profesionales y T\u00e9cnicos Superiores para los Niveles Medio y Superior no Universitario \u00a0Resoluci\u00f3n 378\/14 SSGECP &#8211; T\u00edtulo o certificado que otorga Certificaci\u00f3n de Formaci\u00f3n Pedag\u00f3gica para Profesionales y T\u00e9cnicos Superiores para los Niveles Medio y Superior no Universitario \u00a0&#8211; Requisitos de ingreso Poseer t\u00edtulo de T\u00e9cnico Superior (formaci\u00f3n de 1600 &#8230; <a title=\"Organizaci\u00f3n y Plan de Estudio\" class=\"read-more\" href=\"https:\/\/ens6-caba.infd.edu.ar\/sitio\/organizacion-y-plan-de-estudio\/\" aria-label=\"More on Organizaci\u00f3n y Plan de Estudio\">[+]<\/a><\/p>\n","protected":false},"author":663,"featured_media":0,"parent":0,"menu_order":0,"comment_status":"closed","ping_status":"closed","template":"","meta":[],"acf":[],"_links":{"self":[{"href":"https:\/\/ens6-caba.infd.edu.ar\/sitio\/wp-json\/wp\/v2\/pages\/1188"}],"collection":[{"href":"https:\/\/ens6-caba.infd.edu.ar\/sitio\/wp-json\/wp\/v2\/pages"}],"about":[{"href":"https:\/\/ens6-caba.infd.edu.ar\/sitio\/wp-json\/wp\/v2\/types\/page"}],"author":[{"embeddable":true,"href":"https:\/\/ens6-caba.infd.edu.ar\/sitio\/wp-json\/wp\/v2\/users\/663"}],"replies":[{"embeddable":true,"href":"https:\/\/ens6-caba.infd.edu.ar\/sitio\/wp-json\/wp\/v2\/comments?post=1188"}],"version-history":[{"count":10,"href":"https:\/\/ens6-caba.infd.edu.ar\/sitio\/wp-json\/wp\/v2\/pages\/1188\/revisions"}],"predecessor-version":[{"id":7888,"href":"https:\/\/ens6-caba.infd.edu.ar\/sitio\/wp-json\/wp\/v2\/pages\/1188\/revisions\/7888"}],"wp:attachment":[{"href":"https:\/\/ens6-caba.infd.edu.ar\/sitio\/wp-json\/wp\/v2\/media?parent=1188"}],"curies":[{"name":"wp","href":"https:\/\/api.w.org\/{rel}","templated":true}]}}