{"id":1181,"date":"2018-10-05T21:45:12","date_gmt":"2018-10-06T00:45:12","guid":{"rendered":"https:\/\/ens6-caba.infd.edu.ar\/sitio\/2018-como-ingreso-a-la-carrera\/"},"modified":"2020-01-11T11:21:50","modified_gmt":"2020-01-11T14:21:50","slug":"ingreso-2019-inscripcion","status":"publish","type":"page","link":"https:\/\/ens6-caba.infd.edu.ar\/sitio\/tecnicatura-superior-en-produccion-de-indumentaria\/ingreso-2019-inscripcion\/","title":{"rendered":"INGRESO 2020"},"content":{"rendered":"<h1 class=\"entry-title\" style=\"text-align: center;\"><span style=\"color: #800000;\"><img decoding=\"async\" loading=\"lazy\" class=\"aligncenter wp-image-2261\" src=\"https:\/\/ens6-caba.infd.edu.ar\/sitio\/wp-content\/uploads\/2019\/09\/logo.fw_.png\" alt=\"\" width=\"309\" height=\"309\" \/><br \/>\n<\/span><\/h1>\n<h1 class=\"entry-title\" style=\"text-align: center;\"><strong><u>Per\u00edodo de Preinscripci\u00f3n Online<br \/>\n<\/u><\/strong><strong><a href=\"https:\/\/www.buenosaires.gob.ar\/educacion\/estudiantes\/inscripcionescolar\/terciario\"><img decoding=\"async\" loading=\"lazy\" class=\"aligncenter wp-image-1399\" src=\"https:\/\/ens6-caba.infd.edu.ar\/sitio\/wp-content\/uploads\/2018\/10\/CLICK.png\" alt=\"\" width=\"106\" height=\"106\" srcset=\"https:\/\/ens6-caba.infd.edu.ar\/sitio\/wp-content\/uploads\/2018\/10\/CLICK.png 512w, https:\/\/ens6-caba.infd.edu.ar\/sitio\/wp-content\/uploads\/2018\/10\/CLICK-500x500.png 500w\" sizes=\"(max-width: 106px) 100vw, 106px\" \/><\/a><\/strong><\/h1>\n<p style=\"text-align: center;\"><em><strong><span style=\"font-size: 14pt;\">Desde el 07\/10\/2019 hasta el 22\/02\/2020, deben inscribirse\u00a0 ingresando a:<\/span><\/strong><\/em><\/p>\n<p style=\"text-align: center;\"><strong><a href=\"http:\/\/www.buenosaires.gob.ar\/educacion\/estudiantes\/inscripcionescolar\/terciario\">\u00a0<\/a><a href=\"http:\/\/www.buenosaires.gob.ar\/educacion\/estudiantes\/terciario\">www.buenosaires.gob.ar\/educacion\/estudiantes\/terciario<\/a><\/strong><\/p>\n<p style=\"text-align: center;\"><strong>Se recibe documentaci\u00f3n en la Escuela para su validaci\u00f3n desde\u00a0<\/strong><strong>el:<\/strong><\/p>\n<p style=\"text-align: center;\"><strong>\u00a0<span style=\"color: #800000;\">13 de febrero hasta el 22 de febrero de 2020<\/span><\/strong><\/p>\n<p style=\"text-align: center;\"><strong style=\"font-size: 14pt;\">en la<span style=\"color: #3366ff;\"><em> Bedel\u00eda<\/em> de <em>Indumentaria\u00a0<\/em><\/span><\/strong><strong style=\"font-size: 14pt;\">de la ENS N\u00ba 6 en\u00a0<\/strong><strong style=\"font-size: 14pt;\">G\u00fcemes 3859,<\/strong><strong style=\"font-size: 14pt;\"><em>\u00a0<\/em><\/strong><strong style=\"font-size: 14pt;\"><em>2\u00ba Piso, C.A.B.A<\/em><\/strong><\/p>\n<p style=\"text-align: center;\"><span style=\"font-size: 14pt;\"><img decoding=\"async\" loading=\"lazy\" class=\"wp-image-1437 alignnone\" style=\"font-size: 16px;\" src=\"https:\/\/ens6-caba.infd.edu.ar\/sitio\/wp-content\/uploads\/2018\/10\/teleefono-e1538872418931.png\" alt=\"\" width=\"20\" height=\"20\" \/><strong>\u00a04824-2741 \/ 0383- Int. 113 &#8211;\u00a0<img decoding=\"async\" loading=\"lazy\" class=\"alignnone wp-image-1429\" style=\"font-family: inherit; font-size: inherit;\" src=\"https:\/\/ens6-caba.infd.edu.ar\/sitio\/wp-content\/uploads\/2018\/10\/mail.png\" alt=\"\" width=\"20\" height=\"20\" \/>\u00a0Bedel\u00eda:\u00a0<span style=\"color: #0000ff;\"><em>ens6_indumentaria@bue.edu.ar<\/em><\/span><\/strong><\/span><\/p>\n<p style=\"text-align: center;\"><span style=\"color: #333399;\"><span style=\"font-size: 14pt; background-color: #ffffff;\"><em><strong>Horario de Atenci\u00f3n:<\/strong><br \/>\n<\/em><\/span><span style=\"font-size: 14pt; background-color: #ffffff;\"><em>de lunes a viernes\u00a0<\/em><\/span><span style=\"font-size: 14pt; background-color: #ffffff;\"><em>de 9:00 a 11:00 hs. y de 18:30 a 20:30 hs.<\/em><\/span><\/span><\/p>\n<h3 style=\"text-align: center;\"><strong><u>Documentaci\u00f3n obligatoria:<\/u><\/strong><\/h3>\n<p style=\"text-align: center;\"><span style=\"color: #000080;\"><strong>*\u00a0 T\u00edtulo Secundario legalizado, original y fotocopia<br \/>\n<\/strong><\/span><span style=\"color: #000080;\"><strong>*\u00a0 DNI original y fotocopia<br \/>\n<\/strong><\/span><span style=\"color: #000080;\"><strong>*\u00a0 Partida de Nacimiento, original y fotocopia<br \/>\n<\/strong><\/span><span style=\"color: #000080;\"><strong>*\u00a0 4 fotos carnet<br \/>\n<\/strong><\/span><span style=\"color: #000080;\"><strong>*\u00a0 Carpeta oficio de 3 solapas<br \/>\n<\/strong><\/span><span style=\"color: #993300;\"><strong><span style=\"color: #000080;\">*\u00a0 <\/span>Planilla\u00a0de Inscripci\u00f3n:<\/strong><\/span><\/p>\n<p style=\"text-align: center;\"><span style=\"color: #000080;\"><strong><a href=\"https:\/\/ens6-caba.infd.edu.ar\/sitio\/wp-content\/uploads\/2018\/12\/PLANILLA_INSCRIPCION_INGRESANTE_TSPI.doc\" target=\"_blank\" rel=\"noopener\"><img decoding=\"async\" loading=\"lazy\" class=\"alignnone wp-image-1482\" src=\"https:\/\/ens6-caba.infd.edu.ar\/sitio\/wp-content\/uploads\/2018\/10\/form.png\" alt=\"\" width=\"50\" height=\"50\" \/><\/a><br \/>\n<a href=\"https:\/\/ens6-caba.infd.edu.ar\/sitio\/wp-content\/uploads\/2018\/12\/PLANILLA_INSCRIPCION_INGRESANTE_TSPI.doc\">click para descargar e imprimir<\/a><\/strong><\/span><\/p>\n<p><span style=\"color: #333399;\"><b>\u00a0<\/b><\/span><\/p>\n<h4 style=\"text-align: center;\"><span style=\"color: #800080;\">Legalizaciones de T\u00edtulos\u00a0Secundarios<\/span><\/h4>\n<p><strong>Importante<\/strong>:\u00a0Quienes hayan obtenido su t\u00edtulo en:<\/p>\n<ul>\n<li>Escuelas pertenecientes al G.C.B.A. NO necesitan realizar ning\u00fan tr\u00e1mite.<\/li>\n<li>Escuelas de otra jurisdicci\u00f3n (NO pertenecientes al G.C.B.A.) deben legalizarlo:<\/li>\n<\/ul>\n<p style=\"padding-left: 30px;\"><strong><em><u>Anteriores al 2010:<\/u><\/em><\/strong><\/p>\n<ol>\n<li><em>Ministerio del Interior (25 de Mayo 101) (<a href=\"https:\/\/legalizaciones.mininterior.gob.ar\/public\/controller\/index.php\">previamente obtener turno por Internet<\/a>).<\/em><\/li>\n<li><em>Gerencia Operativa de T\u00edtulos y Legalizaciones G.C.B.A. (Bol\u00edvar 199 P.B.) requiere turno previo el cual se obtiene desde la p\u00e1gina web del G.C.B.A.\u00a0<\/em><a href=\"http:\/\/www.buenosaires.gob.ar\/\"><em>www.buenosaires.gob.ar<\/em><\/a><em>\u00a0o llamando al 147.<\/em><\/li>\n<\/ol>\n<p style=\"padding-left: 30px;\"><strong><em><u>Del 2010 en adelante, o sea los t\u00edtulos y anal\u00edticos,\u00a0 emitidos bajo el sistema federal de t\u00edtulos (SFT):<\/u><\/em><\/strong><\/p>\n<p style=\"padding-left: 30px;\"><em>Gerencia Operativa de T\u00edtulos y Legalizaciones G.C.B.A. (Bol\u00edvar 199 P.B.) requiere turno previo el cual se obtiene desde la p\u00e1gina web del G.C.B.A.\u00a0<\/em><a href=\"http:\/\/www.buenosaires.gob.ar\/\"><em>www.buenosaires.gob.ar<\/em><\/a><em>\u00a0o llamando al 147.<\/em><\/p>\n<ul>\n<li><strong>Escuelas dependientes de la UBA, deben legalizarlo:<\/strong><\/li>\n<\/ul>\n<ol>\n<li><em>Uriburu 950 (<a href=\"http:\/\/www.legalizacionesturnos.rec.uba.ar\/\">previamente obtener turno por Internet<\/a>)<\/em><\/li>\n<li><em>Av. Santa Fe 1548 de 9 a 13hs<\/em><\/li>\n<li><em>Gerencia Operativa de T\u00edtulos y Legalizaciones G.C.B.A. (Bol\u00edvar 199 P.B.) requiere turno previo el cual se obtiene desde la p\u00e1gina web del G.C.B.A.\u00a0<\/em><a href=\"http:\/\/www.buenosaires.gob.ar\/\"><em>www.buenosaires.gob.ar<\/em><\/a><em>\u00a0o llamando al 147.<\/em><\/li>\n<\/ol>\n<ul>\n<li><strong><strong>T\u00edtulos expedidos en el exterior (<\/strong><\/strong><strong style=\"line-height: 1.5;\">Ingresantes extranjeros):\u00a0<\/strong>Iniciar tr\u00e1mite\u00a0<span style=\"color: #0000ff;\"><a style=\"color: #0000ff;\" href=\"https:\/\/www.argentina.gob.ar\/convalidar-titulo-secundario-de-paises-con-convenio\" target=\"_blank\" rel=\"noopener\">haciendo clic aqu\u00ed<\/a>.<\/span><\/li>\n<\/ul>\n<ol>\n<li><em>Consultar en el consulado del pa\u00eds de origen.<\/em><\/li>\n<li><em>Ministerio de Educaci\u00f3n (Pizzurno 935) para iniciar el tr\u00e1mite. Traer constancia. (<a href=\"https:\/\/www.argentina.gob.ar\/validez-nacional-de-titulos\/ministerio-de-educacion-de-la-nacion\">m\u00e1s informaci\u00f3n, ingresar aqu\u00ed<\/a>)<\/em><\/li>\n<li><em>Para finalizar el tr\u00e1mite y obtener la convalidaci\u00f3n concurrir a Gerencia Operativa de T\u00edtulos y Legalizaciones G.C.B.A. (Bol\u00edvar 199 P.B.) requiere turno previo el cual se obtiene desde la p\u00e1gina web del G.C.B.A.\u00a0<\/em><a href=\"http:\/\/www.buenosaires.gob.ar\/\"><em>www.buenosaires.gob.ar<\/em><\/a><em>\u00a0o llamando al 147.<\/em><\/li>\n<\/ol>\n<ul>\n<li>En caso de no tener a\u00fan el t\u00edtulo de Nivel Medio deber\u00e1 presentar la\u00a0<strong>constancia original de t\u00edtulo en tr\u00e1mite<\/strong>.<\/li>\n<li style=\"text-align: left;\">En caso de adeudar previas (hasta tres), deber\u00e1 presentar la\u00a0<strong>constancia de nivel medio con la cantidad de materias que adeuda.\u00a0<\/strong>Las mismas deber\u00e1n estar aprobadas antes del 30\/05\/20, en caso contrario la inscripci\u00f3n a la carrera quedar\u00e1 autom\u00e1ticamente anulada.<\/li>\n<\/ul>\n<p style=\"text-align: center;\"><strong>Informaciones \u00fatiles:<\/strong><\/p>\n<p><strong>Ministerio de Educaci\u00f3n de la Naci\u00f3n<\/strong><br \/>\nMontevideo 950 \u2013 CABA<br \/>\nTel\u00e9fono: (011) 4129-1317\/1318\/1431<\/p>\n<p><strong>Ministerio del Interior, Obras P\u00fablicas y Vivienda<br \/>\n<\/strong>Oficina Legalizaciones<br \/>\nAv. Leandro N. Alem 150 1\u00b0 Piso \u2013 CABA<br \/>\nTel\u00e9fono: (011) 4339 0800 | Internos: 71958 \/ 71960<br \/>\nHorario de atenci\u00f3n: 8:00 a 17:30 hs.<br \/>\nTurnos: <a href=\"http:\/\/mininterior.gob.ar\/legalizaciones\/controller\/index.php\"><span style=\"color: #0000ff;\">http:\/\/mininterior.gob.ar\/legalizaciones\/controller\/index.php<\/span><\/a><\/p>\n<p><strong>Gerencia Operativa de T\u00edtulos y Legalizaciones (CABA)<br \/>\n<\/strong>Bol\u00edvar 199 \u2013 CABA<br \/>\nTel\u00e9fono: (011) 4342-6933<br \/>\nMail: gotyl@bue.edu.ar<br \/>\nTurnos: <a href=\"http:\/\/www.buenosaires.gob.ar\/pedir-nuevo-turno?idPrestacion=1427\"><span style=\"color: #0000ff;\">http:\/\/www.buenosaires.gob.ar\/pedir-nuevo-turno?idPrestacion=1427<\/span><\/a><\/p>\n<hr \/>\n<h4 style=\"text-align: center;\">Es condici\u00f3n para ingresar \u00a0a la carrera, \u00a0asistir al\u00a0<u>Curso de Ingreso Obligatorio:<\/u><\/h4>\n<p style=\"text-align: center;\"><span style=\"color: #613939;\"><strong style=\"text-align: center;\"><span style=\"font-size: 14pt;\"><em>del 26 de febrero\u00a0al 10 de\u00a0marzo\u00a0de\u00a02020<\/em><\/span><\/strong><\/span><\/p>\n<p style=\"text-align: center;\"><strong><span style=\"font-size: 14pt;\"><em>Horario del curso de Ingreso:<\/em><\/span><\/strong><\/p>\n<p style=\"text-align: center;\"><span style=\"font-size: 14pt;\"><em><strong>Turno Ma\u00f1ana:<\/strong> 8:00 a 12:00 hs. \u00f3<br \/>\n<\/em><\/span><span style=\"font-size: 14pt;\"><em><strong>Turno Vespertino:<\/strong> 18:00 a 22:00 hs.<\/em><\/span><\/p>\n<p style=\"text-align: center;\"><span style=\"color: #993366;\"><strong>\u00a1\u00a1\u00a1TE ESPERAMOS!!!<\/strong><\/span><\/p>\n<p><a title=\"TSPI Sitio Oficial\" href=\"https:\/\/www.facebook.com\/Tecnicatura-Superior-en-Producci%C3%B3n-de-Indumentaria-SITIO-Oficial-259450014206645\/?hc_ref=ARS5yciMQhsmKK_zvrpI0ifJJVDS3iRkpegzIXuUe_jvgkONRPSW9UC80FKn7-uVzyY&amp;fref=nf\"><img decoding=\"async\" loading=\"lazy\" class=\"alignleft\" src=\"https:\/\/ens6-caba.infd.edu.ar\/sitio\/wp-content\/uploads\/2018\/08\/loguito.jpg\" alt=\"\" width=\"56\" height=\"56\" border=\"0\" \/><\/a><\/p>\n<p style=\"text-align: center;\"><a href=\"http:\/\/www.instagram.com\/tspi_indumentaria\"><img decoding=\"async\" loading=\"lazy\" class=\"wp-image-1551 alignright\" src=\"https:\/\/ens6-caba.infd.edu.ar\/sitio\/wp-content\/uploads\/2018\/10\/logoinsta.png\" alt=\"\" width=\"40\" height=\"40\" \/><\/a><a href=\"https:\/\/ens6-caba.infd.edu.ar\/sitio\/\"><img decoding=\"async\" loading=\"lazy\" class=\"aligncenter wp-image-1480\" src=\"https:\/\/ens6-caba.infd.edu.ar\/sitio\/wp-content\/uploads\/2018\/10\/home.png\" alt=\"\" width=\"60\" height=\"60\" \/><\/a><\/p>\n","protected":false},"excerpt":{"rendered":"<p>Per\u00edodo de Preinscripci\u00f3n Online Desde el 07\/10\/2019 hasta el 22\/02\/2020, deben inscribirse\u00a0 ingresando a: \u00a0www.buenosaires.gob.ar\/educacion\/estudiantes\/terciario Se recibe documentaci\u00f3n en la Escuela para su validaci\u00f3n desde\u00a0el: \u00a013 de febrero hasta el 22 de febrero de 2020 en la Bedel\u00eda de Indumentaria\u00a0de la ENS N\u00ba 6 en\u00a0G\u00fcemes 3859,\u00a02\u00ba Piso, C.A.B.A \u00a04824-2741 \/ 0383- Int. 113 &#8211;\u00a0\u00a0Bedel\u00eda:\u00a0ens6_indumentaria@bue.edu.ar Horario &#8230; <a title=\"INGRESO 2020\" class=\"read-more\" href=\"https:\/\/ens6-caba.infd.edu.ar\/sitio\/tecnicatura-superior-en-produccion-de-indumentaria\/ingreso-2019-inscripcion\/\" aria-label=\"More on INGRESO 2020\">[+]<\/a><\/p>\n","protected":false},"author":7,"featured_media":0,"parent":1127,"menu_order":0,"comment_status":"closed","ping_status":"closed","template":"","meta":[],"acf":[],"_links":{"self":[{"href":"https:\/\/ens6-caba.infd.edu.ar\/sitio\/wp-json\/wp\/v2\/pages\/1181"}],"collection":[{"href":"https:\/\/ens6-caba.infd.edu.ar\/sitio\/wp-json\/wp\/v2\/pages"}],"about":[{"href":"https:\/\/ens6-caba.infd.edu.ar\/sitio\/wp-json\/wp\/v2\/types\/page"}],"author":[{"embeddable":true,"href":"https:\/\/ens6-caba.infd.edu.ar\/sitio\/wp-json\/wp\/v2\/users\/7"}],"replies":[{"embeddable":true,"href":"https:\/\/ens6-caba.infd.edu.ar\/sitio\/wp-json\/wp\/v2\/comments?post=1181"}],"version-history":[{"count":75,"href":"https:\/\/ens6-caba.infd.edu.ar\/sitio\/wp-json\/wp\/v2\/pages\/1181\/revisions"}],"predecessor-version":[{"id":2488,"href":"https:\/\/ens6-caba.infd.edu.ar\/sitio\/wp-json\/wp\/v2\/pages\/1181\/revisions\/2488"}],"up":[{"embeddable":true,"href":"https:\/\/ens6-caba.infd.edu.ar\/sitio\/wp-json\/wp\/v2\/pages\/1127"}],"wp:attachment":[{"href":"https:\/\/ens6-caba.infd.edu.ar\/sitio\/wp-json\/wp\/v2\/media?parent=1181"}],"curies":[{"name":"wp","href":"https:\/\/api.w.org\/{rel}","templated":true}]}}