{"id":1167,"date":"2018-08-29T14:45:07","date_gmt":"2018-08-29T17:45:07","guid":{"rendered":"https:\/\/ens6-caba.infd.edu.ar\/sitio\/constancias\/"},"modified":"2026-03-26T21:05:50","modified_gmt":"2026-03-27T00:05:50","slug":"constancias","status":"publish","type":"page","link":"https:\/\/ens6-caba.infd.edu.ar\/sitio\/constancias\/","title":{"rendered":"CONSTANCIAS"},"content":{"rendered":"<p><strong>\u00a0<\/strong><\/p>\n<hr style=\"height: 3px;\" size=\"3\" \/>\n<p><strong>\u00a0<\/strong><\/p>\n<p><strong>CONSTANCIAS<\/strong><\/p>\n<p><strong>Para obtener una constancia de alumno regular o una constancia de examen, deber\u00e1 remitirse a la bedel\u00eda. Las constancias se devolver\u00e1n en un plazo no mayor a 48 hs.<\/strong><\/p>\n<p>Los alumnos pueden solicitar:<\/p>\n<p>&#8211;<a href=\"https:\/\/ens6-caba.infd.edu.ar\/sitio\/wp-content\/uploads\/2026\/03\/Constancia-de-Alumno-Regular-para-boleto-estudiantil.docx\">Constancia de Alumno Regular para boleto estudiantil<\/a><br \/>&#8211; <a href=\"https:\/\/ens6-caba.infd.edu.ar\/sitio\/wp-content\/uploads\/2025\/03\/Constancia-de-alumno-regular-vacia-1.doc\">Constancia de alumno regular<\/a>.<br \/>&#8211;\u00a0 <a href=\"https:\/\/ens6-caba.infd.edu.ar\/sitio\/wp-content\/uploads\/2024\/04\/constancia-examen.doc\">constancia examen<\/a><br \/><a href=\"https:\/\/ens6-caba.infd.edu.ar\/sitio\/wp-content\/uploads\/2024\/04\/Constancia-Porcentaje-de-materias-aprobadas.doc\">Constancia Porcentaje de materias aprobadas<\/a>&#8211;<br \/>&#8211; Constancia de t\u00edtulo en tr\u00e1mite.\u00a0<a title=\"Constancia de Certificado de Estudios en Tr\u00e1mite\" href=\"upload\/Const_de_Cert_de_Est_en_Tr%E1mite_P.E.I.docx\" target=\"_blank\" rel=\"noopener\">(descargar)<\/a><\/p>\n<p>-Constancia <a href=\"https:\/\/ens6-caba.infd.edu.ar\/sitio\/wp-content\/uploads\/2025\/08\/volante-ENS-6.docx\">volante ENS 6<\/a><\/p>\n<p>&#8211;<a href=\"https:\/\/ens6-caba.infd.edu.ar\/sitio\/wp-content\/uploads\/2025\/06\/FICHA-MEDICA.pdf\">FICHA M\u00c9DICA<\/a><\/p>\n<p>Para solicitar porcentaje deber\u00e1n completar y presentar la siguiente planilla:\u00a0 <a href=\"https:\/\/ens6-caba.infd.edu.ar\/sitio\/wp-content\/uploads\/2026\/03\/PLANILLA-PORCENTAJE.xlsx\">PLANILLA PORCENTAJE\u00a0<\/a><br \/><!--more--><\/p>\n<p><strong>DOCUMENTACION NECESARIA PARA RENDIR EXAMENES:<\/strong><\/p>\n<p>Para rendir ex\u00e1menes finales, deber\u00e1 concurrir con el\u00a0\u00a0<strong>D.N.I. (condici\u00f3n indispensable) y\u00a0<\/strong>la\u00a0<strong>libreta de estudiante<\/strong>\u00a0que adquirir\u00e1 durante la cursada. Al finalizar el examen, el profesor deber\u00e1 consignar la nota en la libreta y firmarla.<\/p>\n<div><strong>\u00a0<\/strong><\/div>\n<div><strong>\u00a0<\/strong><\/div>\n<div><hr style=\"height: 3px;\" size=\"3\" \/>\n<p><strong>\u00a0<\/strong><\/p>\n<\/div>\n\n\n\n\n\n\n\n\n\n\n\n<ul class=\"wp-block-archives-list wp-block-archives\">\t<li><a href='https:\/\/ens6-caba.infd.edu.ar\/sitio\/2026\/05\/'>mayo 2026<\/a><\/li>\n\t<li><a href='https:\/\/ens6-caba.infd.edu.ar\/sitio\/2026\/04\/'>abril 2026<\/a><\/li>\n\t<li><a href='https:\/\/ens6-caba.infd.edu.ar\/sitio\/2026\/03\/'>marzo 2026<\/a><\/li>\n\t<li><a href='https:\/\/ens6-caba.infd.edu.ar\/sitio\/2025\/12\/'>diciembre 2025<\/a><\/li>\n\t<li><a href='https:\/\/ens6-caba.infd.edu.ar\/sitio\/2025\/11\/'>noviembre 2025<\/a><\/li>\n\t<li><a href='https:\/\/ens6-caba.infd.edu.ar\/sitio\/2025\/10\/'>octubre 2025<\/a><\/li>\n\t<li><a href='https:\/\/ens6-caba.infd.edu.ar\/sitio\/2025\/04\/'>abril 2025<\/a><\/li>\n\t<li><a href='https:\/\/ens6-caba.infd.edu.ar\/sitio\/2025\/02\/'>febrero 2025<\/a><\/li>\n<\/ul>","protected":false},"excerpt":{"rendered":"<p>\u00a0 \u00a0 CONSTANCIAS Para obtener una constancia de alumno regular o una constancia de examen, deber\u00e1 remitirse a la bedel\u00eda. Las constancias se devolver\u00e1n en un plazo no mayor a 48 hs. Los alumnos pueden solicitar: &#8211;Constancia de Alumno Regular para boleto estudiantil&#8211; Constancia de alumno regular.&#8211;\u00a0 constancia examenConstancia Porcentaje de materias aprobadas&#8211;&#8211; Constancia de &#8230; <a title=\"CONSTANCIAS\" class=\"read-more\" href=\"https:\/\/ens6-caba.infd.edu.ar\/sitio\/constancias\/\" aria-label=\"More on CONSTANCIAS\">[+]<\/a><\/p>\n","protected":false},"author":7,"featured_media":0,"parent":0,"menu_order":0,"comment_status":"closed","ping_status":"closed","template":"","meta":[],"acf":[],"_links":{"self":[{"href":"https:\/\/ens6-caba.infd.edu.ar\/sitio\/wp-json\/wp\/v2\/pages\/1167"}],"collection":[{"href":"https:\/\/ens6-caba.infd.edu.ar\/sitio\/wp-json\/wp\/v2\/pages"}],"about":[{"href":"https:\/\/ens6-caba.infd.edu.ar\/sitio\/wp-json\/wp\/v2\/types\/page"}],"author":[{"embeddable":true,"href":"https:\/\/ens6-caba.infd.edu.ar\/sitio\/wp-json\/wp\/v2\/users\/7"}],"replies":[{"embeddable":true,"href":"https:\/\/ens6-caba.infd.edu.ar\/sitio\/wp-json\/wp\/v2\/comments?post=1167"}],"version-history":[{"count":11,"href":"https:\/\/ens6-caba.infd.edu.ar\/sitio\/wp-json\/wp\/v2\/pages\/1167\/revisions"}],"predecessor-version":[{"id":7894,"href":"https:\/\/ens6-caba.infd.edu.ar\/sitio\/wp-json\/wp\/v2\/pages\/1167\/revisions\/7894"}],"wp:attachment":[{"href":"https:\/\/ens6-caba.infd.edu.ar\/sitio\/wp-json\/wp\/v2\/media?parent=1167"}],"curies":[{"name":"wp","href":"https:\/\/api.w.org\/{rel}","templated":true}]}}