{"id":1161,"date":"2018-08-29T14:45:05","date_gmt":"2018-08-29T17:45:05","guid":{"rendered":"https:\/\/ens6-caba.infd.edu.ar\/sitio\/inscripcion-espacios-curriculares\/"},"modified":"2024-03-05T23:11:39","modified_gmt":"2024-03-06T02:11:39","slug":"inscripcion-espacios-curriculares","status":"publish","type":"page","link":"https:\/\/ens6-caba.infd.edu.ar\/sitio\/inscripcion-espacios-curriculares\/","title":{"rendered":"Inscripci\u00f3n Espacios Curriculares"},"content":{"rendered":"<p class=\"Texto_verdana\">\n<hr style=\"height: 3px;\" size=\"3\" \/>\n<p class=\"Texto_verdana\"><strong>INSCRIPCI\u00d3N EN MATERIAS, SEMINARIOS Y TALLERES \u00a0<\/strong>(<a href=\"https:\/\/ens6-caba.infd.edu.ar\/sitio\/wp-content\/uploads\/2024\/03\/INSCRIPCION-A-MATERIAS-1-CUATRIMESTRE-2024.doc\" data-wplink-edit=\"true\">imprimir planilla<\/a>)<\/p>\n<p>Pueden descargar desde aqu\u00ed la NUEVA PLANILLA para la inscripci\u00f3n en las materias del PEI. Tiene los horarios y sus datos personales. Lo van a tener que entregar firmado, en papel, en bedel\u00eda, en TT o TV. Algunas materias tienen CORRELATIVIDADES. Eso implica que no pueden cursarla si no cursaron la materia requerida. Fijense en el cuadro de correlativas que se expone en la cartelera. <strong>Esta planilla tienen que entregarla en papel, con su firma, en la bedel\u00eda hasta el viernes 8\/3<\/strong>. Pueden all\u00ed consultar para su rellenado. Si quieren, pueden sacar copias en la fotocopiadora que est\u00e1 dentro de la galer\u00eda de al lado de la escuela.<\/p>\n<p><strong>Respetar correlatividades previstas en el Plan de Estudios vigente.<\/strong><\/p>\n<p><strong>\u00a0<\/strong><\/p>\n","protected":false},"excerpt":{"rendered":"<p>INSCRIPCI\u00d3N EN MATERIAS, SEMINARIOS Y TALLERES \u00a0(imprimir planilla) Pueden descargar desde aqu\u00ed la NUEVA PLANILLA para la inscripci\u00f3n en las materias del PEI. Tiene los horarios y sus datos personales. Lo van a tener que entregar firmado, en papel, en bedel\u00eda, en TT o TV. Algunas materias tienen CORRELATIVIDADES. Eso implica que no pueden cursarla &#8230; <a title=\"Inscripci\u00f3n Espacios Curriculares\" class=\"read-more\" href=\"https:\/\/ens6-caba.infd.edu.ar\/sitio\/inscripcion-espacios-curriculares\/\" aria-label=\"More on Inscripci\u00f3n Espacios Curriculares\">[+]<\/a><\/p>\n","protected":false},"author":7,"featured_media":0,"parent":0,"menu_order":0,"comment_status":"closed","ping_status":"closed","template":"","meta":[],"acf":[],"_links":{"self":[{"href":"https:\/\/ens6-caba.infd.edu.ar\/sitio\/wp-json\/wp\/v2\/pages\/1161"}],"collection":[{"href":"https:\/\/ens6-caba.infd.edu.ar\/sitio\/wp-json\/wp\/v2\/pages"}],"about":[{"href":"https:\/\/ens6-caba.infd.edu.ar\/sitio\/wp-json\/wp\/v2\/types\/page"}],"author":[{"embeddable":true,"href":"https:\/\/ens6-caba.infd.edu.ar\/sitio\/wp-json\/wp\/v2\/users\/7"}],"replies":[{"embeddable":true,"href":"https:\/\/ens6-caba.infd.edu.ar\/sitio\/wp-json\/wp\/v2\/comments?post=1161"}],"version-history":[{"count":5,"href":"https:\/\/ens6-caba.infd.edu.ar\/sitio\/wp-json\/wp\/v2\/pages\/1161\/revisions"}],"predecessor-version":[{"id":5307,"href":"https:\/\/ens6-caba.infd.edu.ar\/sitio\/wp-json\/wp\/v2\/pages\/1161\/revisions\/5307"}],"wp:attachment":[{"href":"https:\/\/ens6-caba.infd.edu.ar\/sitio\/wp-json\/wp\/v2\/media?parent=1161"}],"curies":[{"name":"wp","href":"https:\/\/api.w.org\/{rel}","templated":true}]}}