{"id":1155,"date":"2018-08-29T14:45:03","date_gmt":"2018-08-29T17:45:03","guid":{"rendered":"https:\/\/ens6-caba.infd.edu.ar\/sitio\/biblioteca\/"},"modified":"2026-05-04T20:54:56","modified_gmt":"2026-05-04T23:54:56","slug":"biblioteca","status":"publish","type":"page","link":"https:\/\/ens6-caba.infd.edu.ar\/sitio\/biblioteca\/","title":{"rendered":"Biblioteca"},"content":{"rendered":"\n<p class=\"has-contrast-color has-text-color has-medium-font-size\">La Biblioteca del Normal 6 Vicente L\u00f3pez y Planes se ubica en el primer piso, al final del pasillo E. Alberga un fondo bibliogr\u00e1fico de aproximadamente 15.000 t\u00edtulos, distribuidos en distintas colecciones:<\/p>\n\n\n\n<ul class=\"has-contrast-color has-text-color\">\n<li class=\"has-medium-font-size\">Colecci\u00f3n hist\u00f3rica<\/li>\n\n\n\n<li class=\"has-medium-font-size\">Literatura universal<\/li>\n\n\n\n<li class=\"has-medium-font-size\">Pedagog\u00eda y Did\u00e1ctica<\/li>\n\n\n\n<li class=\"has-medium-font-size\">Literatura infantil&nbsp;<\/li>\n\n\n\n<li class=\"has-medium-font-size\">Libros de texto<\/li>\n\n\n\n<li class=\"has-medium-font-size\">Gastronom\u00eda<\/li>\n\n\n\n<li class=\"has-medium-font-size\">Indumentaria<\/li>\n\n\n\n<li class=\"has-medium-font-size\">Mapas<\/li>\n\n\n\n<li class=\"has-medium-font-size\">Pel\u00edculas<\/li>\n\n\n\n<li class=\"has-medium-font-size\"><\/li>\n<\/ul>\n\n\n\n<div class=\"wp-block-media-text alignwide is-stacked-on-mobile\" style=\"grid-template-columns:42% auto\"><figure class=\"wp-block-media-text__media\"><img decoding=\"async\" loading=\"lazy\" width=\"510\" height=\"682\" src=\"https:\/\/ens6-caba.infd.edu.ar\/sitio\/wp-content\/uploads\/2026\/05\/biblioteca.jpg\" alt=\"\" class=\"wp-image-8048 size-full\"\/><\/figure><div class=\"wp-block-media-text__content\">\n<p class=\"has-contrast-color has-text-color has-medium-font-size\">Los servicios de la biblioteca est\u00e1n destinados exclusivamente a la comunidad educativa del Normal: en sus niveles Inicial, Primario, Secundario y Terciario.<\/p>\n\n\n\n<p class=\"has-contrast-color has-text-color has-medium-font-size\">Servicios:<\/p>\n\n\n\n<ul>\n<li class=\"has-medium-font-size\">Lectura en sala y sala parlante<\/li>\n\n\n\n<li class=\"has-medium-font-size\">Pr\u00e9stamos a domicilio<\/li>\n\n\n\n<li class=\"has-medium-font-size\">B\u00fasquedas bibliogr\u00e1ficas<\/li>\n\n\n\n<li class=\"has-medium-font-size\">Formaci\u00f3n de usuarias y usuarios<\/li>\n\n\n\n<li class=\"has-medium-font-size\">Promoci\u00f3n de la lectura en Nivel Primario<\/li>\n<\/ul>\n\n\n\n<p class=\"has-contrast-color has-text-color has-medium-font-size\">Horario de atenci\u00f3n: de lunes a viernes de 8 a 22 (Pr\u00e9stamos hasta las 21.30)<\/p>\n\n\n\n<p class=\"has-contrast-color has-text-color has-medium-font-size\">Correo electr\u00f3nico: <a href=\"mailto:ens6.biblioteca@bue.edu.ar\">ens6.biblioteca@bue.edu.ar<\/a><\/p>\n<\/div><\/div>\n\n\n\n<p class=\"has-text-align-center has-contrast-color has-text-color has-medium-font-size\"><em><strong>Para conocer nuestras actividades y recomendaciones, seguinos en Facebook y visit\u00e1 nuestro blog.<\/strong><\/em><\/p>\n\n\n\n<p class=\"has-text-align-center\"><a href=\"https:\/\/www.facebook.com\/profile.php?id=100071594857644&amp;fref=ts#\"><img decoding=\"async\" loading=\"lazy\" width=\"76\" height=\"85\" class=\"wp-image-6844\" style=\"width: 76px;\" src=\"https:\/\/ens6-caba.infd.edu.ar\/sitio\/wp-content\/uploads\/2025\/10\/face.png\" alt=\"\"><\/a><a href=\"https:\/\/bibliotecaens6.blogspot.com\/\"><img decoding=\"async\" loading=\"lazy\" width=\"3840\" height=\"2160\" class=\"wp-image-8042\" style=\"width: 150px;\" src=\"https:\/\/ens6-caba.infd.edu.ar\/sitio\/wp-content\/uploads\/2026\/05\/Blogger-Logo-2010.png\" alt=\"\" srcset=\"https:\/\/ens6-caba.infd.edu.ar\/sitio\/wp-content\/uploads\/2026\/05\/Blogger-Logo-2010.png 3840w, https:\/\/ens6-caba.infd.edu.ar\/sitio\/wp-content\/uploads\/2026\/05\/Blogger-Logo-2010-1000x563.png 1000w, https:\/\/ens6-caba.infd.edu.ar\/sitio\/wp-content\/uploads\/2026\/05\/Blogger-Logo-2010-1900x1069.png 1900w, https:\/\/ens6-caba.infd.edu.ar\/sitio\/wp-content\/uploads\/2026\/05\/Blogger-Logo-2010-768x432.png 768w, https:\/\/ens6-caba.infd.edu.ar\/sitio\/wp-content\/uploads\/2026\/05\/Blogger-Logo-2010-1536x864.png 1536w, https:\/\/ens6-caba.infd.edu.ar\/sitio\/wp-content\/uploads\/2026\/05\/Blogger-Logo-2010-2048x1152.png 2048w\" sizes=\"(max-width: 3840px) 100vw, 3840px\" \/><\/a><\/p>\n","protected":false},"excerpt":{"rendered":"<p>La Biblioteca del Normal 6 Vicente L\u00f3pez y Planes se ubica en el primer piso, al final del pasillo E. Alberga un fondo bibliogr\u00e1fico de aproximadamente 15.000 t\u00edtulos, distribuidos en distintas colecciones: Para conocer nuestras actividades y recomendaciones, seguinos en Facebook y visit\u00e1 nuestro blog.<\/p>\n","protected":false},"author":7,"featured_media":0,"parent":0,"menu_order":0,"comment_status":"closed","ping_status":"closed","template":"","meta":[],"acf":[],"_links":{"self":[{"href":"https:\/\/ens6-caba.infd.edu.ar\/sitio\/wp-json\/wp\/v2\/pages\/1155"}],"collection":[{"href":"https:\/\/ens6-caba.infd.edu.ar\/sitio\/wp-json\/wp\/v2\/pages"}],"about":[{"href":"https:\/\/ens6-caba.infd.edu.ar\/sitio\/wp-json\/wp\/v2\/types\/page"}],"author":[{"embeddable":true,"href":"https:\/\/ens6-caba.infd.edu.ar\/sitio\/wp-json\/wp\/v2\/users\/7"}],"replies":[{"embeddable":true,"href":"https:\/\/ens6-caba.infd.edu.ar\/sitio\/wp-json\/wp\/v2\/comments?post=1155"}],"version-history":[{"count":7,"href":"https:\/\/ens6-caba.infd.edu.ar\/sitio\/wp-json\/wp\/v2\/pages\/1155\/revisions"}],"predecessor-version":[{"id":8053,"href":"https:\/\/ens6-caba.infd.edu.ar\/sitio\/wp-json\/wp\/v2\/pages\/1155\/revisions\/8053"}],"wp:attachment":[{"href":"https:\/\/ens6-caba.infd.edu.ar\/sitio\/wp-json\/wp\/v2\/media?parent=1155"}],"curies":[{"name":"wp","href":"https:\/\/api.w.org\/{rel}","templated":true}]}}