{"id":1153,"date":"2018-08-29T14:45:02","date_gmt":"2018-08-29T17:45:02","guid":{"rendered":"https:\/\/ens6-caba.infd.edu.ar\/sitio\/alfabetizacion-digital\/"},"modified":"2018-09-15T11:06:55","modified_gmt":"2018-09-15T14:06:55","slug":"proyectos-y-salidas-didacticas-pei-alfabetizacion-digital","status":"publish","type":"page","link":"https:\/\/ens6-caba.infd.edu.ar\/sitio\/proyectos-y-salidas-didacticas-pei-alfabetizacion-digital\/","title":{"rendered":"Alfabetizaci\u00f3n Digital"},"content":{"rendered":"<p>&nbsp;<\/p>\n<table style=\"width: 809px; height: 5460px; border: 0px solid #3b494d; background-color: #4db1ad;\" border=\"0\" frame=\"above\">\n<tbody>\n<tr>\n<td>\n<p style=\"text-align: center;\"><span style=\"color: #ccffff; font-size: 12pt;\"><strong><span style=\"font-family: arial,helvetica,sans-serif;\">\u201cLa incorporaci\u00f3n de las nuevas tecnolog\u00edas y la alfabetizaci\u00f3n de lenguaje hipermedia <\/span><\/strong><\/span><\/p>\n<p style=\"text-align: center;\"><span style=\"color: #ccffff; font-size: 12pt;\"><strong><span style=\"font-family: arial,helvetica,sans-serif;\">y audiovisual en la pr\u00e1ctica docente del\u00a0 nivel inicial\u201d<\/span><\/strong><\/span><\/p>\n<p style=\"text-align: center;\"><span style=\"color: #000000;\"><span style=\"font-size: 12pt; font-family: arial,helvetica,sans-serif;\"><strong>\u00a0\u00a0\u00a0\u00a0\u00a0\u00a0\u00a0\u00a0\u00a0\u00a0\u00a0\u00a0\u00a0\u00a0\u00a0\u00a0\u00a0\u00a0\u00a0\u00a0\u00a0\u00a0\u00a0\u00a0\u00a0\u00a0\u00a0\u00a0\u00a0\u00a0\u00a0\u00a0\u00a0\u00a0\u00a0 \u00a0 \u00a0 \u00a0 \u00a0 \u00a0 \u00a0 \u00a0 \u00a0 \u00a0 \u00a0 \u00a0 \u00a0 \u00a0 \u00a0 \u00a0<\/strong><\/span><span style=\"font-size: 12pt;\"> \u00a0 \u00a0 \u00a0 \u00a0 \u00a0 \u00a0 \u00a0 \u00a0<span style=\"font-size: 10pt;\"> \u00a0 \u00a0 \u00a0 \u00a0 \u00a0 \u00a0 \u00a0 \u00a0 \u00a0 \u00a0 \u00a0 \u00a0 \u00a0 Prof. Yamila Frei<\/span><\/span><span style=\"font-size: 12pt; font-family: arial,helvetica,sans-serif;\"><strong><span style=\"font-size: 10pt;\"> <a title=\"\" href=\"#_ftnref1\"><span style=\"color: #000000;\">[1]<\/span><\/a><\/span><br \/>\n<\/strong><\/span><\/span><\/p>\n<p><span style=\"color: #000000; font-size: 10pt;\">\u00a0<\/span><\/p>\n<p style=\"text-align: justify;\"><span style=\"color: #000000; font-size: 10pt;\">El proyecto busca establecer un v\u00ednculo entre el trabajo de\u00a0 campo y la pr\u00e1ctica docente a trav\u00e9s del estudio de casos concretos de alfabetizaci\u00f3n en medios, implementaci\u00f3n y uso de de recursos educativos con lenguaje hipermedia y audiovisual. La propuesta\u00a0 impulsa un sistema de investigaci\u00f3n cooperativa e interdisciplinar partiendo de la conformaci\u00f3n de actividades formativas de docencia pr\u00e1ctica que permitan el <strong>desarrollo de recursos de contenido conceptual e hipermedi\u00e1tico <\/strong>para integrar en la base inform\u00e1tica y producir, posteriormente,<strong> materiales audiovisuales y recursos educativos interactivos.<\/strong><\/span><\/p>\n<p style=\"text-align: justify;\"><span style=\"color: #000000; font-size: 10pt;\">Nos planteamos un alto inter\u00e9s por el uso y <strong>la incorporaci\u00f3n de Tics y los medios en el \u00e1mbito educativo<\/strong>, y pretendemos indagar en la mejora de la formaci\u00f3n pr\u00e1ctica de los estudiantes del Profesorado en Educaci\u00f3n Inicial. Estos aspectos se involucran en la b\u00fasqueda de una mejor calidad de ense\u00f1anza en Educaci\u00f3n Superior, pero tambi\u00e9n intentan concretar nuevos escenarios de implicancia entre formaci\u00f3n y pr\u00e1ctica docente.<\/span><\/p>\n<p style=\"text-align: justify;\"><span style=\"color: #000000; font-size: 10pt;\">La reciente incorporaci\u00f3n del uso de la tics y los lenguajes medi\u00e1ticos en las pol\u00edticas educativas, la oportunidad de profundizaci\u00f3n del Dise\u00f1o Curricular para la Formaci\u00f3n Docente de Educaci\u00f3n Inicial del Gobierno de la Ciudad Aut\u00f3noma de Buenos Aires en este sentido, y el desconocimiento de pr\u00e1cticas reales de implementaci\u00f3n en el \u00e1rea nos llevan a considerar como punto de partida la necesidad de ahondar en estas cuestiones.<\/span><\/p>\n<p style=\"text-align: justify;\"><span style=\"color: #000000; font-size: 10pt;\">Estas inquietudes surgen de diferentes proyectos y trabajos desarrollados en el Profesorado de Educaci\u00f3n Inicial de la Escuela Normal Superior N\u00ba 6 sobre experimentaci\u00f3n y puesta en pr\u00e1ctica en la indagaci\u00f3n y la <strong>producci\u00f3n de recursos educativos,<\/strong> tanto en Artes Visuales 2 como Lenguajes Expresivos 2,\u00a0 y el proyecto vigente de Gesti\u00f3n de la Informaci\u00f3n, que ponen de manifiesto las carencias que justifican la necesidad de\u00a0 comenzar un estudio centrado en explorar el grado y el modo en que se implementan <strong>proyectos de\u00a0 alfabetizaci\u00f3n en medios y nuevas tecnolog\u00edas\u00a0 en el Nivel Inicial en la ciudad de Buenos Aires<\/strong>, as\u00ed como su correlato de estrategias y herramientas que se despliegan en el proceso de la formaci\u00f3n docente.<br \/>\n<\/span><\/p>\n<p style=\"text-align: justify;\"><span style=\"color: #000000; font-size: 10pt;\">El punto de partida de este proyecto deviene del convencimiento de que las innovaciones metodol\u00f3gicas y la utilizaci\u00f3n de recursos basados en tics en la formaci\u00f3n docente requieren de un doble movimiento: el estudio y la observaci\u00f3n de casos de planificaci\u00f3n e implementaci\u00f3n en educaci\u00f3n inicial y un proceso de formaci\u00f3n y capacitaci\u00f3n que de cuenta de la experiencia y la participaci\u00f3n activa de los estudiantes y los docentes\u00a0 en la definici\u00f3n de sus propias necesidades de aprendizaje.<\/span><\/p>\n<div>\n<p><span style=\"color: #000000; font-size: 8pt;\"><span style=\"font-size: 8pt;\"><a title=\"\" href=\"#_ftnref1\"><span style=\"color: #000000;\">[1] <\/span><\/a><a title=\"\" href=\"index.cgi?wid_seccion=12&amp;wid_item=9#_ednref1\">i]<\/a> Docente de<\/span><\/span><span style=\"font-size: 8pt;\"><span style=\"color: #000000;\"><a title=\"\" href=\"#_ftnref1\"><span style=\"color: #000000;\">\u00a0<\/span><\/a><\/span><span style=\"color: #000000;\"><a title=\"\" href=\"#_ftnref1\"><span style=\"color: #000000;\"><span style=\"color: #000000;\">Artes Visuales 2, Lenguajes Expresivos 2<\/span><\/span><\/a><\/span><\/span><span style=\"color: #000000; font-size: 8pt;\"><span style=\"font-size: 8pt;\"><a title=\"\" href=\"#_ftnref1\"><span style=\"color: #000000;\"><span style=\"font-size: 8pt;\"><span style=\"color: #000000; font-size: 10pt;\"><span style=\"font-size: 8pt;\">, Nuevos Escenarios y Gesti\u00f3n de la Informaci\u00f3n. <\/span><\/span>Lic. y Profesora en Artes Combinadas (UBA).Realizadora Audiovisual. Especialista en Im\u00e1genes, Medios y Educaci\u00f3n (FLACSO).<\/span><br \/>\n<\/span><\/a><\/span><\/span><\/p>\n<\/div>\n<div>\n<p>&nbsp;<\/p>\n<p>&nbsp;<\/p>\n<table style=\"width: 789px; height: 4403px;\" border=\"0\" align=\"left\">\n<tbody>\n<tr>\n<td colspan=\"2\" width=\"100%\">\n<h2 style=\"margin-top: 0px; margin-bottom: 0px; padding-bottom: 0px; text-align: center;\"><\/h2>\n<h2 style=\"margin-top: 0px; margin-bottom: 0px; padding-bottom: 0px; text-align: center;\">Jornadas de Intercambio sobre Alfabetizaci\u00f3n Digital y Audiovisual<\/h2>\n<h2 style=\"margin-top: 0px; margin-bottom: 0px; padding-bottom: 0px; text-align: center;\">entre el Nivel Superior y el Nivel Inicial<\/h2>\n<\/td>\n<\/tr>\n<tr>\n<td colspan=\"2\">\n<p style=\"text-align: justify;\"><span style=\"font-size: 12pt;\">El mi\u00e9rcoles 12\/06\/13 se realiz\u00f3 la Jornada de Intercambio sobre Alfabetizaci\u00f3n Digital y Audiovisual entre el profesorado de nivel terciario y el nivel inical de nuestra intituci\u00f3n. <\/span><\/p>\n<p style=\"text-align: justify;\"><span style=\"font-size: 12pt;\">La directora y las docentes del nivel inicial nos muestran y relatan el modo en que llevan a cabo proyectos de incorparaci\u00f3n de TICS, lenguaje fotogr\u00e1fico, animaci\u00f3n y video con las diferentes salas.<\/span><\/p>\n<p><span style=\"font-size: 12pt;\">Anteriormente, realizamos una Jornada de Intercambio y Capacitaci\u00f3n junto a las docentes de nivel inicial del ENS\u00a0 N\u00ba 1 y ENS N\u00ba6 trabajando conjuntamente con la Directora Laura In\u00e9s Acosta y Lucila Fogiel perteneciente al equipo de <strong><a title=\"INTEC\" href=\"http:\/\/www.buenosaires.gob.ar\/areas\/educacion\/programas\/intec\/index.php?menu_id=19767\">INTEC<\/a><\/strong> . <\/span><\/td>\n<\/tr>\n<tr>\n<td width=\"20%\">&nbsp;<\/p>\n<div style=\"text-align: center;\"><img decoding=\"async\" loading=\"lazy\" title=\"\" src=\"https:\/\/ens6-caba.infd.edu.ar\/sitio\/wp-content\/uploads\/2018\/08\/ultimas_fotos_y_videos_mayo_2013_012.jpg\" alt=\"\" width=\"369\" height=\"275\" border=\"0\" \/><\/div>\n<\/td>\n<td width=\"20%\">&nbsp;<\/p>\n<div style=\"text-align: center;\"><img decoding=\"async\" loading=\"lazy\" style=\"float: left;\" title=\"\" src=\"https:\/\/ens6-caba.infd.edu.ar\/sitio\/wp-content\/uploads\/2018\/08\/ultimas_fotos_y_videos_mayo_2013_008.jpg\" alt=\"\" width=\"382\" height=\"276\" border=\"0\" \/><\/div>\n<\/td>\n<\/tr>\n<tr>\n<td>&nbsp;<\/p>\n<div style=\"text-align: center;\"><img decoding=\"async\" loading=\"lazy\" title=\"\" src=\"https:\/\/ens6-caba.infd.edu.ar\/sitio\/wp-content\/uploads\/2018\/08\/ultimas_fotos_y_videos_mayo_2013_033.jpg\" alt=\"\" width=\"366\" height=\"268\" border=\"0\" \/><\/div>\n<\/td>\n<td><img decoding=\"async\" loading=\"lazy\" style=\"display: block; margin-left: auto; margin-right: auto;\" title=\"\" src=\"https:\/\/ens6-caba.infd.edu.ar\/sitio\/wp-content\/uploads\/2018\/08\/ultimas_fotos_y_videos_mayo_2013_022.jpg\" alt=\"\" width=\"234\" height=\"236\" border=\"0\" \/><\/td>\n<\/tr>\n<tr>\n<td colspan=\"2\">\u00a0<img decoding=\"async\" loading=\"lazy\" title=\"\" src=\"https:\/\/ens6-caba.infd.edu.ar\/sitio\/wp-content\/uploads\/2018\/08\/DSCN1691.jpg\" alt=\"\" width=\"281\" height=\"210\" border=\"0\" \/>\u00a0\u00a0<img decoding=\"async\" loading=\"lazy\" title=\"\" src=\"https:\/\/ens6-caba.infd.edu.ar\/sitio\/wp-content\/uploads\/2018\/08\/DSCN2172.jpg\" alt=\"\" width=\"281\" height=\"209\" border=\"0\" \/> \u00a0 \u00a0\u00a0 <img decoding=\"async\" loading=\"lazy\" title=\"\" src=\"https:\/\/ens6-caba.infd.edu.ar\/sitio\/wp-content\/uploads\/2018\/08\/DSCN2672.jpg\" alt=\"\" width=\"197\" height=\"294\" border=\"0\" \/><\/td>\n<\/tr>\n<tr>\n<td colspan=\"2\">\u00a0 \u00a0 \u00a0 \u00a0 \u00a0 \u00a0 \u00a0 \u00a0 \u00a0 \u00a0 \u00a0 \u00a0 \u00a0\u00a0 \u00a0 <iframe loading=\"lazy\" style=\"display: block; margin-left: auto; margin-right: auto;\" src=\"\/\/www.youtube.com\/embed\/wDdowTTvzng?wmode=transparent\" width=\"552\" height=\"357\" frameborder=\"0\"><\/iframe><\/p>\n<table style=\"width: 771px; height: 2287px;\" border=\"0\" align=\"left\">\n<tbody>\n<tr>\n<td colspan=\"3\" width=\"100%\">\n<hr style=\"height: 4px;\" size=\"4\" \/>\n<p><img decoding=\"async\" loading=\"lazy\" class=\"aligncenter\" style=\"display: block; margin-left: auto; margin-right: auto;\" title=\"\" src=\"https:\/\/ens6-caba.infd.edu.ar\/sitio\/wp-content\/uploads\/2018\/08\/invitaci%C3%B3n_jornada_alfabetizaci%C3%B3n_digital.jpg\" alt=\"\" width=\"639\" height=\"451\" border=\"0\" \/><\/td>\n<\/tr>\n<tr>\n<td style=\"text-align: justify;\" colspan=\"3\"><span style=\"font-size: 12pt;\">El 24 de octubre de 2013 se realiz\u00f3 la <strong>Jornada de Intercambio<\/strong> con alumnos de la <strong>Escuela Nornal SuperiorN\u00ba 3<\/strong> y <strong> la Escuela Nornal Superior N\u00ba 10<\/strong>. En la misma se expusieron y proyectaron trabajos realizado por nuestros alumnos de formaci\u00f3n docente, y a lmismo tienpo tuvimos la oprtunidad de compartir y cer las experiencias que se desarrollan en otros profesorados. Tambi\u00e9n, se realizaron talleres de animaci\u00f3n en los que los alumnos y ex-alumnos ense\u00f1aban a otro compa\u00f1eros el uso de c\u00e1mar\u00e1s y netboocks. Finalmente,\u00a0 compartimos relatos de experiencias de implementaci\u00f3n dentro de la pr\u00e1ctica docente que fueron muy enriquecedoras. Esta actividad fue coordinada por la Prof. Yamila Frei y\u00a0 la colaboraci\u00f3n del Prof. Eduardo Zicca. Nos sentimos muy orgullosos de haber podido generar esta experiencia de intercambio y representar a nuestra escuela y el trabajo que llevan adelante alumnos y docentes en cuanto a la incorporaci\u00f2n de Tics y Alfabetizaci\u00f3n Digital.<br \/>\n<\/span><\/td>\n<\/tr>\n<tr>\n<td colspan=\"3\">\n<p class=\"MsoNormal\"><span style=\"font-size: 12pt;\"><span lang=\"ES\">Actualmente surgen <strong style=\"mso-bidi-font-weight: normal;\">otras formas de producci\u00f3n y transmisi\u00f3n de la cultura.<\/strong><\/span><span lang=\"ES\"> Las <strong style=\"mso-bidi-font-weight: normal;\">alfabetizaciones emergentes o m\u00faltiples<\/strong> se refieren al conjunto de saberes que se vuelven cada vez m\u00e1s necesarios en nuestras sociedades. <\/span><\/span><\/p>\n<p class=\"MsoNormal\"><span style=\"font-size: 12pt;\"><strong style=\"mso-bidi-font-weight: normal;\"><span lang=\"ES\">Hablar de alfabetizaci\u00f3n permite referirse a la necesidad de aprender lenguajes<\/span><\/strong><span lang=\"ES\">, y estos lenguajes no son solamente, ni deben serlo, los del lenguaje oral o escrito. <\/span><\/span><\/p>\n<ul>\n<li><span style=\"font-size: 12pt;\"><span style=\"font-family: Wingdings;\"><span style=\"font-family: 'Times New Roman'; font-style: normal; font-variant: normal; font-weight: normal; line-height: normal; font-size-adjust: none; font-stretch: normal; -moz-font-feature-settings: normal; -moz-font-language-override: normal;\">\u00a0<\/span><\/span><span lang=\"ES\">Se incorporan a nuestra concepci\u00f3n sobre lo que debe transmitir en la escuela y en la formaci\u00f3n docente dos grandes grupos de saberes, contenidos y experiencias: <\/span><\/span><\/li>\n<\/ul>\n<ul>\n<li><span style=\"font-size: 12pt;\"><strong><span lang=\"ES\">Alfabetizaci\u00f3n<\/span><\/strong><strong><span lang=\"ES\">\u00a0Tecnol\u00f3gica<\/span><\/strong><\/span><\/li>\n<li><span style=\"font-size: 12pt;\"><strong><span lang=\"ES\">Alfabetizaci\u00f3n audiovisual o medi\u00e1tica<\/span><\/strong><\/span><\/li>\n<\/ul>\n<\/td>\n<\/tr>\n<tr>\n<td width=\"20%\">\n<div style=\"text-align: center;\"><img decoding=\"async\" loading=\"lazy\" style=\"float: left;\" title=\"\" src=\"https:\/\/ens6-caba.infd.edu.ar\/sitio\/wp-content\/uploads\/2018\/08\/DSC00101-1.jpg\" alt=\"\" width=\"266\" height=\"194\" border=\"0\" \/><\/div>\n<\/td>\n<td width=\"20%\">\n<div style=\"text-align: center;\"><img decoding=\"async\" loading=\"lazy\" title=\"\" src=\"https:\/\/ens6-caba.infd.edu.ar\/sitio\/wp-content\/uploads\/2018\/08\/100_0050.jpg\" alt=\"\" width=\"291\" height=\"180\" border=\"0\" \/><\/div>\n<\/td>\n<td width=\"20%\">\n<div><img decoding=\"async\" loading=\"lazy\" style=\"display: block; margin-left: auto; margin-right: auto;\" title=\"\" src=\"https:\/\/ens6-caba.infd.edu.ar\/sitio\/wp-content\/uploads\/2018\/08\/100_0055.jpg\" alt=\"\" width=\"300\" height=\"170\" border=\"0\" \/><\/div>\n<\/td>\n<\/tr>\n<tr>\n<td style=\"text-align: center;\" colspan=\"3\">&nbsp;<\/p>\n<div style=\"text-align: center;\"><img decoding=\"async\" loading=\"lazy\" title=\"\" src=\"https:\/\/ens6-caba.infd.edu.ar\/sitio\/wp-content\/uploads\/2018\/08\/100_0049.jpg\" alt=\"\" width=\"323\" height=\"179\" border=\"0\" \/>\u00a0 \u00a0\u00a0 \u00a0 <img decoding=\"async\" loading=\"lazy\" title=\"\" src=\"https:\/\/ens6-caba.infd.edu.ar\/sitio\/wp-content\/uploads\/2018\/08\/DSC00105-1.jpg\" alt=\"\" width=\"237\" height=\"176\" border=\"0\" \/>\u00a0\u00a0\u00a0\u00a0 <img decoding=\"async\" loading=\"lazy\" title=\"\" src=\"https:\/\/ens6-caba.infd.edu.ar\/sitio\/wp-content\/uploads\/2018\/08\/100_0068.jpg\" alt=\"\" width=\"273\" height=\"178\" border=\"0\" \/><\/div>\n<\/td>\n<\/tr>\n<tr>\n<td style=\"text-align: center;\"><img decoding=\"async\" loading=\"lazy\" title=\"\" src=\"https:\/\/ens6-caba.infd.edu.ar\/sitio\/wp-content\/uploads\/2018\/08\/DSC00043.jpg\" alt=\"\" width=\"272\" height=\"174\" border=\"0\" \/><\/td>\n<td style=\"text-align: center;\">\n<div style=\"text-align: center;\"><img decoding=\"async\" loading=\"lazy\" title=\"\" src=\"https:\/\/ens6-caba.infd.edu.ar\/sitio\/wp-content\/uploads\/2018\/08\/100_0079.jpg\" alt=\"\" width=\"295\" height=\"167\" border=\"0\" \/><\/div>\n<\/td>\n<td style=\"text-align: center;\">\n<div style=\"text-align: center;\">\u00a0\u00a0 <img decoding=\"async\" loading=\"lazy\" title=\"\" src=\"https:\/\/ens6-caba.infd.edu.ar\/sitio\/wp-content\/uploads\/2018\/08\/100_0110.jpg\" alt=\"\" width=\"307\" height=\"172\" border=\"0\" \/><\/div>\n<\/td>\n<\/tr>\n<tr>\n<td><img decoding=\"async\" loading=\"lazy\" title=\"\" src=\"https:\/\/ens6-caba.infd.edu.ar\/sitio\/wp-content\/uploads\/2018\/08\/100_0164.jpg\" alt=\"\" width=\"292\" height=\"163\" border=\"0\" \/><\/td>\n<td><img decoding=\"async\" loading=\"lazy\" style=\"display: block; margin-left: auto; margin-right: auto;\" title=\"\" src=\"https:\/\/ens6-caba.infd.edu.ar\/sitio\/wp-content\/uploads\/2018\/08\/100_0131.jpg\" alt=\"\" width=\"117\" height=\"208\" border=\"0\" \/><\/td>\n<td>\n<div style=\"text-align: center;\"><img decoding=\"async\" loading=\"lazy\" title=\"\" src=\"https:\/\/ens6-caba.infd.edu.ar\/sitio\/wp-content\/uploads\/2018\/08\/100_0058.jpg\" alt=\"\" width=\"310\" height=\"173\" border=\"0\" \/><\/div>\n<\/td>\n<\/tr>\n<\/tbody>\n<\/table>\n<\/td>\n<\/tr>\n<\/tbody>\n<\/table>\n<\/div>\n<\/td>\n<\/tr>\n<\/tbody>\n<\/table>\n","protected":false},"excerpt":{"rendered":"<p>&nbsp; \u201cLa incorporaci\u00f3n de las nuevas tecnolog\u00edas y la alfabetizaci\u00f3n de lenguaje hipermedia y audiovisual en la pr\u00e1ctica docente del\u00a0 nivel inicial\u201d \u00a0\u00a0\u00a0\u00a0\u00a0\u00a0\u00a0\u00a0\u00a0\u00a0\u00a0\u00a0\u00a0\u00a0\u00a0\u00a0\u00a0\u00a0\u00a0\u00a0\u00a0\u00a0\u00a0\u00a0\u00a0\u00a0\u00a0\u00a0\u00a0\u00a0\u00a0\u00a0\u00a0\u00a0\u00a0 \u00a0 \u00a0 \u00a0 \u00a0 \u00a0 \u00a0 \u00a0 \u00a0 \u00a0 \u00a0 \u00a0 \u00a0 \u00a0 \u00a0 \u00a0 \u00a0 \u00a0 \u00a0 \u00a0 \u00a0 \u00a0 \u00a0 \u00a0 \u00a0 \u00a0 \u00a0 \u00a0 \u00a0 \u00a0 \u00a0 \u00a0 \u00a0 &#8230; <a title=\"Alfabetizaci\u00f3n Digital\" class=\"read-more\" href=\"https:\/\/ens6-caba.infd.edu.ar\/sitio\/proyectos-y-salidas-didacticas-pei-alfabetizacion-digital\/\" aria-label=\"More on Alfabetizaci\u00f3n Digital\">[+]<\/a><\/p>\n","protected":false},"author":7,"featured_media":0,"parent":0,"menu_order":0,"comment_status":"closed","ping_status":"closed","template":"","meta":[],"acf":[],"_links":{"self":[{"href":"https:\/\/ens6-caba.infd.edu.ar\/sitio\/wp-json\/wp\/v2\/pages\/1153"}],"collection":[{"href":"https:\/\/ens6-caba.infd.edu.ar\/sitio\/wp-json\/wp\/v2\/pages"}],"about":[{"href":"https:\/\/ens6-caba.infd.edu.ar\/sitio\/wp-json\/wp\/v2\/types\/page"}],"author":[{"embeddable":true,"href":"https:\/\/ens6-caba.infd.edu.ar\/sitio\/wp-json\/wp\/v2\/users\/7"}],"replies":[{"embeddable":true,"href":"https:\/\/ens6-caba.infd.edu.ar\/sitio\/wp-json\/wp\/v2\/comments?post=1153"}],"version-history":[{"count":4,"href":"https:\/\/ens6-caba.infd.edu.ar\/sitio\/wp-json\/wp\/v2\/pages\/1153\/revisions"}],"predecessor-version":[{"id":1385,"href":"https:\/\/ens6-caba.infd.edu.ar\/sitio\/wp-json\/wp\/v2\/pages\/1153\/revisions\/1385"}],"wp:attachment":[{"href":"https:\/\/ens6-caba.infd.edu.ar\/sitio\/wp-json\/wp\/v2\/media?parent=1153"}],"curies":[{"name":"wp","href":"https:\/\/api.w.org\/{rel}","templated":true}]}}