{"id":1145,"date":"2018-08-29T14:44:58","date_gmt":"2018-08-29T17:44:58","guid":{"rendered":"https:\/\/ens6-caba.infd.edu.ar\/sitio\/autoridades\/"},"modified":"2025-06-06T17:43:52","modified_gmt":"2025-06-06T20:43:52","slug":"autoridades","status":"publish","type":"page","link":"https:\/\/ens6-caba.infd.edu.ar\/sitio\/autoridades\/","title":{"rendered":"Autoridades"},"content":{"rendered":"<h2>Rectora: Mar\u00eda Jos\u00e9 Sgalia<\/h2>\n<h2>Vicerrector: Jos\u00e9 Luis Rodr\u00edguez Ferla<\/h2>\n<h2>Regente Formaci\u00f3n Docente: Alejandra Lapegna<\/h2>\n<h2>Regente Formaci\u00f3n T\u00e9cnica: Horacio Criado<\/h2>\n<h2>Directora Nivel Medio: Irene Scheiner<\/h2>\n<h2>Vicedirectora Nivel Medio: Mar\u00eda Cristina Romero Lamas<\/h2>\n<h2>Regente Nivel Primario: Mar\u00eda del Rosario Serra Muruzeta<\/h2>\n<h2>Sub-regente Nivel Primario: Roxana del Carmen Ordu\u00f1a<\/h2>\n<h2>Directora del Nivel Inicial: M\u00f3nica Barreiro<\/h2>\n<h2>Secretaria: Valeria Fern\u00e1ndez<\/h2>\n","protected":false},"excerpt":{"rendered":"<p>Rectora: Mar\u00eda Jos\u00e9 Sgalia Vicerrector: Jos\u00e9 Luis Rodr\u00edguez Ferla Regente Formaci\u00f3n Docente: Alejandra Lapegna Regente Formaci\u00f3n T\u00e9cnica: Horacio Criado Directora Nivel Medio: Irene Scheiner Vicedirectora Nivel Medio: Mar\u00eda Cristina Romero Lamas Regente Nivel Primario: Mar\u00eda del Rosario Serra Muruzeta Sub-regente Nivel Primario: Roxana del Carmen Ordu\u00f1a Directora del Nivel Inicial: M\u00f3nica Barreiro Secretaria: Valeria Fern\u00e1ndez<\/p>\n","protected":false},"author":7,"featured_media":0,"parent":0,"menu_order":0,"comment_status":"closed","ping_status":"closed","template":"","meta":[],"acf":[],"_links":{"self":[{"href":"https:\/\/ens6-caba.infd.edu.ar\/sitio\/wp-json\/wp\/v2\/pages\/1145"}],"collection":[{"href":"https:\/\/ens6-caba.infd.edu.ar\/sitio\/wp-json\/wp\/v2\/pages"}],"about":[{"href":"https:\/\/ens6-caba.infd.edu.ar\/sitio\/wp-json\/wp\/v2\/types\/page"}],"author":[{"embeddable":true,"href":"https:\/\/ens6-caba.infd.edu.ar\/sitio\/wp-json\/wp\/v2\/users\/7"}],"replies":[{"embeddable":true,"href":"https:\/\/ens6-caba.infd.edu.ar\/sitio\/wp-json\/wp\/v2\/comments?post=1145"}],"version-history":[{"count":18,"href":"https:\/\/ens6-caba.infd.edu.ar\/sitio\/wp-json\/wp\/v2\/pages\/1145\/revisions"}],"predecessor-version":[{"id":6427,"href":"https:\/\/ens6-caba.infd.edu.ar\/sitio\/wp-json\/wp\/v2\/pages\/1145\/revisions\/6427"}],"wp:attachment":[{"href":"https:\/\/ens6-caba.infd.edu.ar\/sitio\/wp-json\/wp\/v2\/media?parent=1145"}],"curies":[{"name":"wp","href":"https:\/\/api.w.org\/{rel}","templated":true}]}}