{"id":1143,"date":"2018-08-29T14:44:58","date_gmt":"2018-08-29T17:44:58","guid":{"rendered":"https:\/\/ens6-caba.infd.edu.ar\/sitio\/ubicacion-y-contacto\/"},"modified":"2025-10-20T14:22:35","modified_gmt":"2025-10-20T17:22:35","slug":"ubicacion-y-contacto","status":"publish","type":"page","link":"https:\/\/ens6-caba.infd.edu.ar\/sitio\/ubicacion-y-contacto\/","title":{"rendered":"Ubicaci\u00f3n"},"content":{"rendered":"\n<p>La Escuela Normal Superior N\u00b0 6 <em>Vicente L\u00f3pez y Planes<\/em> est\u00e1 ubicada en G\u00fcemes 3859, entre Araoz y Juli\u00e1n Alvarez (a 2 cuadras de Santa Fe y Scalabrini Ortiz y a 5 de Plaza Italia) de la Ciudad Aut\u00f3noma de Buenos Aires.<br>Es una ubicaci\u00f3n privilegiada para acceder a ella, por la cantidad de medios de transportes que recorren la zona, provenientes de toda la Capital Federal y del conurbano bonaerense. Se puede llegar a ella mediante:<\/p>\n\n\n\n<ul>\n<li>Subte L\u00ednea D, estaci\u00f3n Scalabrini Ortiz<\/li>\n\n\n\n<li>L\u00edneas de colectivo 12 &#8211; 15 &#8211; 29 &#8211; 39 &#8211; 64 &#8211; 68 &#8211; 92 &#8211; 110 &#8211; 111 &#8211; 128 &#8211; 145 &#8211; 152 &#8211; 160 &#8211; 188<\/li>\n\n\n\n<li>Tren San Mart\u00edn, estaci\u00f3n Palermo<\/li>\n<\/ul>\n\n\n<div class=\"wp-block-image\">\n<figure class=\"aligncenter size-full\"><img decoding=\"async\" loading=\"lazy\" width=\"1578\" height=\"1032\" src=\"https:\/\/ens6-caba.infd.edu.ar\/sitio\/wp-content\/uploads\/2024\/08\/mapa-escuela.png\" alt=\"\" class=\"wp-image-5884\" srcset=\"https:\/\/ens6-caba.infd.edu.ar\/sitio\/wp-content\/uploads\/2024\/08\/mapa-escuela.png 1578w, https:\/\/ens6-caba.infd.edu.ar\/sitio\/wp-content\/uploads\/2024\/08\/mapa-escuela-1000x654.png 1000w, https:\/\/ens6-caba.infd.edu.ar\/sitio\/wp-content\/uploads\/2024\/08\/mapa-escuela-768x502.png 768w, https:\/\/ens6-caba.infd.edu.ar\/sitio\/wp-content\/uploads\/2024\/08\/mapa-escuela-1536x1005.png 1536w\" sizes=\"(max-width: 1578px) 100vw, 1578px\" \/><\/figure><\/div>\n\n\n<h2 class=\"wp-block-heading\">Contacto:<\/h2>\n\n\n\n<p>Direcci\u00f3n: G\u00fcemes 3859, C.A.B.A. &#8211; C\u00f3digo Postal 1425BKS<\/p>\n\n\n\n<p>Correo electr\u00f3nico: <a href=\"mailto:ens6@bue.edu.ar\">ens6@bue.edu.ar<\/a><\/p>\n","protected":false},"excerpt":{"rendered":"<p>La Escuela Normal Superior N\u00b0 6 Vicente L\u00f3pez y Planes est\u00e1 ubicada en G\u00fcemes 3859, entre Araoz y Juli\u00e1n Alvarez (a 2 cuadras de Santa Fe y Scalabrini Ortiz y a 5 de Plaza Italia) de la Ciudad Aut\u00f3noma de Buenos Aires.Es una ubicaci\u00f3n privilegiada para acceder a ella, por la cantidad de medios de &#8230; <a title=\"Ubicaci\u00f3n\" class=\"read-more\" href=\"https:\/\/ens6-caba.infd.edu.ar\/sitio\/ubicacion-y-contacto\/\" aria-label=\"More on Ubicaci\u00f3n\">[+]<\/a><\/p>\n","protected":false},"author":7,"featured_media":0,"parent":0,"menu_order":0,"comment_status":"closed","ping_status":"closed","template":"","meta":[],"acf":[],"_links":{"self":[{"href":"https:\/\/ens6-caba.infd.edu.ar\/sitio\/wp-json\/wp\/v2\/pages\/1143"}],"collection":[{"href":"https:\/\/ens6-caba.infd.edu.ar\/sitio\/wp-json\/wp\/v2\/pages"}],"about":[{"href":"https:\/\/ens6-caba.infd.edu.ar\/sitio\/wp-json\/wp\/v2\/types\/page"}],"author":[{"embeddable":true,"href":"https:\/\/ens6-caba.infd.edu.ar\/sitio\/wp-json\/wp\/v2\/users\/7"}],"replies":[{"embeddable":true,"href":"https:\/\/ens6-caba.infd.edu.ar\/sitio\/wp-json\/wp\/v2\/comments?post=1143"}],"version-history":[{"count":8,"href":"https:\/\/ens6-caba.infd.edu.ar\/sitio\/wp-json\/wp\/v2\/pages\/1143\/revisions"}],"predecessor-version":[{"id":6904,"href":"https:\/\/ens6-caba.infd.edu.ar\/sitio\/wp-json\/wp\/v2\/pages\/1143\/revisions\/6904"}],"wp:attachment":[{"href":"https:\/\/ens6-caba.infd.edu.ar\/sitio\/wp-json\/wp\/v2\/media?parent=1143"}],"curies":[{"name":"wp","href":"https:\/\/api.w.org\/{rel}","templated":true}]}}