{"id":1127,"date":"2018-08-29T14:44:55","date_gmt":"2018-08-29T17:44:55","guid":{"rendered":"https:\/\/ens6-caba.infd.edu.ar\/sitio\/tecnicatura-superior-en-produccion-de-indumentaria\/"},"modified":"2024-09-12T20:51:41","modified_gmt":"2024-09-12T23:51:41","slug":"tecnicatura-superior-en-produccion-de-indumentaria","status":"publish","type":"page","link":"https:\/\/ens6-caba.infd.edu.ar\/sitio\/tecnicatura-superior-en-produccion-de-indumentaria\/","title":{"rendered":"Tecnicatura Superior en Producci\u00f3n de Indumentaria"},"content":{"rendered":"<h1 class=\"post-header\">&gt;Tecnicatura Superior en \u00a0Producci\u00f3n de Indumentaria<\/h1>\n<p style=\"text-align: left;\"><span style=\"font-size: 14pt;\">La Carrera de <strong>T\u00e9cnico Superior en Producci\u00f3n de Indumentaria<\/strong> \u00a0es ofrecida por la <em>Escuela Normal Superior N\u00b06 <\/em>desde el a\u00f1o 2000. <\/span><\/p>\n<p style=\"text-align: left;\"><span style=\"font-size: 14pt;\">Depende del Gobierno de la Ciudad Aut\u00f3noma de Buenos Aires y ofrece una formaci\u00f3n no arancelada con un plantel de Profesores de primer nivel.<\/span><\/p>\n<p style=\"text-align: center;\"><span style=\"font-size: 14pt;\">\u00a0<\/span><span style=\"font-size: 14pt;\">\u00a0<\/span><\/p>\n<hr \/>\n<h1 class=\"post-header\">Plan de estudios y estructura curricular<\/h1>\n<ul>\n<li>Denominaci\u00f3n:\u00a0<strong><em>Tecnicatura Superior en Producci\u00f3n de Indumentaria<\/em><\/strong><em>.<\/em><\/li>\n<li>T\u00edtulo o certificado que otorga:\u00a0<strong>T\u00e9cnico Superior en Producci\u00f3n de Indumentaria<\/strong>.<\/li>\n<li>Caracter\u00edsticas generales Nivel:\u00a0<strong>Educaci\u00f3n Superior<\/strong>.<\/li>\n<li>Modalidad:\u00a0<strong>Educaci\u00f3n T\u00e9cnico Profesional<\/strong>.<\/li>\n<li>Caracter\u00edstica:\u00a0<strong>Presencial<\/strong>.<\/li>\n<li>Carga horaria total\u00a0<strong>3.008 horas c\u00e1tedra<\/strong><strong>; 2.005 horas reloj.<\/strong><\/li>\n<li>Tiempo m\u00ednimo de cursado:\u00a0<strong>3 a\u00f1os.<\/strong><\/li>\n<li>Condiciones de ingreso\u00a0<strong>Nivel Medio aprobado<\/strong>.<\/li>\n<li><strong>Horario de cursada de la carrera:<\/strong>\n<ul>\n<li><strong>Turno Ma\u00f1ana<\/strong>: 8:00 \u00a0a 13:40 hs.<\/li>\n<li><strong>Turno Vespertino:\u00a0<\/strong>17:00 a 22:30hs.<\/li>\n<\/ul>\n<\/li>\n<\/ul>\n<p><span style=\"font-size: 12pt;\">(El horario especificado anteriormente, es la mayor amplitud que puede darse en un d\u00eda de cursada, esto no indica que todos los d\u00edas de cursada son con esta carga horaria. Hay d\u00edas en que la cantidad de horas es menor.)<\/span><\/p>\n<p><span style=\"font-size: 12pt;\"><em><strong>Inscripci\u00f3n condicional:<\/strong><\/em><em> los postulantes que al momento de ingreso adeuden materias de la Escuela Secundaria, y los extranjeros que no tengan la convalidaci\u00f3n de su certificado, podr\u00e1n inscribirse, debiendo regularizar su situaci\u00f3n antes del 1\u00ba de abril del a\u00f1o lectivo o la fecha establecida por normativa. Aquellas personas que se encuentran comprendidas en el art\u00edculo 7\u00ba de la Ley de Educaci\u00f3n Superior N\u00ba 24.521 ser\u00e1n autorizadas siempre que demuestren, a trav\u00e9s de la metodolog\u00eda de evaluaci\u00f3n establecida por el Ministerio de Educaci\u00f3n del Gobierno de la Ciudad Aut\u00f3noma de Buenos Aires (Decreto GCBA N\u00b0 540\/09), que tienen preparaci\u00f3n y\/o experiencia laboral acorde con los estudios que se proponen iniciar, as\u00ed como aptitudes y conocimientos suficientes para cursarlos satisfactoriamente.<\/em><\/span><\/p>\n<hr \/>\n<h1 class=\"post-header\">Perfil del egresado<\/h1>\n<p><span style=\"font-size: 12pt;\">\u00a0<\/span><span style=\"font-size: 12pt;\">El T\u00e9cnico Superior en Producci\u00f3n de Indumentaria (TSPI) constituye una figura profesional cuyas funciones b\u00e1sicas son la programaci\u00f3n, planificaci\u00f3n, organizaci\u00f3n, coordinaci\u00f3n, gesti\u00f3n, conducci\u00f3n, supervisi\u00f3n y control del proceso de producci\u00f3n de indumentaria, respetando normas de calidad, seguridad e higiene.<\/span><\/p>\n<p><span style=\"font-size: 12pt;\">\u00a0<\/span><span style=\"font-size: 12pt;\">Puede desempe\u00f1arse en grandes, medianas y peque\u00f1as empresas o emprendimientos productivos.<\/span><\/p>\n<p><span style=\"font-size: 12pt;\">\u00a0<\/span><span style=\"font-size: 12pt;\">Los roles del TSPI podr\u00e1n ser desde fuertemente espec\u00edficos, como estar a cargo de un \u00e1rea, hasta marcadamente globales, seg\u00fan el tama\u00f1o, tecnolog\u00eda y tipo de gesti\u00f3n de la industria en que se desempe\u00f1e.<\/span><\/p>\n<p><span style=\"font-size: 12pt;\"><strong>\u00a0<\/strong><\/span><span style=\"font-size: 12pt;\"><strong>Funciones<\/strong><\/span><\/p>\n<ul>\n<li><span style=\"font-size: 12pt;\">Programar, organizar, conducir, coordinar y supervisar el proceso de producci\u00f3n de indumentaria.<\/span><\/li>\n<li><span style=\"font-size: 12pt;\">Diagnosticar problemas t\u00e9cnicos de los procesos productivos y aportar soluciones interactuando con otros actores del proceso.<\/span><\/li>\n<li><span style=\"font-size: 12pt;\">Elaborar e interpretar documentaci\u00f3n t\u00e9cnica correspondiente a sus funciones.<\/span><\/li>\n<li><span style=\"font-size: 12pt;\">Planificar y gestionar la capacitaci\u00f3n continua del personal.<\/span><\/li>\n<li><span style=\"font-size: 12pt;\">Participar en la selecci\u00f3n del personal.<\/span><\/li>\n<\/ul>\n<p><span style=\"font-size: 12pt;\"><strong>\u00a0<\/strong><\/span><span style=\"font-size: 12pt;\"><strong>Rasgos<\/strong><\/span><\/p>\n<ul>\n<li><span style=\"font-size: 12pt;\">Conocimiento integral de las diferentes dimensiones de los procesos productivos: sus requerimientos t\u00e9cnicos y organizacionales, el marco legal y jur\u00eddico.<\/span><\/li>\n<li><span style=\"font-size: 12pt;\">Actitud de actualizaci\u00f3n permanente en relaci\u00f3n con los saberes t\u00e9cnicos y las tendencias en el campo de actuaci\u00f3n profesional.<\/span><\/li>\n<li><span style=\"font-size: 12pt;\">Autonom\u00eda, juicio cr\u00edtico y compromiso \u00e9tico para s\u00ed mismo y para con los dem\u00e1s.<\/span><\/li>\n<li><span style=\"font-size: 12pt;\">Capacidad de coordinaci\u00f3n y de trabajo en equipo.<\/span><\/li>\n<li><span style=\"font-size: 12pt;\">Capacidad de indagaci\u00f3n, sistematizaci\u00f3n, procesamiento, interpretaci\u00f3n y producci\u00f3n de informaci\u00f3n de distinta \u00edndole.<\/span><\/li>\n<li><span style=\"font-size: 12pt;\">Creatividad en la generaci\u00f3n de soluciones a los diversos problemas y en la generaci\u00f3n de proyectos alternativos.<\/span><\/li>\n<li><span style=\"font-size: 12pt;\">Mirada cr\u00edtica y reflexiva sobre los procesos productivos y sobre el contexto sectorial y social.<\/span><\/li>\n<li><span style=\"font-size: 12pt;\">Disposici\u00f3n para la resoluci\u00f3n de problemas.<\/span><\/li>\n<\/ul>\n<p><span style=\"font-size: 12pt;\">\u00a0<\/span><span style=\"font-size: 12pt;\"><strong>Alcances del t\u00edtulo o incumbencias profesionales<\/strong><\/span><\/p>\n<ul>\n<li><span style=\"font-size: 12pt;\">El T\u00e9cnico Superior en Producci\u00f3n de Indumentaria estar\u00e1 facultado para desarrollar el conjunto de actividades del ciclo de producci\u00f3n de indumentaria (programaci\u00f3n, planificaci\u00f3n, organizaci\u00f3n, coordinaci\u00f3n, gesti\u00f3n, conducci\u00f3n, supervisi\u00f3n y control), aplicando las normas de calidad, seguridad e higiene y aportando una mirada reflexiva y creativa para la resoluci\u00f3n de problemas emergentes del proceso de trabajo. Los roles a desempe\u00f1ar por el T\u00e9cnico Superior podr\u00e1n tener car\u00e1cter global, en relaci\u00f3n con el tama\u00f1o de las unidades de producci\u00f3n, las tecnolog\u00edas utilizadas en los procesos de trabajo y el tipo de gesti\u00f3n de las organizaciones\/industrias en las que se incorporen.<\/span><\/li>\n<li><span style=\"font-size: 12pt;\">Por otra parte, estar\u00e1 facultado para desarrollar tareas relacionadas con el manejo del personal a cargo de las tareas de producci\u00f3n (gu\u00eda, coordinaci\u00f3n, control, evaluaci\u00f3n, correcci\u00f3n, etc\u00e9tera).<\/span><\/li>\n<\/ul>\n<p><span style=\"font-size: 12pt;\">\u00a0<\/span><span style=\"font-size: 12pt;\"><strong>Finalidades y objetivos<\/strong><\/span><\/p>\n<p><span style=\"font-size: 12pt;\">La estructura curricular propuesta tiene como finalidad la formaci\u00f3n t\u00e9cnica superior de calidad y excelencia para el sector de producci\u00f3n de indumentaria local \/ regional.\u00a0<\/span><\/p>\n<p><span style=\"font-size: 12pt;\">Entre los objetivos principales de la carrera destacamos:<\/span><\/p>\n<ol>\n<li>Formar graduados con competencias adecuadas para insertarse en los contextos crecientemente cambiantes de la producci\u00f3n de indumentaria y para enfrentar en ellos el cambio tecnol\u00f3gico y organizacional que se opera en las empresas de producci\u00f3n.<\/li>\n<li>Favorecer y consolidar los v\u00ednculos de la carrera de TSPI con los sectores de producci\u00f3n de indumentaria para ampliar los espacios destinados a las pr\u00e1cticas profesionalizantes y pasant\u00edas laborales de los estudiantes en sectores espec\u00edficos de empresas productivas.<\/li>\n<li>Favorecer y consolidar los v\u00ednculos de la carrera de TSPI con otras instituciones de nivel superior del sistema educativo y con organismos\/instituciones vinculadas a la producci\u00f3n de indumentaria y el dise\u00f1o.<\/li>\n<li>Promover T\u00e9cnicos Superiores comprometidos con la sociedad de la que forman parte (respeto por el medio ambiente, las normas vigentes en los \u00e1mbitos de trabajo, la seguridad, etc\u00e9tera).<\/li>\n<\/ol>\n<hr \/>\n<h1 class=\"post-header\">Organizaci\u00f3n curricular<\/h1>\n<p><span style=\"font-size: 12pt;\">\u00a0<\/span><em><span style=\"font-size: 12pt;\">Se plantea la formaci\u00f3n en cuatro \u00e1reas complementarias:<\/span><\/em><\/p>\n<ol>\n<li><span style=\"font-size: 12pt;\">\u00c1rea de la Formaci\u00f3n General<\/span><\/li>\n<li><span style=\"font-size: 12pt;\">\u00c1rea de la Formaci\u00f3n en Producci\u00f3n de Indumentaria<\/span><\/li>\n<li><span style=\"font-size: 12pt;\">\u00c1rea de la Formaci\u00f3n en Gesti\u00f3n de la Producci\u00f3n de Indumentaria<\/span><\/li>\n<li><span style=\"font-size: 12pt;\">\u00c1rea de las Pr\u00e1cticas Profesionalizantes<\/span><\/li>\n<\/ol>\n<p><span style=\"font-size: 12pt;\">\u00a0<\/span><span style=\"font-size: 12pt;\">Las \u00e1reas est\u00e1n compuestas por las instancias curriculares que se especifican a continuaci\u00f3n.<\/span><\/p>\n<p><span style=\"font-size: 12pt;\">\u00a0<\/span><span style=\"font-size: 12pt;\"><strong>1. \u00c1rea de la Formaci\u00f3n General<\/strong><\/span><\/p>\n<ul>\n<li><span style=\"font-size: 12pt;\">Idioma Extranjero B\u00e1sico <em>(optativo entre<\/em> Ingl\u00e9s <em>o<\/em> Portugu\u00e9s<em>).<\/em><\/span><\/li>\n<li><span style=\"font-size: 12pt;\">Idioma Extranjero T\u00e9cnico <em>(optativo entre<\/em> Ingl\u00e9s T\u00e9cnico <em>o<\/em> Portugu\u00e9s T\u00e9cnico<em>).<\/em><\/span><\/li>\n<li><span style=\"font-size: 12pt;\">Introducci\u00f3n a la Inform\u00e1tica.<\/span><\/li>\n<li><span style=\"font-size: 12pt;\">Aplicaciones Inform\u00e1ticas.<\/span><\/li>\n<li><span style=\"font-size: 12pt;\">Relaciones del Trabajo.<\/span><\/li>\n<\/ul>\n<p><span style=\"font-size: 12pt;\">\u00a0<\/span><span style=\"font-size: 12pt;\"><strong>2. \u00c1rea de la Formaci\u00f3n en Producci\u00f3n de Indumentaria<\/strong><\/span><\/p>\n<ul>\n<li><span style=\"font-size: 12pt;\">Procesos B\u00e1sicos de Industrializaci\u00f3n de Indumentaria.<\/span><\/li>\n<li><span style=\"font-size: 12pt;\">Digitalizaci\u00f3n de la Imagen.<\/span><\/li>\n<li><span style=\"font-size: 12pt;\">Cuerpos y Silueta Humana en Programas Vectoriales.<\/span><\/li>\n<li><span style=\"font-size: 12pt;\">Informatizaci\u00f3n de la Molder\u00eda.<\/span><\/li>\n<li><span style=\"font-size: 12pt;\">Informatizaci\u00f3n en el Proceso de Corte.<\/span><\/li>\n<li><span style=\"font-size: 12pt;\">Materiales Textiles e Hilaturas.<\/span><\/li>\n<li><span style=\"font-size: 12pt;\">Tejedur\u00eda y Acabados.<\/span><\/li>\n<li><span style=\"font-size: 12pt;\">Tintorer\u00eda y Estampados.<\/span><\/li>\n<li><span style=\"font-size: 12pt;\">Etiquetado y Conservaci\u00f3n de los Materiales Textiles.<\/span><\/li>\n<li><span style=\"font-size: 12pt;\">Molder\u00eda B\u00e1sica.<\/span><\/li>\n<li><span style=\"font-size: 12pt;\">Transformaciones de la Molder\u00eda.<\/span><\/li>\n<li><span style=\"font-size: 12pt;\">Molder\u00eda Sastreril.<\/span><\/li>\n<li><span style=\"font-size: 12pt;\">Taller de Pr\u00e1cticas Constructivas.<\/span><\/li>\n<li><span style=\"font-size: 12pt;\">Taller de Configuraci\u00f3n de Prendas.<\/span><\/li>\n<li><span style=\"font-size: 12pt;\">Taller de Producci\u00f3n Sastreril.<\/span><\/li>\n<li><span style=\"font-size: 12pt;\">Componentes T\u00e9cnicos de la Indumentaria.<\/span><\/li>\n<li><span style=\"font-size: 12pt;\">T\u00e9cnicas de Representaci\u00f3n para la Producci\u00f3n de Indumentaria.<\/span><\/li>\n<li><span style=\"font-size: 12pt;\">Representaci\u00f3n de la Imagen.<\/span><\/li>\n<li><span style=\"font-size: 12pt;\">Historia de la Indumentaria: Contextos y Procesos.<\/span><\/li>\n<li><span style=\"font-size: 12pt;\"><em>Optativas del eje de Historia y Dise\u00f1o de Indumentaria:<\/em> Elementos de Dise\u00f1o de Indumentaria; Diversificaci\u00f3n de Productos en la Industria de la Indumentaria; T\u00e9cnicas y Recursos para la Producci\u00f3n de Vestuario Art\u00edstico; T\u00e9cnicas Organizativas del Vestuario Teatral.<\/span><\/li>\n<\/ul>\n<p><span style=\"font-size: 12pt;\">\u00a0<\/span><span style=\"font-size: 12pt;\"><strong>3. \u00c1rea de Formaci\u00f3n en la Gesti\u00f3n de la Producci\u00f3n de Indumentaria<\/strong><\/span><\/p>\n<ul>\n<li><span style=\"font-size: 12pt;\">\u00c1mbito Empresarial de la Producci\u00f3n de Indumentaria.<\/span><\/li>\n<li><span style=\"font-size: 12pt;\">Procesos Industriales de Producci\u00f3n de Indumentaria.<\/span><\/li>\n<li><span style=\"font-size: 12pt;\">Administraci\u00f3n y Gesti\u00f3n de Procesos Productivos.<\/span><\/li>\n<li><span style=\"font-size: 12pt;\">Contabilidad, Costos y Comercializaci\u00f3n.<\/span><\/li>\n<li><span style=\"font-size: 12pt;\">Derecho y Legislaci\u00f3n Laboral.<\/span><\/li>\n<li><span style=\"font-size: 12pt;\">Higiene y Seguridad del Trabajo.<\/span><\/li>\n<li><span style=\"font-size: 12pt;\">Conducci\u00f3n y Supervisi\u00f3n de Equipos de Trabajo.<\/span><\/li>\n<li><span style=\"font-size: 12pt;\">Gesti\u00f3n de la Producci\u00f3n Industrial de Indumentaria.<\/span><\/li>\n<li><span style=\"font-size: 12pt;\">Supervisi\u00f3n y Gesti\u00f3n de la Calidad.<\/span><\/li>\n<li><span style=\"font-size: 12pt;\">Compras y Stocks.<\/span><\/li>\n<li><span style=\"font-size: 12pt;\">Sistemas de Gesti\u00f3n y Producci\u00f3n de Indumentaria.<\/span><\/li>\n<li><span style=\"font-size: 12pt;\">Taller de Producci\u00f3n e Interpretaci\u00f3n de Documentaci\u00f3n T\u00e9cnica.<\/span><\/li>\n<\/ul>\n<p><span style=\"font-size: 12pt;\"><strong>\u00a0<\/strong><\/span><span style=\"font-size: 12pt;\"><strong>4. \u00c1rea de Pr\u00e1cticas Profesionalizantes<\/strong><\/span><\/p>\n<ul>\n<li><span style=\"font-size: 12pt;\">Taller de Pr\u00e1ctica Profesionalizante 1: \u201cLas Empresas de Producci\u00f3n de Indumentaria\u201d.<\/span><\/li>\n<li><span style=\"font-size: 12pt;\">Taller de Pr\u00e1ctica Profesionalizante 2: \u201cProyecto de Producci\u00f3n Industrial de Indumentaria\u201d.<\/span><\/li>\n<li><span style=\"font-size: 12pt;\">Taller de Pr\u00e1ctica Profesionalizante 3: \u201cEl Trabajo en Empresas de Producci\u00f3n de Indumentaria\u201d.<\/span><\/li>\n<\/ul>\n<p><span style=\"font-size: 12pt;\">Estas \u00e1reas, que se articulan a lo largo de la formaci\u00f3n, incluyen espacios curriculares de integraci\u00f3n de saberes con el fin de consolidar la propuesta. En este sentido el plan de estudios contempla diferentes espacios que fueron dise\u00f1ados con este objetivo: el Taller de Configuraci\u00f3n de Prendas, el Taller de Producci\u00f3n Sastreril, el Taller de Pr\u00e1ctica Profesionalizante 2: \u201cProyecto de Producci\u00f3n Industrial de Indumentaria\u201d y el Taller de Pr\u00e1ctica Profesionalizante 3: \u201cEl Trabajo en Empresas de Producci\u00f3n de Indumentaria\u201d.<\/span><\/p>\n<hr \/>\n<h1 class=\"post-header\">Plan de estudios con carga horaria<\/h1>\n<p><img decoding=\"async\" loading=\"lazy\" class=\"alignnone size-medium wp-image-3203\" src=\"https:\/\/ens6-caba.infd.edu.ar\/sitio\/wp-content\/uploads\/2021\/03\/asignaturas-2-1-756x1000.jpg\" alt=\"\" width=\"756\" height=\"1000\" srcset=\"https:\/\/ens6-caba.infd.edu.ar\/sitio\/wp-content\/uploads\/2021\/03\/asignaturas-2-1-756x1000.jpg 756w, https:\/\/ens6-caba.infd.edu.ar\/sitio\/wp-content\/uploads\/2021\/03\/asignaturas-2-1-768x1016.jpg 768w, https:\/\/ens6-caba.infd.edu.ar\/sitio\/wp-content\/uploads\/2021\/03\/asignaturas-2-1-1436x1900.jpg 1436w\" sizes=\"(max-width: 756px) 100vw, 756px\" \/><\/p>\n<hr \/>\n<h1 class=\"post-header\">ACTIVIDADES EXTRA CURRICULARES<\/h1>\n<p><span style=\"font-size: 12pt;\">Seminarios &#8211; Conferencias &#8211; Visitas Guiadas \u00a0a Industrias relacionadas con el rubro &#8211; Charlas &#8211; Cursos Anuales de Capacitaci\u00f3n Profesional, referentes a la carrera.<\/span><\/p>\n<hr \/>\n<h1 class=\"post-header\">NUESTRAS INSTALACIONES:<\/h1>\n<p><span style=\"font-size: 12pt;\">La instituci\u00f3n cuenta con Talleres equipados con tecnolog\u00eda de \u00faltima generaci\u00f3n, entre ellas AUDACES, para llevar a cabo los proyectos de los estudiantes.<\/span><span style=\"font-size: 12pt;\">Taller de confecci\u00f3n de Prototipos<\/span><span style=\"font-size: 12pt;\">Biblioteca y Videoteca especializada. Telacoteca. Laboratorio de Computaci\u00f3n. Internet. Multimedia.<\/span><\/p>\n<p><b>Ubicaci\u00f3n\u00a0Geogr\u00e1fica\u00a0y Datos\u00a0\u00datiles<\/b><img decoding=\"async\" loading=\"lazy\" class=\"alignright wp-image-1450\" src=\"https:\/\/ens6-caba.infd.edu.ar\/sitio\/wp-content\/uploads\/2018\/10\/mapa.png\" alt=\"\" width=\"375\" height=\"242\" srcset=\"https:\/\/ens6-caba.infd.edu.ar\/sitio\/wp-content\/uploads\/2018\/10\/mapa.png 868w, https:\/\/ens6-caba.infd.edu.ar\/sitio\/wp-content\/uploads\/2018\/10\/mapa-768x495.png 768w\" sizes=\"(max-width: 375px) 100vw, 375px\" \/><span style=\"font-size: 12pt;\">Escuela Normal Superior N\u00ba 6, <\/span><span style=\"font-size: 12pt;\">G\u00fcemes N\u00ba 3859 &#8211; 2\u00ba piso\u00a0 (entre Ar\u00e1oz y Juli\u00e1n \u00c1lvarez) Palermo, C.A.B.A<\/span><span style=\"font-size: 12pt;\"><strong>\u00a0<\/strong><\/span><\/p>\n<p><span style=\"font-size: 12pt;\"><strong>Medios de Transporte que te acercan:<\/strong><\/span><\/p>\n<ul>\n<li><span style=\"font-size: 12pt;\"><strong>Colectivos:\u00a0<\/strong><\/span><span style=\"font-size: 12pt;\">12 &#8211; 15 &#8211; 29\u00a0 &#8211; 39 &#8211; 64 &#8211; 68 &#8211; 110 &#8211; 111 &#8211; 145 &#8211;<\/span><span style=\"font-size: 12pt;\">\u00a0152 &#8211; 160<\/span><\/li>\n<li><span style=\"font-size: 12pt;\"><strong>Subte:\u00a0<\/strong>L\u00ednea D &#8211; Estaci\u00f3n Scalabrini Ortiz<\/span><span style=\"font-size: 14pt;\">\u00a0<\/span><\/li>\n<\/ul>\n<hr \/>\n<h1 class=\"post-header\">REGLAMENTO ACAD\u00c9MICO INSTITUCIONAL<\/h1>\n<p><span style=\"font-size: 12pt;\"><strong>\u00a0 <\/strong><\/span><span style=\"font-size: 12pt;\">ESCUELA NORMAL SUPERIOR N\u00ba 6\u00a0<\/span><span style=\"font-size: 12pt;\">\u201cVicente L\u00f3pez y Planes\u201d<\/span><strong style=\"font-size: 12pt;\">Art\u00edculo 1\u00ba:<\/strong><span style=\"font-size: 12pt;\"> Encuadre del R\u00e9gimen Acad\u00e9mico Institucional<\/span><span style=\"font-size: 12pt;\">El R\u00e9gimen Acad\u00e9mico Institucional (RAI) perteneciente a la Escuela Normal Superior N\u00b0 6 \u201cVicente L\u00f3pez y Planes\u201d, se encuadra en lo normado en el Anexo I (IF-2013-03587518-DGCLEI) de la Resoluci\u00f3n N\u00b03123\/13\/MEGC que aprueba el Reglamento Acad\u00e9mico Marco de las Escuelas Normales Superiores.<\/span><\/p>\n<p style=\"text-align: center;\"><span style=\"font-size: 12pt;\"><strong><span style=\"text-decoration: underline;\">ANEXO II<\/span><\/strong><\/span><\/p>\n<p style=\"text-align: center;\"><a href=\"https:\/\/ens6-caba.infd.edu.ar\/sitio\/wp-content\/uploads\/2018\/10\/RAI_AnexoII.pdf\"><strong>Leer Documento: <\/strong>RAI_AnexoII<\/a><\/p>\n","protected":false},"excerpt":{"rendered":"<p>&gt;Tecnicatura Superior en \u00a0Producci\u00f3n de Indumentaria La Carrera de T\u00e9cnico Superior en Producci\u00f3n de Indumentaria \u00a0es ofrecida por la Escuela Normal Superior N\u00b06 desde el a\u00f1o 2000. Depende del Gobierno de la Ciudad Aut\u00f3noma de Buenos Aires y ofrece una formaci\u00f3n no arancelada con un plantel de Profesores de primer nivel. \u00a0\u00a0 Plan de estudios &#8230; <a title=\"Tecnicatura Superior en Producci\u00f3n de Indumentaria\" class=\"read-more\" href=\"https:\/\/ens6-caba.infd.edu.ar\/sitio\/tecnicatura-superior-en-produccion-de-indumentaria\/\" aria-label=\"More on Tecnicatura Superior en Producci\u00f3n de Indumentaria\">[+]<\/a><\/p>\n","protected":false},"author":7,"featured_media":3184,"parent":0,"menu_order":0,"comment_status":"closed","ping_status":"closed","template":"","meta":[],"acf":[],"_links":{"self":[{"href":"https:\/\/ens6-caba.infd.edu.ar\/sitio\/wp-json\/wp\/v2\/pages\/1127"}],"collection":[{"href":"https:\/\/ens6-caba.infd.edu.ar\/sitio\/wp-json\/wp\/v2\/pages"}],"about":[{"href":"https:\/\/ens6-caba.infd.edu.ar\/sitio\/wp-json\/wp\/v2\/types\/page"}],"author":[{"embeddable":true,"href":"https:\/\/ens6-caba.infd.edu.ar\/sitio\/wp-json\/wp\/v2\/users\/7"}],"replies":[{"embeddable":true,"href":"https:\/\/ens6-caba.infd.edu.ar\/sitio\/wp-json\/wp\/v2\/comments?post=1127"}],"version-history":[{"count":9,"href":"https:\/\/ens6-caba.infd.edu.ar\/sitio\/wp-json\/wp\/v2\/pages\/1127\/revisions"}],"predecessor-version":[{"id":5889,"href":"https:\/\/ens6-caba.infd.edu.ar\/sitio\/wp-json\/wp\/v2\/pages\/1127\/revisions\/5889"}],"wp:featuredmedia":[{"embeddable":true,"href":"https:\/\/ens6-caba.infd.edu.ar\/sitio\/wp-json\/wp\/v2\/media\/3184"}],"wp:attachment":[{"href":"https:\/\/ens6-caba.infd.edu.ar\/sitio\/wp-json\/wp\/v2\/media?parent=1127"}],"curies":[{"name":"wp","href":"https:\/\/api.w.org\/{rel}","templated":true}]}}