{"id":1123,"date":"2018-08-29T14:44:54","date_gmt":"2018-08-29T17:44:54","guid":{"rendered":"https:\/\/ens6-caba.infd.edu.ar\/sitio\/especializacion-docente-de-nivel-superior-en-inclusion-educativa\/"},"modified":"2023-03-07T20:56:27","modified_gmt":"2023-03-07T23:56:27","slug":"especializacion-docente-de-nivel-superior-en-inclusion-educativa","status":"publish","type":"page","link":"https:\/\/ens6-caba.infd.edu.ar\/sitio\/especializacion-docente-de-nivel-superior-en-inclusion-educativa\/","title":{"rendered":"Diplomatura Superior en Inclusi\u00f3n y Convivencia Escolar con Perspectiva de G\u00e9nero"},"content":{"rendered":"<h3 style=\"text-align: center;\"><strong>Diplomatura Superior en Inclusi\u00f3n y Convivencia Escolar <\/strong><\/h3>\n<h3 style=\"text-align: center;\"><strong>con Perspectiva de G\u00e9nero<\/strong><\/h3>\n<p><strong>\u00a0<\/strong><\/p>\n<p><strong>\u00a0<img decoding=\"async\" loading=\"lazy\" class=\"aligncenter\" title=\"tramas\" src=\"https:\/\/ens6-caba.infd.edu.ar\/sitio\/wp-content\/uploads\/2018\/08\/TRAMAS2016-1.bmp\" alt=\"tramas\" width=\"261\" height=\"250\" border=\"0\" \/><\/strong><\/p>\n<p>Por Resoluci\u00f3n 8735\/2021 GCABA- SSCDOC se ha aprobado el inicio de la segunda cohorte de la \u00abDiplomatura Superior en Inclusi\u00f3n y Convivencia Escolar con Perspectiva de G\u00e9nero\u00bb.<\/p>\n<p>De este modo daremos inicio a nuestra octava cohorte de formaci\u00f3n de nivel cuaternario en nuestro Normal 6 de modo ininterrumpido y pioneras en la formaci\u00f3n desde 2013.<\/p>\n<p>La propuesta est\u00e1 organizada en tres cuatrimestres con la siguiente estructura curricular:<\/p>\n<p><span style=\"color: #ff0000;\">Primer cuatrimestre:<\/span>\u00a0(comenzar\u00e1 en marzo 2023)<\/p>\n<p><span style=\"color: #3366ff;\">M\u00f3dulo 1:<\/span>\u00a0El seguimiento de las trayectorias escolares como garant\u00eda de inclusi\u00f3n<\/p>\n<p>Instancias curriculares:<\/p>\n<p>1- Escuela y trayectorias escolares integrales<\/p>\n<p>2- Taller de lectura y an\u00e1lisis de normativa sobre inclusi\u00f3n<\/p>\n<p><span style=\"color: #3366ff;\">M\u00f3dulo 2:<\/span>\u00a0Gesti\u00f3n compartida de la educaci\u00f3n inclusiva.<\/p>\n<p>Instancias curriculares:<\/p>\n<p>3- Gesti\u00f3n de proyectos para la Educaci\u00f3n inclusiva<\/p>\n<p>4- Redes salud, educaci\u00f3n y participaci\u00f3n comunitaria<\/p>\n<p><span style=\"color: #ff0000;\">Segundo cuatrimestre:<\/span> (julio 2023)<\/p>\n<p><span style=\"color: #3366ff;\">M\u00f3dulo 3:<\/span> Infancias, adolescencias y diversidades<\/p>\n<p>Instancias curriculares:<\/p>\n<p>5- Infancias, derechos e inclusi\u00f3n<\/p>\n<p>6- Perspectiva de g\u00e9nero y ESI<\/p>\n<p><span style=\"color: #3366ff;\">M\u00f3dulo 4:\u00a0<\/span>Ciudadan\u00eda inclusiva para la convivencia.<\/p>\n<p>Instancias curriculares:<\/p>\n<p>7- Modelo social de la discapacidad<\/p>\n<p>8- Convivencia escolar<\/p>\n<p><span style=\"color: #ff0000;\">Tercer cuatrimestre:<\/span> (marzo 2024)<\/p>\n<p><span style=\"color: #3366ff;\">M\u00f3dulo 5:<\/span> Intervenciones pedag\u00f3gicas para la inclusi\u00f3n educativa<\/p>\n<p>Instancias curriculares:<\/p>\n<p>9- Dise\u00f1o universal y configuraciones de apoyo<\/p>\n<p>10- Tecnolog\u00edas digitales para la inclusi\u00f3n<\/p>\n<p><span style=\"color: #3366ff;\">M\u00f3dulo 6:\u00a0<\/span><\/p>\n<p>11- Herramientas de investigaci\u00f3n educativa (bimestral)<\/p>\n<p><span style=\"color: #3366ff;\">\u00a0M\u00f3dulo 7:\u00a0<\/span><\/p>\n<p>12- Documentaci\u00f3n narrativa de experiencias pedag\u00f3gicas de inclusi\u00f3n (bimestral)<\/p>\n<p><strong>Cada espacio curricular se aprueba con una serie de trabajos solicitados por cada docente y cada modulo con un trabajo integrador.\u00a0<\/strong><\/p>\n<p><strong>Cursamos los viernes y s\u00e1bados por medio con algunas propuestas presenciales y otras virtuales<\/strong><\/p>\n<h4 style=\"text-align: center;\">Equipo docente<\/h4>\n<p><img decoding=\"async\" loading=\"lazy\" class=\"wp-image-4680 aligncenter\" src=\"https:\/\/ens6-caba.infd.edu.ar\/sitio\/wp-content\/uploads\/2023\/03\/Docentes-Diplomatura.jpg\" alt=\"\" width=\"607\" height=\"688\" \/><\/p>\n<table style=\"height: 211px;\" border=\"0\" width=\"723\">\n<tbody>\n<tr>\n<td>\n<p style=\"text-align: center;\"><strong>\u00a1\u00a1\u00a1\u00a1\u00a1Los y las esperamos!!!!<\/strong><\/p>\n<p style=\"text-align: center;\"><strong>\u00a0<\/strong><strong> Vanesa Casal\/ Mar\u00eda Jos\u00e9 N\u00e9spolo (Equipo de coordinaci\u00f3n)<\/strong><\/p>\n<p style=\"text-align: center;\"><strong>Redes: @diploinclusionens6<\/strong><\/p>\n<p style=\"text-align: center;\"><strong>Mail:\u00a0<a href=\"mailto:inclusioneducativaens6@gmail.com\">inclusioneducativaens6@gmail.com<\/a><\/strong><\/p>\n<p style=\"text-align: center;\"><strong> \u00a0Escuela Normal 6: G\u00fcemes 3859- CABA<\/strong><\/p>\n<p><strong>\u00a0<\/strong><\/td>\n<\/tr>\n<\/tbody>\n<\/table>\n","protected":false},"excerpt":{"rendered":"<p>Diplomatura Superior en Inclusi\u00f3n y Convivencia Escolar con Perspectiva de G\u00e9nero \u00a0 \u00a0 Por Resoluci\u00f3n 8735\/2021 GCABA- SSCDOC se ha aprobado el inicio de la segunda cohorte de la \u00abDiplomatura Superior en Inclusi\u00f3n y Convivencia Escolar con Perspectiva de G\u00e9nero\u00bb. De este modo daremos inicio a nuestra octava cohorte de formaci\u00f3n de nivel cuaternario en &#8230; <a title=\"Diplomatura Superior en Inclusi\u00f3n y Convivencia Escolar con Perspectiva de G\u00e9nero\" class=\"read-more\" href=\"https:\/\/ens6-caba.infd.edu.ar\/sitio\/especializacion-docente-de-nivel-superior-en-inclusion-educativa\/\" aria-label=\"More on Diplomatura Superior en Inclusi\u00f3n y Convivencia Escolar con Perspectiva de G\u00e9nero\">[+]<\/a><\/p>\n","protected":false},"author":663,"featured_media":0,"parent":0,"menu_order":0,"comment_status":"closed","ping_status":"closed","template":"","meta":[],"acf":[],"_links":{"self":[{"href":"https:\/\/ens6-caba.infd.edu.ar\/sitio\/wp-json\/wp\/v2\/pages\/1123"}],"collection":[{"href":"https:\/\/ens6-caba.infd.edu.ar\/sitio\/wp-json\/wp\/v2\/pages"}],"about":[{"href":"https:\/\/ens6-caba.infd.edu.ar\/sitio\/wp-json\/wp\/v2\/types\/page"}],"author":[{"embeddable":true,"href":"https:\/\/ens6-caba.infd.edu.ar\/sitio\/wp-json\/wp\/v2\/users\/663"}],"replies":[{"embeddable":true,"href":"https:\/\/ens6-caba.infd.edu.ar\/sitio\/wp-json\/wp\/v2\/comments?post=1123"}],"version-history":[{"count":10,"href":"https:\/\/ens6-caba.infd.edu.ar\/sitio\/wp-json\/wp\/v2\/pages\/1123\/revisions"}],"predecessor-version":[{"id":4681,"href":"https:\/\/ens6-caba.infd.edu.ar\/sitio\/wp-json\/wp\/v2\/pages\/1123\/revisions\/4681"}],"wp:attachment":[{"href":"https:\/\/ens6-caba.infd.edu.ar\/sitio\/wp-json\/wp\/v2\/media?parent=1123"}],"curies":[{"name":"wp","href":"https:\/\/api.w.org\/{rel}","templated":true}]}}