{"id":1122,"date":"2018-08-29T14:44:53","date_gmt":"2018-08-29T17:44:53","guid":{"rendered":"https:\/\/ens6-caba.infd.edu.ar\/sitio\/solicitud-de-equivalencias\/"},"modified":"2025-10-22T12:12:29","modified_gmt":"2025-10-22T15:12:29","slug":"solicitud-de-equivalencias","status":"publish","type":"page","link":"https:\/\/ens6-caba.infd.edu.ar\/sitio\/solicitud-de-equivalencias\/","title":{"rendered":"Solicitud de Equivalencias"},"content":{"rendered":"<table class=\"Resaltado2\" style=\"background-color: #8cd8d4; width: 571px; height: 829px; border-color: #11282b; border-width: 10px; border-style: solid;\" border=\"10\" align=\"center\">\n<tbody>\n<tr>\n<td>\n<p class=\"paragraphscx120519748\" style=\"vertical-align: baseline; text-align: center;\"><span style=\"font-family: arial,helvetica,sans-serif; font-size: 12pt;\">&nbsp;<\/span><\/p>\n<p class=\"paragraphscx120519748\" style=\"vertical-align: baseline; text-align: center;\"><span style=\"color: #000000; font-size: 12pt; font-family: arial,helvetica,sans-serif;\"><span style=\"font-size: 14pt;\"><span class=\"normaltextrunscx120519748\">Tr\u00e1mite<\/span><span style=\"background-color: inherit;\"><span class=\"normaltextrunscx120519748\">: Solicitud de Equivalencias<\/span><\/span><\/span><\/span><\/p>\n<p class=\"paragraphscx120519748\" style=\"vertical-align: baseline; text-align: center;\"><span style=\"color: #000000; font-size: 12pt; font-family: arial,helvetica,sans-serif;\"><span class=\"eopscx120519748\"><br \/>\n<\/span><\/span><\/p>\n<\/td>\n<\/tr>\n<tr>\n<td>\n<p class=\"paragraphscx120519748\" style=\"vertical-align: baseline; text-align: center;\"><span style=\"color: #000000; font-family: arial,helvetica,sans-serif; font-size: 12pt;\"><span style=\"background-color: inherit;\"><span class=\"normaltextrunscx120519748\"><br \/>\n<\/span><\/span><\/span><\/p>\n<p class=\"paragraphscx120519748\" style=\"vertical-align: baseline; text-align: center;\"><span style=\"color: #000000; font-family: arial,helvetica,sans-serif; font-size: 12pt;\"><span style=\"background-color: inherit;\"><span class=\"normaltextrunscx120519748\">Fechas de presentaci\u00f3n de equivalencias:<\/span><\/span><span class=\"eopscx120519748\">&nbsp;<\/span><\/span><\/p>\n<p class=\"paragraphscx120519748\" style=\"vertical-align: baseline; text-align: center;\"><span style=\"color: #000000; font-family: arial,helvetica,sans-serif; font-size: 12pt;\"><span style=\"background-color: inherit;\"><span class=\"normaltextrunscx120519748\">Sin excepci\u00f3n&nbsp;<\/span><\/span><span class=\"eopscx120519748\">&nbsp;<\/span><\/span><\/p>\n<p class=\"paragraphscx120519748\" style=\"vertical-align: baseline; text-align: center;\"><span style=\"color: #000000; font-family: arial,helvetica,sans-serif; font-size: 12pt;\"><span style=\"background-color: inherit;\"><span class=\"normaltextrunscx120519748\">1\u00ba cuatrimestre: mes de abril<\/span><\/span><span class=\"eopscx120519748\">&nbsp;<\/span><\/span><\/p>\n<p class=\"paragraphscx120519748\" style=\"vertical-align: baseline; text-align: center;\"><span style=\"color: #000000; font-family: arial,helvetica,sans-serif; font-size: 12pt;\"><span style=\"background-color: inherit;\"><span class=\"normaltextrunscx120519748\">2\u00ba cuatrimestre: mes de septiembre<\/span><\/span><span class=\"eopscx120519748\">&nbsp;<\/span><\/span><\/p>\n<p class=\"paragraphscx120519748\" style=\"vertical-align: baseline; text-align: center;\"><span style=\"color: #000000; font-family: arial,helvetica,sans-serif; font-size: 12pt;\"><span class=\"eopscx120519748\"><br \/>\n<\/span><\/span><\/p>\n<\/td>\n<\/tr>\n<tr>\n<td style=\"text-align: justify;\">\n<p class=\"paragraphscx120519748\" style=\"vertical-align: baseline;\"><span class=\"normaltextrunscx120519748\" style=\"font-family: arial,helvetica,sans-serif; color: #333333; font-size: 12pt;\">&nbsp;<\/span><\/p>\n<p class=\"paragraphscx120519748\" style=\"vertical-align: baseline;\"><span style=\"font-family: arial,helvetica,sans-serif; color: #333333; font-size: 12pt;\"><span class=\"normaltextrunscx120519748\">Los estudiantes que necesiten solicitar tramitar equivalencias de materias cursadas en otras instituciones o carreras deber\u00e1n seguir los siguientes pasos:<\/span><span class=\"eopscx120519748\">&nbsp;<\/span><\/span><\/p>\n<p class=\"paragraphscx120519748\" style=\"vertical-align: baseline;\"><span style=\"font-family: arial,helvetica,sans-serif; color: #333333; font-size: 12pt;\"><span style=\"background-color: inherit;\"><span class=\"normaltextrunscx120519748\">1-Presentar&nbsp; el\/los programa\/s de las materias que ha cursado y aprobado en otra instituci\u00f3n y que solicitan sean evaluados para reconocerlos como equivalentes a los pertenecientes las instancias curriculares pertinentes&nbsp; que se dictan en el P.E.I de esta instituci\u00f3n. Los programas deber\u00e1n estar foliados (numeradas las hojas) y autenticados por la instituci\u00f3n donde fueron aprobados y acompa\u00f1ados de un certificado de aprobaci\u00f3n de la\/s materia\/s, con la calificaci\u00f3n y fecha de aprobaci\u00f3n, debidamente legalizado (Bol\u00edvar 191). Los programas que se&nbsp; evaluar\u00e1n para la equivalencia no podr\u00e1n exceder los 10 a\u00f1os de antig\u00fcedad.<\/span><\/span><span class=\"eopscx120519748\">&nbsp;<\/span><\/span><\/p>\n<p class=\"paragraphscx120519748\" style=\"vertical-align: baseline;\"><span style=\"font-family: arial,helvetica,sans-serif; color: #333333; font-size: 12pt;\"><span class=\"normaltextrunscx120519748\">2-Presentar una carta <\/span><span class=\"normaltextrunscx120519748\">dirigida a la Regente, en la cual se deber\u00e1 nombrar todas las materias que solicita para el reconocimiento de equivalencias<\/span><span class=\"normaltextrunscx120519748\">.<\/span><\/span><\/p>\n<p class=\"paragraphscx120519748\" style=\"vertical-align: baseline;\"><span style=\"font-family: arial,helvetica,sans-serif; color: #333333; font-size: 12pt;\"><span style=\"background-color: inherit;\"><span class=\"normaltextrunscx120519748\">3-Completar los formularios de <\/span><span style=\"color: #ff0000;\"><span style=\"color: #0000ff;\"><span style=\"background-color: inherit; color: #0000ff;\"><a title=\"Solicitud de Equivalencias\" href=\"upload\/For_equivalencia_nuevo_3_1.doc\" target=\"_blank\" rel=\"noopener\">solicitud de equivalencia<\/a><\/span><\/span><\/span><\/span><span class=\"normaltextrunscx120519748\">, incluyendo un n\u00famero telef\u00f3nico donde se lo pueda contactar f\u00e1cilmente. Los formularios tambi\u00e9n se pueden adquirir en la fotocopiadora que funciona en el 1\u00ba piso de esta instituci\u00f3n.<\/span><\/span><\/p>\n<p class=\"paragraphscx120519748\" style=\"vertical-align: baseline;\"><span style=\"font-family: arial,helvetica,sans-serif; color: #333333; font-size: 12pt;\"><span style=\"background-color: inherit;\"><span class=\"normaltextrunscx120519748\">4-<\/span><span style=\"background-color: inherit;\">Presentar toda la documentaci\u00f3n requerida en carpeta 3 solapas o folio<\/span><span style=\"background-color: inherit;\"> a <\/span><span style=\"background-color: inherit;\">la <\/span><\/span><span style=\"background-color: inherit;\"><span class=\"spellingerrorscx120519748\">Lic<\/span><\/span><span style=\"background-color: inherit;\"><span style=\"background-color: inherit;\">. Kamada<\/span><\/span><span style=\"background-color: inherit;\"><span style=\"background-color: inherit;\"> Jorgelina,<\/span><\/span><span style=\"background-color: inherit;\"><span class=\"normaltextrunscx120519748\"><span style=\"text-decoration: underline;\">&nbsp;los d\u00edas <\/span><span><span style=\"text-decoration: underline;\">martes de 8 a 16 hs, mi\u00e9rcoles de 9.20 a 18 hs y viernes de 10.40 a 18 hs<\/span>,<\/span><\/span><span style=\"background-color: inherit;\">&nbsp;en la bedel\u00eda del profesorado. En el caso de no poder asistir esos d\u00edas y horarios la documentaci\u00f3n deber\u00e1 ser entregada a <\/span><span style=\"background-color: inherit;\">la Regente<\/span><span style=\"background-color: inherit;\"> sin excepci\u00f3n.<\/span><\/span><span class=\"eopscx120519748\">&nbsp;<\/span><\/span><\/p>\n<p class=\"paragraphscx120519748\" style=\"vertical-align: baseline;\"><span style=\"font-family: arial,helvetica,sans-serif; color: #333333; font-size: 12pt;\"><span style=\"background-color: inherit;\"><span class=\"normaltextrunscx120519748\">5-Duraci\u00f2n del tr\u00e1mite<\/span><span style=\"background-color: inherit;\">:30<\/span><span style=\"background-color: inherit;\"> d\u00edas aproximados<\/span><\/span><span class=\"eopscx120519748\">.<br \/>\n<\/span><\/span><\/p>\n<p class=\"paragraphscx120519748\" style=\"vertical-align: baseline;\"><span style=\"font-family: arial,helvetica,sans-serif; color: #333333; font-size: 12pt;\"><span style=\"background-color: inherit;\"><span class=\"normaltextrunscx120519748\">6-El\/La estudiante deber\u00e1 seguir concurriendo en forma regular a clase, cumplimentando todos los requisitos de la c\u00e1tedra, hasta que se le comunique la resoluci\u00f3n de las equivalencias.<\/span><\/span><span class=\"eopscx120519748\">&nbsp;<\/span><\/span><\/p>\n<p><span style=\"font-family: arial,helvetica,sans-serif; color: #333333; font-size: 12pt;\">&nbsp;<\/span><\/td>\n<\/tr>\n<tr>\n<td style=\"text-align: justify;\">\n<p class=\"paragraphscx120519748\" style=\"vertical-align: baseline;\"><span style=\"font-family: arial,helvetica,sans-serif; color: #333333; font-size: 12pt;\"><br \/>\n<\/span><\/p>\n<p class=\"paragraphscx120519748\" style=\"vertical-align: baseline;\"><span style=\"font-family: arial,helvetica,sans-serif; color: #333333; font-size: 12pt;\">&nbsp;Informaci\u00f3n Importante:<\/span><\/p>\n<p class=\"paragraphscx120519748\" style=\"vertical-align: baseline;\"><span style=\"color: #333333; font-family: arial,helvetica,sans-serif; font-size: 12pt;\"><span style=\"background-color: inherit;\"><span class=\"normaltextrunscx120519748\">&#8211; En todos los casos se realizar\u00e1 el an\u00e1lisis del programa presentado seg\u00fan el enfoque y desarrollo del mismo realizado por el profesor\/a&nbsp; que dict\u00f3 la instancia curricular aprobada.<\/span><\/span><span class=\"eopscx120519748\">&nbsp;<\/span><\/span><\/p>\n<p class=\"paragraphscx120519748\" style=\"vertical-align: baseline;\"><span style=\"color: #333333; font-family: arial,helvetica,sans-serif; font-size: 12pt;\"><span style=\"background-color: inherit;\"><span class=\"normaltextrunscx120519748\">-No se otorgar\u00e1n equivalencias autom\u00e1ticas de planes de estudios anteriores o s\u00f3lo por coincidencia del nombre de la materia aprobada en otras carreras.<\/span><\/span><span class=\"eopscx120519748\">&nbsp;<\/span><\/span><\/p>\n<p class=\"paragraphscx120519748\" style=\"vertical-align: baseline;\"><span style=\"color: #333333; font-family: arial,helvetica,sans-serif; font-size: 12pt;\"><span style=\"background-color: inherit;\"><span class=\"normaltextrunscx120519748\">-La equivalencia de una instancia curricular puede ser otorgada con la presentaci\u00f3n de varios programas que incluyan y completen las tem\u00e1ticas de la instancia solicitada.<\/span><\/span><span class=\"eopscx120519748\">&nbsp;<\/span><\/span><\/p>\n<p class=\"paragraphscx120519748\" style=\"vertical-align: baseline;\"><span style=\"color: #333333; font-family: arial,helvetica,sans-serif; font-size: 12pt;\"><span style=\"background-color: inherit;\"><span class=\"normaltextrunscx120519748\">-N<\/span><span style=\"background-color: inherit;\">o se considerar\u00e1n programas que se presenten con datos incompletos; deben tener, adem\u00e1s de la autenticaci\u00f3n por la instituci\u00f3n que lo extendi\u00f3: nombre de la instancia, profesor que la dicto, duraci\u00f3n de la misma (anual, cuatrimestral, horas c\u00e1tedras), alcances de la materia (fundamentaci\u00f3n, objetivos o expectativas de logro), contenidos, bibliograf\u00eda obligatoria para el estudiante y formas devaluaci\u00f3n para la aprobaci\u00f3n<\/span><\/span><span class=\"eopscx120519748\">&nbsp;<\/span><\/span><\/p>\n<p class=\"paragraphscx120519748\" style=\"vertical-align: baseline;\"><span style=\"color: #333333; font-family: arial,helvetica,sans-serif; font-size: 12pt;\"><span style=\"background-color: inherit;\"><span class=\"normaltextrunscx120519748\">&#8211;<\/span><span style=\"background-color: inherit;\">Las fotocopias que se presenten deben ser claramente legibles en todas sus partes.<\/span><\/span><span class=\"eopscx120519748\">&nbsp;<\/span><\/span><\/p>\n<p class=\"paragraphscx120519748\" style=\"vertical-align: baseline;\"><span style=\"color: #333333; font-family: arial,helvetica,sans-serif; font-size: 12pt;\"><span style=\"background-color: inherit;\"><span class=\"normaltextrunscx120519748\">&#8211;<\/span><\/span><span style=\"background-color: inherit;\"><span class=\"normaltextrunscx120519748\">La equivalencia de contenidos se determina en comparaci\u00f3n con los documentos curriculares que fundamentan el actual Plan de Estudios de los Profesorados de Formaci\u00f3n Docente. Por lo tanto, previo al pedido de equivalencia, el estudiante de<\/span><span style=\"background-color: inherit;\">be consultar&nbsp; dichos documentos, as\u00ed<\/span><span style=\"background-color: inherit;\"> podr\u00e1 verificar la relaci\u00f3n existente entre el \/los programa\/s que presenta y la instancia curricular sobre la que solicita la equivalencia.<\/span><\/span><span class=\"eopscx120519748\">&nbsp;<\/span><\/span><\/p>\n<p class=\"paragraphscx120519748\" style=\"vertical-align: baseline;\"><span style=\"color: #000080; font-family: arial, helvetica, sans-serif; font-size: 12pt;\"><span style=\"background-color: inherit;\"><span class=\"normaltextrunscx120519748\">&nbsp;<a title=\"Plan de Estudios\" href=\"index.cgi?wid_seccion=19\"><span style=\"color: #000080;\">Documento curricular Plan Estudio PEI 6626\/09 <\/span><\/a><\/span><\/span><\/span><\/p>\n<p class=\"paragraphscx120519748\" style=\"vertical-align: baseline;\"><span style=\"color: #333333; font-family: arial,helvetica,sans-serif; font-size: 12pt;\"><span style=\"background-color: inherit;\"><span class=\"normaltextrunscx120519748\">-Para el otorgamiento de equivalencia en las instancias con formato de Seminario se tendr\u00e1n en cuanta los contenidos estudiados en el programa y las formas de producci\u00f3n y la evaluaci\u00f3n del&nbsp; trabajo presentado<\/span><span style=\"background-color: inherit;\">.<\/span><\/span><span class=\"eopscx120519748\">&nbsp;<\/span><\/span><\/p>\n<p class=\"paragraphscx120519748\" style=\"vertical-align: baseline;\"><span style=\"color: #333333; font-family: arial,helvetica,sans-serif; font-size: 12pt;\"><span style=\"background-color: inherit;\"><span class=\"normaltextrunscx120519748\">-Por la unidad Nuevas tecnolog\u00edas no se otorga equivalencia; el estudiante que considere que domina los conocimientos exigidos tiene la opci\u00f3n de rendir un examen de aprobaci\u00f3n sin obligaci\u00f3n de cursada previa.<\/span><\/span><span class=\"eopscx120519748\">&nbsp;<\/span><\/span><\/p>\n<p class=\"paragraphscx120519748\" style=\"vertical-align: baseline;\"><span style=\"color: #333333; font-family: arial,helvetica,sans-serif; font-size: 12pt;\"><span style=\"background-color: inherit;\"><span class=\"normaltextrunscx120519748\">-El otorgamiento o no de las equivalencias es resuelto por el Consejo Consultivo (coordinadores de cada uno de los trayectos), en consulta con profesores especialistas en el dictado de cada una de las instancias solicitadas.&nbsp;<\/span><\/span><span class=\"eopscx120519748\"><br \/>\n<\/span><\/span><\/p>\n<\/td>\n<\/tr>\n<\/tbody>\n<\/table>\n","protected":false},"excerpt":{"rendered":"<p>&nbsp; Tr\u00e1mite: Solicitud de Equivalencias Fechas de presentaci\u00f3n de equivalencias:&nbsp; Sin excepci\u00f3n&nbsp;&nbsp; 1\u00ba cuatrimestre: mes de abril&nbsp; 2\u00ba cuatrimestre: mes de septiembre&nbsp; &nbsp; Los estudiantes que necesiten solicitar tramitar equivalencias de materias cursadas en otras instituciones o carreras deber\u00e1n seguir los siguientes pasos:&nbsp; 1-Presentar&nbsp; el\/los programa\/s de las materias que ha cursado y aprobado en &#8230; <a title=\"Solicitud de Equivalencias\" class=\"read-more\" href=\"https:\/\/ens6-caba.infd.edu.ar\/sitio\/solicitud-de-equivalencias\/\" aria-label=\"More on Solicitud de Equivalencias\">[+]<\/a><\/p>\n","protected":false},"author":7,"featured_media":0,"parent":0,"menu_order":0,"comment_status":"closed","ping_status":"closed","template":"","meta":[],"acf":[],"_links":{"self":[{"href":"https:\/\/ens6-caba.infd.edu.ar\/sitio\/wp-json\/wp\/v2\/pages\/1122"}],"collection":[{"href":"https:\/\/ens6-caba.infd.edu.ar\/sitio\/wp-json\/wp\/v2\/pages"}],"about":[{"href":"https:\/\/ens6-caba.infd.edu.ar\/sitio\/wp-json\/wp\/v2\/types\/page"}],"author":[{"embeddable":true,"href":"https:\/\/ens6-caba.infd.edu.ar\/sitio\/wp-json\/wp\/v2\/users\/7"}],"replies":[{"embeddable":true,"href":"https:\/\/ens6-caba.infd.edu.ar\/sitio\/wp-json\/wp\/v2\/comments?post=1122"}],"version-history":[{"count":1,"href":"https:\/\/ens6-caba.infd.edu.ar\/sitio\/wp-json\/wp\/v2\/pages\/1122\/revisions"}],"predecessor-version":[{"id":6978,"href":"https:\/\/ens6-caba.infd.edu.ar\/sitio\/wp-json\/wp\/v2\/pages\/1122\/revisions\/6978"}],"wp:attachment":[{"href":"https:\/\/ens6-caba.infd.edu.ar\/sitio\/wp-json\/wp\/v2\/media?parent=1122"}],"curies":[{"name":"wp","href":"https:\/\/api.w.org\/{rel}","templated":true}]}}