{"id":1119,"date":"2018-08-29T14:44:51","date_gmt":"2018-08-29T17:44:51","guid":{"rendered":"https:\/\/ens6-caba.infd.edu.ar\/sitio\/noticias-del-instituto\/"},"modified":"2018-10-11T18:27:53","modified_gmt":"2018-10-11T21:27:53","slug":"noticias-del-instituto","status":"publish","type":"page","link":"https:\/\/ens6-caba.infd.edu.ar\/sitio\/noticias-del-instituto\/","title":{"rendered":"Noticias del Instituto"},"content":{"rendered":"<p>&nbsp;<\/p>\n<p><img decoding=\"async\" loading=\"lazy\" style=\"display: block; margin-left: auto; margin-right: auto;\" title=\"logo\" src=\"https:\/\/ens6-caba.infd.edu.ar\/sitio\/wp-content\/uploads\/2018\/08\/logoaniversario.png\" alt=\"logo\" width=\"351\" height=\"309\" border=\"0\" \/><\/p>\n<p style=\"text-align: center;\"><strong><em>En el a\u00f1o 2013 se conmemor\u00f3 el\u00a025\u00ba Aniversario\u00a0del Profesorado de Educaci\u00f3n Inicial. La celebraci\u00f3n se llev\u00f3 a cabo el\u00a09 de septiembre\u00a0con la participaci\u00f3n de todos los integrantes de la comunidad.<\/em><\/strong><\/p>\n<p style=\"text-decoration: blink;\"><strong><em>\u00a0<\/em><\/strong><\/p>\n<p style=\"text-decoration: blink; text-align: center;\"><span style=\"color: #000000; text-decoration: blink;\"><span style=\"font-size: 12pt;\"><strong><span style=\"color: #000000; text-decoration: blink;\">\u00a0 \u00a0 \u00a0<\/span><\/strong><\/span><\/span><span style=\"text-decoration: blink;\"><span style=\"font-size: 12pt;\"><strong><span style=\"text-decoration: blink;\"><span style=\"color: #000000; text-decoration: blink;\">\u00a0<\/span><\/span><\/strong><\/span><\/span><span style=\"color: #000000; text-decoration: blink;\"><span style=\"text-decoration: blink;\"><span style=\"font-size: 12pt;\"><strong><span style=\"text-decoration: blink;\"><span style=\"text-decoration: underline;\"><a title=\"FOTOS DE ANIVERSARIO\" href=\"http:\/\/www.flickr.com\/photos\/102387885@N04\/\"><span style=\"color: #000000; text-decoration: underline;\">GALER\u00cdA<\/span><\/a><\/span><\/span><\/strong><\/span><\/span><span style=\"text-decoration: underline;\"><span style=\"text-decoration: underline;\"><span style=\"font-size: 12pt;\"><strong><a title=\"FOTOS DE ANIVERSARIO\" href=\"http:\/\/www.flickr.com\/photos\/102387885@N04\/\"><span style=\"text-decoration: underline; color: #000000;\"> DE IM\u00c1GENES<\/span><\/a><\/strong><\/span><\/span><\/span><\/span><\/p>\n<p>&nbsp;<\/p>\n<table class=\"Titulo1\" style=\"border: 7px solid #7a7a7a; background-color: #dbd8d1; width: 629px; height: 252px;\" border=\"7\" frame=\"above\" rules=\"groups\" align=\"center\">\n<caption>\u00a0<\/caption>\n<tbody>\n<tr>\n<td><\/td>\n<td><\/td>\n<\/tr>\n<tr>\n<td>\n<h1 class=\"MsoNormal\" style=\"text-align: center;\"><span style=\"color: #003366; font-size: 24pt; font-family: wingdings,zapf dingbats;\"><strong style=\"mso-bidi-font-weight: normal;\"><span lang=\"ES-TRAD\">FESTEJOS DE LA BODAS DE PLATA<\/span><\/strong><\/span><\/h1>\n<hr style=\"height: 3px;\" size=\"3\" \/>\n<p class=\"MsoNormal\" style=\"text-align: center;\"><span style=\"color: #003366;\"><strong style=\"mso-bidi-font-weight: normal;\"><span lang=\"ES-TRAD\" style=\"font-size: 11pt; font-family: 'Arial','sans-serif';\">El Profesorado de Educaci\u00f3n Inicial del Normal 6 festej\u00f3 sus 25 a\u00f1os<\/span><\/strong><\/span><\/p>\n<hr style=\"height: 3px;\" size=\"3\" \/>\n<table style=\"width: 597px; height: 1570px;\" border=\"0\">\n<tbody>\n<tr>\n<td colspan=\"3\">\n<p class=\"MsoNormal\" style=\"line-height: 200%;\"><span lang=\"ES-TRAD\" style=\"font-size: 11.0pt; line-height: 200%; font-family: 'Arial','sans-serif';\">La tarde del 9 de setiembre se llen\u00f3 de alegr\u00eda. El sal\u00f3n de actos de la Escuela Normal Superior \u201cVicente L\u00f3pez y Planes\u201d reuni\u00f3 a muchas personas para celebrar sus primeros 25 a\u00f1os de existencia. <\/span><\/p>\n<hr style=\"height: 3px;\" size=\"3\" \/>\n<\/td>\n<\/tr>\n<tr>\n<td style=\"text-align: justify;\" colspan=\"2\"><span lang=\"ES-TRAD\" style=\"font-size: 11.0pt; line-height: 200%; font-family: 'Arial','sans-serif';\">El acto cont\u00f3 con destacadas presencias: la rectora, Cristina Nasif Czaja, el vicerrector Mario Garc\u00eda Laiun, la ex vicerrectora, Mara Giad\u00e1s, el regente de las Tecnicaturas, N\u00e9stor Lovisolo, y la regente del Profesorado Virginia Loussinian. Tambi\u00e9n estuvo presente el primer rector de la escuela, Carlos<span style=\"mso-spacerun: yes;\">\u00a0 <\/span>P\u00f3leman. La direcci\u00f3n del acto estuvo en manos del profesor Horacio Montano (a cargo del Taller de juego y educaci\u00f3n f\u00edsica), quien con la colaboraci\u00f3n de los profesores Pal\u00f3poli, Zicca, G\u00f3mez y Greco presentaron la exposici\u00f3n de artes visuales y la de lenguaje art\u00edstico expresivo. <\/span><\/td>\n<td width=\"30%\">\n<div style=\"text-align: center;\">\u00a0<img decoding=\"async\" loading=\"lazy\" title=\"\" src=\"https:\/\/ens6-caba.infd.edu.ar\/sitio\/wp-content\/uploads\/2018\/08\/25_a%C3%B1os_del_PEPE_DEL_NORMAL_N_6_037.jpg\" alt=\"\" width=\"259\" height=\"407\" border=\"0\" \/><\/div>\n<\/td>\n<\/tr>\n<tr>\n<td colspan=\"3\">\n<p class=\"MsoNormal\" style=\"line-height: 200%;\"><span lang=\"ES-TRAD\" style=\"font-size: 11.0pt; line-height: 200%; font-family: 'Arial','sans-serif';\">Todos los presentes pudieron asistir a la proyecci\u00f3n de im\u00e1genes de la pel\u00edcula que da cuenta de un verdadero documento hist\u00f3rico: la escuela Normal N 6 del a\u00f1o 1940, protagonizada por sus alumnas de aquellos a\u00f1os.<\/span><\/p>\n<\/td>\n<\/tr>\n<tr>\n<td style=\"text-align: justify;\" colspan=\"3\"><span style=\"color: #000000;\">\u00a0<\/span><\/p>\n<hr style=\"height: 3px;\" size=\"3\" \/>\n<p>&nbsp;<\/td>\n<\/tr>\n<tr>\n<td style=\"text-align: justify;\" colspan=\"3\">\n<p style=\"margin-top: 0px; margin-bottom: 0px; padding-bottom: 0px;\"><span style=\"color: #000000;\"><span lang=\"ES-TRAD\" style=\"font-size: 11pt; line-height: 200%; font-family: 'Arial','sans-serif';\">Como era de esperar, las palabras alusivas y las emociones no tardaron en llegar. A las palabras evocativas de la rectora Cristina Nasif Czaja, se sum\u00f3 la voz de la regente Virginia Loussinian, quien se refiri\u00f3 al acontecimiento con estas palabras:<\/span><\/span><\/p>\n<\/td>\n<\/tr>\n<tr>\n<td width=\"30%\">\n<div style=\"text-align: center;\"><img decoding=\"async\" loading=\"lazy\" title=\"\" src=\"https:\/\/ens6-caba.infd.edu.ar\/sitio\/wp-content\/uploads\/2018\/08\/9828525024_8bec81156f_c.jpg\" alt=\"\" width=\"307\" height=\"442\" border=\"0\" \/><\/div>\n<\/td>\n<td style=\"text-align: justify;\" colspan=\"2\">\n<p class=\"MsoNormal\" style=\"line-height: 200%;\"><span lang=\"ES-TRAD\" style=\"font-size: 8pt; line-height: 200%; font-family: 'Arial','sans-serif';\">\u201cMe siento muy feliz de que estas Bodas de Plata hayan coincidido con mi gesti\u00f3n. Crecimos. Durante estos 25 a\u00f1os experimentamos tres planes de estudio, con algunos errores pero tambi\u00e9n con muchos aciertos, y junto con ello hemos desarrollado y adquirido una identidad. Tomando las palabras de Philippe Meirieu, somos una comunidad que no <em style=\"mso-bidi-font-style: normal;\">ha renunciado a su porvenir<\/em>, que lucha contra la inmediatez, sosteniendo un proyecto educativo con la convicci\u00f3n de que el futuro existe, que es distinto al hoy, que no est\u00e1 determinado de antemano. Sabemos que vivimos en una realidad en la que el individualismo y el consumismo son los valores principales; sin embargo, como docentes formadores de futuros docentes, tenemos un ideal de hombre hacia el cual nos encaminamos: un ser democr\u00e1tico, solidario y participativo.\u00a0 Como instituci\u00f3n formadora tenemos la responsabilidad de mostrar esa idea de futuro a nuestros j\u00f3venes porque ser\u00e1n ellos quienes gu\u00eden a los ni\u00f1os a construirse como sujetos activos en un mundo de cambios permanentes que debe aspirar a la paz social. Y seguiremos por muchos a\u00f1os m\u00e1s.\u201d<\/span><\/p>\n<\/td>\n<\/tr>\n<tr>\n<td colspan=\"3\">&nbsp;<\/p>\n<hr style=\"height: 3px;\" size=\"3\" \/>\n<\/td>\n<\/tr>\n<tr>\n<td colspan=\"3\"><\/td>\n<\/tr>\n<tr>\n<td colspan=\"3\"><\/td>\n<\/tr>\n<tr>\n<td style=\"text-align: justify;\" colspan=\"2\">\n<p class=\"MsoNormal\" style=\"line-height: 200%;\"><span lang=\"ES-TRAD\" style=\"font-size: 10pt; line-height: 200%; font-family: 'Arial','sans-serif';\">El cierre del acto sorprendi\u00f3 a los asistentes con un hermoso acto musical, a cargo de la profesora Vega, un c\u00f3ctel con una enorme torta de varios pisos y sabrosos canap\u00e9s que realizaron para la especial ocasi\u00f3n los alumnos de la tecnicatura en Gastronom\u00eda. <\/span><\/p>\n<\/td>\n<td style=\"text-align: justify;\" width=\"30%\">\n<div style=\"text-align: center;\"><img decoding=\"async\" loading=\"lazy\" title=\"\" src=\"https:\/\/ens6-caba.infd.edu.ar\/sitio\/wp-content\/uploads\/2018\/08\/25_aos_del_PEPE_DEL_NORMAL_N_6_025.jpg\" alt=\"\" width=\"190\" height=\"155\" border=\"0\" \/><\/div>\n<\/td>\n<\/tr>\n<tr>\n<td colspan=\"3\">\n<hr style=\"height: 3px;\" size=\"3\" \/>\n<\/td>\n<\/tr>\n<\/tbody>\n<\/table>\n<p class=\"MsoNormal\" style=\"text-align: center;\"><span style=\"color: #003366; font-size: 24pt; font-family: wingdings,zapf dingbats;\"><strong style=\"mso-bidi-font-weight: normal;\"><span lang=\"ES-TRAD\"><span style=\"font-size: 18pt;\">\u200b\u200b<\/span><br \/>\n<\/span><\/strong><\/span><\/p>\n<\/td>\n<td>\n<h1 class=\"MsoNormal\" style=\"text-align: center;\"><\/h1>\n<\/td>\n<\/tr>\n<tr>\n<td><span style=\"color: #003366; font-size: 24pt; font-family: wingdings,zapf dingbats;\"><span style=\"color: #003366; font-size: 24pt; font-family: wingdings,zapf dingbats;\"><strong style=\"mso-bidi-font-weight: normal;\"><span lang=\"ES-TRAD\">\u00a0<img decoding=\"async\" loading=\"lazy\" title=\"\" src=\"https:\/\/ens6-caba.infd.edu.ar\/sitio\/wp-content\/uploads\/2018\/08\/25_aos_del_PEPE_DEL_NORMAL_N_6_003.jpg\" alt=\"\" width=\"254\" height=\"189\" border=\"0\" \/> \u00a0\u00a0 <img decoding=\"async\" loading=\"lazy\" title=\"\" src=\"https:\/\/ens6-caba.infd.edu.ar\/sitio\/wp-content\/uploads\/2018\/08\/25_aos_del_PEPE_DEL_NORMAL_N_6_024.jpg\" alt=\"\" width=\"276\" height=\"206\" border=\"0\" \/><br \/>\n<\/span><\/strong><\/span><\/span><\/td>\n<\/tr>\n<\/tbody>\n<\/table>\n<hr style=\"height: 3px;\" size=\"3\" \/>\n<p>&nbsp;<\/p>\n<h1 class=\"MsoNormal\"><span style=\"font-size: 10pt; color: #ffffff;\">\u00a0\u00a0 <strong style=\"mso-bidi-font-weight: normal;\"><span lang=\"ES-TRAD\" style=\"line-height: 200%; font-family: 'Arial','sans-serif';\">Haciendo un poco de historia<\/span><\/strong><\/span><\/h1>\n<p class=\"MsoNormal Titulo2\" style=\"margin-top: 6pt; line-height: 200%;\"><span lang=\"ES-TRAD\" style=\"font-size: 10pt; line-height: 200%; font-family: 'Arial','sans-serif'; color: #ffffff;\">Un 11 de junio del a\u00f1o 1909 durante la presidencia del Doctor Jos\u00e9 Figueroa Alcorta comienzan las clases en la Escuela Normal N\u00b06, que en sus comienzos fue anexo a la Escuela Normal N\u00b01 de profesoras de la Capital. \u00a0El primer edificio comprende dos casas particulares situadas en la calle Lavalle 1693 y 1695. \u00a0El nuevo y actual edificio de la calle G\u00fcemes 3859 se inaugura en el a\u00f1o 1913 que, desde ese tiempo, cuenta con una planta baja y un primer piso. (M\u00e1s tarde se agreg\u00f3 el segundo piso.)<\/span><\/p>\n<p class=\"MsoNormal Titulo2\" style=\"margin-top: 6pt; line-height: 200%;\"><span lang=\"ES-TRAD\" style=\"font-size: 10pt; line-height: 200%; font-family: 'Arial','sans-serif'; color: #ffffff;\">Entre los a\u00f1os 1909 y 1934 Juana Caso de Sedano Acostas se desempe\u00f1a como su Directora fundadora. Durante su gesti\u00f3n, se bautiza la escuela con el nombre de Dr. Vicente L\u00f3pez y Planes. En 1926 durante la presidencia de Alvear se crea como anexo el curso de Profesorado de Econom\u00eda Dom\u00e9stica, el que dos a\u00f1os m\u00e1s tarde se transforma en el Profesorado de Actividades Pr\u00e1cticas y del Hogar. Ya en 1988 se crea el Profesorado para la Educaci\u00f3n Preescolar (PEPE) en el turno de la tarde con dos divisiones, el que posteriormente incorpora el turno vespertino dada su abundante matricula. A partir de la reforma implementada en el a\u00f1o 2002, el plan de estudios de formaci\u00f3n docente pasa a llamarse Profesorado de Educaci\u00f3n Inicial (PEI). <\/span><\/p>\n<p class=\"MsoNormal Titulo2\" style=\"margin-top: 6pt; line-height: 200%;\"><span lang=\"ES-TRAD\" style=\"font-size: 10pt; line-height: 200%; font-family: 'Arial','sans-serif'; color: #ffffff;\">En 1999, y debido al cierre del Profesorado de Actividades Pr\u00e1cticas, se crean la Tecnicatura superior en producci\u00f3n de Indumentaria y la Tecnicatura superior en Gastronom\u00eda. \u00a0Para el funcionamiento de estas tecnicaturas se recicla la cocina, se ambientan las salas para el dictado de los talleres y se incorporan nuevas tecnolog\u00edas.<\/span><\/p>\n<p class=\"MsoNormal\" style=\"margin-top: 6.0pt; line-height: 200%;\"><span lang=\"ES-TRAD\" style=\"font-size: 10pt; line-height: 200%; font-family: 'Arial','sans-serif'; color: #ffffff;\">\u00a0\u00a0 Desde 1994 la instituci\u00f3n es transferida al Gobierno de la Cuidad de Buenos Aires bajo la\u00a0\u00a0\u00a0\u00a0\u00a0 supervisi\u00f3n de la Direcci\u00f3n de Educaci\u00f3n Superior. En la actualidad, la instituci\u00f3n comprende\u00a0 el\u00a0 Nivel Inicial, Nivel Primario, el Nivel Medio y el Nivel Terciario.<\/span><span style=\"font-size: 10pt; color: #ffffff;\">\u00a0 <\/span><\/p>\n<p><span style=\"color: #ffffff;\">\u00a0<\/span><\/p>\n<p class=\"MsoNormal\" style=\"text-align: left;\"><span style=\"font-size: 8pt;\"><strong style=\"mso-bidi-font-weight: normal;\"><span lang=\"ES-TRAD\">\u00a0<\/span><\/strong><\/span><\/p>\n<p class=\"MsoNormal\" style=\"text-align: left;\"><span style=\"font-size: 8pt;\"><strong style=\"mso-bidi-font-weight: normal;\"><span lang=\"ES-TRAD\">* NOTA REALIZADA POR ALUMNAS DEL TALLER DE ALFABETIZACI\u00d3N ACAD\u00c9MICA COORDINADO POR LA PROFESORA SILVINA MUSCOLO<\/span><\/strong><\/span><\/p>\n<p>&nbsp;<\/p>\n<hr style=\"height: 4px;\" size=\"4\" \/>\n<p style=\"text-align: center;\"><strong>\u00a0ABIERTA LA INSCRIPCI\u00d3N AL POST\u00cdTULO:<\/strong><\/p>\n<p class=\"Hipervinculo\" style=\"text-align: center;\"><strong><a title=\"Especializaci\u00f3n Docente\" href=\"index.cgi?wid_seccion=21\">ESPECIALIZACI\u00d3N DOCENTE\u00a0 EN EL NIVEL SUPERIOR EN INCLUSI\u00d3N EDUCATIVA<\/a><\/strong><\/p>\n<div style=\"text-align: center;\">Preinscripci\u00f3n online:<\/div>\n<div style=\"text-align: center;\">\u00a0<a href=\"https:\/\/docs.google.com\/forms\/d\/12AaLy0A5qtTXDNpfKIEqtv421_TtCMUiMD6hoOfke1s\/viewform\" target=\"_blank\" rel=\"nofollow noopener\">https:\/\/docs.google.com\/forms\/d\/12AaLy0A5qtTXDNpfKIEqtv421_TtCMUiMD6hoOfke1s\/viewform<\/a><\/div>\n<div style=\"text-align: center;\"><\/div>\n<div style=\"text-align: center;\">Inscripci\u00f3n definitiva:<\/div>\n<div style=\"text-align: center;\">Todos los d\u00edas de 18 a 19 hs en la sede el Normal 6 nivel terciario.<\/div>\n<div style=\"text-align: center;\"><strong><a title=\"Planilla de inscripci\u00f3n Post\u00edtulo\" href=\"upload\/PLANILLA_DE_INSCRIPCION_postitulo.docx\" target=\"_blank\" rel=\"noopener\">(IMPRIMIR PLANILLA)<\/a><\/strong><\/div>\n<hr style=\"width: 2px;\" width=\"2\" \/>\n<hr style=\"height: 2px;\" size=\"2\" \/>\n<p style=\"text-align: center;\"><strong><em>\u00a0<\/em><\/strong><\/p>\n","protected":false},"excerpt":{"rendered":"<p>&nbsp; En el a\u00f1o 2013 se conmemor\u00f3 el\u00a025\u00ba Aniversario\u00a0del Profesorado de Educaci\u00f3n Inicial. La celebraci\u00f3n se llev\u00f3 a cabo el\u00a09 de septiembre\u00a0con la participaci\u00f3n de todos los integrantes de la comunidad. \u00a0 \u00a0 \u00a0 \u00a0\u00a0GALER\u00cdA DE IM\u00c1GENES &nbsp; \u00a0 FESTEJOS DE LA BODAS DE PLATA El Profesorado de Educaci\u00f3n Inicial del Normal 6 festej\u00f3 sus &#8230; <a title=\"Noticias del Instituto\" class=\"read-more\" href=\"https:\/\/ens6-caba.infd.edu.ar\/sitio\/noticias-del-instituto\/\" aria-label=\"More on Noticias del Instituto\">[+]<\/a><\/p>\n","protected":false},"author":7,"featured_media":0,"parent":0,"menu_order":0,"comment_status":"closed","ping_status":"closed","template":"","meta":[],"acf":[],"_links":{"self":[{"href":"https:\/\/ens6-caba.infd.edu.ar\/sitio\/wp-json\/wp\/v2\/pages\/1119"}],"collection":[{"href":"https:\/\/ens6-caba.infd.edu.ar\/sitio\/wp-json\/wp\/v2\/pages"}],"about":[{"href":"https:\/\/ens6-caba.infd.edu.ar\/sitio\/wp-json\/wp\/v2\/types\/page"}],"author":[{"embeddable":true,"href":"https:\/\/ens6-caba.infd.edu.ar\/sitio\/wp-json\/wp\/v2\/users\/7"}],"replies":[{"embeddable":true,"href":"https:\/\/ens6-caba.infd.edu.ar\/sitio\/wp-json\/wp\/v2\/comments?post=1119"}],"version-history":[{"count":3,"href":"https:\/\/ens6-caba.infd.edu.ar\/sitio\/wp-json\/wp\/v2\/pages\/1119\/revisions"}],"predecessor-version":[{"id":1610,"href":"https:\/\/ens6-caba.infd.edu.ar\/sitio\/wp-json\/wp\/v2\/pages\/1119\/revisions\/1610"}],"wp:attachment":[{"href":"https:\/\/ens6-caba.infd.edu.ar\/sitio\/wp-json\/wp\/v2\/media?parent=1119"}],"curies":[{"name":"wp","href":"https:\/\/api.w.org\/{rel}","templated":true}]}}